{"id":338,"date":"2022-04-19T18:17:12","date_gmt":"2022-04-19T16:17:12","guid":{"rendered":"https:\/\/pb.edu.pl\/dzp\/?page_id=338"},"modified":"2023-01-05T19:25:42","modified_gmt":"2023-01-05T18:25:42","slug":"aktualnosci","status":"publish","type":"page","link":"https:\/\/pb.edu.pl\/dzp\/aktualnosci\/","title":{"rendered":"Aktualno\u015bci"},"content":{"rendered":"\t\t<div class=\"box news-box \">\n\t\t<div class=\"row\">\n\t\t\t\n\t\t\t\n\t\t\t\t\n\t\t\t\t\t\t\t\t\t\t<div class=\"col-sm-3\">\n\t\t\t\t\t\t\t\n<article class=\"format-standard\">\n    <span class=\"date text-right\"><i class=\"fal fa-calendar-alt\"><\/i> 30-12-2025<\/span>\n    <a href=\"https:\/\/pb.edu.pl\/dzp\/sredni-kurs-zlotego-w-stosunku-do-euro-w-roku-2026-i-2027-wynosi-431\/\">\n      <div class=\"article-image\">\n              <\/div>\n      <h3>Wa\u017cne zmiana! \u015aredni kurs z\u0142otego w stosunku do euro do post\u0119powa\u0144 od 2026 wynosi 4,31<\/h3>\n      W zwi\u0105zku&nbsp; z opublikowaniem nowego Obwieszczenia Prezesa Urz\u0119du Zam\u00f3wie\u0144 Publicznych z    <\/a>\n<\/article>\t\t\t\t\t\t<\/div>\n\t\t\t\t\t\t\t\t\t\t\t<div class=\"col-sm-3\">\n\t\t\t\t\t\t\t\n<article class=\"format-standard\">\n    <span class=\"date text-right\"><i class=\"fal fa-calendar-alt\"><\/i> 29-03-2024<\/span>\n    <a href=\"https:\/\/pb.edu.pl\/dzp\/745-2\/\">\n      <div class=\"article-image\">\n              <\/div>\n      <h3>Wielkanoc<\/h3>\n          <\/a>\n<\/article>\t\t\t\t\t\t<\/div>\n\t\t\t\t\t\t\t\t\t\t\t<div class=\"col-sm-3\">\n\t\t\t\t\t\t\t\n<article class=\"format-standard\">\n    <span class=\"date text-right\"><i class=\"fal fa-calendar-alt\"><\/i> 02-02-2024<\/span>\n    <a href=\"https:\/\/pb.edu.pl\/dzp\/nowe-zarzadzenie-w-sprawie-udzielania-zamowien-publicznych-w-politechnice-bialostockiej\/\">\n      <div class=\"article-image\">\n              <\/div>\n      <h3>Nowe zarz\u0105dzenie w sprawie udzielania zam\u00f3wie\u0144 publicznych w Politechnice Bia\u0142ostockiej<\/h3>\n      z dnia 31 stycznia 2024 r.\u00a0    <\/a>\n<\/article>\t\t\t\t\t\t<\/div>\n\t\t\t\t\t\n\t\t\t\t\n\t\t\t\t\t<\/div>\n\t\t\t\t\t<\/div>\n\n","protected":false},"excerpt":{"rendered":"","protected":false},"author":2,"featured_media":0,"parent":0,"menu_order":4,"comment_status":"closed","ping_status":"closed","template":"","meta":{"_acf_changed":false,"ngg_post_thumbnail":0,"footnotes":""},"class_list":["post-338","page","type-page","status-publish","hentry"],"acf":[],"_links":{"self":[{"href":"https:\/\/pb.edu.pl\/dzp\/wp-json\/wp\/v2\/pages\/338","targetHints":{"allow":["GET"]}}],"collection":[{"href":"https:\/\/pb.edu.pl\/dzp\/wp-json\/wp\/v2\/pages"}],"about":[{"href":"https:\/\/pb.edu.pl\/dzp\/wp-json\/wp\/v2\/types\/page"}],"author":[{"embeddable":true,"href":"https:\/\/pb.edu.pl\/dzp\/wp-json\/wp\/v2\/users\/2"}],"replies":[{"embeddable":true,"href":"https:\/\/pb.edu.pl\/dzp\/wp-json\/wp\/v2\/comments?post=338"}],"version-history":[{"count":0,"href":"https:\/\/pb.edu.pl\/dzp\/wp-json\/wp\/v2\/pages\/338\/revisions"}],"wp:attachment":[{"href":"https:\/\/pb.edu.pl\/dzp\/wp-json\/wp\/v2\/media?parent=338"}],"curies":[{"name":"wp","href":"https:\/\/api.w.org\/{rel}","templated":true}]}}