{"id":18,"date":"2020-09-22T23:35:35","date_gmt":"2020-09-22T21:35:35","guid":{"rendered":"https:\/\/pb.edu.pl\/dzp\/?page_id=18"},"modified":"2026-03-23T23:00:20","modified_gmt":"2026-03-23T22:00:20","slug":"home","status":"publish","type":"page","link":"https:\/\/pb.edu.pl\/dzp\/","title":{"rendered":""},"content":{"rendered":"<div id=\"aktualnosci\" class=\"href\">&nbsp;<\/div>\n<p>&nbsp;<\/p>\n<h2 style=\"font-size: 3rem\"><a style=\"text-decoration: none\" title=\"poka\u017c wszystkie\" href=\"\/dzp\/aktualnosci\/\">Aktualno\u015bci <i class=\"fa fa-caret-right\" aria-hidden=\"true\"><\/i><\/a><\/h2>\n\t\t<div class=\"box news-box \">\n\t\t<div class=\"row\">\n\t\t\t\n\t\t\t\n\t\t\t\t\n\t\t\t\t\t\t\t\t\t\t<div class=\"col-sm-3\">\n\t\t\t\t\t\t\t\n<article class=\"format-standard\">\n    <span class=\"date text-right\"><i class=\"fal fa-calendar-alt\"><\/i> 30-12-2025<\/span>\n    <a href=\"https:\/\/pb.edu.pl\/dzp\/sredni-kurs-zlotego-w-stosunku-do-euro-w-roku-2026-i-2027-wynosi-431\/\">\n      <div class=\"article-image\">\n              <\/div>\n      <h3>Wa\u017cne zmiana! \u015aredni kurs z\u0142otego w stosunku do euro do post\u0119powa\u0144 od 2026 wynosi 4,31<\/h3>\n      W zwi\u0105zku&nbsp; z opublikowaniem nowego Obwieszczenia Prezesa Urz\u0119du Zam\u00f3wie\u0144 Publicznych z    <\/a>\n<\/article>\t\t\t\t\t\t<\/div>\n\t\t\t\t\t\t\t\t\t\t\t<div class=\"col-sm-3\">\n\t\t\t\t\t\t\t\n<article class=\"format-standard\">\n    <span class=\"date text-right\"><i class=\"fal fa-calendar-alt\"><\/i> 29-03-2024<\/span>\n    <a href=\"https:\/\/pb.edu.pl\/dzp\/745-2\/\">\n      <div class=\"article-image\">\n              <\/div>\n      <h3>Wielkanoc<\/h3>\n          <\/a>\n<\/article>\t\t\t\t\t\t<\/div>\n\t\t\t\t\t\t\t\t\t\t\t<div class=\"col-sm-3\">\n\t\t\t\t\t\t\t\n<article class=\"format-standard\">\n    <span class=\"date text-right\"><i class=\"fal fa-calendar-alt\"><\/i> 02-02-2024<\/span>\n    <a href=\"https:\/\/pb.edu.pl\/dzp\/nowe-zarzadzenie-w-sprawie-udzielania-zamowien-publicznych-w-politechnice-bialostockiej\/\">\n      <div class=\"article-image\">\n              <\/div>\n      <h3>Nowe zarz\u0105dzenie w sprawie udzielania zam\u00f3wie\u0144 publicznych w Politechnice Bia\u0142ostockiej<\/h3>\n      z dnia 31 stycznia 2024 r.\u00a0    <\/a>\n<\/article>\t\t\t\t\t\t<\/div>\n\t\t\t\t\t\n\t\t\t\t\n\t\t\t\t\t<\/div>\n\t\t\t\t\t<\/div>\n\n&nbsp;<\/p>\n<div id=\"box-menu\" class=\"href\"><\/div>\n<p>&nbsp;<br \/>\n<div class=\"row\">\n<div class=\"col-md-4\">\n\t<div class=\"boxlink animated zoomIn \">\n\t\t<a href=\"\/dzp\/platforma-zakupowa\/\" class=\"no-icon\">\n\t\t\t<div class=\"boxlink-title\">Platforma zakupowa<span><\/span><\/div>\n\t\t\t<div class=\"boxlink-content\">\n\t\t\t\t<img loading=\"lazy\" decoding=\"async\" class=\"aligncenter size-full wp-image-316\" src=\"https:\/\/pb.edu.pl\/dzp\/wp-content\/uploads\/sites\/93\/2023\/01\/DZP-PLATFORMA-ZAKUPOWA.jpg\" alt=\"\" width=\"600\" height=\"363\">\t\t\t<\/div>\n\t\t<\/a>\n\t<\/div>\n\n<\/div>\n<div class=\"col-md-4\">\n\t<div class=\"boxlink animated zoomIn \">\n\t\t<a href=\"\/dzp\/plany-i-harmonogramy\/\" class=\"no-icon\">\n\t\t\t<div class=\"boxlink-title\">Plany i harmonogramy<span><\/span><\/div>\n\t\t\t<div class=\"boxlink-content\">\n\t\t\t\t<img loading=\"lazy\" decoding=\"async\" class=\"aligncenter size-full wp-image-317\" src=\"https:\/\/pb.edu.pl\/dzp\/wp-content\/uploads\/sites\/93\/2023\/01\/DZP-PLANY-I-HARMONOGRAMY.jpg\" alt=\"\" width=\"600\" height=\"363\">\t\t\t<\/div>\n\t\t<\/a>\n\t<\/div>\n\n<\/div>\n<div class=\"col-md-4\">\n\t<div class=\"boxlink animated zoomIn \">\n\t\t<a href=\"\/dzp\/akty-prawne-i-zarzadzenia\/\" class=\"no-icon\">\n\t\t\t<div class=\"boxlink-title\">Akty prawne i zarz\u0105dzenia<span><\/span><\/div>\n\t\t\t<div class=\"boxlink-content\">\n\t\t\t\t<img loading=\"lazy\" decoding=\"async\" class=\"aligncenter size-full wp-image-318\" src=\"https:\/\/pb.edu.pl\/dzp\/wp-content\/uploads\/sites\/93\/2023\/01\/DZP-AKTY-PRAWNE-I-ZARZADZENIA.jpg\" alt=\"\" width=\"600\" height=\"363\">\t\t\t<\/div>\n\t\t<\/a>\n\t<\/div>\n\n<\/div>\n<\/div>\n<div class=\"row\">\n<div class=\"col-md-4\">\n\t<div class=\"boxlink animated zoomIn \">\n\t\t<a href=\"\/dzp\/pliki-do-pobrania\/\" class=\"no-icon\">\n\t\t\t<div class=\"boxlink-title\">Pliki do pobrania<span><\/span><\/div>\n\t\t\t<div class=\"boxlink-content\">\n\t\t\t\t<img loading=\"lazy\" decoding=\"async\" class=\"aligncenter size-full wp-image-370\" src=\"https:\/\/pb.edu.pl\/dzp\/wp-content\/uploads\/sites\/93\/2023\/01\/DZP-PLIKI-DO-POBRANIA.jpg\" alt=\"\" width=\"600\" height=\"363\">\t\t\t<\/div>\n\t\t<\/a>\n\t<\/div>\n\n<\/div>\n<div class=\"col-md-4\">\n\t<div class=\"boxlink animated zoomIn \">\n\t\t<a href=\"\/dzp\/umowy\/\" class=\"no-icon\">\n\t\t\t<div class=\"boxlink-title\">Umowy<span><\/span><\/div>\n\t\t\t<div class=\"boxlink-content\">\n\t\t\t\t<img loading=\"lazy\" decoding=\"async\" class=\"aligncenter size-full wp-image-371\" src=\"https:\/\/pb.edu.pl\/dzp\/wp-content\/uploads\/sites\/93\/2023\/01\/DZP-UMOWY.jpg\" alt=\"\" width=\"600\" height=\"363\">\t\t\t<\/div>\n\t\t<\/a>\n\t<\/div>\n\n<\/div>\n<div class=\"col-md-4\">\n\t<div class=\"boxlink animated zoomIn \">\n\t\t<a href=\"\/dzp\/kontakt\/\" class=\"no-icon\">\n\t\t\t<div class=\"boxlink-title\">Kontakt<span><\/span><\/div>\n\t\t\t<div class=\"boxlink-content\">\n\t\t\t\t<img loading=\"lazy\" decoding=\"async\" class=\"aligncenter size-full wp-image-372\" src=\"https:\/\/pb.edu.pl\/dzp\/wp-content\/uploads\/sites\/93\/2023\/01\/DZP-KONTAKT.jpg\" alt=\"\" width=\"600\" height=\"363\">\t\t\t<\/div>\n\t\t<\/a>\n\t<\/div>\n\n<\/div>\n<\/div>\n&nbsp;<\/p>\n<div class=\"image\"><a href=\"https:\/\/bip.pb.edu.pl\/\"><img loading=\"lazy\" decoding=\"async\" width=\"208\" height=\"27\" class=\"aligncenter wp-image-463\" src=\"https:\/\/pb.edu.pl\/dzp\/wp-content\/uploads\/sites\/93\/2023\/01\/bip_pb.png\" alt=\"BIP Politechniki Bia\u0142ostockiej\"><\/a><\/div>\n<p>&nbsp;<\/p>\n","protected":false},"excerpt":{"rendered":"<p>&nbsp; &nbsp; Aktualno\u015bci &nbsp; &nbsp; &nbsp; &nbsp;<\/p>\n","protected":false},"author":2,"featured_media":0,"parent":0,"menu_order":0,"comment_status":"closed","ping_status":"closed","template":"","meta":{"_acf_changed":false,"ngg_post_thumbnail":0,"footnotes":""},"class_list":["post-18","page","type-page","status-publish","hentry"],"acf":[],"_links":{"self":[{"href":"https:\/\/pb.edu.pl\/dzp\/wp-json\/wp\/v2\/pages\/18","targetHints":{"allow":["GET"]}}],"collection":[{"href":"https:\/\/pb.edu.pl\/dzp\/wp-json\/wp\/v2\/pages"}],"about":[{"href":"https:\/\/pb.edu.pl\/dzp\/wp-json\/wp\/v2\/types\/page"}],"author":[{"embeddable":true,"href":"https:\/\/pb.edu.pl\/dzp\/wp-json\/wp\/v2\/users\/2"}],"replies":[{"embeddable":true,"href":"https:\/\/pb.edu.pl\/dzp\/wp-json\/wp\/v2\/comments?post=18"}],"version-history":[{"count":1,"href":"https:\/\/pb.edu.pl\/dzp\/wp-json\/wp\/v2\/pages\/18\/revisions"}],"predecessor-version":[{"id":932,"href":"https:\/\/pb.edu.pl\/dzp\/wp-json\/wp\/v2\/pages\/18\/revisions\/932"}],"wp:attachment":[{"href":"https:\/\/pb.edu.pl\/dzp\/wp-json\/wp\/v2\/media?parent=18"}],"curies":[{"name":"wp","href":"https:\/\/api.w.org\/{rel}","templated":true}]}}