{"id":50,"date":"2020-09-22T23:53:29","date_gmt":"2020-09-22T21:53:29","guid":{"rendered":"https:\/\/pb.edu.pl\/da\/?page_id=50"},"modified":"2026-02-05T19:43:14","modified_gmt":"2026-02-05T18:43:14","slug":"kontakt","status":"publish","type":"page","link":"https:\/\/pb.edu.pl\/dzn\/kontakt\/","title":{"rendered":"Kontakt"},"content":{"rendered":"<div class=\"h2\">Dzia\u0142 Zarz\u0105dzania Nieruchomo\u015bciami (K-DZN)<\/div>\n<p><strong>Kierownik &#8211; mgr Aleksandra Roszkowska<\/strong><br \/>\n<i class=\"fal fa-phone\"><\/i> 85 746-97-70<br \/>\n<i class=\"fal fa-envelope\"><\/i> <a href=\"#\" rel=\"nofollow\"  onclick=\"this.href='mailto:' + 'a.roszkowska' + '@' + 'pb.edu.pl'\">a.roszkowska [at] pb.edu.pl<\/a>\n<p><strong>z-ca kierownika &#8211; mgr Ma\u0142gorzata Babul<\/strong><br \/>\n<i class=\"fal fa-phone\"><\/i> 85 746 97 69<br \/>\n<i class=\"fal fa-envelope\"><\/i> <a href=\"#\" rel=\"nofollow\"  onclick=\"this.href='mailto:' + 'malgorzata.babul' + '@' + 'pb.edu.pl'\">malgorzata.babul [at] pb.edu.pl<\/a>\n&nbsp;<br \/>\n&nbsp;<\/p>\n<p>Agnieszka Kowalska, <i class=\"fal fa-phone\"><\/i> 85 746 97 71<br \/>\n<i class=\"fal fa-envelope\"><\/i> <a href=\"#\" rel=\"nofollow\"  onclick=\"this.href='mailto:' + 'a.kowalska' + '@' + 'pb.edu.pl'\">a.kowalska [at] pb.edu.pl<\/a>\n<p>mgr in\u017c. Magdalena Gilewska, <i class=\"fal fa-phone\"><\/i> 85 746 97 69<br \/>\n<i class=\"fal fa-envelope\"><\/i> <a href=\"#\" rel=\"nofollow\"  onclick=\"this.href='mailto:' + 'magdalena.gilewska' + '@' + 'pb.edu.pl'\">magdalena.gilewska [at] pb.edu.pl<\/a>\n<p>mgr Urszula Gorzelak, <i class=\"fal fa-phone\"><\/i> 85 746 97 71<br \/>\n<i class=\"fal fa-envelope\"><\/i> <a href=\"#\" rel=\"nofollow\"  onclick=\"this.href='mailto:' + 'u.gorzelak' + '@' + 'pb.edu.pl'\">u.gorzelak [at] pb.edu.pl<\/a>\n&nbsp;<\/p>\n<p>&nbsp;<\/p>\n<div class=\"panel-group\" id=\"custom-collapse-0\">\n<div class=\"panel panel-default\">\n\t\t\t\t<div class=\"panel-heading\">\n\t\t\t\t\t<div class=\"panel-title\">\n\t\t\t\t\t\t<a class=\"collapsed h4\" data-toggle=\"collapse\" data-parent=\"#custom-collapse-0\" href=\"#custom-collapse-0-0\">Administracja Obiektu Budynku Og\u00f3lnotechnicznego<\/a>\n\t\t\t\t\t<\/div>\n\t\t\t\t<\/div>\n\t\t\t\t<div id=\"custom-collapse-0-0\" class=\"panel-collapse collapse\">\n\t\t\t\t\t<div class=\"panel-body\">\nul. Wiejska 45A, 15-351 Bia\u0142ystok<\/p>\n<p>El\u017cbieta Wegner, <i class=\"fal fa-phone\"><\/i> 85 746-91-83<br \/>\n <i class=\"fal fa-envelope\"><\/i> <a href=\"#\" rel=\"nofollow\"  onclick=\"this.href='mailto:' + 'e.wegner' + '@' + 'pb.edu.pl'\">e.wegner [at] pb.edu.pl<\/a>\n<p>Agata Gi\u017cy\u0144ska<br \/>\n <i class=\"fal fa-envelope\"><\/i> <a href=\"#\" rel=\"nofollow\"  onclick=\"this.href='mailto:' + 'a.gizynska' + '@' + 'pb.edu.pl'\">a.gizynska [at] pb.edu.pl<\/a>\n<p>Po godz. 15:30 ochrona-doz\u00f3r <i class=\"fal fa-phone\"><\/i> 85 746-91-93,<br \/>\nPortiernia <i class=\"fal fa-phone\"><\/i> 85 746-91-92<br \/>\n<\/div>\n\t\t\t\t<\/div>\n\t\t\t<\/div>\n<div class=\"panel panel-default\">\n\t\t\t\t<div class=\"panel-heading\">\n\t\t\t\t\t<div class=\"panel-title\">\n\t\t\t\t\t\t<a class=\"collapsed h4\" data-toggle=\"collapse\" data-parent=\"#custom-collapse-0\" href=\"#custom-collapse-0-1\">Administracja Obiektu Wydzia\u0142u Architektury<\/a>\n\t\t\t\t\t<\/div>\n\t\t\t\t<\/div>\n\t\t\t\t<div id=\"custom-collapse-0-1\" class=\"panel-collapse collapse\">\n\t\t\t\t\t<div class=\"panel-body\">\nul. Oskara Sosnowskiego 11, 15-893 Bia\u0142ystok<\/p>\n<p>mgr Beata Gilewska, kierownik sekcji portier\u00f3w<br \/>\n <i class=\"fal fa-phone\"><\/i> 85 746-99-60,<br \/>\n <i class=\"fal fa-envelope\"><\/i> <a href=\"#\" rel=\"nofollow\"  onclick=\"this.href='mailto:' + 'b.gilewska' + '@' + 'pb.edu.pl'\">b.gilewska [at] pb.edu.pl<\/a>  <\/p>\n<p>Portiernia <i class=\"fal fa-phone\"><\/i> 85 746-99-00<br \/>\n<\/div>\n\t\t\t\t<\/div>\n\t\t\t<\/div>\n<div class=\"panel panel-default\">\n\t\t\t\t<div class=\"panel-heading\">\n\t\t\t\t\t<div class=\"panel-title\">\n\t\t\t\t\t\t<a class=\"collapsed h4\" data-toggle=\"collapse\" data-parent=\"#custom-collapse-0\" href=\"#custom-collapse-0-2\">Administracja Obiektu Wydzia\u0142u Budownictwa i Nauk o \u015arodowisku<\/a>\n\t\t\t\t\t<\/div>\n\t\t\t\t<\/div>\n\t\t\t\t<div id=\"custom-collapse-0-2\" class=\"panel-collapse collapse\">\n\t\t\t\t\t<div class=\"panel-body\">\nul. Wiejska 45E, 15-351 Bia\u0142ystok<\/p>\n<p>Ewa Sztacha\u0144ska, <i class=\"fal fa-phone\"><\/i> 85 746-70-70, <i class=\"fal fa-phone\"><\/i> 85 746-95-70,<br \/>\n <i class=\"fal fa-envelope\"><\/i> <a href=\"#\" rel=\"nofollow\"  onclick=\"this.href='mailto:' + 'e.sztachanska' + '@' + 'pb.edu.pl'\">e.sztachanska [at] pb.edu.pl<\/a>\n<p>mgr Jaros\u0142aw Nietupski,<br \/>\n <i class=\"fal fa-envelope\"><\/i> <a href=\"#\" rel=\"nofollow\"  onclick=\"this.href='mailto:' + 'j.nietupski' + '@' + 'pb.edu.pl'\">j.nietupski [at] pb.edu.pl<\/a>\n<p>Portiernia <i class=\"fal fa-phone\"><\/i> 85 746-95-68<\/p>\n<p>Portiernia INNO-EKO-TECH <i class=\"fal fa-phone\"><\/i> 85 746-70-97<br \/>\n<\/div>\n\t\t\t\t<\/div>\n\t\t\t<\/div>\n<div class=\"panel panel-default\">\n\t\t\t\t<div class=\"panel-heading\">\n\t\t\t\t\t<div class=\"panel-title\">\n\t\t\t\t\t\t<a class=\"collapsed h4\" data-toggle=\"collapse\" data-parent=\"#custom-collapse-0\" href=\"#custom-collapse-0-3\">Administracja Obiektu Wydzia\u0142u Elektrycznego<\/a>\n\t\t\t\t\t<\/div>\n\t\t\t\t<\/div>\n\t\t\t\t<div id=\"custom-collapse-0-3\" class=\"panel-collapse collapse\">\n\t\t\t\t\t<div class=\"panel-body\">\nul. Wiejska 45D, 15-351 Bia\u0142ystok<\/p>\n<p>mgr Maria Leonczuk, <i class=\"fal fa-phone\"><\/i> 85 746-93-58,<br \/>\n <i class=\"fal fa-envelope\"><\/i> <a href=\"#\" rel=\"nofollow\"  onclick=\"this.href='mailto:' + 'm.leonczuk' + '@' + 'pb.edu.pl'\">m.leonczuk [at] pb.edu.pl<\/a>\n<p>mgr Teresa Ma\u0142aszewska-Cichowska,<br \/>\n <i class=\"fal fa-envelope\"><\/i> <a href=\"#\" rel=\"nofollow\"  onclick=\"this.href='mailto:' + 't.malaszewska' + '@' + 'pb.edu.pl'\">t.malaszewska [at] pb.edu.pl<\/a>\n<p>Portiernia <i class=\"fal fa-phone\"><\/i> 85 746-94-30<br \/>\n<\/div>\n\t\t\t\t<\/div>\n\t\t\t<\/div>\n<div class=\"panel panel-default\">\n\t\t\t\t<div class=\"panel-heading\">\n\t\t\t\t\t<div class=\"panel-title\">\n\t\t\t\t\t\t<a class=\"collapsed h4\" data-toggle=\"collapse\" data-parent=\"#custom-collapse-0\" href=\"#custom-collapse-0-4\">Administracja Obiektu Wydzia\u0142u In\u017cynierii Zarz\u0105dzania<\/a>\n\t\t\t\t\t<\/div>\n\t\t\t\t<\/div>\n\t\t\t\t<div id=\"custom-collapse-0-4\" class=\"panel-collapse collapse\">\n\t\t\t\t\t<div class=\"panel-body\">\nul. Ojca Tarasiuka 2, 16-001 Kleosin<\/p>\n<p>mgr Izabela Werbel, <i class=\"fal fa-phone\"><\/i> 85 746-98-00,<br \/>\n <i class=\"fal fa-envelope\"><\/i> <a href=\"#\" rel=\"nofollow\"  onclick=\"this.href='mailto:' + 'i.werbel' + '@' + 'pb.edu.pl'\">i.werbel [at] pb.edu.pl<\/a>\n<p>El\u017cbieta Maleszewska,<br \/>\n <i class=\"fal fa-envelope\"><\/i> <a href=\"#\" rel=\"nofollow\"  onclick=\"this.href='mailto:' + 'e.maleszewska' + '@' + 'pb.edu.pl'\">e.maleszewska [at] pb.edu.pl<\/a>\n<p>Portiernia G\u0142\u00f3wna <i class=\"fal fa-phone\"><\/i> 85 746-98-27<\/p>\n<p>Portiernia hala <i class=\"fal fa-phone\"><\/i> 85 746-98-60<br \/>\n<\/div>\n\t\t\t\t<\/div>\n\t\t\t<\/div>\n<div class=\"panel panel-default\">\n\t\t\t\t<div class=\"panel-heading\">\n\t\t\t\t\t<div class=\"panel-title\">\n\t\t\t\t\t\t<a class=\"collapsed h4\" data-toggle=\"collapse\" data-parent=\"#custom-collapse-0\" href=\"#custom-collapse-0-5\">Administracja Obiektu Wydzia\u0142u Mechanicznego<\/a>\n\t\t\t\t\t<\/div>\n\t\t\t\t<\/div>\n\t\t\t\t<div id=\"custom-collapse-0-5\" class=\"panel-collapse collapse\">\n\t\t\t\t\t<div class=\"panel-body\">\nul. Wiejska 45C, 15-351 Bia\u0142ystok<\/p>\n<p>mgr Barbara D\u0105browska, kierownik sekcji pracownik\u00f3w gospodarczych<br \/>\n <i class=\"fal fa-phone\"><\/i> 85 746-92-12<br \/>\n <i class=\"fal fa-envelope\"><\/i> <a href=\"#\" rel=\"nofollow\"  onclick=\"this.href='mailto:' + 'barbara.dabrowska' + '@' + 'pb.edu.pl'\">barbara.dabrowska [at] pb.edu.pl<\/a>\n<p>mgr Jolanta Kowalczyk,<br \/>\n <i class=\"fal fa-envelope\"><\/i> <a href=\"#\" rel=\"nofollow\"  onclick=\"this.href='mailto:' + 'j.kowalczyk' + '@' + 'pb.edu.pl'\">j.kowalczyk [at] pb.edu.pl<\/a>\n<p>Renata Brumer,<br \/>\n <i class=\"fal fa-envelope\"><\/i> <a href=\"#\" rel=\"nofollow\"  onclick=\"this.href='mailto:' + 'reneta.brumer' + '@' + 'pb.edu.pl'\">reneta.brumer [at] pb.edu.pl<\/a>\n<p>Portiernia <i class=\"fal fa-mobile\"><\/i> 513-065-363<br \/>\n<\/div>\n\t\t\t\t<\/div>\n\t\t\t<\/div>\n<div class=\"panel panel-default\">\n\t\t\t\t<div class=\"panel-heading\">\n\t\t\t\t\t<div class=\"panel-title\">\n\t\t\t\t\t\t<a class=\"collapsed h4\" data-toggle=\"collapse\" data-parent=\"#custom-collapse-0\" href=\"#custom-collapse-0-6\">Administracja Obiektu Hali Widowiskowo-Sportowej<\/a>\n\t\t\t\t\t<\/div>\n\t\t\t\t<\/div>\n\t\t\t\t<div id=\"custom-collapse-0-6\" class=\"panel-collapse collapse\">\n\t\t\t\t\t<div class=\"panel-body\">\nul. Wiejska 41, 15-351 Bia\u0142ystok<\/p>\n<p>El\u017cbieta Wegner, <i class=\"fal fa-phone\"><\/i> 85 746 96 68 (lub <i class=\"fal fa-phone\"><\/i> 85 746-91-83)<br \/>\n <i class=\"fal fa-envelope\"><\/i> <a href=\"#\" rel=\"nofollow\"  onclick=\"this.href='mailto:' + 'e.wegner' + '@' + 'pb.edu.pl'\">e.wegner [at] pb.edu.pl<\/a>\n<p>Agata Gi\u017cy\u0144ska<br \/>\n <i class=\"fal fa-envelope\"><\/i> <a href=\"#\" rel=\"nofollow\"  onclick=\"this.href='mailto:' + 'a.gizynska' + '@' + 'pb.edu.pl'\">a.gizynska [at] pb.edu.pl<\/a>\n<p>Portiernia <i class=\"fal fa-phone\"><\/i> 85 746-96-69<br \/>\n<\/div>\n\t\t\t\t<\/div>\n\t\t\t<\/div>\n<div class=\"panel panel-default\">\n\t\t\t\t<div class=\"panel-heading\">\n\t\t\t\t\t<div class=\"panel-title\">\n\t\t\t\t\t\t<a class=\"collapsed h4\" data-toggle=\"collapse\" data-parent=\"#custom-collapse-0\" href=\"#custom-collapse-0-7\">Administracja Obiektu Centrum Nowoczesnego Kszta\u0142cenia<\/a>\n\t\t\t\t\t<\/div>\n\t\t\t\t<\/div>\n\t\t\t\t<div id=\"custom-collapse-0-7\" class=\"panel-collapse collapse\">\n\t\t\t\t\t<div class=\"panel-body\">\nul. Zwierzyniecka 16, 15-333 Bia\u0142ystok<\/p>\n<p>El\u017cbieta Horode\u0144ska, <i class=\"fal fa-phone\"><\/i> 85 746 72 10, <i class=\"fal fa-mobile\"><\/i> 690 407 062<br \/>\n <i class=\"fal fa-envelope\"><\/i> <a href=\"#\" rel=\"nofollow\"  onclick=\"this.href='mailto:' + 'e.horodenska' + '@' + 'pb.edu.pl'\">e.horodenska [at] pb.edu.pl<\/a>\n<p>mgr in\u017c. Jan Nizio\u0142ek, <i class=\"fal fa-phone\"><\/i> 85 746-72-90,<br \/>\n <i class=\"fal fa-envelope\"><\/i> <a href=\"#\" rel=\"nofollow\"  onclick=\"this.href='mailto:' + 'j.niziolek' + '@' + 'pb.edu.pl'\">j.niziolek [at] pb.edu.pl<\/a>\n<p>Portiernia <i class=\"fal fa-phone\"><\/i> 85 746-72-91<br \/>\n<\/div>\n\t\t\t\t<\/div>\n\t\t\t<\/div>\n<\/div>\n","protected":false},"excerpt":{"rendered":"<p>Dzia\u0142 Zarz\u0105dzania Nieruchomo\u015bciami (K-DZN) Kierownik &#8211; mgr Aleksandra Roszkowska 85 746-97-70 z-ca kierownika &#8211; mgr<\/p>\n","protected":false},"author":2,"featured_media":0,"parent":0,"menu_order":5,"comment_status":"closed","ping_status":"closed","template":"","meta":{"_acf_changed":false,"ngg_post_thumbnail":0,"footnotes":""},"class_list":["post-50","page","type-page","status-publish","hentry"],"acf":[],"_links":{"self":[{"href":"https:\/\/pb.edu.pl\/dzn\/wp-json\/wp\/v2\/pages\/50","targetHints":{"allow":["GET"]}}],"collection":[{"href":"https:\/\/pb.edu.pl\/dzn\/wp-json\/wp\/v2\/pages"}],"about":[{"href":"https:\/\/pb.edu.pl\/dzn\/wp-json\/wp\/v2\/types\/page"}],"author":[{"embeddable":true,"href":"https:\/\/pb.edu.pl\/dzn\/wp-json\/wp\/v2\/users\/2"}],"replies":[{"embeddable":true,"href":"https:\/\/pb.edu.pl\/dzn\/wp-json\/wp\/v2\/comments?post=50"}],"version-history":[{"count":2,"href":"https:\/\/pb.edu.pl\/dzn\/wp-json\/wp\/v2\/pages\/50\/revisions"}],"predecessor-version":[{"id":608,"href":"https:\/\/pb.edu.pl\/dzn\/wp-json\/wp\/v2\/pages\/50\/revisions\/608"}],"wp:attachment":[{"href":"https:\/\/pb.edu.pl\/dzn\/wp-json\/wp\/v2\/media?parent=50"}],"curies":[{"name":"wp","href":"https:\/\/api.w.org\/{rel}","templated":true}]}}