{"id":48,"date":"2020-09-22T23:53:14","date_gmt":"2020-09-22T21:53:14","guid":{"rendered":"https:\/\/pb.edu.pl\/da\/?page_id=48"},"modified":"2024-12-13T14:28:20","modified_gmt":"2024-12-13T13:28:20","slug":"gospodarka-odpadami","status":"publish","type":"page","link":"https:\/\/pb.edu.pl\/dzn\/gospodarka-odpadami\/","title":{"rendered":"Gospodarka odpadami"},"content":{"rendered":"<div class=\"h2\">Kontakt<\/div>\n<p>mgr Ma\u0142gorzata Babul<br \/>\n<i class=\"fal fa-phone\"><\/i> 85 746 97 69<br \/>\n<i class=\"fal fa-envelope\"><\/i> <a href=\"#\" rel=\"nofollow\"  onclick=\"this.href='mailto:' + 'malgorzata.babul' + '@' + 'pb.edu.pl'\">malgorzata.babul [at] pb.edu.pl<\/a>\n<p>15-333 Bia\u0142ystok<br \/>\nul. Zwierzyniecka 10<\/p>\n<hr>\n<p><a href=\"https:\/\/bip.pb.edu.pl\/?event=informacja&amp;id=20950\">Zarz\u0105dzenie nr 95\/2023 Rektora Politechniki Bia\u0142ostockiej z dnia 28 wrze\u015bnia 2023 roku w sprawie wprowadzenia w \u017cycie \u201eInstrukcji gospodarowania odpadami wytwarzanymi na terenie Politechniki Bia\u0142ostockiej\u201d<\/a><\/p>\n<p><strong>Pliki do pobrania:<\/strong><\/p>\n<p><a class=\"pdf\" href=\"https:\/\/pb.edu.pl\/dzn\/wp-content\/uploads\/sites\/83\/2023\/10\/Zalacznik-nr-1-do-Instrukcji-gospodarowania-odpadami.pdf\" target=\"_blank\" data-id=\"422\" rel=\"noopener\">Za\u0142\u0105cznik nr 1 do Instrukcji gospodarowania odpadami <span>(PDF, 144 KB, otworzy si\u0119 w nowej karcie)<\/span><\/a><\/p>\n<p><a class=\"pdf\" href=\"https:\/\/pb.edu.pl\/dzn\/wp-content\/uploads\/sites\/83\/2023\/10\/Zalacznik-nr-2-do-Instrukcji-gospodarowania-odpadami.pdf\" target=\"_blank\" data-id=\"423\" rel=\"noopener\">Za\u0142\u0105cznik nr 2 do Instrukcji gospodarowania odpadami <span>(PDF, 143 KB, otworzy si\u0119 w nowej karcie)<\/span><\/a><\/p>\n<p><a class=\"pdf\" href=\"https:\/\/pb.edu.pl\/dzn\/wp-content\/uploads\/sites\/83\/2023\/10\/Zalacznik-nr-3-do-Instrukcji-gospodarowania-odpadami.pdf\" target=\"_blank\" data-id=\"421\" rel=\"noopener\">Za\u0142\u0105cznik nr 3 do Instrukcji gospodarowania odpadami <span>(PDF, 148 KB, otworzy si\u0119 w nowej karcie)<\/span><\/a><\/p>\n","protected":false},"excerpt":{"rendered":"<p>Kontakt mgr Ma\u0142gorzata Babul 85 746 97 69 15-333 Bia\u0142ystok ul. Zwierzyniecka 10 Zarz\u0105dzenie nr<\/p>\n","protected":false},"author":2,"featured_media":0,"parent":0,"menu_order":4,"comment_status":"closed","ping_status":"closed","template":"","meta":{"_acf_changed":false,"ngg_post_thumbnail":0,"footnotes":""},"class_list":["post-48","page","type-page","status-publish","hentry"],"acf":[],"_links":{"self":[{"href":"https:\/\/pb.edu.pl\/dzn\/wp-json\/wp\/v2\/pages\/48","targetHints":{"allow":["GET"]}}],"collection":[{"href":"https:\/\/pb.edu.pl\/dzn\/wp-json\/wp\/v2\/pages"}],"about":[{"href":"https:\/\/pb.edu.pl\/dzn\/wp-json\/wp\/v2\/types\/page"}],"author":[{"embeddable":true,"href":"https:\/\/pb.edu.pl\/dzn\/wp-json\/wp\/v2\/users\/2"}],"replies":[{"embeddable":true,"href":"https:\/\/pb.edu.pl\/dzn\/wp-json\/wp\/v2\/comments?post=48"}],"version-history":[{"count":0,"href":"https:\/\/pb.edu.pl\/dzn\/wp-json\/wp\/v2\/pages\/48\/revisions"}],"wp:attachment":[{"href":"https:\/\/pb.edu.pl\/dzn\/wp-json\/wp\/v2\/media?parent=48"}],"curies":[{"name":"wp","href":"https:\/\/api.w.org\/{rel}","templated":true}]}}