{"id":463,"date":"2024-07-11T15:04:15","date_gmt":"2024-07-11T13:04:15","guid":{"rendered":"https:\/\/pb.edu.pl\/da\/?page_id=463"},"modified":"2026-03-13T14:26:26","modified_gmt":"2026-03-13T13:26:26","slug":"wynajem-kompleksu-sportowego","status":"publish","type":"page","link":"https:\/\/pb.edu.pl\/dzn\/wynajem-kompleksu-sportowego\/","title":{"rendered":"Wynajem zewn\u0119trznego kompleksu sportowego Politechniki Bia\u0142ostockiej"},"content":{"rendered":"<div class=\"row\">\n<div class=\"col-sm-8\">\n<div class=\"h2\">System Rezerwacji Boisk<\/div>\n<p>W celu rezerwacji zewn\u0119trznego kompleksu boisk i kort\u00f3w PB nale\u017cy skorzysta\u0107 z platformy internetowej:<\/p>\n<p><a href=\"https:\/\/player.playmore.pl\/reservation\/19\/courts\">player.playmore.pl\/reservation\/19\/courts<\/a><\/p>\n<p>Platforma umo\u017cliwia rezerwacje boisk i kort\u00f3w przez: student\u00f3w, doktorant\u00f3w i pracownik\u00f3w PB oraz osoby zewn\u0119trzne niezwi\u0105zane z Uczelni\u0105.<\/p>\n<p>Koszt najmu dla os\u00f3b zewn\u0119trznych jest zgodny z aktualnie obowi\u0105zuj\u0105cym cennikiem.<br \/>\n<strong>Cz\u0142onkom spo\u0142eczno\u015bci akademickiej przys\u0142uguje zni\u017cka<\/strong> weryfikowana na podstawie adresu mailowego w domenie:  pb.edu.pl.<br \/>\n&nbsp;<\/p>\n<div class=\"h2\">Wynajem d\u0142ugoterminowy na podstawie umowy<\/div>\n<p><a  class=\"pdf\" href=\"https:\/\/pb.edu.pl\/dzn\/wp-content\/uploads\/sites\/83\/2025\/05\/cennik-wynajem-zewnetrznych-obiektow-sportowych-PB-studenci-pracownicy.pdf\" target=\"_blank\" data-id=\"567\" >Obowi\u0105zuj\u0105cy cennik za wynajem zewn\u0119trznych obiekt\u00f3w sportowych Politechniki Bia\u0142ostockiej (dotyczy student\u00f3w i pracownik\u00f3w) <span>(PDF, 257 KB, otworzy si\u0119 w nowej karcie)<\/span><\/a><\/p>\n<p><a  class=\"pdf\" href=\"https:\/\/pb.edu.pl\/dzn\/wp-content\/uploads\/sites\/83\/2026\/03\/cennnik-2026.pdf\" target=\"_blank\" data-id=\"612\" >Obowi\u0105zuj\u0105cy cennik za wynajem zewn\u0119trznych obiekt\u00f3w sportowych Politechniki Bia\u0142ostockiej <span>(PDF, 90 KB, otworzy si\u0119 w nowej karcie)<\/span><\/a><\/p>\n<p><a class=\"pdf\" href=\"https:\/\/pb.edu.pl\/dzn\/wp-content\/uploads\/sites\/83\/2024\/07\/Wzor-umowy-najmu-kompleksu-sportowego.pdf\" target=\"_blank\" data-id=\"497\" rel=\"noopener\">Wz\u00f3r umowy najmu kompleksu sportowego <span>(PDF, 116 KB, otworzy si\u0119 w nowej karcie)<\/span><\/a><\/p>\n<p><a title=\"pobierz plik\" class=\"docx\" href=\"https:\/\/pb.edu.pl\/dzn\/wp-content\/uploads\/sites\/83\/2024\/07\/Wzor-umowy-najmu-kompleksu-sportowego.docx\" data-id=\"498\">Wz\u00f3r umowy najmu kompleksu sportowego <span>(DOCX, 28 KB)<\/span><\/a><br \/>\n&nbsp;<\/p>\n<div class=\"h2\">Regulamin<\/div>\n<p><a  class=\"pdf\" href=\"https:\/\/pb.edu.pl\/dzn\/wp-content\/uploads\/sites\/83\/2026\/03\/Regulamin-2026.pdf\" target=\"_blank\" data-id=\"610\" >Regulamin korzystania z zewn\u0119trznego kompleksu sportowego PB <span>(PDF, 62 KB, otworzy si\u0119 w nowej karcie)<\/span><\/a><\/p>\n<p><img loading=\"lazy\" decoding=\"async\" src=\"https:\/\/pb.edu.pl\/dzn\/wp-content\/uploads\/sites\/83\/2024\/07\/Orlik-PB-znaki-zakazu-duze.jpg\" alt=\"\" width=\"1792\" height=\"375\" class=\"alignnone size-full wp-image-502\" srcset=\"https:\/\/pb.edu.pl\/dzn\/wp-content\/uploads\/sites\/83\/2024\/07\/Orlik-PB-znaki-zakazu-duze.jpg 1792w, https:\/\/pb.edu.pl\/dzn\/wp-content\/uploads\/sites\/83\/2024\/07\/Orlik-PB-znaki-zakazu-duze-300x63.jpg 300w, https:\/\/pb.edu.pl\/dzn\/wp-content\/uploads\/sites\/83\/2024\/07\/Orlik-PB-znaki-zakazu-duze-1024x214.jpg 1024w, https:\/\/pb.edu.pl\/dzn\/wp-content\/uploads\/sites\/83\/2024\/07\/Orlik-PB-znaki-zakazu-duze-768x161.jpg 768w, https:\/\/pb.edu.pl\/dzn\/wp-content\/uploads\/sites\/83\/2024\/07\/Orlik-PB-znaki-zakazu-duze-1536x321.jpg 1536w\" sizes=\"auto, (max-width: 1792px) 100vw, 1792px\" \/><\/p>\n<\/div>\n<div class=\"col-sm-4\">\n<div id=\"iconbox_widget-9\" class=\"widget widget_iconbox_widget\">\n<div class=\"icon-box zapisz\">\n<div class=\"text-center\">\n<div class=\"h2\" style=\"margin-top: 10px\">Kontakt<\/div>\n<p>W razie pyta\u0144<br \/>zapraszamy do kontaktu pod adresem:<\/p>\n<div class=\"h4\" style=\"margin-top: 0px\"><i class=\"fal fa-envelope\"><\/i> <a href=\"#\" rel=\"nofollow\"  onclick=\"this.href='mailto:' + 'boiska.rezerwacja' + '@' + 'pb.edu.pl'\">boiska.rezerwacja [at] pb.edu.pl<\/a><\/div>\n<p>&nbsp;\n<\/p><\/div>\n<\/div>\n<\/div>\n<\/div>\n","protected":false},"excerpt":{"rendered":"","protected":false},"author":2,"featured_media":0,"parent":0,"menu_order":0,"comment_status":"closed","ping_status":"closed","template":"","meta":{"_acf_changed":false,"ngg_post_thumbnail":0,"footnotes":""},"class_list":["post-463","page","type-page","status-publish","hentry"],"acf":[],"_links":{"self":[{"href":"https:\/\/pb.edu.pl\/dzn\/wp-json\/wp\/v2\/pages\/463","targetHints":{"allow":["GET"]}}],"collection":[{"href":"https:\/\/pb.edu.pl\/dzn\/wp-json\/wp\/v2\/pages"}],"about":[{"href":"https:\/\/pb.edu.pl\/dzn\/wp-json\/wp\/v2\/types\/page"}],"author":[{"embeddable":true,"href":"https:\/\/pb.edu.pl\/dzn\/wp-json\/wp\/v2\/users\/2"}],"replies":[{"embeddable":true,"href":"https:\/\/pb.edu.pl\/dzn\/wp-json\/wp\/v2\/comments?post=463"}],"version-history":[{"count":5,"href":"https:\/\/pb.edu.pl\/dzn\/wp-json\/wp\/v2\/pages\/463\/revisions"}],"predecessor-version":[{"id":618,"href":"https:\/\/pb.edu.pl\/dzn\/wp-json\/wp\/v2\/pages\/463\/revisions\/618"}],"wp:attachment":[{"href":"https:\/\/pb.edu.pl\/dzn\/wp-json\/wp\/v2\/media?parent=463"}],"curies":[{"name":"wp","href":"https:\/\/api.w.org\/{rel}","templated":true}]}}