{"id":46,"date":"2020-09-22T23:52:54","date_gmt":"2020-09-22T21:52:54","guid":{"rendered":"https:\/\/pb.edu.pl\/da\/?page_id=46"},"modified":"2025-12-12T13:52:52","modified_gmt":"2025-12-12T12:52:52","slug":"zarzadzenia","status":"publish","type":"page","link":"https:\/\/pb.edu.pl\/dzn\/zarzadzenia\/","title":{"rendered":"Zarz\u0105dzenia"},"content":{"rendered":"<p><a href=\"https:\/\/bip.pb.edu.pl\/?event=informacja&#038;id=22410\">Instrukcja w sprawie dzier\u017cawy i najmu nieruchomo\u015bci oraz powierzchni u\u017cytkowych stanowi\u0105cych w\u0142asno\u015b\u0107 Politechniki Bia\u0142ostockiej oraz udost\u0119pniania pomieszcze\u0144 w celu realizacji zada\u0144 statutowych Uczelni<\/a><\/p>\n<p><a href=\" https:\/\/bip.pb.edu.pl\/?event=informacja&#038;id=22214\">Cennik za wynajem auli i sal og\u00f3lnodydaktycznych oraz innych powierzchni podmiotom zewn\u0119trznym<\/a><\/p>\n<p><a href=\"https:\/\/bip.pb.edu.pl\/index.php?event=informacja&amp;id=17974\">Zarz\u0105dzenie nr 1227 Rektora Politechniki Bia\u0142ostockiej z dnia 4 grudnia 2020 roku w sprawie ustalenia zasad organizacji imprez w Politechnice Bia\u0142ostockiej<\/a><\/p>\n<p><a href=\"https:\/\/bip.pb.edu.pl\/?event=informacja&#038;id=21847\">Zmiana do zarz\u0105dzenia nr 1227 Rektora Politechniki Bia\u0142ostockiej<\/a><\/p>\n<p><a href=\"https:\/\/bip.pb.edu.pl\/?event=informacja&amp;id=20950\">Zarz\u0105dzenie nr 95\/2023 Rektora Politechniki Bia\u0142ostockiej z dnia 28 wrze\u015bnia 2023 roku w sprawie wprowadzenia w \u017cycie \u201eInstrukcji gospodarowania odpadami wytwarzanymi na terenie Politechniki Bia\u0142ostockiej\u201d<\/a><\/p>\n<p><a  class=\"pdf\" href=\"https:\/\/pb.edu.pl\/dzn\/wp-content\/uploads\/sites\/83\/2025\/12\/Zarzadzenie-Nr-115-2025.pdf\" target=\"_blank\" data-id=\"605\" >Zarz\u0105dzenie nr 115\/2025 Rektora Politechniki Bia\u0142ostockiej w sprawie wprowadzenia zmian w \u201eInstrukcji w sprawie u\u017cyczania, dzier\u017cawy i najmu nieruchomo\u015bci oraz powierzchni u\u017cytkowych stanowi\u0105cych w\u0142asno\u015b\u0107 Politechniki Bia\u0142ostockiej oraz udost\u0119pniania pomieszcze\u0144 w celu realizacji zada\u0144 statutowych Uczelni\u201d <span>(PDF, 95 KB, otworzy si\u0119 w nowej karcie)<\/span><\/a><\/p>\n","protected":false},"excerpt":{"rendered":"<p>Instrukcja w sprawie dzier\u017cawy i najmu nieruchomo\u015bci oraz powierzchni u\u017cytkowych stanowi\u0105cych w\u0142asno\u015b\u0107 Politechniki Bia\u0142ostockiej oraz<\/p>\n","protected":false},"author":2,"featured_media":0,"parent":0,"menu_order":3,"comment_status":"closed","ping_status":"closed","template":"","meta":{"_acf_changed":false,"ngg_post_thumbnail":0,"footnotes":""},"class_list":["post-46","page","type-page","status-publish","hentry"],"acf":[],"_links":{"self":[{"href":"https:\/\/pb.edu.pl\/dzn\/wp-json\/wp\/v2\/pages\/46","targetHints":{"allow":["GET"]}}],"collection":[{"href":"https:\/\/pb.edu.pl\/dzn\/wp-json\/wp\/v2\/pages"}],"about":[{"href":"https:\/\/pb.edu.pl\/dzn\/wp-json\/wp\/v2\/types\/page"}],"author":[{"embeddable":true,"href":"https:\/\/pb.edu.pl\/dzn\/wp-json\/wp\/v2\/users\/2"}],"replies":[{"embeddable":true,"href":"https:\/\/pb.edu.pl\/dzn\/wp-json\/wp\/v2\/comments?post=46"}],"version-history":[{"count":0,"href":"https:\/\/pb.edu.pl\/dzn\/wp-json\/wp\/v2\/pages\/46\/revisions"}],"wp:attachment":[{"href":"https:\/\/pb.edu.pl\/dzn\/wp-json\/wp\/v2\/media?parent=46"}],"curies":[{"name":"wp","href":"https:\/\/api.w.org\/{rel}","templated":true}]}}