{"id":44,"date":"2020-09-22T23:52:38","date_gmt":"2020-09-22T21:52:38","guid":{"rendered":"https:\/\/pb.edu.pl\/da\/?page_id=44"},"modified":"2025-10-22T13:39:47","modified_gmt":"2025-10-22T11:39:47","slug":"pliki-do-pobrania","status":"publish","type":"page","link":"https:\/\/pb.edu.pl\/dzn\/pliki-do-pobrania\/","title":{"rendered":"Pliki do pobrania"},"content":{"rendered":"<p><a  class=\"pdf\" href=\"https:\/\/pb.edu.pl\/dzn\/wp-content\/uploads\/sites\/83\/2025\/05\/Cennik-za-wynajem-auli-i-sal-ogolnodydaktycznych-oraz-innych-powierzchni-PB-podmiotom-zewnetrznym.pdf\" target=\"_blank\" data-id=\"569\" >Cennik za wynajem auli i sal og\u00f3lnodydaktycznych oraz innych powierzchni Politechniki Bia\u0142ostockiej podmiotom zewn\u0119trznym dost\u0119pny cyfrowo <span>(PDF, 188 KB, otworzy si\u0119 w nowej karcie)<\/span><\/a><\/p>\n<p><a title=\"pobierz plik\" class=\"docx\" href=\"https:\/\/pb.edu.pl\/dzn\/wp-content\/uploads\/sites\/83\/2025\/10\/WNIOSEK-NA-ORGANIZACJE-IMPREZY-2025.docx\"  data-id=\"601\" >Wniosek wyra\u017cenie zgody na organizacj\u0119 imprezy na terenie PB <span>(DOCX, 28 KB)<\/span><\/a><\/p>\n<p><a class=\"docx\" title=\"pobierz plik\" href=\"https:\/\/pb.edu.pl\/dzn\/wp-content\/uploads\/sites\/83\/2022\/03\/Wzor-umowy-najmu-lub-dzierzawy-na-organizacje-imprezy-na-tereni-PB.docx\" data-id=\"280\">Wz\u00f3r umowy najmu lub dzier\u017cawy na organizacj\u0119 imprezy na terenie PB (DOCX, 28 KB)<\/a><\/p>\n<p><strong>Za\u0142\u0105czniki do Instrukcji w sprawie dzier\u017cawy i najmu nieruchomo\u015bci oraz powierzchni u\u017cytkowych stanowi\u0105cych w\u0142asno\u015b\u0107 Politechniki Bia\u0142ostockiej oraz udost\u0119pniania pomieszcze\u0144 w celu realizacji zada\u0144 statutowych Uczelni:<\/strong><\/p>\n<p><a title=\"pobierz plik\" class=\"docx\" href=\"https:\/\/pb.edu.pl\/dzn\/wp-content\/uploads\/sites\/83\/2025\/07\/Zalacznik-nr-1-do-Instrukcji.docx\"  data-id=\"573\" >Za\u0142\u0105cznik nr 1 do instrukcji <span>(DOCX, 36 KB)<\/span><\/a><\/p>\n<p><a title=\"pobierz plik\" class=\"docx\" href=\"https:\/\/pb.edu.pl\/dzn\/wp-content\/uploads\/sites\/83\/2025\/07\/Zalacznik-nr-2-do-Instrukcji.docx\"  data-id=\"574\" >Za\u0142\u0105cznik nr 2 do instrukcji <span>(DOCX, 41 KB)<\/span><\/a><\/p>\n<p><a title=\"pobierz plik\" class=\"docx\" href=\"https:\/\/pb.edu.pl\/dzn\/wp-content\/uploads\/sites\/83\/2025\/07\/Zalacznik-nr-3-do-Instrukcji.docx\"  data-id=\"575\" >Za\u0142\u0105cznik nr 3 do instrukcji <span>(DOCX, 38 KB)<\/span><\/a><\/p>\n<p><a title=\"pobierz plik\" class=\"docx\" href=\"https:\/\/pb.edu.pl\/dzn\/wp-content\/uploads\/sites\/83\/2025\/07\/Zalacznik-nr-4-do-Instrukcji.docx\"  data-id=\"576\" >Za\u0142\u0105cznik nr 4 do instrukcji <span>(DOCX, 30 KB)<\/span><\/a><\/p>\n<p><a title=\"pobierz plik\" class=\"docx\" href=\"https:\/\/pb.edu.pl\/dzn\/wp-content\/uploads\/sites\/83\/2025\/07\/Zalacznik-nr-5-do-Instrukcji.docx\"  data-id=\"577\" >Za\u0142\u0105cznik nr 5 do instrukcji <span>(DOCX, 23 KB)<\/span><\/a><\/p>\n","protected":false},"excerpt":{"rendered":"<p>Cennik za wynajem auli i sal og\u00f3lnodydaktycznych oraz innych powierzchni Politechniki Bia\u0142ostockiej podmiotom zewn\u0119trznym dost\u0119pny<\/p>\n","protected":false},"author":2,"featured_media":0,"parent":0,"menu_order":2,"comment_status":"closed","ping_status":"closed","template":"","meta":{"_acf_changed":false,"ngg_post_thumbnail":0,"footnotes":""},"class_list":["post-44","page","type-page","status-publish","hentry"],"acf":[],"_links":{"self":[{"href":"https:\/\/pb.edu.pl\/dzn\/wp-json\/wp\/v2\/pages\/44","targetHints":{"allow":["GET"]}}],"collection":[{"href":"https:\/\/pb.edu.pl\/dzn\/wp-json\/wp\/v2\/pages"}],"about":[{"href":"https:\/\/pb.edu.pl\/dzn\/wp-json\/wp\/v2\/types\/page"}],"author":[{"embeddable":true,"href":"https:\/\/pb.edu.pl\/dzn\/wp-json\/wp\/v2\/users\/2"}],"replies":[{"embeddable":true,"href":"https:\/\/pb.edu.pl\/dzn\/wp-json\/wp\/v2\/comments?post=44"}],"version-history":[{"count":0,"href":"https:\/\/pb.edu.pl\/dzn\/wp-json\/wp\/v2\/pages\/44\/revisions"}],"wp:attachment":[{"href":"https:\/\/pb.edu.pl\/dzn\/wp-json\/wp\/v2\/media?parent=44"}],"curies":[{"name":"wp","href":"https:\/\/api.w.org\/{rel}","templated":true}]}}