{"id":42,"date":"2020-09-22T23:52:11","date_gmt":"2020-09-22T21:52:11","guid":{"rendered":"https:\/\/pb.edu.pl\/da\/?page_id=42"},"modified":"2024-12-13T14:15:58","modified_gmt":"2024-12-13T13:15:58","slug":"o-nas","status":"publish","type":"page","link":"https:\/\/pb.edu.pl\/dzn\/o-nas\/","title":{"rendered":"O nas"},"content":{"rendered":"<p><strong>Do zakresu dzia\u0142ania Dzia\u0142u Zarz\u0105dzania Nieruchomo\u015bciami nale\u017cy:<\/strong><\/p>\n<ul>\n<li>zarz\u0105dzanie nieruchomo\u015bciami, wynajem pomieszcze\u0144 oraz obiekt\u00f3w sportowych, dzier\u017cawa grunt\u00f3w,<\/li>\n<li>rezerwacja sal dydaktycznych og\u00f3lnego przeznaczenia (na cele inne ni\u017c dydaktyczne),<\/li>\n<li>nadz\u00f3r nad dzia\u0142alno\u015bci\u0105 administrator\u00f3w obiekt\u00f3w,<\/li>\n<li>kontrola prawid\u0142owego wykonywania um\u00f3w obejmuj\u0105cych zakres zada\u0144 dzia\u0142u,<\/li>\n<li>nadz\u00f3r nad prawid\u0142ow\u0105 gospodark\u0105 odpadami na terenie Politechniki Bia\u0142ostockiej.<\/li>\n<\/ul>\n","protected":false},"excerpt":{"rendered":"<p>Do zakresu dzia\u0142ania Dzia\u0142u Zarz\u0105dzania Nieruchomo\u015bciami nale\u017cy: zarz\u0105dzanie nieruchomo\u015bciami, wynajem pomieszcze\u0144 oraz obiekt\u00f3w sportowych, dzier\u017cawa<\/p>\n","protected":false},"author":2,"featured_media":0,"parent":0,"menu_order":1,"comment_status":"closed","ping_status":"closed","template":"","meta":{"_acf_changed":false,"ngg_post_thumbnail":0,"footnotes":""},"class_list":["post-42","page","type-page","status-publish","hentry"],"acf":[],"_links":{"self":[{"href":"https:\/\/pb.edu.pl\/dzn\/wp-json\/wp\/v2\/pages\/42","targetHints":{"allow":["GET"]}}],"collection":[{"href":"https:\/\/pb.edu.pl\/dzn\/wp-json\/wp\/v2\/pages"}],"about":[{"href":"https:\/\/pb.edu.pl\/dzn\/wp-json\/wp\/v2\/types\/page"}],"author":[{"embeddable":true,"href":"https:\/\/pb.edu.pl\/dzn\/wp-json\/wp\/v2\/users\/2"}],"replies":[{"embeddable":true,"href":"https:\/\/pb.edu.pl\/dzn\/wp-json\/wp\/v2\/comments?post=42"}],"version-history":[{"count":0,"href":"https:\/\/pb.edu.pl\/dzn\/wp-json\/wp\/v2\/pages\/42\/revisions"}],"wp:attachment":[{"href":"https:\/\/pb.edu.pl\/dzn\/wp-json\/wp\/v2\/media?parent=42"}],"curies":[{"name":"wp","href":"https:\/\/api.w.org\/{rel}","templated":true}]}}