{"id":338,"date":"2022-04-19T18:17:12","date_gmt":"2022-04-19T16:17:12","guid":{"rendered":"https:\/\/pb.edu.pl\/da\/?page_id=338"},"modified":"2025-11-18T16:28:25","modified_gmt":"2025-11-18T15:28:25","slug":"obiekty-dydaktyczne","status":"publish","type":"page","link":"https:\/\/pb.edu.pl\/dzn\/obiekty-dydaktyczne\/","title":{"rendered":"Obiekty dydaktyczne"},"content":{"rendered":"<div class=\"h2\">Rezerwacja sal og\u00f3lnodydaktycznych<\/div>\n<p><strong>Rezerwacje sal zwi\u0105zane z procesem dydaktycznym<\/strong> nale\u017cy sk\u0142ada\u0107 przez <a href=\"https:\/\/usos-srs.uci.pb.edu.pl\/\">System Rezerwacji Sal na platformie USOS<\/a>.<\/p>\n<p><strong>Rezerwacje sal nie zwi\u0105zane z procesem dydaktycznym<\/strong> mo\u017cna sk\u0142ada\u0107 drog\u0105 mailow\u0105 na adres:<br \/>\n<i class=\"fal fa-envelope\"><\/i> <a href=\"#\" rel=\"nofollow\"  onclick=\"this.href='mailto:' + 'sale.rezerwacje' + '@' + 'pb.edu.pl'\">sale.rezerwacje [at] pb.edu.pl<\/a>.<br \/>\n&nbsp;<\/p>\n<p>Dost\u0119pno\u015b\u0107 sal mo\u017cna sprawdzi\u0107 na platformie USOS pod nast\u0119puj\u0105cymi adresami:<\/p>\n<p><a href=\"https:\/\/usosweb.pb.edu.pl\/kontroler.php?_action=katalog2\/jednostki\/budynkiJednostki&#038;jed_org_kod=10000000\">usosweb.pb.edu.pl\/kontroler.php?_action=katalog2\/jednostki\/budynkiJednostki&#038;jed_org_kod=10000000<\/a><\/p>\n<p><a href=\"https:\/\/usos-srs.uci.pb.edu.pl\/\">System Rezerwacji Sal<\/a> (wymaga zalogowania)<br \/>\n&nbsp;<br \/>\n&nbsp;<\/p>\n<div class=\"h2\">Administratorzy obiekt\u00f3w<\/div>\n<p><a href=\"https:\/\/pb.edu.pl\/uczelnia\/mapa-kampusu\/miasteczko-akademickie-plan-przestrzenny\/\">Miasteczko akademickie \u2013 plan przestrzenny<\/a><\/p>\n<p>W przypadku pyta\u0144 prosimy o kontakt z administratorami obiekt\u00f3w:<\/p>\n<div class=\"panel-group\" id=\"custom-collapse-0\">\n<div class=\"panel panel-default\">\n\t\t\t\t<div class=\"panel-heading\">\n\t\t\t\t\t<div class=\"panel-title\">\n\t\t\t\t\t\t<a class=\"collapsed h4\" data-toggle=\"collapse\" data-parent=\"#custom-collapse-0\" href=\"#custom-collapse-0-0\">Wydzia\u0142 Informatyki - Budynek G\u0142\u00f3wny - Rektorat<\/a>\n\t\t\t\t\t<\/div>\n\t\t\t\t<\/div>\n\t\t\t\t<div id=\"custom-collapse-0-0\" class=\"panel-collapse collapse\">\n\t\t\t\t\t<div class=\"panel-body\">\nul. Wiejska 45 A, 15-351 Bia\u0142ystok &#8211; <a href=\"https:\/\/pb.edu.pl\/uczelnia\/mapa-kampusu\/miasteczko-akademickie-plan-przestrzenny\/\">miasteczko akademickie \u2013 plan przestrzenny<\/a><\/p>\n<p><strong>El\u017cbieta Wegner<\/strong><br \/>\n<i class=\"fal fa-phone\"><\/i> 85 746 91 83<br \/>\n<i class=\"fal fa-envelope\"><\/i> <a href=\"#\" rel=\"nofollow\"  onclick=\"this.href='mailto:' + 'e.wegner' + '@' + 'pb.edu.pl'\">e.wegner [at] pb.edu.pl<\/a>\n<\/div>\n\t\t\t\t<\/div>\n\t\t\t<\/div>\n<div class=\"panel panel-default\">\n\t\t\t\t<div class=\"panel-heading\">\n\t\t\t\t\t<div class=\"panel-title\">\n\t\t\t\t\t\t<a class=\"collapsed h4\" data-toggle=\"collapse\" data-parent=\"#custom-collapse-0\" href=\"#custom-collapse-0-1\">Wydzia\u0142 Mechaniczny<\/a>\n\t\t\t\t\t<\/div>\n\t\t\t\t<\/div>\n\t\t\t\t<div id=\"custom-collapse-0-1\" class=\"panel-collapse collapse\">\n\t\t\t\t\t<div class=\"panel-body\">\nul. Wiejska 45 C, 15-351 Bia\u0142ystok &#8211; <a href=\"https:\/\/pb.edu.pl\/uczelnia\/mapa-kampusu\/miasteczko-akademickie-plan-przestrzenny\/\">miasteczko akademickie \u2013 plan przestrzenny<\/a><\/p>\n<p><strong>mgr Barbara D\u0105browska<\/strong><br \/>\n<i class=\"fal fa-phone\"><\/i> 85 746 92 12<br \/>\n<i class=\"fal fa-envelope\"><\/i> <a href=\"#\" rel=\"nofollow\"  onclick=\"this.href='mailto:' + 'barbara.dabrowska' + '@' + 'pb.edu.pl'\">barbara.dabrowska [at] pb.edu.pl<\/a>\n<\/div>\n\t\t\t\t<\/div>\n\t\t\t<\/div>\n<div class=\"panel panel-default\">\n\t\t\t\t<div class=\"panel-heading\">\n\t\t\t\t\t<div class=\"panel-title\">\n\t\t\t\t\t\t<a class=\"collapsed h4\" data-toggle=\"collapse\" data-parent=\"#custom-collapse-0\" href=\"#custom-collapse-0-2\">Wydzia\u0142 Elektryczny<\/a>\n\t\t\t\t\t<\/div>\n\t\t\t\t<\/div>\n\t\t\t\t<div id=\"custom-collapse-0-2\" class=\"panel-collapse collapse\">\n\t\t\t\t\t<div class=\"panel-body\">\nul. Wiejska 45 D, 15-351 Bia\u0142ystok &#8211; <a href=\"https:\/\/pb.edu.pl\/uczelnia\/mapa-kampusu\/miasteczko-akademickie-plan-przestrzenny\/\">miasteczko akademickie \u2013 plan przestrzenny<\/a><\/p>\n<p><strong>mgr Maria Leonczuk<\/strong><br \/>\n<i class=\"fal fa-phone\"><\/i> 85 746 93 58<br \/>\n<i class=\"fal fa-envelope\"><\/i> <a href=\"#\" rel=\"nofollow\"  onclick=\"this.href='mailto:' + 'm.leonczuk' + '@' + 'pb.edu.pl'\">m.leonczuk [at] pb.edu.pl<\/a>\n<\/div>\n\t\t\t\t<\/div>\n\t\t\t<\/div>\n<div class=\"panel panel-default\">\n\t\t\t\t<div class=\"panel-heading\">\n\t\t\t\t\t<div class=\"panel-title\">\n\t\t\t\t\t\t<a class=\"collapsed h4\" data-toggle=\"collapse\" data-parent=\"#custom-collapse-0\" href=\"#custom-collapse-0-3\">Wydzia\u0142 Budownictwa i Nauk o \u015arodowisku - INNO-EKO-TECH <\/a>\n\t\t\t\t\t<\/div>\n\t\t\t\t<\/div>\n\t\t\t\t<div id=\"custom-collapse-0-3\" class=\"panel-collapse collapse\">\n\t\t\t\t\t<div class=\"panel-body\">\nul. Wiejska 45 E, 15-351 Bia\u0142ystok &#8211; <a href=\"https:\/\/pb.edu.pl\/uczelnia\/mapa-kampusu\/miasteczko-akademickie-plan-przestrzenny\/\">miasteczko akademickie \u2013 plan przestrzenny<\/a><\/p>\n<p><strong>Ewa Sztacha\u0144ska<\/strong><br \/>\n<i class=\"fal fa-phone\"><\/i> 85 746 70 70 lub 85 746 95 70<br \/>\n<i class=\"fal fa-envelope\"><\/i> <a href=\"#\" rel=\"nofollow\"  onclick=\"this.href='mailto:' + 'e.sztachanska' + '@' + 'pb.edu.pl'\">e.sztachanska [at] pb.edu.pl<\/a>\n<\/div>\n\t\t\t\t<\/div>\n\t\t\t<\/div>\n<div class=\"panel panel-default\">\n\t\t\t\t<div class=\"panel-heading\">\n\t\t\t\t\t<div class=\"panel-title\">\n\t\t\t\t\t\t<a class=\"collapsed h4\" data-toggle=\"collapse\" data-parent=\"#custom-collapse-0\" href=\"#custom-collapse-0-4\">Hala Widowiskowo-Sportowa<\/a>\n\t\t\t\t\t<\/div>\n\t\t\t\t<\/div>\n\t\t\t\t<div id=\"custom-collapse-0-4\" class=\"panel-collapse collapse\">\n\t\t\t\t\t<div class=\"panel-body\">\nul. Wiejska 41, 15-351 Bia\u0142ystok &#8211; <a href=\"https:\/\/pb.edu.pl\/uczelnia\/mapa-kampusu\/miasteczko-akademickie-plan-przestrzenny\/\">miasteczko akademickie \u2013 plan przestrzenny<\/a><\/p>\n<p><strong>El\u017cbieta Wegner<\/strong><br \/>\n<i class=\"fal fa-phone\"><\/i> 85 746 96 68 lub 85 746 91 83<br \/>\n<i class=\"fal fa-envelope\"><\/i> <a href=\"#\" rel=\"nofollow\"  onclick=\"this.href='mailto:' + 'e.wegner' + '@' + 'pb.edu.pl'\">e.wegner [at] pb.edu.pl<\/a>\n<\/div>\n\t\t\t\t<\/div>\n\t\t\t<\/div>\n<div class=\"panel panel-default\">\n\t\t\t\t<div class=\"panel-heading\">\n\t\t\t\t\t<div class=\"panel-title\">\n\t\t\t\t\t\t<a class=\"collapsed h4\" data-toggle=\"collapse\" data-parent=\"#custom-collapse-0\" href=\"#custom-collapse-0-5\">Centrum Nowoczesnego Kszta\u0142cenia<\/a>\n\t\t\t\t\t<\/div>\n\t\t\t\t<\/div>\n\t\t\t\t<div id=\"custom-collapse-0-5\" class=\"panel-collapse collapse\">\n\t\t\t\t\t<div class=\"panel-body\">\nul. Zwierzyniecka 16, 15-333 Bia\u0142ystok &#8211; <a href=\"https:\/\/pb.edu.pl\/uczelnia\/mapa-kampusu\/miasteczko-akademickie-plan-przestrzenny\/\">miasteczko akademickie \u2013 plan przestrzenny<\/a><\/p>\n<p><strong>El\u017cbieta Horode\u0144ska<\/strong><br \/>\n<i class=\"fal fa-phone\"><\/i> 85 746 72 90, <i class=\"fal fa-mobile\"><\/i> 690 407 062<br \/>\n<i class=\"fal fa-envelope\"><\/i> <a href=\"#\" rel=\"nofollow\"  onclick=\"this.href='mailto:' + 'e.horodenska' + '@' + 'pb.edu.pl'\">e.horodenska [at] pb.edu.pl<\/a>\n<\/div>\n\t\t\t\t<\/div>\n\t\t\t<\/div>\n<div class=\"panel panel-default\">\n\t\t\t\t<div class=\"panel-heading\">\n\t\t\t\t\t<div class=\"panel-title\">\n\t\t\t\t\t\t<a class=\"collapsed h4\" data-toggle=\"collapse\" data-parent=\"#custom-collapse-0\" href=\"#custom-collapse-0-6\">Wydzia\u0142 Architektury<\/a>\n\t\t\t\t\t<\/div>\n\t\t\t\t<\/div>\n\t\t\t\t<div id=\"custom-collapse-0-6\" class=\"panel-collapse collapse\">\n\t\t\t\t\t<div class=\"panel-body\">\nul. Oskara Sosnowskiego 11, 15-893 Bia\u0142ystok &#8211; <a href=\"https:\/\/wa.pb.edu.pl\/kontakt\/dane-teleadresowe\/\">zobacz na mapie<\/a><\/p>\n<p><strong>mgr Beata Gilewska<\/strong><br \/>\n<i class=\"fal fa-phone\"><\/i> 85 746 99 60<br \/>\n<i class=\"fal fa-envelope\"><\/i> <a href=\"#\" rel=\"nofollow\"  onclick=\"this.href='mailto:' + 'b.gilewska' + '@' + 'pb.edu.pl'\">b.gilewska [at] pb.edu.pl<\/a>\n<\/div>\n\t\t\t\t<\/div>\n\t\t\t<\/div>\n<div class=\"panel panel-default\">\n\t\t\t\t<div class=\"panel-heading\">\n\t\t\t\t\t<div class=\"panel-title\">\n\t\t\t\t\t\t<a class=\"collapsed h4\" data-toggle=\"collapse\" data-parent=\"#custom-collapse-0\" href=\"#custom-collapse-0-7\">Wydzia\u0142 In\u017cynierii i Zarz\u0105dzania<\/a>\n\t\t\t\t\t<\/div>\n\t\t\t\t<\/div>\n\t\t\t\t<div id=\"custom-collapse-0-7\" class=\"panel-collapse collapse\">\n\t\t\t\t\t<div class=\"panel-body\">\nul. Ojca Tarasiuka 2, 16-001 Kleosin &#8211; <a href=\"https:\/\/wiz.pb.edu.pl\/kontakt\/mapa-kampusu\/\">mapa kampusu<\/a><\/p>\n<p><strong>mgr Izabela Werbel<\/strong><br \/>\n<i class=\"fal fa-phone\"><\/i> 85 746 98 00<br \/>\n<i class=\"fal fa-envelope\"><\/i> <a href=\"#\" rel=\"nofollow\"  onclick=\"this.href='mailto:' + 'i.werbel' + '@' + 'pb.edu.pl'\">i.werbel [at] pb.edu.pl<\/a>\n<\/div>\n\t\t\t\t<\/div>\n\t\t\t<\/div>\n<\/div>\n","protected":false},"excerpt":{"rendered":"<p>Rezerwacja sal og\u00f3lnodydaktycznych Rezerwacje sal zwi\u0105zane z procesem dydaktycznym nale\u017cy sk\u0142ada\u0107 przez System Rezerwacji Sal<\/p>\n","protected":false},"author":2,"featured_media":0,"parent":0,"menu_order":4,"comment_status":"closed","ping_status":"closed","template":"","meta":{"_acf_changed":false,"ngg_post_thumbnail":0,"footnotes":""},"class_list":["post-338","page","type-page","status-publish","hentry"],"acf":[],"_links":{"self":[{"href":"https:\/\/pb.edu.pl\/dzn\/wp-json\/wp\/v2\/pages\/338","targetHints":{"allow":["GET"]}}],"collection":[{"href":"https:\/\/pb.edu.pl\/dzn\/wp-json\/wp\/v2\/pages"}],"about":[{"href":"https:\/\/pb.edu.pl\/dzn\/wp-json\/wp\/v2\/types\/page"}],"author":[{"embeddable":true,"href":"https:\/\/pb.edu.pl\/dzn\/wp-json\/wp\/v2\/users\/2"}],"replies":[{"embeddable":true,"href":"https:\/\/pb.edu.pl\/dzn\/wp-json\/wp\/v2\/comments?post=338"}],"version-history":[{"count":0,"href":"https:\/\/pb.edu.pl\/dzn\/wp-json\/wp\/v2\/pages\/338\/revisions"}],"wp:attachment":[{"href":"https:\/\/pb.edu.pl\/dzn\/wp-json\/wp\/v2\/media?parent=338"}],"curies":[{"name":"wp","href":"https:\/\/api.w.org\/{rel}","templated":true}]}}