{"id":18,"date":"2020-09-22T23:35:35","date_gmt":"2020-09-22T21:35:35","guid":{"rendered":"https:\/\/pb.edu.pl\/da\/?page_id=18"},"modified":"2026-03-23T22:47:12","modified_gmt":"2026-03-23T21:47:12","slug":"home","status":"publish","type":"page","link":"https:\/\/pb.edu.pl\/dzn\/","title":{"rendered":""},"content":{"rendered":"<p>&nbsp;<\/p>\n<div class=\"row\" style=\"margin-top: 20px;\">\n<div class=\"col-sm-12 text-center\">\n<a class=\"button wynajem text-center animated zoomIn lead font-500\" style=\"width:100%\" href=\"https:\/\/pb.edu.pl\/wynajem-sal\/\">Wynajem auli i sal Politechniki Bia\u0142ostockiej podmiotom zewn\u0119trznym<\/a>\n<\/div>\n<\/div>\n<div class=\"row\" style=\"margin-top: 0px;\">\n<div class=\"col-sm-12 text-center\">\n<a class=\"button wynajem text-center animated zoomIn lead font-500\" style=\"width:100%\" href=\"\/dzn\/wynajem-kompleksu-sportowego\/\">Wynajem zewn\u0119trznego kompleksu sportowego Politechniki Bia\u0142ostockiej<\/a>\n<\/div>\n<\/div>\n<div class=\"row\" style=\"margin-top: 0px;\">\n<div class=\"col-sm-12 text-center\">\n<a class=\"button wynajem text-center animated zoomIn lead font-500\" style=\"width:100%\" title=\"pobierz plik\" class=\"docx\" href=\"https:\/\/pb.edu.pl\/dzn\/wp-content\/uploads\/sites\/83\/2025\/04\/2025-03-20-profilaktyka-WIRUSY.docx\"  data-id=\"555\">Profilaktyka zapobiegania transmisji wirus\u00f3w <span>(DOCX, 16 KB)<\/span><\/a>\n<\/div>\n<\/div>\n<div id=\"box-menu\" class=\"href\"><\/div>\n<p>&nbsp;<br \/>\n<div class=\"row\">\n<div class=\"col-md-4\">\n\t<div class=\"boxlink animated zoomIn \">\n\t\t<a href=\"\/dzn\/o-nas\/\" class=\"no-icon\">\n\t\t\t<div class=\"boxlink-title\">O nas<span><\/span><\/div>\n\t\t\t<div class=\"boxlink-content\">\n\t\t\t\t<img loading=\"lazy\" decoding=\"async\" class=\"aligncenter size-full wp-image-316\" src=\"https:\/\/pb.edu.pl\/dzn\/wp-content\/uploads\/sites\/83\/2022\/04\/o-nas.jpg\" alt=\"\" width=\"600\" height=\"363\">\t\t\t<\/div>\n\t\t<\/a>\n\t<\/div>\n\n<\/div>\n<div class=\"col-md-4\">\n\t<div class=\"boxlink animated zoomIn \">\n\t\t<a href=\"\/dzn\/pliki-do-pobrania\/\" class=\"no-icon\">\n\t\t\t<div class=\"boxlink-title\">Pliki do pobrania<span><\/span><\/div>\n\t\t\t<div class=\"boxlink-content\">\n\t\t\t\t<img loading=\"lazy\" decoding=\"async\" class=\"aligncenter size-full wp-image-317\" src=\"https:\/\/pb.edu.pl\/dzn\/wp-content\/uploads\/sites\/83\/2022\/04\/pliki.jpg\" alt=\"\" width=\"600\" height=\"363\">\t\t\t<\/div>\n\t\t<\/a>\n\t<\/div>\n\n<\/div>\n<div class=\"col-md-4\">\n\t<div class=\"boxlink animated zoomIn \">\n\t\t<a href=\"\/dzn\/zarzadzenia\/\" class=\"no-icon\">\n\t\t\t<div class=\"boxlink-title\">Zarz\u0105dzenia<span><\/span><\/div>\n\t\t\t<div class=\"boxlink-content\">\n\t\t\t\t<img loading=\"lazy\" decoding=\"async\" class=\"aligncenter size-full wp-image-318\" src=\"https:\/\/pb.edu.pl\/dzn\/wp-content\/uploads\/sites\/83\/2022\/04\/zarzarzenia.jpg\" alt=\"\" width=\"600\" height=\"363\">\t\t\t<\/div>\n\t\t<\/a>\n\t<\/div>\n\n<\/div>\n<\/div>\n<div class=\"row\">\n<div class=\"col-md-4\">\n\t<div class=\"boxlink animated zoomIn \">\n\t\t<a href=\"\/dzn\/obiekty-dydaktyczne\/\" class=\"no-icon\">\n\t\t\t<div class=\"boxlink-title\">Obiekty dydaktyczne<span><\/span><\/div>\n\t\t\t<div class=\"boxlink-content\">\n\t\t\t\t<img loading=\"lazy\" decoding=\"async\" class=\"aligncenter size-full wp-image-370\" src=\"https:\/\/pb.edu.pl\/dzn\/wp-content\/uploads\/sites\/83\/2022\/04\/obiekty-dydaktyczne-new.jpg\" alt=\"\" width=\"600\" height=\"363\" srcset=\"https:\/\/pb.edu.pl\/dzn\/wp-content\/uploads\/sites\/83\/2022\/04\/obiekty-dydaktyczne-new.jpg 600w, https:\/\/pb.edu.pl\/dzn\/wp-content\/uploads\/sites\/83\/2022\/04\/obiekty-dydaktyczne-new-300x182.jpg 300w\" sizes=\"auto, (max-width: 600px) 100vw, 600px\" \/>\t\t\t<\/div>\n\t\t<\/a>\n\t<\/div>\n\n<\/div>\n<div class=\"col-md-4\">\n\t<div class=\"boxlink animated zoomIn \">\n\t\t<a href=\"\/dzn\/gospodarka-odpadami\/\" class=\"no-icon\">\n\t\t\t<div class=\"boxlink-title\">Gospodarka odpadami<span><\/span><\/div>\n\t\t\t<div class=\"boxlink-content\">\n\t\t\t\t<img loading=\"lazy\" decoding=\"async\" class=\"aligncenter size-full wp-image-371\" src=\"https:\/\/pb.edu.pl\/dzn\/wp-content\/uploads\/sites\/83\/2022\/04\/gospodarka-odpadami-new.jpg\" alt=\"\" width=\"600\" height=\"363\" srcset=\"https:\/\/pb.edu.pl\/dzn\/wp-content\/uploads\/sites\/83\/2022\/04\/gospodarka-odpadami-new.jpg 600w, https:\/\/pb.edu.pl\/dzn\/wp-content\/uploads\/sites\/83\/2022\/04\/gospodarka-odpadami-new-300x182.jpg 300w\" sizes=\"auto, (max-width: 600px) 100vw, 600px\" \/>\t\t\t<\/div>\n\t\t<\/a>\n\t<\/div>\n\n<\/div>\n<div class=\"col-md-4\">\n\t<div class=\"boxlink animated zoomIn \">\n\t\t<a href=\"\/dzn\/kontakt\/\" class=\"no-icon\">\n\t\t\t<div class=\"boxlink-title\">Kontakt<span><\/span><\/div>\n\t\t\t<div class=\"boxlink-content\">\n\t\t\t\t<img loading=\"lazy\" decoding=\"async\" class=\"aligncenter size-full wp-image-372\" src=\"https:\/\/pb.edu.pl\/dzn\/wp-content\/uploads\/sites\/83\/2022\/04\/kontakt-new.jpg\" alt=\"\" width=\"600\" height=\"363\" srcset=\"https:\/\/pb.edu.pl\/dzn\/wp-content\/uploads\/sites\/83\/2022\/04\/kontakt-new.jpg 600w, https:\/\/pb.edu.pl\/dzn\/wp-content\/uploads\/sites\/83\/2022\/04\/kontakt-new-300x182.jpg 300w\" sizes=\"auto, (max-width: 600px) 100vw, 600px\" \/>\t\t\t<\/div>\n\t\t<\/a>\n\t<\/div>\n\n<\/div>\n<\/div>\n","protected":false},"excerpt":{"rendered":"<p>&nbsp; Wynajem auli i sal Politechniki Bia\u0142ostockiej podmiotom zewn\u0119trznym Wynajem zewn\u0119trznego kompleksu sportowego Politechniki Bia\u0142ostockiej<\/p>\n","protected":false},"author":2,"featured_media":0,"parent":0,"menu_order":0,"comment_status":"closed","ping_status":"closed","template":"","meta":{"_acf_changed":false,"ngg_post_thumbnail":0,"footnotes":""},"class_list":["post-18","page","type-page","status-publish","hentry"],"acf":[],"_links":{"self":[{"href":"https:\/\/pb.edu.pl\/dzn\/wp-json\/wp\/v2\/pages\/18","targetHints":{"allow":["GET"]}}],"collection":[{"href":"https:\/\/pb.edu.pl\/dzn\/wp-json\/wp\/v2\/pages"}],"about":[{"href":"https:\/\/pb.edu.pl\/dzn\/wp-json\/wp\/v2\/types\/page"}],"author":[{"embeddable":true,"href":"https:\/\/pb.edu.pl\/dzn\/wp-json\/wp\/v2\/users\/2"}],"replies":[{"embeddable":true,"href":"https:\/\/pb.edu.pl\/dzn\/wp-json\/wp\/v2\/comments?post=18"}],"version-history":[{"count":2,"href":"https:\/\/pb.edu.pl\/dzn\/wp-json\/wp\/v2\/pages\/18\/revisions"}],"predecessor-version":[{"id":620,"href":"https:\/\/pb.edu.pl\/dzn\/wp-json\/wp\/v2\/pages\/18\/revisions\/620"}],"wp:attachment":[{"href":"https:\/\/pb.edu.pl\/dzn\/wp-json\/wp\/v2\/media?parent=18"}],"curies":[{"name":"wp","href":"https:\/\/api.w.org\/{rel}","templated":true}]}}