{"id":827,"date":"2024-06-10T11:35:33","date_gmt":"2024-06-10T09:35:33","guid":{"rendered":"https:\/\/pb.edu.pl\/dss\/?page_id=827"},"modified":"2024-06-10T11:58:55","modified_gmt":"2024-06-10T09:58:55","slug":"utajnienie-pracy-dyplomowej","status":"publish","type":"page","link":"https:\/\/pb.edu.pl\/dss\/sprawy-studenckie\/utajnienie-pracy-dyplomowej\/","title":{"rendered":"Utajnienie pracy dyplomowej"},"content":{"rendered":"<p>Obj\u0119cie ochron\u0105 informacji zawartych w pracach dyplomowych reguluje <a title=\"otworzy si\u0119 w nowym oknie\" href=\"https:\/\/bip.pb.edu.pl\/index.php?event=informacja&amp;id=21379\"><strong>Zarz\u0105dzenie Nr 51\/2024<\/strong> Rektora Politechniki Bia\u0142ostockiej z dnia 5 czerwca 2024 roku w sprawie ustalenia \u201eProcedury &nbsp;obj\u0119cia pracy dyplomowej klauzul\u0105 poufno\u015bci\u201d<\/a> &nbsp;<\/p>\n<p>&nbsp;<\/p>\n<p><a class=\"docx\" title=\"otworzy si\u0119 w nowym oknie\" href=\"https:\/\/pb.edu.pl\/dss\/wp-content\/uploads\/sites\/166\/2024\/06\/Opinia-opiekuna-o-oryginalnosci-pracy.docx\" data-id=\"831\">Opinia opiekuna o oryginalno\u015bci pracy (DOCX, 19 KB)<\/a><\/p>\n<p><a class=\"docx\" title=\"otworzy si\u0119 w nowym oknie\" href=\"https:\/\/pb.edu.pl\/dss\/wp-content\/uploads\/sites\/166\/2024\/06\/Zalaczniknr1doProcedury.docx\" data-id=\"834\">Wniosek o nadanie pracy dyplomowej klauzuli poufno\u015bci (DOCX, 29 KB)<\/a><\/p>\n","protected":false},"excerpt":{"rendered":"<p>Obj\u0119cie ochron\u0105 informacji zawartych w pracach dyplomowych reguluje Zarz\u0105dzenie Nr 51\/2024 Rektora Politechniki Bia\u0142ostockiej z<\/p>\n","protected":false},"author":2,"featured_media":0,"parent":40,"menu_order":4,"comment_status":"closed","ping_status":"closed","template":"","meta":{"_acf_changed":false,"ngg_post_thumbnail":0,"footnotes":""},"class_list":["post-827","page","type-page","status-publish","hentry"],"acf":[],"yoast_head":"<!-- This site is optimized with the Yoast SEO plugin v27.0 - https:\/\/yoast.com\/product\/yoast-seo-wordpress\/ -->\n<title>Utajnienie pracy dyplomowej - Dzia\u0142 Spraw Studenckich<\/title>\n<meta name=\"description\" content=\"Obj\u0119cie ochron\u0105 informacji zawartych w pracach dyplomowych reguluje Zarz\u0105dzenie Nr 51\/2024 Rektora Politechniki Bia\u0142ostockiej z dnia 5 czerwca 2024 roku w\" \/>\n<meta name=\"robots\" content=\"index, follow, max-snippet:-1, max-image-preview:large, max-video-preview:-1\" \/>\n<link rel=\"canonical\" href=\"https:\/\/pb.edu.pl\/dss\/sprawy-studenckie\/utajnienie-pracy-dyplomowej\/\" \/>\n<meta property=\"og:locale\" content=\"pl_PL\" \/>\n<meta property=\"og:type\" content=\"article\" \/>\n<meta property=\"og:title\" content=\"Utajnienie pracy dyplomowej - Dzia\u0142 Spraw Studenckich\" \/>\n<meta property=\"og:description\" content=\"Obj\u0119cie ochron\u0105 informacji zawartych w pracach dyplomowych reguluje Zarz\u0105dzenie Nr 51\/2024 Rektora Politechniki Bia\u0142ostockiej z dnia 5 czerwca 2024 roku w\" \/>\n<meta property=\"og:url\" content=\"https:\/\/pb.edu.pl\/dss\/sprawy-studenckie\/utajnienie-pracy-dyplomowej\/\" \/>\n<meta property=\"og:site_name\" content=\"Dzia\u0142 Spraw Studenckich\" \/>\n<meta property=\"article:modified_time\" content=\"2024-06-10T09:58:55+00:00\" \/>\n<meta name=\"twitter:label1\" content=\"Szacowany czas czytania\" \/>\n\t<meta name=\"twitter:data1\" content=\"1 minuta\" \/>\n<script type=\"application\/ld+json\" class=\"yoast-schema-graph\">{\"@context\":\"https:\/\/schema.org\",\"@graph\":[{\"@type\":\"WebPage\",\"@id\":\"https:\/\/pb.edu.pl\/dss\/sprawy-studenckie\/utajnienie-pracy-dyplomowej\/\",\"url\":\"https:\/\/pb.edu.pl\/dss\/sprawy-studenckie\/utajnienie-pracy-dyplomowej\/\",\"name\":\"Utajnienie pracy dyplomowej - Dzia\u0142 Spraw Studenckich\",\"isPartOf\":{\"@id\":\"https:\/\/pb.edu.pl\/dss\/#website\"},\"datePublished\":\"2024-06-10T09:35:33+00:00\",\"dateModified\":\"2024-06-10T09:58:55+00:00\",\"description\":\"Obj\u0119cie ochron\u0105 informacji zawartych w pracach dyplomowych reguluje Zarz\u0105dzenie Nr 51\/2024 Rektora Politechniki Bia\u0142ostockiej z dnia 5 czerwca 2024 roku w\",\"breadcrumb\":{\"@id\":\"https:\/\/pb.edu.pl\/dss\/sprawy-studenckie\/utajnienie-pracy-dyplomowej\/#breadcrumb\"},\"inLanguage\":\"pl-PL\",\"potentialAction\":[{\"@type\":\"ReadAction\",\"target\":[\"https:\/\/pb.edu.pl\/dss\/sprawy-studenckie\/utajnienie-pracy-dyplomowej\/\"]}]},{\"@type\":\"BreadcrumbList\",\"@id\":\"https:\/\/pb.edu.pl\/dss\/sprawy-studenckie\/utajnienie-pracy-dyplomowej\/#breadcrumb\",\"itemListElement\":[{\"@type\":\"ListItem\",\"position\":1,\"name\":\"Strona g\u0142\u00f3wna\",\"item\":\"https:\/\/pb.edu.pl\/dss\/\"},{\"@type\":\"ListItem\",\"position\":2,\"name\":\"Sprawy studenckie\",\"item\":\"https:\/\/pb.edu.pl\/dss\/sprawy-studenckie\/\"},{\"@type\":\"ListItem\",\"position\":3,\"name\":\"Utajnienie pracy dyplomowej\"}]},{\"@type\":\"WebSite\",\"@id\":\"https:\/\/pb.edu.pl\/dss\/#website\",\"url\":\"https:\/\/pb.edu.pl\/dss\/\",\"name\":\"Dzia\u0142 Spraw Studenckich\",\"description\":\"\",\"potentialAction\":[{\"@type\":\"SearchAction\",\"target\":{\"@type\":\"EntryPoint\",\"urlTemplate\":\"https:\/\/pb.edu.pl\/dss\/?s={search_term_string}\"},\"query-input\":{\"@type\":\"PropertyValueSpecification\",\"valueRequired\":true,\"valueName\":\"search_term_string\"}}],\"inLanguage\":\"pl-PL\"}]}<\/script>\n<!-- \/ Yoast SEO plugin. -->","yoast_head_json":{"title":"Utajnienie pracy dyplomowej - Dzia\u0142 Spraw Studenckich","description":"Obj\u0119cie ochron\u0105 informacji zawartych w pracach dyplomowych reguluje Zarz\u0105dzenie Nr 51\/2024 Rektora Politechniki Bia\u0142ostockiej z dnia 5 czerwca 2024 roku w","robots":{"index":"index","follow":"follow","max-snippet":"max-snippet:-1","max-image-preview":"max-image-preview:large","max-video-preview":"max-video-preview:-1"},"canonical":"https:\/\/pb.edu.pl\/dss\/sprawy-studenckie\/utajnienie-pracy-dyplomowej\/","og_locale":"pl_PL","og_type":"article","og_title":"Utajnienie pracy dyplomowej - Dzia\u0142 Spraw Studenckich","og_description":"Obj\u0119cie ochron\u0105 informacji zawartych w pracach dyplomowych reguluje Zarz\u0105dzenie Nr 51\/2024 Rektora Politechniki Bia\u0142ostockiej z dnia 5 czerwca 2024 roku w","og_url":"https:\/\/pb.edu.pl\/dss\/sprawy-studenckie\/utajnienie-pracy-dyplomowej\/","og_site_name":"Dzia\u0142 Spraw Studenckich","article_modified_time":"2024-06-10T09:58:55+00:00","twitter_misc":{"Szacowany czas czytania":"1 minuta"},"schema":{"@context":"https:\/\/schema.org","@graph":[{"@type":"WebPage","@id":"https:\/\/pb.edu.pl\/dss\/sprawy-studenckie\/utajnienie-pracy-dyplomowej\/","url":"https:\/\/pb.edu.pl\/dss\/sprawy-studenckie\/utajnienie-pracy-dyplomowej\/","name":"Utajnienie pracy dyplomowej - Dzia\u0142 Spraw Studenckich","isPartOf":{"@id":"https:\/\/pb.edu.pl\/dss\/#website"},"datePublished":"2024-06-10T09:35:33+00:00","dateModified":"2024-06-10T09:58:55+00:00","description":"Obj\u0119cie ochron\u0105 informacji zawartych w pracach dyplomowych reguluje Zarz\u0105dzenie Nr 51\/2024 Rektora Politechniki Bia\u0142ostockiej z dnia 5 czerwca 2024 roku w","breadcrumb":{"@id":"https:\/\/pb.edu.pl\/dss\/sprawy-studenckie\/utajnienie-pracy-dyplomowej\/#breadcrumb"},"inLanguage":"pl-PL","potentialAction":[{"@type":"ReadAction","target":["https:\/\/pb.edu.pl\/dss\/sprawy-studenckie\/utajnienie-pracy-dyplomowej\/"]}]},{"@type":"BreadcrumbList","@id":"https:\/\/pb.edu.pl\/dss\/sprawy-studenckie\/utajnienie-pracy-dyplomowej\/#breadcrumb","itemListElement":[{"@type":"ListItem","position":1,"name":"Strona g\u0142\u00f3wna","item":"https:\/\/pb.edu.pl\/dss\/"},{"@type":"ListItem","position":2,"name":"Sprawy studenckie","item":"https:\/\/pb.edu.pl\/dss\/sprawy-studenckie\/"},{"@type":"ListItem","position":3,"name":"Utajnienie pracy dyplomowej"}]},{"@type":"WebSite","@id":"https:\/\/pb.edu.pl\/dss\/#website","url":"https:\/\/pb.edu.pl\/dss\/","name":"Dzia\u0142 Spraw Studenckich","description":"","potentialAction":[{"@type":"SearchAction","target":{"@type":"EntryPoint","urlTemplate":"https:\/\/pb.edu.pl\/dss\/?s={search_term_string}"},"query-input":{"@type":"PropertyValueSpecification","valueRequired":true,"valueName":"search_term_string"}}],"inLanguage":"pl-PL"}]}},"_links":{"self":[{"href":"https:\/\/pb.edu.pl\/dss\/wp-json\/wp\/v2\/pages\/827","targetHints":{"allow":["GET"]}}],"collection":[{"href":"https:\/\/pb.edu.pl\/dss\/wp-json\/wp\/v2\/pages"}],"about":[{"href":"https:\/\/pb.edu.pl\/dss\/wp-json\/wp\/v2\/types\/page"}],"author":[{"embeddable":true,"href":"https:\/\/pb.edu.pl\/dss\/wp-json\/wp\/v2\/users\/2"}],"replies":[{"embeddable":true,"href":"https:\/\/pb.edu.pl\/dss\/wp-json\/wp\/v2\/comments?post=827"}],"version-history":[{"count":0,"href":"https:\/\/pb.edu.pl\/dss\/wp-json\/wp\/v2\/pages\/827\/revisions"}],"up":[{"embeddable":true,"href":"https:\/\/pb.edu.pl\/dss\/wp-json\/wp\/v2\/pages\/40"}],"wp:attachment":[{"href":"https:\/\/pb.edu.pl\/dss\/wp-json\/wp\/v2\/media?parent=827"}],"curies":[{"name":"wp","href":"https:\/\/api.w.org\/{rel}","templated":true}]}}