{"id":619,"date":"2022-10-12T10:49:35","date_gmt":"2022-10-12T08:49:35","guid":{"rendered":"https:\/\/pb.edu.pl\/dss\/?page_id=619"},"modified":"2025-03-21T09:15:57","modified_gmt":"2025-03-21T08:15:57","slug":"organizacja-wydarzen-koordynowanych-przez-studentow","status":"publish","type":"page","link":"https:\/\/pb.edu.pl\/dss\/samorzad-i-uczelniane-organizacje-studenckie\/organizacja-wydarzen-koordynowanych-przez-studentow\/","title":{"rendered":"Organizacja wydarze\u0144 koordynowanych przez student\u00f3w"},"content":{"rendered":"<p>W celu sprawnej i terminowej organizacji wydarze\u0144 studenckich z zakresu konkurs\u00f3w, turniej\u00f3w, olimpiad inicjowanych i koordynowanych przez student\u00f3w Wydzia\u0142u, w szczeg\u00f3lno\u015bci cz\u0142onk\u00f3w k\u00f3\u0142 naukowych, uprzejmie przypominam, \u017ce do zada\u0144 po stronie inicjator\u00f3w\/koordynator\u00f3w przedsi\u0119wzi\u0119cia nale\u017cy z\u0142o\u017cenie do Prorektora ds. Studenckich, za po\u015brednictwem Centrum Spraw Studenckich, Dydaktyki i Rekrutacji nast\u0119puj\u0105cych dokument\u00f3w:<\/p>\n<ol>\n<li>Wniosku o finansowanie przedsi\u0119wzi\u0119cia w ramach dzia\u0142alno\u015bci studenckiej\/doktoranckiej zgodnie z wzorem okre\u015blonym w <a title=\"pobierz plik\" class=\"docx\" href=\"https:\/\/pb.edu.pl\/dss\/wp-content\/uploads\/sites\/166\/2025\/02\/WZOR-WNIOSKU-O-FINANSOWANIE-PRZEDSIEWZIECIA-od-14_02_2025.docx\"  data-id=\"917\" >WNIOSEK O FINANSOWANIE <span>(DOCX, 20 KB)<\/span><\/a> (w przypadku braku koszt\u00f3w \u2013 mo\u017cliwe jest z\u0142o\u017cenie podania z opisem przedsi\u0119wzi\u0119cia, akceptacj\u0105 opiekuna, gdy koordynatorem jest cz\u0142onek ko\u0142a naukowego i opini\u0105 Dziekana Wydzia\u0142u);<\/li>\n<li>Wniosku o wydanie opinii prawnej (zgodnie z wzorem okre\u015blonym w <a href=\"https:\/\/bip.pb.edu.pl\/?event=informacja&#038;id=21906\">Za\u0142\u0105czniku nr 4 do Zarz\u0105dzenia nr 5\/2025<\/a>) zaakceptowanego przez Dziekana Wydzia\u0142u, ze wskazaniem osoby odpowiedzialnej merytorycznie za spraw\u0119 (dziekan\/opiekun ko\u0142a naukowego) i osoby do kontaktu (student pomys\u0142odawca\/koordynator) nt. projektu Regulaminu wydarzenia;<\/li>\n<li>Wniosku o organizacj\u0119 wydarzenia (imprezy) zgodnie z <a href=\"https:\/\/bip.pb.edu.pl\/index.php?event=informacja&#038;id=20986\">Zarz\u0105dzeniem nr 123\/2023 Rektora PB<\/a>.<\/li>\n<\/ol>\n<p>Centrum Spraw Studenckich, Dydaktyki i Rekrutacji informuje organizator\u00f3w na Wydziale o akceptacji przez Prorektora wniosku w sprawie finansowania przedsi\u0119wzi\u0119cia, zgodzie Rektor PB na organizacj\u0119 wydarzenia, wspiera merytorycznie oraz monitoruje przebieg procedur finansowania przedsi\u0119wzi\u0119cia (z\u0142o\u017cenie odpowiednich wniosk\u00f3w o finansowanie, wniosk\u00f3w o zakup, opis faktur).<\/p>\n","protected":false},"excerpt":{"rendered":"<p>W celu sprawnej i terminowej organizacji wydarze\u0144 studenckich z zakresu konkurs\u00f3w, turniej\u00f3w, olimpiad inicjowanych i<\/p>\n","protected":false},"author":2,"featured_media":0,"parent":38,"menu_order":2,"comment_status":"closed","ping_status":"closed","template":"","meta":{"_acf_changed":false,"ngg_post_thumbnail":0,"footnotes":""},"class_list":["post-619","page","type-page","status-publish","hentry"],"acf":[],"yoast_head":"<!-- This site is optimized with the Yoast SEO plugin v27.0 - https:\/\/yoast.com\/product\/yoast-seo-wordpress\/ -->\n<title>Organizacja wydarze\u0144 koordynowanych przez student\u00f3w - Dzia\u0142 Spraw Studenckich<\/title>\n<meta name=\"description\" content=\"W celu sprawnej i terminowej organizacji wydarze\u0144 studenckich z zakresu konkurs\u00f3w, turniej\u00f3w, olimpiad inicjowanych i koordynowanych przez student\u00f3w\" \/>\n<meta name=\"robots\" content=\"index, follow, max-snippet:-1, max-image-preview:large, max-video-preview:-1\" \/>\n<link rel=\"canonical\" href=\"https:\/\/pb.edu.pl\/dss\/samorzad-i-uczelniane-organizacje-studenckie\/organizacja-wydarzen-koordynowanych-przez-studentow\/\" \/>\n<meta property=\"og:locale\" content=\"pl_PL\" \/>\n<meta property=\"og:type\" content=\"article\" \/>\n<meta property=\"og:title\" content=\"Organizacja wydarze\u0144 koordynowanych przez student\u00f3w - Dzia\u0142 Spraw Studenckich\" \/>\n<meta property=\"og:description\" content=\"W celu sprawnej i terminowej organizacji wydarze\u0144 studenckich z zakresu konkurs\u00f3w, turniej\u00f3w, olimpiad inicjowanych i koordynowanych przez student\u00f3w\" \/>\n<meta property=\"og:url\" content=\"https:\/\/pb.edu.pl\/dss\/samorzad-i-uczelniane-organizacje-studenckie\/organizacja-wydarzen-koordynowanych-przez-studentow\/\" \/>\n<meta property=\"og:site_name\" content=\"Dzia\u0142 Spraw Studenckich\" \/>\n<meta property=\"article:modified_time\" content=\"2025-03-21T08:15:57+00:00\" \/>\n<meta name=\"twitter:label1\" content=\"Szacowany czas czytania\" \/>\n\t<meta name=\"twitter:data1\" content=\"2 minuty\" \/>\n<script type=\"application\/ld+json\" class=\"yoast-schema-graph\">{\"@context\":\"https:\/\/schema.org\",\"@graph\":[{\"@type\":\"WebPage\",\"@id\":\"https:\/\/pb.edu.pl\/dss\/samorzad-i-uczelniane-organizacje-studenckie\/organizacja-wydarzen-koordynowanych-przez-studentow\/\",\"url\":\"https:\/\/pb.edu.pl\/dss\/samorzad-i-uczelniane-organizacje-studenckie\/organizacja-wydarzen-koordynowanych-przez-studentow\/\",\"name\":\"Organizacja wydarze\u0144 koordynowanych przez student\u00f3w - Dzia\u0142 Spraw Studenckich\",\"isPartOf\":{\"@id\":\"https:\/\/pb.edu.pl\/dss\/#website\"},\"datePublished\":\"2022-10-12T08:49:35+00:00\",\"dateModified\":\"2025-03-21T08:15:57+00:00\",\"description\":\"W celu sprawnej i terminowej organizacji wydarze\u0144 studenckich z zakresu konkurs\u00f3w, turniej\u00f3w, olimpiad inicjowanych i koordynowanych przez student\u00f3w\",\"breadcrumb\":{\"@id\":\"https:\/\/pb.edu.pl\/dss\/samorzad-i-uczelniane-organizacje-studenckie\/organizacja-wydarzen-koordynowanych-przez-studentow\/#breadcrumb\"},\"inLanguage\":\"pl-PL\",\"potentialAction\":[{\"@type\":\"ReadAction\",\"target\":[\"https:\/\/pb.edu.pl\/dss\/samorzad-i-uczelniane-organizacje-studenckie\/organizacja-wydarzen-koordynowanych-przez-studentow\/\"]}]},{\"@type\":\"BreadcrumbList\",\"@id\":\"https:\/\/pb.edu.pl\/dss\/samorzad-i-uczelniane-organizacje-studenckie\/organizacja-wydarzen-koordynowanych-przez-studentow\/#breadcrumb\",\"itemListElement\":[{\"@type\":\"ListItem\",\"position\":1,\"name\":\"Strona g\u0142\u00f3wna\",\"item\":\"https:\/\/pb.edu.pl\/dss\/\"},{\"@type\":\"ListItem\",\"position\":2,\"name\":\"Samorz\u0105d i uczelniane organizacje studenckie\",\"item\":\"https:\/\/pb.edu.pl\/dss\/samorzad-i-uczelniane-organizacje-studenckie\/\"},{\"@type\":\"ListItem\",\"position\":3,\"name\":\"Organizacja wydarze\u0144 koordynowanych przez student\u00f3w\"}]},{\"@type\":\"WebSite\",\"@id\":\"https:\/\/pb.edu.pl\/dss\/#website\",\"url\":\"https:\/\/pb.edu.pl\/dss\/\",\"name\":\"Dzia\u0142 Spraw Studenckich\",\"description\":\"\",\"potentialAction\":[{\"@type\":\"SearchAction\",\"target\":{\"@type\":\"EntryPoint\",\"urlTemplate\":\"https:\/\/pb.edu.pl\/dss\/?s={search_term_string}\"},\"query-input\":{\"@type\":\"PropertyValueSpecification\",\"valueRequired\":true,\"valueName\":\"search_term_string\"}}],\"inLanguage\":\"pl-PL\"}]}<\/script>\n<!-- \/ Yoast SEO plugin. -->","yoast_head_json":{"title":"Organizacja wydarze\u0144 koordynowanych przez student\u00f3w - Dzia\u0142 Spraw Studenckich","description":"W celu sprawnej i terminowej organizacji wydarze\u0144 studenckich z zakresu konkurs\u00f3w, turniej\u00f3w, olimpiad inicjowanych i koordynowanych przez student\u00f3w","robots":{"index":"index","follow":"follow","max-snippet":"max-snippet:-1","max-image-preview":"max-image-preview:large","max-video-preview":"max-video-preview:-1"},"canonical":"https:\/\/pb.edu.pl\/dss\/samorzad-i-uczelniane-organizacje-studenckie\/organizacja-wydarzen-koordynowanych-przez-studentow\/","og_locale":"pl_PL","og_type":"article","og_title":"Organizacja wydarze\u0144 koordynowanych przez student\u00f3w - Dzia\u0142 Spraw Studenckich","og_description":"W celu sprawnej i terminowej organizacji wydarze\u0144 studenckich z zakresu konkurs\u00f3w, turniej\u00f3w, olimpiad inicjowanych i koordynowanych przez student\u00f3w","og_url":"https:\/\/pb.edu.pl\/dss\/samorzad-i-uczelniane-organizacje-studenckie\/organizacja-wydarzen-koordynowanych-przez-studentow\/","og_site_name":"Dzia\u0142 Spraw Studenckich","article_modified_time":"2025-03-21T08:15:57+00:00","twitter_misc":{"Szacowany czas czytania":"2 minuty"},"schema":{"@context":"https:\/\/schema.org","@graph":[{"@type":"WebPage","@id":"https:\/\/pb.edu.pl\/dss\/samorzad-i-uczelniane-organizacje-studenckie\/organizacja-wydarzen-koordynowanych-przez-studentow\/","url":"https:\/\/pb.edu.pl\/dss\/samorzad-i-uczelniane-organizacje-studenckie\/organizacja-wydarzen-koordynowanych-przez-studentow\/","name":"Organizacja wydarze\u0144 koordynowanych przez student\u00f3w - Dzia\u0142 Spraw Studenckich","isPartOf":{"@id":"https:\/\/pb.edu.pl\/dss\/#website"},"datePublished":"2022-10-12T08:49:35+00:00","dateModified":"2025-03-21T08:15:57+00:00","description":"W celu sprawnej i terminowej organizacji wydarze\u0144 studenckich z zakresu konkurs\u00f3w, turniej\u00f3w, olimpiad inicjowanych i koordynowanych przez student\u00f3w","breadcrumb":{"@id":"https:\/\/pb.edu.pl\/dss\/samorzad-i-uczelniane-organizacje-studenckie\/organizacja-wydarzen-koordynowanych-przez-studentow\/#breadcrumb"},"inLanguage":"pl-PL","potentialAction":[{"@type":"ReadAction","target":["https:\/\/pb.edu.pl\/dss\/samorzad-i-uczelniane-organizacje-studenckie\/organizacja-wydarzen-koordynowanych-przez-studentow\/"]}]},{"@type":"BreadcrumbList","@id":"https:\/\/pb.edu.pl\/dss\/samorzad-i-uczelniane-organizacje-studenckie\/organizacja-wydarzen-koordynowanych-przez-studentow\/#breadcrumb","itemListElement":[{"@type":"ListItem","position":1,"name":"Strona g\u0142\u00f3wna","item":"https:\/\/pb.edu.pl\/dss\/"},{"@type":"ListItem","position":2,"name":"Samorz\u0105d i uczelniane organizacje studenckie","item":"https:\/\/pb.edu.pl\/dss\/samorzad-i-uczelniane-organizacje-studenckie\/"},{"@type":"ListItem","position":3,"name":"Organizacja wydarze\u0144 koordynowanych przez student\u00f3w"}]},{"@type":"WebSite","@id":"https:\/\/pb.edu.pl\/dss\/#website","url":"https:\/\/pb.edu.pl\/dss\/","name":"Dzia\u0142 Spraw Studenckich","description":"","potentialAction":[{"@type":"SearchAction","target":{"@type":"EntryPoint","urlTemplate":"https:\/\/pb.edu.pl\/dss\/?s={search_term_string}"},"query-input":{"@type":"PropertyValueSpecification","valueRequired":true,"valueName":"search_term_string"}}],"inLanguage":"pl-PL"}]}},"_links":{"self":[{"href":"https:\/\/pb.edu.pl\/dss\/wp-json\/wp\/v2\/pages\/619","targetHints":{"allow":["GET"]}}],"collection":[{"href":"https:\/\/pb.edu.pl\/dss\/wp-json\/wp\/v2\/pages"}],"about":[{"href":"https:\/\/pb.edu.pl\/dss\/wp-json\/wp\/v2\/types\/page"}],"author":[{"embeddable":true,"href":"https:\/\/pb.edu.pl\/dss\/wp-json\/wp\/v2\/users\/2"}],"replies":[{"embeddable":true,"href":"https:\/\/pb.edu.pl\/dss\/wp-json\/wp\/v2\/comments?post=619"}],"version-history":[{"count":0,"href":"https:\/\/pb.edu.pl\/dss\/wp-json\/wp\/v2\/pages\/619\/revisions"}],"up":[{"embeddable":true,"href":"https:\/\/pb.edu.pl\/dss\/wp-json\/wp\/v2\/pages\/38"}],"wp:attachment":[{"href":"https:\/\/pb.edu.pl\/dss\/wp-json\/wp\/v2\/media?parent=619"}],"curies":[{"name":"wp","href":"https:\/\/api.w.org\/{rel}","templated":true}]}}