{"id":51,"date":"2021-02-10T20:32:30","date_gmt":"2021-02-10T19:32:30","guid":{"rendered":"https:\/\/pb.edu.pl\/dssd\/?page_id=51"},"modified":"2022-09-01T22:52:09","modified_gmt":"2022-09-01T20:52:09","slug":"redakcja-serwisu-www","status":"publish","type":"page","link":"https:\/\/pb.edu.pl\/dss\/redakcja-serwisu-www\/","title":{"rendered":"Redakcja serwisu www"},"content":{"rendered":"<p><img loading=\"lazy\" decoding=\"async\" class=\"alignleft wp-image-5194 animated zoomIn\" style=\"margin-top:14px;\" src=\"https:\/\/pb.edu.pl\/wp-content\/uploads\/2017\/10\/redakcja-kontakt-640x360.jpg\" alt=\"serwerownia\" width=\"400\" height=\"225\"><br \/>\nUwagi dotycz\u0105ce <strong>funkcjonowania<\/strong> oraz <strong>zawarto\u015bci (opisy, fotografie itp.)<\/strong> poszczeg\u00f3lnych stron www serwisu internetowego Centrum Spraw Studenckich, Dydaktyki i Rekrutacji Politechniki Bia\u0142ostockiej prosz\u0119 przysy\u0142a\u0107 na adres:<\/p>\n<p> <i class=\"fal fa-envelope\"><\/i>  <a href=\"#\" rel=\"nofollow\"  onclick=\"this.href='mailto:' + 'a.kozlowski' + '@' + 'pb.edu.pl'\">a.kozlowski [at] pb.edu.pl<\/a>\n","protected":false},"excerpt":{"rendered":"<p>Uwagi dotycz\u0105ce funkcjonowania oraz zawarto\u015bci (opisy, fotografie itp.) poszczeg\u00f3lnych stron www serwisu internetowego Centrum Spraw<\/p>\n","protected":false},"author":2,"featured_media":0,"parent":0,"menu_order":11,"comment_status":"closed","ping_status":"closed","template":"","meta":{"_acf_changed":false,"ngg_post_thumbnail":0,"footnotes":""},"class_list":["post-51","page","type-page","status-publish","hentry"],"acf":[],"yoast_head":"<!-- This site is optimized with the Yoast SEO plugin v27.0 - https:\/\/yoast.com\/product\/yoast-seo-wordpress\/ -->\n<title>Redakcja serwisu www - Dzia\u0142 Spraw Studenckich<\/title>\n<meta name=\"description\" content=\"Uwagi dotycz\u0105ce funkcjonowania oraz zawarto\u015bci (opisy, fotografie itp.) poszczeg\u00f3lnych stron www serwisu internetowego Centrum Spraw Studenckich,\" \/>\n<meta name=\"robots\" content=\"index, follow, max-snippet:-1, max-image-preview:large, max-video-preview:-1\" \/>\n<link rel=\"canonical\" href=\"https:\/\/pb.edu.pl\/dss\/redakcja-serwisu-www\/\" \/>\n<meta property=\"og:locale\" content=\"pl_PL\" \/>\n<meta property=\"og:type\" content=\"article\" \/>\n<meta property=\"og:title\" content=\"Redakcja serwisu www - Dzia\u0142 Spraw Studenckich\" \/>\n<meta property=\"og:description\" content=\"Uwagi dotycz\u0105ce funkcjonowania oraz zawarto\u015bci (opisy, fotografie itp.) poszczeg\u00f3lnych stron www serwisu internetowego Centrum Spraw Studenckich,\" \/>\n<meta property=\"og:url\" content=\"https:\/\/pb.edu.pl\/dss\/redakcja-serwisu-www\/\" \/>\n<meta property=\"og:site_name\" content=\"Dzia\u0142 Spraw Studenckich\" \/>\n<meta property=\"article:modified_time\" content=\"2022-09-01T20:52:09+00:00\" \/>\n<meta property=\"og:image\" content=\"https:\/\/pb.edu.pl\/wp-content\/uploads\/2017\/10\/redakcja-kontakt-640x360.jpg\" \/>\n<script type=\"application\/ld+json\" class=\"yoast-schema-graph\">{\"@context\":\"https:\/\/schema.org\",\"@graph\":[{\"@type\":\"WebPage\",\"@id\":\"https:\/\/pb.edu.pl\/dss\/redakcja-serwisu-www\/\",\"url\":\"https:\/\/pb.edu.pl\/dss\/redakcja-serwisu-www\/\",\"name\":\"Redakcja serwisu www - Dzia\u0142 Spraw Studenckich\",\"isPartOf\":{\"@id\":\"https:\/\/pb.edu.pl\/dss\/#website\"},\"primaryImageOfPage\":{\"@id\":\"https:\/\/pb.edu.pl\/dss\/redakcja-serwisu-www\/#primaryimage\"},\"image\":{\"@id\":\"https:\/\/pb.edu.pl\/dss\/redakcja-serwisu-www\/#primaryimage\"},\"thumbnailUrl\":\"https:\/\/pb.edu.pl\/wp-content\/uploads\/2017\/10\/redakcja-kontakt-640x360.jpg\",\"datePublished\":\"2021-02-10T19:32:30+00:00\",\"dateModified\":\"2022-09-01T20:52:09+00:00\",\"description\":\"Uwagi dotycz\u0105ce funkcjonowania oraz zawarto\u015bci (opisy, fotografie itp.) poszczeg\u00f3lnych stron www serwisu internetowego Centrum Spraw Studenckich,\",\"breadcrumb\":{\"@id\":\"https:\/\/pb.edu.pl\/dss\/redakcja-serwisu-www\/#breadcrumb\"},\"inLanguage\":\"pl-PL\",\"potentialAction\":[{\"@type\":\"ReadAction\",\"target\":[\"https:\/\/pb.edu.pl\/dss\/redakcja-serwisu-www\/\"]}]},{\"@type\":\"ImageObject\",\"inLanguage\":\"pl-PL\",\"@id\":\"https:\/\/pb.edu.pl\/dss\/redakcja-serwisu-www\/#primaryimage\",\"url\":\"https:\/\/pb.edu.pl\/wp-content\/uploads\/2017\/10\/redakcja-kontakt-640x360.jpg\",\"contentUrl\":\"https:\/\/pb.edu.pl\/wp-content\/uploads\/2017\/10\/redakcja-kontakt-640x360.jpg\"},{\"@type\":\"BreadcrumbList\",\"@id\":\"https:\/\/pb.edu.pl\/dss\/redakcja-serwisu-www\/#breadcrumb\",\"itemListElement\":[{\"@type\":\"ListItem\",\"position\":1,\"name\":\"Strona g\u0142\u00f3wna\",\"item\":\"https:\/\/pb.edu.pl\/dss\/\"},{\"@type\":\"ListItem\",\"position\":2,\"name\":\"Redakcja serwisu www\"}]},{\"@type\":\"WebSite\",\"@id\":\"https:\/\/pb.edu.pl\/dss\/#website\",\"url\":\"https:\/\/pb.edu.pl\/dss\/\",\"name\":\"Dzia\u0142 Spraw Studenckich\",\"description\":\"\",\"potentialAction\":[{\"@type\":\"SearchAction\",\"target\":{\"@type\":\"EntryPoint\",\"urlTemplate\":\"https:\/\/pb.edu.pl\/dss\/?s={search_term_string}\"},\"query-input\":{\"@type\":\"PropertyValueSpecification\",\"valueRequired\":true,\"valueName\":\"search_term_string\"}}],\"inLanguage\":\"pl-PL\"}]}<\/script>\n<!-- \/ Yoast SEO plugin. -->","yoast_head_json":{"title":"Redakcja serwisu www - Dzia\u0142 Spraw Studenckich","description":"Uwagi dotycz\u0105ce funkcjonowania oraz zawarto\u015bci (opisy, fotografie itp.) poszczeg\u00f3lnych stron www serwisu internetowego Centrum Spraw Studenckich,","robots":{"index":"index","follow":"follow","max-snippet":"max-snippet:-1","max-image-preview":"max-image-preview:large","max-video-preview":"max-video-preview:-1"},"canonical":"https:\/\/pb.edu.pl\/dss\/redakcja-serwisu-www\/","og_locale":"pl_PL","og_type":"article","og_title":"Redakcja serwisu www - Dzia\u0142 Spraw Studenckich","og_description":"Uwagi dotycz\u0105ce funkcjonowania oraz zawarto\u015bci (opisy, fotografie itp.) poszczeg\u00f3lnych stron www serwisu internetowego Centrum Spraw Studenckich,","og_url":"https:\/\/pb.edu.pl\/dss\/redakcja-serwisu-www\/","og_site_name":"Dzia\u0142 Spraw Studenckich","article_modified_time":"2022-09-01T20:52:09+00:00","og_image":[{"url":"https:\/\/pb.edu.pl\/wp-content\/uploads\/2017\/10\/redakcja-kontakt-640x360.jpg","type":"","width":"","height":""}],"schema":{"@context":"https:\/\/schema.org","@graph":[{"@type":"WebPage","@id":"https:\/\/pb.edu.pl\/dss\/redakcja-serwisu-www\/","url":"https:\/\/pb.edu.pl\/dss\/redakcja-serwisu-www\/","name":"Redakcja serwisu www - Dzia\u0142 Spraw Studenckich","isPartOf":{"@id":"https:\/\/pb.edu.pl\/dss\/#website"},"primaryImageOfPage":{"@id":"https:\/\/pb.edu.pl\/dss\/redakcja-serwisu-www\/#primaryimage"},"image":{"@id":"https:\/\/pb.edu.pl\/dss\/redakcja-serwisu-www\/#primaryimage"},"thumbnailUrl":"https:\/\/pb.edu.pl\/wp-content\/uploads\/2017\/10\/redakcja-kontakt-640x360.jpg","datePublished":"2021-02-10T19:32:30+00:00","dateModified":"2022-09-01T20:52:09+00:00","description":"Uwagi dotycz\u0105ce funkcjonowania oraz zawarto\u015bci (opisy, fotografie itp.) poszczeg\u00f3lnych stron www serwisu internetowego Centrum Spraw Studenckich,","breadcrumb":{"@id":"https:\/\/pb.edu.pl\/dss\/redakcja-serwisu-www\/#breadcrumb"},"inLanguage":"pl-PL","potentialAction":[{"@type":"ReadAction","target":["https:\/\/pb.edu.pl\/dss\/redakcja-serwisu-www\/"]}]},{"@type":"ImageObject","inLanguage":"pl-PL","@id":"https:\/\/pb.edu.pl\/dss\/redakcja-serwisu-www\/#primaryimage","url":"https:\/\/pb.edu.pl\/wp-content\/uploads\/2017\/10\/redakcja-kontakt-640x360.jpg","contentUrl":"https:\/\/pb.edu.pl\/wp-content\/uploads\/2017\/10\/redakcja-kontakt-640x360.jpg"},{"@type":"BreadcrumbList","@id":"https:\/\/pb.edu.pl\/dss\/redakcja-serwisu-www\/#breadcrumb","itemListElement":[{"@type":"ListItem","position":1,"name":"Strona g\u0142\u00f3wna","item":"https:\/\/pb.edu.pl\/dss\/"},{"@type":"ListItem","position":2,"name":"Redakcja serwisu www"}]},{"@type":"WebSite","@id":"https:\/\/pb.edu.pl\/dss\/#website","url":"https:\/\/pb.edu.pl\/dss\/","name":"Dzia\u0142 Spraw Studenckich","description":"","potentialAction":[{"@type":"SearchAction","target":{"@type":"EntryPoint","urlTemplate":"https:\/\/pb.edu.pl\/dss\/?s={search_term_string}"},"query-input":{"@type":"PropertyValueSpecification","valueRequired":true,"valueName":"search_term_string"}}],"inLanguage":"pl-PL"}]}},"_links":{"self":[{"href":"https:\/\/pb.edu.pl\/dss\/wp-json\/wp\/v2\/pages\/51","targetHints":{"allow":["GET"]}}],"collection":[{"href":"https:\/\/pb.edu.pl\/dss\/wp-json\/wp\/v2\/pages"}],"about":[{"href":"https:\/\/pb.edu.pl\/dss\/wp-json\/wp\/v2\/types\/page"}],"author":[{"embeddable":true,"href":"https:\/\/pb.edu.pl\/dss\/wp-json\/wp\/v2\/users\/2"}],"replies":[{"embeddable":true,"href":"https:\/\/pb.edu.pl\/dss\/wp-json\/wp\/v2\/comments?post=51"}],"version-history":[{"count":0,"href":"https:\/\/pb.edu.pl\/dss\/wp-json\/wp\/v2\/pages\/51\/revisions"}],"wp:attachment":[{"href":"https:\/\/pb.edu.pl\/dss\/wp-json\/wp\/v2\/media?parent=51"}],"curies":[{"name":"wp","href":"https:\/\/api.w.org\/{rel}","templated":true}]}}