{"id":48,"date":"2021-02-10T20:15:49","date_gmt":"2021-02-10T19:15:49","guid":{"rendered":"https:\/\/pb.edu.pl\/dssd\/?page_id=48"},"modified":"2026-02-13T21:25:32","modified_gmt":"2026-02-13T20:25:32","slug":"kontakt","status":"publish","type":"page","link":"https:\/\/pb.edu.pl\/dss\/kontakt\/","title":{"rendered":"Kontakt"},"content":{"rendered":"<div class=\"h2\">Dzia\u0142 Spraw Studenckich<\/div>\n<div class=\"h4\">Kierownik<\/div>\n<div class=\"h4\">mgr Justyna Walendziewicz &#8211; pok\u00f3j P1\/07 CNK<\/div>\n<p><i class=\"fal fa-phone\"><\/i> 85 746 71 45<br \/>\n<i class=\"fal fa-mobile\"><\/i> 501 291 892<br \/>\n<i class=\"fal fa-envelope\"><\/i> <a href=\"#\" rel=\"nofollow\"  onclick=\"this.href='mailto:' + 'j.walendziewicz' + '@' + 'pb.edu.pl'\">j.walendziewicz [at] pb.edu.pl<\/a>\n<hr>\n<div class=\"h4\">mgr Magdalena Gawrysiak &#8211; pok\u00f3j P2\/37 CNK<\/div>\n<div>\/Samorz\u0105d Student\u00f3w Politechniki Bia\u0142ostockiej\/<\/div>\n<p><i class=\"fal fa-phone\"><\/i> 85 746 90 39<br \/>\n<i class=\"fal fa-envelope\"><\/i> <a href=\"#\" rel=\"nofollow\"  onclick=\"this.href='mailto:' + 'magdalena.gawrysiak' + '@' + 'pb.edu.pl'\">magdalena.gawrysiak [at] pb.edu.pl<\/a>\n<hr>\n<div class=\"h4\">mgr Marzena Koniuch &#8211; pok\u00f3j P2\/37 CNK<\/div>\n<div>\/Studencie Ko\u0142a Naukowe\/<\/div>\n<p><i class=\"fal fa-phone\"><\/i> 85 746 90 36<br \/>\n<i class=\"fal fa-envelope\"><\/i> <a href=\"#\" rel=\"nofollow\"  onclick=\"this.href='mailto:' + 'm.koniuch' + '@' + 'pb.edu.pl'\">m.koniuch [at] pb.edu.pl<\/a>\n<hr>\n<div class=\"h4\">mgr Joanna Niemyjska &#8211; pok\u00f3j P2\/37 CNK<\/div>\n<div>\/op\u0142aty za studia, sprawy student\u00f3w cudzoziemc\u00f3w\/<\/div>\n<p><i class=\"fal fa-phone\"><\/i> 85 746 90 38<br \/>\n<i class=\"fal fa-envelope\"><\/i> <a href=\"#\" rel=\"nofollow\"  onclick=\"this.href='mailto:' + 'joanna.niemyjska' + '@' + 'pb.edu.pl'\">joanna.niemyjska [at] pb.edu.pl<\/a>\n<hr>\n<div class=\"h4\">mgr in\u017c. Agata Gawryluk &#8211; pok\u00f3j P2\/37 CNK<\/div>\n<div>\/tok studi\u00f3w\/<\/div>\n<p><i class=\"fal fa-phone\"><\/i> 85 746 90 38<br \/>\n<i class=\"fal fa-envelope\"><\/i> <a href=\"#\" rel=\"nofollow\"  onclick=\"this.href='mailto:' + 'a.gawryluk' + '@' + 'pb.edu.pl'\">a.gawryluk [at] pb.edu.pl<\/a>\n<p>&nbsp;<\/p>\n","protected":false},"excerpt":{"rendered":"<p>Dzia\u0142 Spraw Studenckich Kierownik mgr Justyna Walendziewicz &#8211; pok\u00f3j P1\/07 CNK 85 746 71 45<\/p>\n","protected":false},"author":2,"featured_media":0,"parent":0,"menu_order":9,"comment_status":"closed","ping_status":"closed","template":"","meta":{"_acf_changed":false,"ngg_post_thumbnail":0,"footnotes":""},"class_list":["post-48","page","type-page","status-publish","hentry"],"acf":[],"yoast_head":"<!-- This site is optimized with the Yoast SEO plugin v27.0 - https:\/\/yoast.com\/product\/yoast-seo-wordpress\/ -->\n<title>Kontakt - Dzia\u0142 Spraw Studenckich<\/title>\n<meta name=\"description\" content=\"Dzia\u0142 Spraw Studenckich, Dydaktyki i Rekrutacji - ul. Zwierzyniecka 16, I pi\u0119tro pok. P1-06, 15-351 Bia\u0142ystok\" \/>\n<meta name=\"robots\" content=\"index, follow, max-snippet:-1, max-image-preview:large, max-video-preview:-1\" \/>\n<link rel=\"canonical\" href=\"https:\/\/pb.edu.pl\/dss\/kontakt\/\" \/>\n<meta property=\"og:locale\" content=\"pl_PL\" \/>\n<meta property=\"og:type\" content=\"article\" \/>\n<meta property=\"og:title\" content=\"Kontakt - Dzia\u0142 Spraw Studenckich\" \/>\n<meta property=\"og:description\" content=\"Dzia\u0142 Spraw Studenckich, Dydaktyki i Rekrutacji - ul. Zwierzyniecka 16, I pi\u0119tro pok. P1-06, 15-351 Bia\u0142ystok\" \/>\n<meta property=\"og:url\" content=\"https:\/\/pb.edu.pl\/dss\/kontakt\/\" \/>\n<meta property=\"og:site_name\" content=\"Dzia\u0142 Spraw Studenckich\" \/>\n<meta property=\"article:modified_time\" content=\"2026-02-13T20:25:32+00:00\" \/>\n<meta name=\"twitter:label1\" content=\"Szacowany czas czytania\" \/>\n\t<meta name=\"twitter:data1\" content=\"1 minuta\" \/>\n<script type=\"application\/ld+json\" class=\"yoast-schema-graph\">{\"@context\":\"https:\/\/schema.org\",\"@graph\":[{\"@type\":\"WebPage\",\"@id\":\"https:\/\/pb.edu.pl\/dss\/kontakt\/\",\"url\":\"https:\/\/pb.edu.pl\/dss\/kontakt\/\",\"name\":\"Kontakt - Dzia\u0142 Spraw Studenckich\",\"isPartOf\":{\"@id\":\"https:\/\/pb.edu.pl\/dss\/#website\"},\"datePublished\":\"2021-02-10T19:15:49+00:00\",\"dateModified\":\"2026-02-13T20:25:32+00:00\",\"description\":\"Dzia\u0142 Spraw Studenckich, Dydaktyki i Rekrutacji - ul. Zwierzyniecka 16, I pi\u0119tro pok. P1-06, 15-351 Bia\u0142ystok\",\"breadcrumb\":{\"@id\":\"https:\/\/pb.edu.pl\/dss\/kontakt\/#breadcrumb\"},\"inLanguage\":\"pl-PL\",\"potentialAction\":[{\"@type\":\"ReadAction\",\"target\":[\"https:\/\/pb.edu.pl\/dss\/kontakt\/\"]}]},{\"@type\":\"BreadcrumbList\",\"@id\":\"https:\/\/pb.edu.pl\/dss\/kontakt\/#breadcrumb\",\"itemListElement\":[{\"@type\":\"ListItem\",\"position\":1,\"name\":\"Strona g\u0142\u00f3wna\",\"item\":\"https:\/\/pb.edu.pl\/dss\/\"},{\"@type\":\"ListItem\",\"position\":2,\"name\":\"Kontakt\"}]},{\"@type\":\"WebSite\",\"@id\":\"https:\/\/pb.edu.pl\/dss\/#website\",\"url\":\"https:\/\/pb.edu.pl\/dss\/\",\"name\":\"Dzia\u0142 Spraw Studenckich\",\"description\":\"\",\"potentialAction\":[{\"@type\":\"SearchAction\",\"target\":{\"@type\":\"EntryPoint\",\"urlTemplate\":\"https:\/\/pb.edu.pl\/dss\/?s={search_term_string}\"},\"query-input\":{\"@type\":\"PropertyValueSpecification\",\"valueRequired\":true,\"valueName\":\"search_term_string\"}}],\"inLanguage\":\"pl-PL\"}]}<\/script>\n<!-- \/ Yoast SEO plugin. -->","yoast_head_json":{"title":"Kontakt - Dzia\u0142 Spraw Studenckich","description":"Dzia\u0142 Spraw Studenckich, Dydaktyki i Rekrutacji - ul. Zwierzyniecka 16, I pi\u0119tro pok. P1-06, 15-351 Bia\u0142ystok","robots":{"index":"index","follow":"follow","max-snippet":"max-snippet:-1","max-image-preview":"max-image-preview:large","max-video-preview":"max-video-preview:-1"},"canonical":"https:\/\/pb.edu.pl\/dss\/kontakt\/","og_locale":"pl_PL","og_type":"article","og_title":"Kontakt - Dzia\u0142 Spraw Studenckich","og_description":"Dzia\u0142 Spraw Studenckich, Dydaktyki i Rekrutacji - ul. Zwierzyniecka 16, I pi\u0119tro pok. P1-06, 15-351 Bia\u0142ystok","og_url":"https:\/\/pb.edu.pl\/dss\/kontakt\/","og_site_name":"Dzia\u0142 Spraw Studenckich","article_modified_time":"2026-02-13T20:25:32+00:00","twitter_misc":{"Szacowany czas czytania":"1 minuta"},"schema":{"@context":"https:\/\/schema.org","@graph":[{"@type":"WebPage","@id":"https:\/\/pb.edu.pl\/dss\/kontakt\/","url":"https:\/\/pb.edu.pl\/dss\/kontakt\/","name":"Kontakt - Dzia\u0142 Spraw Studenckich","isPartOf":{"@id":"https:\/\/pb.edu.pl\/dss\/#website"},"datePublished":"2021-02-10T19:15:49+00:00","dateModified":"2026-02-13T20:25:32+00:00","description":"Dzia\u0142 Spraw Studenckich, Dydaktyki i Rekrutacji - ul. Zwierzyniecka 16, I pi\u0119tro pok. P1-06, 15-351 Bia\u0142ystok","breadcrumb":{"@id":"https:\/\/pb.edu.pl\/dss\/kontakt\/#breadcrumb"},"inLanguage":"pl-PL","potentialAction":[{"@type":"ReadAction","target":["https:\/\/pb.edu.pl\/dss\/kontakt\/"]}]},{"@type":"BreadcrumbList","@id":"https:\/\/pb.edu.pl\/dss\/kontakt\/#breadcrumb","itemListElement":[{"@type":"ListItem","position":1,"name":"Strona g\u0142\u00f3wna","item":"https:\/\/pb.edu.pl\/dss\/"},{"@type":"ListItem","position":2,"name":"Kontakt"}]},{"@type":"WebSite","@id":"https:\/\/pb.edu.pl\/dss\/#website","url":"https:\/\/pb.edu.pl\/dss\/","name":"Dzia\u0142 Spraw Studenckich","description":"","potentialAction":[{"@type":"SearchAction","target":{"@type":"EntryPoint","urlTemplate":"https:\/\/pb.edu.pl\/dss\/?s={search_term_string}"},"query-input":{"@type":"PropertyValueSpecification","valueRequired":true,"valueName":"search_term_string"}}],"inLanguage":"pl-PL"}]}},"_links":{"self":[{"href":"https:\/\/pb.edu.pl\/dss\/wp-json\/wp\/v2\/pages\/48","targetHints":{"allow":["GET"]}}],"collection":[{"href":"https:\/\/pb.edu.pl\/dss\/wp-json\/wp\/v2\/pages"}],"about":[{"href":"https:\/\/pb.edu.pl\/dss\/wp-json\/wp\/v2\/types\/page"}],"author":[{"embeddable":true,"href":"https:\/\/pb.edu.pl\/dss\/wp-json\/wp\/v2\/users\/2"}],"replies":[{"embeddable":true,"href":"https:\/\/pb.edu.pl\/dss\/wp-json\/wp\/v2\/comments?post=48"}],"version-history":[{"count":6,"href":"https:\/\/pb.edu.pl\/dss\/wp-json\/wp\/v2\/pages\/48\/revisions"}],"predecessor-version":[{"id":1053,"href":"https:\/\/pb.edu.pl\/dss\/wp-json\/wp\/v2\/pages\/48\/revisions\/1053"}],"wp:attachment":[{"href":"https:\/\/pb.edu.pl\/dss\/wp-json\/wp\/v2\/media?parent=48"}],"curies":[{"name":"wp","href":"https:\/\/api.w.org\/{rel}","templated":true}]}}