{"id":415,"date":"2021-11-26T18:30:33","date_gmt":"2021-11-26T17:30:33","guid":{"rendered":"https:\/\/pb.edu.pl\/dssd\/?page_id=415"},"modified":"2025-10-01T11:36:10","modified_gmt":"2025-10-01T09:36:10","slug":"zasady-wnoszenia-oplat","status":"publish","type":"page","link":"https:\/\/pb.edu.pl\/dss\/oplata-za-studia\/zasady-wnoszenia-oplat\/","title":{"rendered":"Zasady wnoszenia op\u0142at"},"content":{"rendered":"<p><a href=\"https:\/\/bip.pb.edu.pl\/?event=informacja&amp;id=22390\">Zasady obowi\u0105zuj\u0105ce student\u00f3w rozpoczynaj\u0105cych studia od roku 2025\/2026<\/a><\/p>\n<p><a title=\"otworzy si\u0119 w nowym oknie\" href=\"https:\/\/bip.pb.edu.pl\/?event=informacja&amp;id=19423\" target=\"_blank\" rel=\"noopener\">Zasady obowi\u0105zuj\u0105ce student\u00f3w, rozpoczynaj\u0105cych od roku 2022\/2023 do 2024\/2025<\/a><\/p>\n<p><a title=\"otworzy si\u0119 w nowym oknie\" href=\"https:\/\/bip.pb.edu.pl\/?event=informacja&amp;id=18424\" target=\"_blank\" rel=\"noopener\">Zasady obowi\u0105zuj\u0105ce student\u00f3w, rozpoczynaj\u0105cych w roku 2021\/2022<\/a><\/p>\n<p><a title=\"otworzy si\u0119 w nowym oknie\" href=\"https:\/\/bip.pb.edu.pl\/?event=informacja&amp;id=18190\" target=\"_blank\" rel=\"noopener\">Zasady obowi\u0105zuj\u0105ce student\u00f3w, rozpoczynaj\u0105cych w roku 2019\/2020 i 2020\/2021<\/a><\/p>\n<p><a title=\"otworzy si\u0119 w nowym oknie\" href=\"https:\/\/bip.pb.edu.pl\/?event=informacja&amp;id=11310\" target=\"_blank\" rel=\"noopener\">Zasady obowi\u0105zuj\u0105ce student\u00f3w, rozpoczynaj\u0105cych przed rokiem 2019\/2020<\/a><\/p>\n","protected":false},"excerpt":{"rendered":"<p>Zasady obowi\u0105zuj\u0105ce student\u00f3w rozpoczynaj\u0105cych studia od roku 2025\/2026 Zasady obowi\u0105zuj\u0105ce student\u00f3w, rozpoczynaj\u0105cych od roku 2022\/2023<\/p>\n","protected":false},"author":2,"featured_media":0,"parent":36,"menu_order":6,"comment_status":"closed","ping_status":"closed","template":"","meta":{"_acf_changed":false,"ngg_post_thumbnail":0,"footnotes":""},"class_list":["post-415","page","type-page","status-publish","hentry"],"acf":[],"yoast_head":"<!-- This site is optimized with the Yoast SEO plugin v27.0 - https:\/\/yoast.com\/product\/yoast-seo-wordpress\/ -->\n<title>Zasady wnoszenia op\u0142at - Dzia\u0142 Spraw Studenckich<\/title>\n<meta name=\"description\" content=\"Zasady obowi\u0105zuj\u0105ce student\u00f3w rozpoczynaj\u0105cych studia od roku 2025\/2026 Zasady obowi\u0105zuj\u0105ce student\u00f3w, rozpoczynaj\u0105cych od roku 2022\/2023 do 2024\/2025\" \/>\n<meta name=\"robots\" content=\"index, follow, max-snippet:-1, max-image-preview:large, max-video-preview:-1\" \/>\n<link rel=\"canonical\" href=\"https:\/\/pb.edu.pl\/dss\/oplata-za-studia\/zasady-wnoszenia-oplat\/\" \/>\n<meta property=\"og:locale\" content=\"pl_PL\" \/>\n<meta property=\"og:type\" content=\"article\" \/>\n<meta property=\"og:title\" content=\"Zasady wnoszenia op\u0142at - Dzia\u0142 Spraw Studenckich\" \/>\n<meta property=\"og:description\" content=\"Zasady obowi\u0105zuj\u0105ce student\u00f3w rozpoczynaj\u0105cych studia od roku 2025\/2026 Zasady obowi\u0105zuj\u0105ce student\u00f3w, rozpoczynaj\u0105cych od roku 2022\/2023 do 2024\/2025\" \/>\n<meta property=\"og:url\" content=\"https:\/\/pb.edu.pl\/dss\/oplata-za-studia\/zasady-wnoszenia-oplat\/\" \/>\n<meta property=\"og:site_name\" content=\"Dzia\u0142 Spraw Studenckich\" \/>\n<meta property=\"article:modified_time\" content=\"2025-10-01T09:36:10+00:00\" \/>\n<meta name=\"twitter:label1\" content=\"Szacowany czas czytania\" \/>\n\t<meta name=\"twitter:data1\" content=\"1 minuta\" \/>\n<script type=\"application\/ld+json\" class=\"yoast-schema-graph\">{\"@context\":\"https:\/\/schema.org\",\"@graph\":[{\"@type\":\"WebPage\",\"@id\":\"https:\/\/pb.edu.pl\/dss\/oplata-za-studia\/zasady-wnoszenia-oplat\/\",\"url\":\"https:\/\/pb.edu.pl\/dss\/oplata-za-studia\/zasady-wnoszenia-oplat\/\",\"name\":\"Zasady wnoszenia op\u0142at - Dzia\u0142 Spraw Studenckich\",\"isPartOf\":{\"@id\":\"https:\/\/pb.edu.pl\/dss\/#website\"},\"datePublished\":\"2021-11-26T17:30:33+00:00\",\"dateModified\":\"2025-10-01T09:36:10+00:00\",\"description\":\"Zasady obowi\u0105zuj\u0105ce student\u00f3w rozpoczynaj\u0105cych studia od roku 2025\/2026 Zasady obowi\u0105zuj\u0105ce student\u00f3w, rozpoczynaj\u0105cych od roku 2022\/2023 do 2024\/2025\",\"breadcrumb\":{\"@id\":\"https:\/\/pb.edu.pl\/dss\/oplata-za-studia\/zasady-wnoszenia-oplat\/#breadcrumb\"},\"inLanguage\":\"pl-PL\",\"potentialAction\":[{\"@type\":\"ReadAction\",\"target\":[\"https:\/\/pb.edu.pl\/dss\/oplata-za-studia\/zasady-wnoszenia-oplat\/\"]}]},{\"@type\":\"BreadcrumbList\",\"@id\":\"https:\/\/pb.edu.pl\/dss\/oplata-za-studia\/zasady-wnoszenia-oplat\/#breadcrumb\",\"itemListElement\":[{\"@type\":\"ListItem\",\"position\":1,\"name\":\"Strona g\u0142\u00f3wna\",\"item\":\"https:\/\/pb.edu.pl\/dss\/\"},{\"@type\":\"ListItem\",\"position\":2,\"name\":\"Op\u0142ata za studia\",\"item\":\"https:\/\/pb.edu.pl\/dss\/oplata-za-studia\/\"},{\"@type\":\"ListItem\",\"position\":3,\"name\":\"Zasady wnoszenia op\u0142at\"}]},{\"@type\":\"WebSite\",\"@id\":\"https:\/\/pb.edu.pl\/dss\/#website\",\"url\":\"https:\/\/pb.edu.pl\/dss\/\",\"name\":\"Dzia\u0142 Spraw Studenckich\",\"description\":\"\",\"potentialAction\":[{\"@type\":\"SearchAction\",\"target\":{\"@type\":\"EntryPoint\",\"urlTemplate\":\"https:\/\/pb.edu.pl\/dss\/?s={search_term_string}\"},\"query-input\":{\"@type\":\"PropertyValueSpecification\",\"valueRequired\":true,\"valueName\":\"search_term_string\"}}],\"inLanguage\":\"pl-PL\"}]}<\/script>\n<!-- \/ Yoast SEO plugin. -->","yoast_head_json":{"title":"Zasady wnoszenia op\u0142at - Dzia\u0142 Spraw Studenckich","description":"Zasady obowi\u0105zuj\u0105ce student\u00f3w rozpoczynaj\u0105cych studia od roku 2025\/2026 Zasady obowi\u0105zuj\u0105ce student\u00f3w, rozpoczynaj\u0105cych od roku 2022\/2023 do 2024\/2025","robots":{"index":"index","follow":"follow","max-snippet":"max-snippet:-1","max-image-preview":"max-image-preview:large","max-video-preview":"max-video-preview:-1"},"canonical":"https:\/\/pb.edu.pl\/dss\/oplata-za-studia\/zasady-wnoszenia-oplat\/","og_locale":"pl_PL","og_type":"article","og_title":"Zasady wnoszenia op\u0142at - Dzia\u0142 Spraw Studenckich","og_description":"Zasady obowi\u0105zuj\u0105ce student\u00f3w rozpoczynaj\u0105cych studia od roku 2025\/2026 Zasady obowi\u0105zuj\u0105ce student\u00f3w, rozpoczynaj\u0105cych od roku 2022\/2023 do 2024\/2025","og_url":"https:\/\/pb.edu.pl\/dss\/oplata-za-studia\/zasady-wnoszenia-oplat\/","og_site_name":"Dzia\u0142 Spraw Studenckich","article_modified_time":"2025-10-01T09:36:10+00:00","twitter_misc":{"Szacowany czas czytania":"1 minuta"},"schema":{"@context":"https:\/\/schema.org","@graph":[{"@type":"WebPage","@id":"https:\/\/pb.edu.pl\/dss\/oplata-za-studia\/zasady-wnoszenia-oplat\/","url":"https:\/\/pb.edu.pl\/dss\/oplata-za-studia\/zasady-wnoszenia-oplat\/","name":"Zasady wnoszenia op\u0142at - Dzia\u0142 Spraw Studenckich","isPartOf":{"@id":"https:\/\/pb.edu.pl\/dss\/#website"},"datePublished":"2021-11-26T17:30:33+00:00","dateModified":"2025-10-01T09:36:10+00:00","description":"Zasady obowi\u0105zuj\u0105ce student\u00f3w rozpoczynaj\u0105cych studia od roku 2025\/2026 Zasady obowi\u0105zuj\u0105ce student\u00f3w, rozpoczynaj\u0105cych od roku 2022\/2023 do 2024\/2025","breadcrumb":{"@id":"https:\/\/pb.edu.pl\/dss\/oplata-za-studia\/zasady-wnoszenia-oplat\/#breadcrumb"},"inLanguage":"pl-PL","potentialAction":[{"@type":"ReadAction","target":["https:\/\/pb.edu.pl\/dss\/oplata-za-studia\/zasady-wnoszenia-oplat\/"]}]},{"@type":"BreadcrumbList","@id":"https:\/\/pb.edu.pl\/dss\/oplata-za-studia\/zasady-wnoszenia-oplat\/#breadcrumb","itemListElement":[{"@type":"ListItem","position":1,"name":"Strona g\u0142\u00f3wna","item":"https:\/\/pb.edu.pl\/dss\/"},{"@type":"ListItem","position":2,"name":"Op\u0142ata za studia","item":"https:\/\/pb.edu.pl\/dss\/oplata-za-studia\/"},{"@type":"ListItem","position":3,"name":"Zasady wnoszenia op\u0142at"}]},{"@type":"WebSite","@id":"https:\/\/pb.edu.pl\/dss\/#website","url":"https:\/\/pb.edu.pl\/dss\/","name":"Dzia\u0142 Spraw Studenckich","description":"","potentialAction":[{"@type":"SearchAction","target":{"@type":"EntryPoint","urlTemplate":"https:\/\/pb.edu.pl\/dss\/?s={search_term_string}"},"query-input":{"@type":"PropertyValueSpecification","valueRequired":true,"valueName":"search_term_string"}}],"inLanguage":"pl-PL"}]}},"_links":{"self":[{"href":"https:\/\/pb.edu.pl\/dss\/wp-json\/wp\/v2\/pages\/415","targetHints":{"allow":["GET"]}}],"collection":[{"href":"https:\/\/pb.edu.pl\/dss\/wp-json\/wp\/v2\/pages"}],"about":[{"href":"https:\/\/pb.edu.pl\/dss\/wp-json\/wp\/v2\/types\/page"}],"author":[{"embeddable":true,"href":"https:\/\/pb.edu.pl\/dss\/wp-json\/wp\/v2\/users\/2"}],"replies":[{"embeddable":true,"href":"https:\/\/pb.edu.pl\/dss\/wp-json\/wp\/v2\/comments?post=415"}],"version-history":[{"count":0,"href":"https:\/\/pb.edu.pl\/dss\/wp-json\/wp\/v2\/pages\/415\/revisions"}],"up":[{"embeddable":true,"href":"https:\/\/pb.edu.pl\/dss\/wp-json\/wp\/v2\/pages\/36"}],"wp:attachment":[{"href":"https:\/\/pb.edu.pl\/dss\/wp-json\/wp\/v2\/media?parent=415"}],"curies":[{"name":"wp","href":"https:\/\/api.w.org\/{rel}","templated":true}]}}