{"id":413,"date":"2021-11-26T18:29:32","date_gmt":"2021-11-26T17:29:32","guid":{"rendered":"https:\/\/pb.edu.pl\/dssd\/?page_id=413"},"modified":"2026-02-11T16:48:22","modified_gmt":"2026-02-11T15:48:22","slug":"wysokosc-oplat","status":"publish","type":"page","link":"https:\/\/pb.edu.pl\/dss\/oplata-za-studia\/wysokosc-oplat\/","title":{"rendered":"Wysoko\u015b\u0107 op\u0142at"},"content":{"rendered":"<p><a href=\"https:\/\/bip.pb.edu.pl\/?event=kategoria&#038;id=622\">Op\u0142aty za studia i stypendia<\/a><\/p>\n","protected":false},"excerpt":{"rendered":"<p>Op\u0142aty za studia i stypendia<\/p>\n","protected":false},"author":2,"featured_media":0,"parent":36,"menu_order":5,"comment_status":"closed","ping_status":"closed","template":"","meta":{"_acf_changed":false,"ngg_post_thumbnail":0,"footnotes":""},"class_list":["post-413","page","type-page","status-publish","hentry"],"acf":[],"yoast_head":"<!-- This site is optimized with the Yoast SEO plugin v27.0 - https:\/\/yoast.com\/product\/yoast-seo-wordpress\/ -->\n<title>Wysoko\u015b\u0107 op\u0142at - Dzia\u0142 Spraw Studenckich<\/title>\n<meta name=\"description\" content=\"Op\u0142aty za studia i stypendia\" \/>\n<meta name=\"robots\" content=\"index, follow, max-snippet:-1, max-image-preview:large, max-video-preview:-1\" \/>\n<link rel=\"canonical\" href=\"https:\/\/pb.edu.pl\/dss\/oplata-za-studia\/wysokosc-oplat\/\" \/>\n<meta property=\"og:locale\" content=\"pl_PL\" \/>\n<meta property=\"og:type\" content=\"article\" \/>\n<meta property=\"og:title\" content=\"Wysoko\u015b\u0107 op\u0142at - Dzia\u0142 Spraw Studenckich\" \/>\n<meta property=\"og:description\" content=\"Op\u0142aty za studia i stypendia\" \/>\n<meta property=\"og:url\" content=\"https:\/\/pb.edu.pl\/dss\/oplata-za-studia\/wysokosc-oplat\/\" \/>\n<meta property=\"og:site_name\" content=\"Dzia\u0142 Spraw Studenckich\" \/>\n<meta property=\"article:modified_time\" content=\"2026-02-11T15:48:22+00:00\" \/>\n<meta name=\"twitter:label1\" content=\"Szacowany czas czytania\" \/>\n\t<meta name=\"twitter:data1\" content=\"1 minuta\" \/>\n<script type=\"application\/ld+json\" class=\"yoast-schema-graph\">{\"@context\":\"https:\/\/schema.org\",\"@graph\":[{\"@type\":\"WebPage\",\"@id\":\"https:\/\/pb.edu.pl\/dss\/oplata-za-studia\/wysokosc-oplat\/\",\"url\":\"https:\/\/pb.edu.pl\/dss\/oplata-za-studia\/wysokosc-oplat\/\",\"name\":\"Wysoko\u015b\u0107 op\u0142at - Dzia\u0142 Spraw Studenckich\",\"isPartOf\":{\"@id\":\"https:\/\/pb.edu.pl\/dss\/#website\"},\"datePublished\":\"2021-11-26T17:29:32+00:00\",\"dateModified\":\"2026-02-11T15:48:22+00:00\",\"description\":\"Op\u0142aty za studia i stypendia\",\"breadcrumb\":{\"@id\":\"https:\/\/pb.edu.pl\/dss\/oplata-za-studia\/wysokosc-oplat\/#breadcrumb\"},\"inLanguage\":\"pl-PL\",\"potentialAction\":[{\"@type\":\"ReadAction\",\"target\":[\"https:\/\/pb.edu.pl\/dss\/oplata-za-studia\/wysokosc-oplat\/\"]}]},{\"@type\":\"BreadcrumbList\",\"@id\":\"https:\/\/pb.edu.pl\/dss\/oplata-za-studia\/wysokosc-oplat\/#breadcrumb\",\"itemListElement\":[{\"@type\":\"ListItem\",\"position\":1,\"name\":\"Strona g\u0142\u00f3wna\",\"item\":\"https:\/\/pb.edu.pl\/dss\/\"},{\"@type\":\"ListItem\",\"position\":2,\"name\":\"Op\u0142ata za studia\",\"item\":\"https:\/\/pb.edu.pl\/dss\/oplata-za-studia\/\"},{\"@type\":\"ListItem\",\"position\":3,\"name\":\"Wysoko\u015b\u0107 op\u0142at\"}]},{\"@type\":\"WebSite\",\"@id\":\"https:\/\/pb.edu.pl\/dss\/#website\",\"url\":\"https:\/\/pb.edu.pl\/dss\/\",\"name\":\"Dzia\u0142 Spraw Studenckich\",\"description\":\"\",\"potentialAction\":[{\"@type\":\"SearchAction\",\"target\":{\"@type\":\"EntryPoint\",\"urlTemplate\":\"https:\/\/pb.edu.pl\/dss\/?s={search_term_string}\"},\"query-input\":{\"@type\":\"PropertyValueSpecification\",\"valueRequired\":true,\"valueName\":\"search_term_string\"}}],\"inLanguage\":\"pl-PL\"}]}<\/script>\n<!-- \/ Yoast SEO plugin. -->","yoast_head_json":{"title":"Wysoko\u015b\u0107 op\u0142at - Dzia\u0142 Spraw Studenckich","description":"Op\u0142aty za studia i stypendia","robots":{"index":"index","follow":"follow","max-snippet":"max-snippet:-1","max-image-preview":"max-image-preview:large","max-video-preview":"max-video-preview:-1"},"canonical":"https:\/\/pb.edu.pl\/dss\/oplata-za-studia\/wysokosc-oplat\/","og_locale":"pl_PL","og_type":"article","og_title":"Wysoko\u015b\u0107 op\u0142at - Dzia\u0142 Spraw Studenckich","og_description":"Op\u0142aty za studia i stypendia","og_url":"https:\/\/pb.edu.pl\/dss\/oplata-za-studia\/wysokosc-oplat\/","og_site_name":"Dzia\u0142 Spraw Studenckich","article_modified_time":"2026-02-11T15:48:22+00:00","twitter_misc":{"Szacowany czas czytania":"1 minuta"},"schema":{"@context":"https:\/\/schema.org","@graph":[{"@type":"WebPage","@id":"https:\/\/pb.edu.pl\/dss\/oplata-za-studia\/wysokosc-oplat\/","url":"https:\/\/pb.edu.pl\/dss\/oplata-za-studia\/wysokosc-oplat\/","name":"Wysoko\u015b\u0107 op\u0142at - Dzia\u0142 Spraw Studenckich","isPartOf":{"@id":"https:\/\/pb.edu.pl\/dss\/#website"},"datePublished":"2021-11-26T17:29:32+00:00","dateModified":"2026-02-11T15:48:22+00:00","description":"Op\u0142aty za studia i stypendia","breadcrumb":{"@id":"https:\/\/pb.edu.pl\/dss\/oplata-za-studia\/wysokosc-oplat\/#breadcrumb"},"inLanguage":"pl-PL","potentialAction":[{"@type":"ReadAction","target":["https:\/\/pb.edu.pl\/dss\/oplata-za-studia\/wysokosc-oplat\/"]}]},{"@type":"BreadcrumbList","@id":"https:\/\/pb.edu.pl\/dss\/oplata-za-studia\/wysokosc-oplat\/#breadcrumb","itemListElement":[{"@type":"ListItem","position":1,"name":"Strona g\u0142\u00f3wna","item":"https:\/\/pb.edu.pl\/dss\/"},{"@type":"ListItem","position":2,"name":"Op\u0142ata za studia","item":"https:\/\/pb.edu.pl\/dss\/oplata-za-studia\/"},{"@type":"ListItem","position":3,"name":"Wysoko\u015b\u0107 op\u0142at"}]},{"@type":"WebSite","@id":"https:\/\/pb.edu.pl\/dss\/#website","url":"https:\/\/pb.edu.pl\/dss\/","name":"Dzia\u0142 Spraw Studenckich","description":"","potentialAction":[{"@type":"SearchAction","target":{"@type":"EntryPoint","urlTemplate":"https:\/\/pb.edu.pl\/dss\/?s={search_term_string}"},"query-input":{"@type":"PropertyValueSpecification","valueRequired":true,"valueName":"search_term_string"}}],"inLanguage":"pl-PL"}]}},"_links":{"self":[{"href":"https:\/\/pb.edu.pl\/dss\/wp-json\/wp\/v2\/pages\/413","targetHints":{"allow":["GET"]}}],"collection":[{"href":"https:\/\/pb.edu.pl\/dss\/wp-json\/wp\/v2\/pages"}],"about":[{"href":"https:\/\/pb.edu.pl\/dss\/wp-json\/wp\/v2\/types\/page"}],"author":[{"embeddable":true,"href":"https:\/\/pb.edu.pl\/dss\/wp-json\/wp\/v2\/users\/2"}],"replies":[{"embeddable":true,"href":"https:\/\/pb.edu.pl\/dss\/wp-json\/wp\/v2\/comments?post=413"}],"version-history":[{"count":1,"href":"https:\/\/pb.edu.pl\/dss\/wp-json\/wp\/v2\/pages\/413\/revisions"}],"predecessor-version":[{"id":1025,"href":"https:\/\/pb.edu.pl\/dss\/wp-json\/wp\/v2\/pages\/413\/revisions\/1025"}],"up":[{"embeddable":true,"href":"https:\/\/pb.edu.pl\/dss\/wp-json\/wp\/v2\/pages\/36"}],"wp:attachment":[{"href":"https:\/\/pb.edu.pl\/dss\/wp-json\/wp\/v2\/media?parent=413"}],"curies":[{"name":"wp","href":"https:\/\/api.w.org\/{rel}","templated":true}]}}