{"id":409,"date":"2021-11-26T18:27:28","date_gmt":"2021-11-26T17:27:28","guid":{"rendered":"https:\/\/pb.edu.pl\/dssd\/?page_id=409"},"modified":"2026-03-11T15:13:30","modified_gmt":"2026-03-11T14:13:30","slug":"kredyt-studencki","status":"publish","type":"page","link":"https:\/\/pb.edu.pl\/dss\/kredyt-studencki\/","title":{"rendered":"Kredyt studencki"},"content":{"rendered":"<p><strong>Osoby uprawnione do kredytu<\/strong><\/p>\n<p>Kredyt studencki mo\u017ce otrzyma\u0107:<\/p>\n<ul>\n<li>student, kt\u00f3ry nie uko\u0144czy\u0142 30 roku \u017cycia,<\/li>\n<li>doktorant, kt\u00f3ry nie uko\u0144czy\u0142 35 roku \u017cycia.<\/li>\n<\/ul>\n<p>Wniosek o kredyt mo\u017ce z\u0142o\u017cy\u0107 tak\u017ce osoba ubiegaj\u0105ca si\u0119 o przyj\u0119cie na studia albo do szko\u0142y doktorskiej, z tym \u017ce w\u00f3wczas musi przed podpisaniem umowy kredytowej przed\u0142o\u017cy\u0107 w&nbsp;instytucji kredytuj\u0105cej za\u015bwiadczenie potwierdzaj\u0105ce, \u017ce jest odpowiednio studentem lub doktorantem.<br \/>\n&nbsp;<\/p>\n<p><strong>Sk\u0142adanie wniosk\u00f3w o kredyt<\/strong><\/p>\n<p>O kredyt mo\u017cna ubiega\u0107 si\u0119 przez ca\u0142y rok.<\/p>\n<p>Wnioski s\u0105 rozpatrywane w ci\u0105gu 30 dni od daty z\u0142o\u017cenia wniosku. Wniosek o udzielenie kredytu mo\u017cna sk\u0142ada\u0107 w formie papierowej lub za po\u015brednictwem systemu teleinformatycznego w nast\u0119puj\u0105cych instytucjach:<\/p>\n<ul>\n<li>PKO Bank Polski S.A.,<\/li>\n<li>Bank PEKAO S.A.,<\/li>\n<li>Bank Polskiej Sp\u00f3\u0142dzielczo\u015bci S.A. (wraz ze zrzeszonymi bankami sp\u00f3\u0142dzielczymi).<\/li>\n<\/ul>\n<p>Do wniosku o udzielenie kredytu do\u0142\u0105cza si\u0119:<\/p>\n<ul>\n<li>o\u015bwiadczenie o wysoko\u015bci dochod\u00f3w i liczbie cz\u0142onk\u00f3w rodziny wnioskodawcy za poprzedni rok,<\/li>\n<li>za\u015bwiadczenie szko\u0142y wy\u017cszej potwierdzaj\u0105ce, \u017ce wnioskodawca jest studentem, doktorantem albo dokument potwierdzaj\u0105cy udzia\u0142 w rekrutacji na studia albo do szko\u0142y doktorskiej,<\/li>\n<li>dokumenty wymagane przez instytucj\u0119 kredytuj\u0105c\u0105 dla cel\u00f3w oceny zdolno\u015bci kredytowej i zabezpieczenia sp\u0142at kredytu.<\/li>\n<\/ul>\n<p>&nbsp;<\/p>\n<p><strong>Zawarcie umowy<\/strong><\/p>\n<p>Podstawowym warunkiem zawarcia umowy kredytu jest spe\u0142nienie kryterium dochodowego.<br \/>\n&nbsp;<\/p>\n<p><strong>Okres i warunki wyp\u0142acania kredytu<\/strong><\/p>\n<p>Kredyt studencki mo\u017ce by\u0107 wyp\u0142acany studentom przez okres 6 lat, a w przypadku doktorant\u00f3w \u2013 przez okres 4 lat. Transze kredytu wyp\u0142acane s\u0105 przez okres 10 miesi\u0119cy w roku akademickim.<\/p>\n<p>Szczeg\u00f3\u0142owe warunki wyp\u0142aty i sp\u0142aty kredytu okre\u015bli umowa, kt\u00f3ra b\u0119dzie zawiera\u0107 m.in.:<\/p>\n<ul>\n<li>okres, na jaki instytucja kredytuj\u0105ca udzieli\u0142a kredytu studenckiego,<\/li>\n<li>dat\u0119 rozpocz\u0119cia wyp\u0142aty transz,<\/li>\n<li>spos\u00f3b weryfikacji przez instytucj\u0119 kredytuj\u0105c\u0105 posiadania statusu studenta albo doktoranta,<\/li>\n<li>spos\u00f3b ustalenia przez instytucj\u0119 kredytuj\u0105c\u0105 harmonogramu sp\u0142aty,<\/li>\n<li>wysoko\u015b\u0107 odsetek od kredytu studenckiego.<\/li>\n<\/ul>\n<p>&nbsp;<\/p>\n<p><strong>Por\u0119czenia sp\u0142aty kredytu<\/strong><\/p>\n<p>W przypadku braku mo\u017cliwo\u015bci sprostania wymogom bank\u00f3w w zakresie zabezpieczenia sp\u0142aty kredytu, przy ubieganiu si\u0119 o kredyt student mo\u017ce si\u0119 stara\u0107 o por\u0119czenie Banku Gospodarstwa Krajowego oraz o por\u0119czenie Agencji Restrukturyzacji i Modernizacji Rolnictwa.<\/p>\n<p>Szczeg\u00f3\u0142owych informacji na temat ww. por\u0119cze\u0144 udzielaj\u0105 wszystkie instytucje kredytuj\u0105ce.<br \/>\n&nbsp;<\/p>\n<p><strong>Okres i warunki sp\u0142aty kredytu<\/strong><\/p>\n<p>Sp\u0142ata kredytu studenckiego jest dokonywana w r\u00f3wnych miesi\u0119cznych ratach i rozpoczyna si\u0119 po up\u0142ywie 2 lat od&nbsp;uko\u0144czenia studi\u00f3w. Liczba rat stanowi dwukrotno\u015b\u0107 liczby wyp\u0142aconych transz kredytu studenckiego.<\/p>\n<p>W okresie pobierania transz kredytu oraz w trakcie okresu karencji odsetki od kredytu s\u0105 sp\u0142acane w ca\u0142o\u015bci przez bud\u017cet pa\u0144stwa.<\/p>\n<p>W okresie sp\u0142aty rat kredytu wysoko\u015b\u0107 oprocentowania sp\u0142acanego przez kredytobiorc\u0119 wynosi 0,5 stopy redyskontowej Narodowego Banku Polskiego. Stopa ta wynosi obecnie 1,75% (stycze\u0144 2019 r.). Pozosta\u0142\u0105 cz\u0119\u015b\u0107 odsetek pokrywa bud\u017cet pa\u0144stwa.<br \/>\n&nbsp;<\/p>\n<p><strong>Zmniejszenie raty sp\u0142aty kredytu i zawieszenie sp\u0142aty<\/strong><\/p>\n<p>Wysoko\u015b\u0107 miesi\u0119cznej raty mo\u017ce by\u0107 zmniejszona do 20% \u015bredniego miesi\u0119cznego dochodu kredytobiorcy. Na&nbsp;wniosek kredytobiorcy w przypadku trudnej sytuacji \u017cyciowej sp\u0142ata kredytu studenckiego wraz z odsetkami mo\u017ce by\u0107 zawieszona na okres nie d\u0142u\u017cszy ni\u017c 12 miesi\u0119cy.<br \/>\n&nbsp;<\/p>\n<p><strong>Umorzenie sp\u0142aty kredytu<\/strong><\/p>\n<p>Na wniosek kredytobiorcy kredyt studencki mo\u017ce zosta\u0107 umorzony przez instytucj\u0119 kredytuj\u0105c\u0105:<\/p>\n<ul>\n<li>w 50% \u2013 w przypadku gdy kredytobiorca uko\u0144czy\u0142 studia albo kszta\u0142cenie w szkole doktorskiej w grupie do&nbsp;1%,<\/li>\n<li>w 35% \u2013 w przypadku gdy kredytobiorca uko\u0144czy\u0142 studia albo kszta\u0142cenie w szkole doktorskiej w grupie od&nbsp;1,01% do 5%,<\/li>\n<li>w 20% \u2013 w przypadku gdy kredytobiorca uko\u0144czy\u0142 studia albo kszta\u0142cenie w szkole doktorskiej w grupie od&nbsp;5,01% do 10%, \u2013 najlepszych absolwent\u00f3w studi\u00f3w pierwszego stopnia albo studi\u00f3w drugiego stopnia, albo jednolitych studi\u00f3w magisterskich, albo szk\u00f3\u0142 doktorskich, w danym roku akademickim.<\/li>\n<\/ul>\n<p>Wniosek w tej sprawie nale\u017cy z\u0142o\u017cy\u0107 w instytucji kredytuj\u0105cej wraz z za\u015bwiadczeniem potwierdzaj\u0105cym znalezienie si\u0119 kredytobiorcy w okre\u015blonej grupie najlepszych absolwent\u00f3w odpowiednio studi\u00f3w albo szk\u00f3\u0142 doktorskich.<\/p>\n<p>Kredyt mo\u017ce by\u0107 r\u00f3wnie\u017c umorzony cz\u0119\u015bciowo lub w ca\u0142o\u015bci w przypadku szczeg\u00f3lnie trudnej sytuacji \u017cyciowej kredytobiorcy lub trwa\u0142ej utraty przez kredytobiorc\u0119 zdolno\u015bci do sp\u0142aty zobowi\u0105za\u0144. Umorze\u0144 dokonuje minister w\u0142a\u015bciwy do spraw szkolnictwa wy\u017cszego na wniosek kredytobiorcy.<br \/>\n&nbsp;<\/p>\n<p><a href=\"http:\/\/isap.sejm.gov.pl\/isap.nsf\/DocDetails.xsp?id=WDU20180002468\">Rozporz\u0105dzenie Ministra Nauki i Szkolnictwa Wy\u017cszego z dnia 20 grudnia 2018 r. w sprawie kredyt\u00f3w studenckich (Dz. U. poz. 2468)<\/a><\/p>\n<p><a href=\"https:\/\/www.bip.pb.edu.pl\/index.php?event=informacja&amp;id=16249\">Zarz\u0105dzenie nr 997 Rektora Politechniki Bia\u0142ostockiej z dnia 3 wrze\u015bnia 2019 roku w sprawie ustalenia wzor\u00f3w dokument\u00f3w na potrzeby ubiegania si\u0119 o po\u017cyczk\u0119 lub kredyt studencki oraz zasad wy\u0142aniania 10% najlepszych absolwent\u00f3w uprawnionych do ubiegania si\u0119 o umorzenie po\u017cyczki lub kredytu studenckiego<\/a><\/p>\n<p><a href=\"https:\/\/bip.pb.edu.pl\/index.php?event=informacja&amp;id=18555\">Zmiana do zarz\u0105dzenia nr 997 Rektora Politechniki Bia\u0142ostockiej<\/a><\/p>\n<p><a href=\"https:\/\/www.gov.pl\/web\/nauka\/kredyty-studenckie\">Szczeg\u00f3\u0142owe informacje dost\u0119pne na stronie MNiSW<\/a> <\/p>\n","protected":false},"excerpt":{"rendered":"<p>Osoby uprawnione do kredytu Kredyt studencki mo\u017ce otrzyma\u0107: student, kt\u00f3ry nie uko\u0144czy\u0142 30 roku \u017cycia,<\/p>\n","protected":false},"author":2,"featured_media":0,"parent":0,"menu_order":7,"comment_status":"closed","ping_status":"closed","template":"","meta":{"_acf_changed":false,"ngg_post_thumbnail":0,"footnotes":""},"class_list":["post-409","page","type-page","status-publish","hentry"],"acf":[],"yoast_head":"<!-- This site is optimized with the Yoast SEO plugin v27.0 - https:\/\/yoast.com\/product\/yoast-seo-wordpress\/ -->\n<title>Kredyt studencki - Dzia\u0142 Spraw Studenckich<\/title>\n<meta name=\"description\" content=\"Osoby uprawnione do kredytu Kredyt studencki mo\u017ce otrzyma\u0107: student, kt\u00f3ry nie uko\u0144czy\u0142 30 roku \u017cycia, doktorant, kt\u00f3ry nie uko\u0144czy\u0142 35 roku \u017cycia.\" \/>\n<meta name=\"robots\" content=\"index, follow, max-snippet:-1, max-image-preview:large, max-video-preview:-1\" \/>\n<link rel=\"canonical\" href=\"https:\/\/pb.edu.pl\/dss\/kredyt-studencki\/\" \/>\n<meta property=\"og:locale\" content=\"pl_PL\" \/>\n<meta property=\"og:type\" content=\"article\" \/>\n<meta property=\"og:title\" content=\"Kredyt studencki - Dzia\u0142 Spraw Studenckich\" \/>\n<meta property=\"og:description\" content=\"Osoby uprawnione do kredytu Kredyt studencki mo\u017ce otrzyma\u0107: student, kt\u00f3ry nie uko\u0144czy\u0142 30 roku \u017cycia, doktorant, kt\u00f3ry nie uko\u0144czy\u0142 35 roku \u017cycia.\" \/>\n<meta property=\"og:url\" content=\"https:\/\/pb.edu.pl\/dss\/kredyt-studencki\/\" \/>\n<meta property=\"og:site_name\" content=\"Dzia\u0142 Spraw Studenckich\" \/>\n<meta property=\"article:modified_time\" content=\"2026-03-11T14:13:30+00:00\" \/>\n<meta name=\"twitter:label1\" content=\"Szacowany czas czytania\" \/>\n\t<meta name=\"twitter:data1\" content=\"4 minuty\" \/>\n<script type=\"application\/ld+json\" class=\"yoast-schema-graph\">{\"@context\":\"https:\/\/schema.org\",\"@graph\":[{\"@type\":\"WebPage\",\"@id\":\"https:\/\/pb.edu.pl\/dss\/kredyt-studencki\/\",\"url\":\"https:\/\/pb.edu.pl\/dss\/kredyt-studencki\/\",\"name\":\"Kredyt studencki - Dzia\u0142 Spraw Studenckich\",\"isPartOf\":{\"@id\":\"https:\/\/pb.edu.pl\/dss\/#website\"},\"datePublished\":\"2021-11-26T17:27:28+00:00\",\"dateModified\":\"2026-03-11T14:13:30+00:00\",\"description\":\"Osoby uprawnione do kredytu Kredyt studencki mo\u017ce otrzyma\u0107: student, kt\u00f3ry nie uko\u0144czy\u0142 30 roku \u017cycia, doktorant, kt\u00f3ry nie uko\u0144czy\u0142 35 roku \u017cycia.\",\"breadcrumb\":{\"@id\":\"https:\/\/pb.edu.pl\/dss\/kredyt-studencki\/#breadcrumb\"},\"inLanguage\":\"pl-PL\",\"potentialAction\":[{\"@type\":\"ReadAction\",\"target\":[\"https:\/\/pb.edu.pl\/dss\/kredyt-studencki\/\"]}]},{\"@type\":\"BreadcrumbList\",\"@id\":\"https:\/\/pb.edu.pl\/dss\/kredyt-studencki\/#breadcrumb\",\"itemListElement\":[{\"@type\":\"ListItem\",\"position\":1,\"name\":\"Strona g\u0142\u00f3wna\",\"item\":\"https:\/\/pb.edu.pl\/dss\/\"},{\"@type\":\"ListItem\",\"position\":2,\"name\":\"Kredyt studencki\"}]},{\"@type\":\"WebSite\",\"@id\":\"https:\/\/pb.edu.pl\/dss\/#website\",\"url\":\"https:\/\/pb.edu.pl\/dss\/\",\"name\":\"Dzia\u0142 Spraw Studenckich\",\"description\":\"\",\"potentialAction\":[{\"@type\":\"SearchAction\",\"target\":{\"@type\":\"EntryPoint\",\"urlTemplate\":\"https:\/\/pb.edu.pl\/dss\/?s={search_term_string}\"},\"query-input\":{\"@type\":\"PropertyValueSpecification\",\"valueRequired\":true,\"valueName\":\"search_term_string\"}}],\"inLanguage\":\"pl-PL\"}]}<\/script>\n<!-- \/ Yoast SEO plugin. -->","yoast_head_json":{"title":"Kredyt studencki - Dzia\u0142 Spraw Studenckich","description":"Osoby uprawnione do kredytu Kredyt studencki mo\u017ce otrzyma\u0107: student, kt\u00f3ry nie uko\u0144czy\u0142 30 roku \u017cycia, doktorant, kt\u00f3ry nie uko\u0144czy\u0142 35 roku \u017cycia.","robots":{"index":"index","follow":"follow","max-snippet":"max-snippet:-1","max-image-preview":"max-image-preview:large","max-video-preview":"max-video-preview:-1"},"canonical":"https:\/\/pb.edu.pl\/dss\/kredyt-studencki\/","og_locale":"pl_PL","og_type":"article","og_title":"Kredyt studencki - Dzia\u0142 Spraw Studenckich","og_description":"Osoby uprawnione do kredytu Kredyt studencki mo\u017ce otrzyma\u0107: student, kt\u00f3ry nie uko\u0144czy\u0142 30 roku \u017cycia, doktorant, kt\u00f3ry nie uko\u0144czy\u0142 35 roku \u017cycia.","og_url":"https:\/\/pb.edu.pl\/dss\/kredyt-studencki\/","og_site_name":"Dzia\u0142 Spraw Studenckich","article_modified_time":"2026-03-11T14:13:30+00:00","twitter_misc":{"Szacowany czas czytania":"4 minuty"},"schema":{"@context":"https:\/\/schema.org","@graph":[{"@type":"WebPage","@id":"https:\/\/pb.edu.pl\/dss\/kredyt-studencki\/","url":"https:\/\/pb.edu.pl\/dss\/kredyt-studencki\/","name":"Kredyt studencki - Dzia\u0142 Spraw Studenckich","isPartOf":{"@id":"https:\/\/pb.edu.pl\/dss\/#website"},"datePublished":"2021-11-26T17:27:28+00:00","dateModified":"2026-03-11T14:13:30+00:00","description":"Osoby uprawnione do kredytu Kredyt studencki mo\u017ce otrzyma\u0107: student, kt\u00f3ry nie uko\u0144czy\u0142 30 roku \u017cycia, doktorant, kt\u00f3ry nie uko\u0144czy\u0142 35 roku \u017cycia.","breadcrumb":{"@id":"https:\/\/pb.edu.pl\/dss\/kredyt-studencki\/#breadcrumb"},"inLanguage":"pl-PL","potentialAction":[{"@type":"ReadAction","target":["https:\/\/pb.edu.pl\/dss\/kredyt-studencki\/"]}]},{"@type":"BreadcrumbList","@id":"https:\/\/pb.edu.pl\/dss\/kredyt-studencki\/#breadcrumb","itemListElement":[{"@type":"ListItem","position":1,"name":"Strona g\u0142\u00f3wna","item":"https:\/\/pb.edu.pl\/dss\/"},{"@type":"ListItem","position":2,"name":"Kredyt studencki"}]},{"@type":"WebSite","@id":"https:\/\/pb.edu.pl\/dss\/#website","url":"https:\/\/pb.edu.pl\/dss\/","name":"Dzia\u0142 Spraw Studenckich","description":"","potentialAction":[{"@type":"SearchAction","target":{"@type":"EntryPoint","urlTemplate":"https:\/\/pb.edu.pl\/dss\/?s={search_term_string}"},"query-input":{"@type":"PropertyValueSpecification","valueRequired":true,"valueName":"search_term_string"}}],"inLanguage":"pl-PL"}]}},"_links":{"self":[{"href":"https:\/\/pb.edu.pl\/dss\/wp-json\/wp\/v2\/pages\/409","targetHints":{"allow":["GET"]}}],"collection":[{"href":"https:\/\/pb.edu.pl\/dss\/wp-json\/wp\/v2\/pages"}],"about":[{"href":"https:\/\/pb.edu.pl\/dss\/wp-json\/wp\/v2\/types\/page"}],"author":[{"embeddable":true,"href":"https:\/\/pb.edu.pl\/dss\/wp-json\/wp\/v2\/users\/2"}],"replies":[{"embeddable":true,"href":"https:\/\/pb.edu.pl\/dss\/wp-json\/wp\/v2\/comments?post=409"}],"version-history":[{"count":6,"href":"https:\/\/pb.edu.pl\/dss\/wp-json\/wp\/v2\/pages\/409\/revisions"}],"predecessor-version":[{"id":1068,"href":"https:\/\/pb.edu.pl\/dss\/wp-json\/wp\/v2\/pages\/409\/revisions\/1068"}],"wp:attachment":[{"href":"https:\/\/pb.edu.pl\/dss\/wp-json\/wp\/v2\/media?parent=409"}],"curies":[{"name":"wp","href":"https:\/\/api.w.org\/{rel}","templated":true}]}}