{"id":384,"date":"2021-11-26T14:12:51","date_gmt":"2021-11-26T13:12:51","guid":{"rendered":"https:\/\/pb.edu.pl\/dssd\/?page_id=384"},"modified":"2026-03-11T14:54:56","modified_gmt":"2026-03-11T13:54:56","slug":"ocena-parametryczna","status":"publish","type":"page","link":"https:\/\/pb.edu.pl\/dss\/ocena-parametryczna\/","title":{"rendered":"Ocena parametryczna w zakresie DSS"},"content":{"rendered":"<p>&nbsp;<\/p>\n<p><span style=\"font-size: 18pt\"><a href=\"https:\/\/bip.pb.edu.pl\/sendFile.php?inf=21702&amp;z=1\">Wykaz parametr\u00f3w podlegaj\u0105cych ocenie parametrycznej za lata 2023-2024<\/a><\/span><\/p>\n<p><a href=\"https:\/\/bip.pb.edu.pl\/sendFile.php?inf=21784&amp;z=1\"><span style=\"font-size: 14pt\">Wzorzec arkusza oceny okresowej nauczycieli akademickich za lata 2023-2024&nbsp;<\/span><\/a><\/p>\n<p>&nbsp;<\/p>\n<p><a title=\"otworzy si\u0119 w nowej karcie\" href=\"https:\/\/www.bip.pb.edu.pl\/index.php?event=informacja&amp;id=15909\" target=\"_blank\" rel=\"noopener\">Regulamin oceny nauczycieli akademickich Politechniki Bia\u0142ostockiej (Zarz\u0105dzenie 977 z dnia 27.06.2019 r. z p\u00f3\u017aniejszymi zmianami)<\/a><\/p>\n<div class=\"h3\">OCENA I &#8211; za okres od 01.01.2017 r. do 30.06.2019 r.<\/div>\n<p><strong>Pliki do poprania:<\/strong><br \/>\n<a class=\"doc\" title=\"pobierz plik\" href=\"https:\/\/pb.edu.pl\/dss\/wp-content\/uploads\/sites\/166\/2021\/09\/Ankieta-za-okres-od-01.01.2017-do-30.06.2019-DSSiD.doc\" data-id=\"245\">Ankieta-za-okres od 01.01.2017 r. do 30.06.2019 r. (DOC, 81 KB)<\/a><\/p>\n<p><a class=\"doc\" title=\"pobierz plik\" href=\"https:\/\/pb.edu.pl\/dss\/wp-content\/uploads\/sites\/166\/2021\/09\/Objasnienia-dot.-okresu-od-01-01-2017-do-30-06-2019-DSSiD.doc\" data-id=\"246\">Obja\u015bnienia dot. okresu od 01.01.2017 r. do 30.06.2019 r. (DOC, 83 KB)<\/a><\/p>\n<div class=\"h3\">OCENA II &#8211; za okres od 01.07.2019 r. do 31.12.2020 r.<\/div>\n<p><strong>Pliki do poprania:<\/strong><br \/>\n<a class=\"xlsx\" title=\"pobierz plik\" href=\"https:\/\/pb.edu.pl\/dss\/wp-content\/uploads\/sites\/166\/2021\/09\/Ankieta-za-okres-od-01-07-2019-do-31-12-2020-DSSiD.xlsx\" data-id=\"247\">Ankieta-za-okres od 01.07.2019 r. do 31.12.2020 r. (XLSX, 14 KB)<\/a><\/p>\n<p><a class=\"doc\" title=\"pobierz plik\" href=\"https:\/\/pb.edu.pl\/dss\/wp-content\/uploads\/sites\/166\/2021\/09\/Objasnienia-dot.-okresu-od-01.07.2019-do-31.12.2020-DSSiD.doc\" data-id=\"248\">Obja\u015bnienia dot. okresu od 01.07.2019 r. do 31.12.2020 r. (DOC, 68 KB)<\/a><\/p>\n<p>&nbsp;<\/p>\n<p>Nauczyciel akademicki podlegaj\u0105cy ocenie w <strong>2023 roku<\/strong>, powinien pobra\u0107 umieszczony poni\u017cej plik:&nbsp;<a title=\"\" href=\"https:\/\/pb.edu.pl\/wp-content\/uploads\/2023\/01\/Ankieta_ocena-2021-2022.xlsx\"><strong>Ankieta. Ocena 2021-2022 (XLSX, 93 KB)<\/strong>,<\/a> zawieraj\u0105cy ankiet\u0119 i uzupe\u0142ni\u0107 j\u0105. Nast\u0119pnie, w\u0142a\u015bciwie wype\u0142niony dokument nale\u017cy przekaza\u0107, wy\u0142\u0105cznie w formie elektronicznej, do Dziekana Wydzia\u0142u lub Kierownika SJO lub SWFiS.<\/p>\n<p>&nbsp;<\/p>\n<p style=\"font-weight: 400\"><a href=\"https:\/\/bip.pb.edu.pl\/?event=informacja&amp;id=20023\"><strong>Regulamin oceny nauczycieli akademickich Politechniki Bia\u0142ostockiej oraz oceny okresowej nauczycieli akademickich obowi\u0105zuj\u0105cy od 01.01.2023<\/strong><\/a><\/p>\n","protected":false},"excerpt":{"rendered":"<p>&nbsp; Wykaz parametr\u00f3w podlegaj\u0105cych ocenie parametrycznej za lata 2023-2024 Wzorzec arkusza oceny okresowej nauczycieli akademickich<\/p>\n","protected":false},"author":2,"featured_media":0,"parent":0,"menu_order":6,"comment_status":"closed","ping_status":"closed","template":"","meta":{"_acf_changed":false,"ngg_post_thumbnail":0,"footnotes":""},"class_list":["post-384","page","type-page","status-publish","hentry"],"acf":[],"yoast_head":"<!-- This site is optimized with the Yoast SEO plugin v27.0 - https:\/\/yoast.com\/product\/yoast-seo-wordpress\/ -->\n<title>Ocena parametryczna w zakresie DSS - Dzia\u0142 Spraw Studenckich<\/title>\n<meta name=\"description\" content=\"&nbsp; Wykaz parametr\u00f3w podlegaj\u0105cych ocenie parametrycznej za lata 2023-2024 Wzorzec arkusza oceny okresowej nauczycieli akademickich za lata\" \/>\n<meta name=\"robots\" content=\"index, follow, max-snippet:-1, max-image-preview:large, max-video-preview:-1\" \/>\n<link rel=\"canonical\" href=\"https:\/\/pb.edu.pl\/dss\/ocena-parametryczna\/\" \/>\n<meta property=\"og:locale\" content=\"pl_PL\" \/>\n<meta property=\"og:type\" content=\"article\" \/>\n<meta property=\"og:title\" content=\"Ocena parametryczna w zakresie DSS - Dzia\u0142 Spraw Studenckich\" \/>\n<meta property=\"og:description\" content=\"&nbsp; Wykaz parametr\u00f3w podlegaj\u0105cych ocenie parametrycznej za lata 2023-2024 Wzorzec arkusza oceny okresowej nauczycieli akademickich za lata\" \/>\n<meta property=\"og:url\" content=\"https:\/\/pb.edu.pl\/dss\/ocena-parametryczna\/\" \/>\n<meta property=\"og:site_name\" content=\"Dzia\u0142 Spraw Studenckich\" \/>\n<meta property=\"article:modified_time\" content=\"2026-03-11T13:54:56+00:00\" \/>\n<meta name=\"twitter:label1\" content=\"Szacowany czas czytania\" \/>\n\t<meta name=\"twitter:data1\" content=\"1 minuta\" \/>\n<script type=\"application\/ld+json\" class=\"yoast-schema-graph\">{\"@context\":\"https:\/\/schema.org\",\"@graph\":[{\"@type\":\"WebPage\",\"@id\":\"https:\/\/pb.edu.pl\/dss\/ocena-parametryczna\/\",\"url\":\"https:\/\/pb.edu.pl\/dss\/ocena-parametryczna\/\",\"name\":\"Ocena parametryczna w zakresie DSS - Dzia\u0142 Spraw Studenckich\",\"isPartOf\":{\"@id\":\"https:\/\/pb.edu.pl\/dss\/#website\"},\"datePublished\":\"2021-11-26T13:12:51+00:00\",\"dateModified\":\"2026-03-11T13:54:56+00:00\",\"description\":\"&nbsp; Wykaz parametr\u00f3w podlegaj\u0105cych ocenie parametrycznej za lata 2023-2024 Wzorzec arkusza oceny okresowej nauczycieli akademickich za lata\",\"breadcrumb\":{\"@id\":\"https:\/\/pb.edu.pl\/dss\/ocena-parametryczna\/#breadcrumb\"},\"inLanguage\":\"pl-PL\",\"potentialAction\":[{\"@type\":\"ReadAction\",\"target\":[\"https:\/\/pb.edu.pl\/dss\/ocena-parametryczna\/\"]}]},{\"@type\":\"BreadcrumbList\",\"@id\":\"https:\/\/pb.edu.pl\/dss\/ocena-parametryczna\/#breadcrumb\",\"itemListElement\":[{\"@type\":\"ListItem\",\"position\":1,\"name\":\"Strona g\u0142\u00f3wna\",\"item\":\"https:\/\/pb.edu.pl\/dss\/\"},{\"@type\":\"ListItem\",\"position\":2,\"name\":\"Ocena parametryczna w zakresie DSS\"}]},{\"@type\":\"WebSite\",\"@id\":\"https:\/\/pb.edu.pl\/dss\/#website\",\"url\":\"https:\/\/pb.edu.pl\/dss\/\",\"name\":\"Dzia\u0142 Spraw Studenckich\",\"description\":\"\",\"potentialAction\":[{\"@type\":\"SearchAction\",\"target\":{\"@type\":\"EntryPoint\",\"urlTemplate\":\"https:\/\/pb.edu.pl\/dss\/?s={search_term_string}\"},\"query-input\":{\"@type\":\"PropertyValueSpecification\",\"valueRequired\":true,\"valueName\":\"search_term_string\"}}],\"inLanguage\":\"pl-PL\"}]}<\/script>\n<!-- \/ Yoast SEO plugin. -->","yoast_head_json":{"title":"Ocena parametryczna w zakresie DSS - Dzia\u0142 Spraw Studenckich","description":"&nbsp; Wykaz parametr\u00f3w podlegaj\u0105cych ocenie parametrycznej za lata 2023-2024 Wzorzec arkusza oceny okresowej nauczycieli akademickich za lata","robots":{"index":"index","follow":"follow","max-snippet":"max-snippet:-1","max-image-preview":"max-image-preview:large","max-video-preview":"max-video-preview:-1"},"canonical":"https:\/\/pb.edu.pl\/dss\/ocena-parametryczna\/","og_locale":"pl_PL","og_type":"article","og_title":"Ocena parametryczna w zakresie DSS - Dzia\u0142 Spraw Studenckich","og_description":"&nbsp; Wykaz parametr\u00f3w podlegaj\u0105cych ocenie parametrycznej za lata 2023-2024 Wzorzec arkusza oceny okresowej nauczycieli akademickich za lata","og_url":"https:\/\/pb.edu.pl\/dss\/ocena-parametryczna\/","og_site_name":"Dzia\u0142 Spraw Studenckich","article_modified_time":"2026-03-11T13:54:56+00:00","twitter_misc":{"Szacowany czas czytania":"1 minuta"},"schema":{"@context":"https:\/\/schema.org","@graph":[{"@type":"WebPage","@id":"https:\/\/pb.edu.pl\/dss\/ocena-parametryczna\/","url":"https:\/\/pb.edu.pl\/dss\/ocena-parametryczna\/","name":"Ocena parametryczna w zakresie DSS - Dzia\u0142 Spraw Studenckich","isPartOf":{"@id":"https:\/\/pb.edu.pl\/dss\/#website"},"datePublished":"2021-11-26T13:12:51+00:00","dateModified":"2026-03-11T13:54:56+00:00","description":"&nbsp; Wykaz parametr\u00f3w podlegaj\u0105cych ocenie parametrycznej za lata 2023-2024 Wzorzec arkusza oceny okresowej nauczycieli akademickich za lata","breadcrumb":{"@id":"https:\/\/pb.edu.pl\/dss\/ocena-parametryczna\/#breadcrumb"},"inLanguage":"pl-PL","potentialAction":[{"@type":"ReadAction","target":["https:\/\/pb.edu.pl\/dss\/ocena-parametryczna\/"]}]},{"@type":"BreadcrumbList","@id":"https:\/\/pb.edu.pl\/dss\/ocena-parametryczna\/#breadcrumb","itemListElement":[{"@type":"ListItem","position":1,"name":"Strona g\u0142\u00f3wna","item":"https:\/\/pb.edu.pl\/dss\/"},{"@type":"ListItem","position":2,"name":"Ocena parametryczna w zakresie DSS"}]},{"@type":"WebSite","@id":"https:\/\/pb.edu.pl\/dss\/#website","url":"https:\/\/pb.edu.pl\/dss\/","name":"Dzia\u0142 Spraw Studenckich","description":"","potentialAction":[{"@type":"SearchAction","target":{"@type":"EntryPoint","urlTemplate":"https:\/\/pb.edu.pl\/dss\/?s={search_term_string}"},"query-input":{"@type":"PropertyValueSpecification","valueRequired":true,"valueName":"search_term_string"}}],"inLanguage":"pl-PL"}]}},"_links":{"self":[{"href":"https:\/\/pb.edu.pl\/dss\/wp-json\/wp\/v2\/pages\/384","targetHints":{"allow":["GET"]}}],"collection":[{"href":"https:\/\/pb.edu.pl\/dss\/wp-json\/wp\/v2\/pages"}],"about":[{"href":"https:\/\/pb.edu.pl\/dss\/wp-json\/wp\/v2\/types\/page"}],"author":[{"embeddable":true,"href":"https:\/\/pb.edu.pl\/dss\/wp-json\/wp\/v2\/users\/2"}],"replies":[{"embeddable":true,"href":"https:\/\/pb.edu.pl\/dss\/wp-json\/wp\/v2\/comments?post=384"}],"version-history":[{"count":2,"href":"https:\/\/pb.edu.pl\/dss\/wp-json\/wp\/v2\/pages\/384\/revisions"}],"predecessor-version":[{"id":1059,"href":"https:\/\/pb.edu.pl\/dss\/wp-json\/wp\/v2\/pages\/384\/revisions\/1059"}],"wp:attachment":[{"href":"https:\/\/pb.edu.pl\/dss\/wp-json\/wp\/v2\/media?parent=384"}],"curies":[{"name":"wp","href":"https:\/\/api.w.org\/{rel}","templated":true}]}}