{"id":38,"date":"2021-02-10T20:13:43","date_gmt":"2021-02-10T19:13:43","guid":{"rendered":"https:\/\/pb.edu.pl\/dssd\/?page_id=38"},"modified":"2021-11-26T14:02:02","modified_gmt":"2021-11-26T13:02:02","slug":"samorzad-i-uczelniane-organizacje-studenckie","status":"publish","type":"page","link":"https:\/\/pb.edu.pl\/dss\/samorzad-i-uczelniane-organizacje-studenckie\/","title":{"rendered":"Samorz\u0105d i uczelniane organizacje studenckie"},"content":{"rendered":"<p>Studenci Politechniki Bia\u0142ostockiej maj\u0105 prawo do zrzeszania si\u0119 w uczelnianych organizacjach studenckich.<\/p>\n<p><img loading=\"lazy\" decoding=\"async\" src=\"https:\/\/pb.edu.pl\/dss\/wp-content\/uploads\/sites\/166\/2021\/02\/people-2557399.jpg\" alt=\"studenci\" width=\"640\" height=\"429\" class=\"alignnone size-full wp-image-21\" srcset=\"https:\/\/pb.edu.pl\/dss\/wp-content\/uploads\/sites\/166\/2021\/02\/people-2557399.jpg 640w, https:\/\/pb.edu.pl\/dss\/wp-content\/uploads\/sites\/166\/2021\/02\/people-2557399-300x201.jpg 300w\" sizes=\"auto, (max-width: 640px) 100vw, 640px\" \/><\/p>\n","protected":false},"excerpt":{"rendered":"<p>Studenci Politechniki Bia\u0142ostockiej maj\u0105 prawo do zrzeszania si\u0119 w uczelnianych organizacjach studenckich.<\/p>\n","protected":false},"author":2,"featured_media":0,"parent":0,"menu_order":4,"comment_status":"closed","ping_status":"closed","template":"","meta":{"_acf_changed":false,"ngg_post_thumbnail":0,"footnotes":""},"class_list":["post-38","page","type-page","status-publish","hentry"],"acf":[],"yoast_head":"<!-- This site is optimized with the Yoast SEO plugin v27.0 - https:\/\/yoast.com\/product\/yoast-seo-wordpress\/ -->\n<title>Samorz\u0105d i uczelniane organizacje studenckie - Dzia\u0142 Spraw Studenckich<\/title>\n<meta name=\"description\" content=\"Studenci Politechniki Bia\u0142ostockiej maj\u0105 prawo do zrzeszania si\u0119 w uczelnianych organizacjach studenckich...\" \/>\n<meta name=\"robots\" content=\"index, follow, max-snippet:-1, max-image-preview:large, max-video-preview:-1\" \/>\n<link rel=\"canonical\" href=\"https:\/\/pb.edu.pl\/dss\/samorzad-i-uczelniane-organizacje-studenckie\/\" \/>\n<meta property=\"og:locale\" content=\"pl_PL\" \/>\n<meta property=\"og:type\" content=\"article\" \/>\n<meta property=\"og:title\" content=\"Samorz\u0105d i uczelniane organizacje studenckie - Dzia\u0142 Spraw Studenckich\" \/>\n<meta property=\"og:description\" content=\"Studenci Politechniki Bia\u0142ostockiej maj\u0105 prawo do zrzeszania si\u0119 w uczelnianych organizacjach studenckich...\" \/>\n<meta property=\"og:url\" content=\"https:\/\/pb.edu.pl\/dss\/samorzad-i-uczelniane-organizacje-studenckie\/\" \/>\n<meta property=\"og:site_name\" content=\"Dzia\u0142 Spraw Studenckich\" \/>\n<meta property=\"article:modified_time\" content=\"2021-11-26T13:02:02+00:00\" \/>\n<meta property=\"og:image\" content=\"https:\/\/pb.edu.pl\/dss\/wp-content\/uploads\/sites\/166\/2021\/02\/people-2557399.jpg\" \/>\n<script type=\"application\/ld+json\" class=\"yoast-schema-graph\">{\"@context\":\"https:\/\/schema.org\",\"@graph\":[{\"@type\":\"WebPage\",\"@id\":\"https:\/\/pb.edu.pl\/dss\/samorzad-i-uczelniane-organizacje-studenckie\/\",\"url\":\"https:\/\/pb.edu.pl\/dss\/samorzad-i-uczelniane-organizacje-studenckie\/\",\"name\":\"Samorz\u0105d i uczelniane organizacje studenckie - Dzia\u0142 Spraw Studenckich\",\"isPartOf\":{\"@id\":\"https:\/\/pb.edu.pl\/dss\/#website\"},\"primaryImageOfPage\":{\"@id\":\"https:\/\/pb.edu.pl\/dss\/samorzad-i-uczelniane-organizacje-studenckie\/#primaryimage\"},\"image\":{\"@id\":\"https:\/\/pb.edu.pl\/dss\/samorzad-i-uczelniane-organizacje-studenckie\/#primaryimage\"},\"thumbnailUrl\":\"https:\/\/pb.edu.pl\/dss\/wp-content\/uploads\/sites\/166\/2021\/02\/people-2557399.jpg\",\"datePublished\":\"2021-02-10T19:13:43+00:00\",\"dateModified\":\"2021-11-26T13:02:02+00:00\",\"description\":\"Studenci Politechniki Bia\u0142ostockiej maj\u0105 prawo do zrzeszania si\u0119 w uczelnianych organizacjach studenckich...\",\"breadcrumb\":{\"@id\":\"https:\/\/pb.edu.pl\/dss\/samorzad-i-uczelniane-organizacje-studenckie\/#breadcrumb\"},\"inLanguage\":\"pl-PL\",\"potentialAction\":[{\"@type\":\"ReadAction\",\"target\":[\"https:\/\/pb.edu.pl\/dss\/samorzad-i-uczelniane-organizacje-studenckie\/\"]}]},{\"@type\":\"ImageObject\",\"inLanguage\":\"pl-PL\",\"@id\":\"https:\/\/pb.edu.pl\/dss\/samorzad-i-uczelniane-organizacje-studenckie\/#primaryimage\",\"url\":\"https:\/\/pb.edu.pl\/dss\/wp-content\/uploads\/sites\/166\/2021\/02\/people-2557399.jpg\",\"contentUrl\":\"https:\/\/pb.edu.pl\/dss\/wp-content\/uploads\/sites\/166\/2021\/02\/people-2557399.jpg\",\"width\":640,\"height\":429,\"caption\":\"studenci\"},{\"@type\":\"BreadcrumbList\",\"@id\":\"https:\/\/pb.edu.pl\/dss\/samorzad-i-uczelniane-organizacje-studenckie\/#breadcrumb\",\"itemListElement\":[{\"@type\":\"ListItem\",\"position\":1,\"name\":\"Strona g\u0142\u00f3wna\",\"item\":\"https:\/\/pb.edu.pl\/dss\/\"},{\"@type\":\"ListItem\",\"position\":2,\"name\":\"Samorz\u0105d i uczelniane organizacje studenckie\"}]},{\"@type\":\"WebSite\",\"@id\":\"https:\/\/pb.edu.pl\/dss\/#website\",\"url\":\"https:\/\/pb.edu.pl\/dss\/\",\"name\":\"Dzia\u0142 Spraw Studenckich\",\"description\":\"\",\"potentialAction\":[{\"@type\":\"SearchAction\",\"target\":{\"@type\":\"EntryPoint\",\"urlTemplate\":\"https:\/\/pb.edu.pl\/dss\/?s={search_term_string}\"},\"query-input\":{\"@type\":\"PropertyValueSpecification\",\"valueRequired\":true,\"valueName\":\"search_term_string\"}}],\"inLanguage\":\"pl-PL\"}]}<\/script>\n<!-- \/ Yoast SEO plugin. -->","yoast_head_json":{"title":"Samorz\u0105d i uczelniane organizacje studenckie - Dzia\u0142 Spraw Studenckich","description":"Studenci Politechniki Bia\u0142ostockiej maj\u0105 prawo do zrzeszania si\u0119 w uczelnianych organizacjach studenckich...","robots":{"index":"index","follow":"follow","max-snippet":"max-snippet:-1","max-image-preview":"max-image-preview:large","max-video-preview":"max-video-preview:-1"},"canonical":"https:\/\/pb.edu.pl\/dss\/samorzad-i-uczelniane-organizacje-studenckie\/","og_locale":"pl_PL","og_type":"article","og_title":"Samorz\u0105d i uczelniane organizacje studenckie - Dzia\u0142 Spraw Studenckich","og_description":"Studenci Politechniki Bia\u0142ostockiej maj\u0105 prawo do zrzeszania si\u0119 w uczelnianych organizacjach studenckich...","og_url":"https:\/\/pb.edu.pl\/dss\/samorzad-i-uczelniane-organizacje-studenckie\/","og_site_name":"Dzia\u0142 Spraw Studenckich","article_modified_time":"2021-11-26T13:02:02+00:00","og_image":[{"url":"https:\/\/pb.edu.pl\/dss\/wp-content\/uploads\/sites\/166\/2021\/02\/people-2557399.jpg","type":"","width":"","height":""}],"schema":{"@context":"https:\/\/schema.org","@graph":[{"@type":"WebPage","@id":"https:\/\/pb.edu.pl\/dss\/samorzad-i-uczelniane-organizacje-studenckie\/","url":"https:\/\/pb.edu.pl\/dss\/samorzad-i-uczelniane-organizacje-studenckie\/","name":"Samorz\u0105d i uczelniane organizacje studenckie - Dzia\u0142 Spraw Studenckich","isPartOf":{"@id":"https:\/\/pb.edu.pl\/dss\/#website"},"primaryImageOfPage":{"@id":"https:\/\/pb.edu.pl\/dss\/samorzad-i-uczelniane-organizacje-studenckie\/#primaryimage"},"image":{"@id":"https:\/\/pb.edu.pl\/dss\/samorzad-i-uczelniane-organizacje-studenckie\/#primaryimage"},"thumbnailUrl":"https:\/\/pb.edu.pl\/dss\/wp-content\/uploads\/sites\/166\/2021\/02\/people-2557399.jpg","datePublished":"2021-02-10T19:13:43+00:00","dateModified":"2021-11-26T13:02:02+00:00","description":"Studenci Politechniki Bia\u0142ostockiej maj\u0105 prawo do zrzeszania si\u0119 w uczelnianych organizacjach studenckich...","breadcrumb":{"@id":"https:\/\/pb.edu.pl\/dss\/samorzad-i-uczelniane-organizacje-studenckie\/#breadcrumb"},"inLanguage":"pl-PL","potentialAction":[{"@type":"ReadAction","target":["https:\/\/pb.edu.pl\/dss\/samorzad-i-uczelniane-organizacje-studenckie\/"]}]},{"@type":"ImageObject","inLanguage":"pl-PL","@id":"https:\/\/pb.edu.pl\/dss\/samorzad-i-uczelniane-organizacje-studenckie\/#primaryimage","url":"https:\/\/pb.edu.pl\/dss\/wp-content\/uploads\/sites\/166\/2021\/02\/people-2557399.jpg","contentUrl":"https:\/\/pb.edu.pl\/dss\/wp-content\/uploads\/sites\/166\/2021\/02\/people-2557399.jpg","width":640,"height":429,"caption":"studenci"},{"@type":"BreadcrumbList","@id":"https:\/\/pb.edu.pl\/dss\/samorzad-i-uczelniane-organizacje-studenckie\/#breadcrumb","itemListElement":[{"@type":"ListItem","position":1,"name":"Strona g\u0142\u00f3wna","item":"https:\/\/pb.edu.pl\/dss\/"},{"@type":"ListItem","position":2,"name":"Samorz\u0105d i uczelniane organizacje studenckie"}]},{"@type":"WebSite","@id":"https:\/\/pb.edu.pl\/dss\/#website","url":"https:\/\/pb.edu.pl\/dss\/","name":"Dzia\u0142 Spraw Studenckich","description":"","potentialAction":[{"@type":"SearchAction","target":{"@type":"EntryPoint","urlTemplate":"https:\/\/pb.edu.pl\/dss\/?s={search_term_string}"},"query-input":{"@type":"PropertyValueSpecification","valueRequired":true,"valueName":"search_term_string"}}],"inLanguage":"pl-PL"}]}},"_links":{"self":[{"href":"https:\/\/pb.edu.pl\/dss\/wp-json\/wp\/v2\/pages\/38","targetHints":{"allow":["GET"]}}],"collection":[{"href":"https:\/\/pb.edu.pl\/dss\/wp-json\/wp\/v2\/pages"}],"about":[{"href":"https:\/\/pb.edu.pl\/dss\/wp-json\/wp\/v2\/types\/page"}],"author":[{"embeddable":true,"href":"https:\/\/pb.edu.pl\/dss\/wp-json\/wp\/v2\/users\/2"}],"replies":[{"embeddable":true,"href":"https:\/\/pb.edu.pl\/dss\/wp-json\/wp\/v2\/comments?post=38"}],"version-history":[{"count":0,"href":"https:\/\/pb.edu.pl\/dss\/wp-json\/wp\/v2\/pages\/38\/revisions"}],"wp:attachment":[{"href":"https:\/\/pb.edu.pl\/dss\/wp-json\/wp\/v2\/media?parent=38"}],"curies":[{"name":"wp","href":"https:\/\/api.w.org\/{rel}","templated":true}]}}