{"id":350,"date":"2021-11-26T13:16:22","date_gmt":"2021-11-26T12:16:22","guid":{"rendered":"https:\/\/pb.edu.pl\/dssd\/?page_id=350"},"modified":"2022-11-03T13:54:23","modified_gmt":"2022-11-03T12:54:23","slug":"wzory-dyplomow-ukonczenia-studiow-z-2021-roku","status":"publish","type":"page","link":"https:\/\/pb.edu.pl\/dss\/sprawy-studenckie\/dyplom\/wzory-dyplomow-ukonczenia-studiow-z-2021-roku\/","title":{"rendered":"Wzory dyplom\u00f3w uko\u0144czenia studi\u00f3w z 2021 roku"},"content":{"rendered":"<p>Data wprowadzenia wzoru do obrotu prawnego: 22 kwietnia 2021 roku<\/p>\n<p>Data rozpocz\u0119cia wydawania dokumentu: 12 lipca 2021 roku<\/p>\n<p>Okres wa\u017cno\u015bci dokumentu: bezterminowy<\/p>\n<p>Data zako\u0144czenia wydawania dokumentu: &#8211;<br \/>\n&nbsp;<\/p>\n<p><strong>Wzory dyplom\u00f3w obowi\u0105zuj\u0105ce od 12 lipca 2021 roku:<\/strong><br \/>\n<a class=\"pdf\" title=\"otworzy si\u0119 w nowej karcie\" href=\"https:\/\/pb.edu.pl\/dss\/wp-content\/uploads\/sites\/166\/2021\/11\/Uchwala-Senatu-w-sprawie-zatwierdzenia-wzorow-dyplomow-2021.pdf\" target=\"_blank\" rel=\"noopener\" data-id=\"366\">Uchwa\u0142a Nr 73\/IX\/XVI\/2021 Senatu Politechniki Bia\u0142ostockiej z dnia 22 kwietnia 2021 roku w sprawie zatwierdzenia wzor\u00f3w dyplom\u00f3w uko\u0144czenia studi\u00f3w pierwszego i drugiego stopnia na Politechnice Bia\u0142ostockiej (PDF, wersja dost\u0119pna cyfrowo, 482 KB)<\/a><br \/>\n&nbsp;<\/p>\n<p><a class=\"pdf\" title=\"otworzy si\u0119 w nowej karcie\" href=\"https:\/\/pb.edu.pl\/dss\/wp-content\/uploads\/sites\/166\/2021\/11\/wzor-dyplomu-ukonczenia-studiow-pierwszego-stopnia.pdf\" target=\"_blank\" rel=\"noopener\" data-id=\"368\"> Wz\u00f3r dyplomu uko\u0144czenia studi\u00f3w pierwszego stopnia (PDF, wersja dost\u0119pna cyfrowo, 2 MB)<\/a><\/p>\n<p><a class=\"pdf\" title=\"otworzy si\u0119 w nowej karcie\" href=\"https:\/\/pb.edu.pl\/dss\/wp-content\/uploads\/sites\/166\/2021\/11\/wzor-dyplomu-ukonczenia-studiow-drugiego-stopnia.pdf\" target=\"_blank\" rel=\"noopener\" data-id=\"369\">Wz\u00f3r dyplomu uko\u0144czenia studi\u00f3w drugiego stopnia (PDF, wersja dost\u0119pna cyfrowo, 2 MB)<\/a><br \/>\n&nbsp;<\/p>\n<p><strong>Dyplom uko\u0144czenia studi\u00f3w pierwszego stopnia na Politechnice Bia\u0142ostockiej:<\/strong><\/p>\n<p><a class=\"pdf\" title=\"otworzy si\u0119 w nowej karcie\" href=\"https:\/\/pb.edu.pl\/dss\/wp-content\/uploads\/sites\/166\/2022\/11\/wzorzec-dyplomu-ukonczenia-studiow-pierwszego-stopnia.pdf\" target=\"_blank\" rel=\"noopener\" data-id=\"639\">wzorzec dyplomu uko\u0144czenia studi\u00f3w pierwszego stopnia (PDF, wersja dost\u0119pna cyfrowo, 2 MB)<\/a><\/p>\n<p>oraz jego <a class=\"pdf\" title=\"otworzy si\u0119 w nowej karcie\" href=\"https:\/\/pb.edu.pl\/dss\/wp-content\/uploads\/sites\/166\/2021\/11\/elementy-charakterystyczne-dyplomu-pierwszego-stopnia.pdf\" target=\"_blank\" rel=\"noopener\" data-id=\"371\">elementy charakterystyczne (PDF, wersja dost\u0119pna cyfrowo, 2 MB)<\/a><br \/>\n&nbsp;<\/p>\n<p><strong>Dyplom uko\u0144czenia studi\u00f3w drugiego stopnia na Politechnice Bia\u0142ostockiej:<\/strong><\/p>\n<p><a class=\"pdf\" title=\"otworzy si\u0119 w nowej karcie\" href=\"https:\/\/pb.edu.pl\/dss\/wp-content\/uploads\/sites\/166\/2022\/11\/wzorzec-dyplomu-ukonczenia-studiow-drugiego-stopnia.pdf\" target=\"_blank\" rel=\"noopener\" data-id=\"641\">wzorzec dyplomu uko\u0144czenia studi\u00f3w drugiego stopnia (PDF, wersja dost\u0119pna cyfrowo, 2 MB)<\/a><br \/>\noraz jego <a class=\"pdf\" title=\"otworzy si\u0119 w nowej karcie\" href=\"https:\/\/pb.edu.pl\/dss\/wp-content\/uploads\/sites\/166\/2021\/11\/elementy-charakterystyczne-dyplomu-drugiego-stopnia.pdf\" target=\"_blank\" rel=\"noopener\" data-id=\"373\">elementy charakterystyczne (PDF, wersja dost\u0119pna cyfrowo, 2 MB)<\/a><br \/>\n&nbsp;<\/p>\n<p><a class=\"pdf\" title=\"otworzy si\u0119 w nowej karcie\" href=\"https:\/\/pb.edu.pl\/dss\/wp-content\/uploads\/sites\/166\/2021\/11\/informacja-o-elementach-zabezpieczen-przed-falszerstwem.pdf\" target=\"_blank\" rel=\"noopener\" data-id=\"374\">Informacja o elementach zabezpiecze\u0144 przed fa\u0142szerstwem przeznaczonych do weryfikacji autentyczno\u015bci dyplomu uko\u0144czenia studi\u00f3w (PDF, wersja dost\u0119pna cyfrowo, 2 MB)<\/a><br \/>\n&nbsp;<\/p>\n","protected":false},"excerpt":{"rendered":"<p>Data wprowadzenia wzoru do obrotu prawnego: 22 kwietnia 2021 roku Data rozpocz\u0119cia wydawania dokumentu: 12<\/p>\n","protected":false},"author":2,"featured_media":0,"parent":335,"menu_order":2,"comment_status":"closed","ping_status":"closed","template":"","meta":{"_acf_changed":false,"ngg_post_thumbnail":0,"footnotes":""},"class_list":["post-350","page","type-page","status-publish","hentry"],"acf":[],"yoast_head":"<!-- This site is optimized with the Yoast SEO plugin v27.0 - https:\/\/yoast.com\/product\/yoast-seo-wordpress\/ -->\n<title>Wzory dyplom\u00f3w uko\u0144czenia studi\u00f3w z 2021 roku - Dzia\u0142 Spraw Studenckich<\/title>\n<meta name=\"description\" content=\"Data wprowadzenia wzoru do obrotu prawnego: 22 kwietnia 2021 roku Data rozpocz\u0119cia wydawania dokumentu: 12 lipca 2021 roku Okres wa\u017cno\u015bci dokumentu:\" \/>\n<meta name=\"robots\" content=\"index, follow, max-snippet:-1, max-image-preview:large, max-video-preview:-1\" \/>\n<link rel=\"canonical\" href=\"https:\/\/pb.edu.pl\/dss\/sprawy-studenckie\/dyplom\/wzory-dyplomow-ukonczenia-studiow-z-2021-roku\/\" \/>\n<meta property=\"og:locale\" content=\"pl_PL\" \/>\n<meta property=\"og:type\" content=\"article\" \/>\n<meta property=\"og:title\" content=\"Wzory dyplom\u00f3w uko\u0144czenia studi\u00f3w z 2021 roku - Dzia\u0142 Spraw Studenckich\" \/>\n<meta property=\"og:description\" content=\"Data wprowadzenia wzoru do obrotu prawnego: 22 kwietnia 2021 roku Data rozpocz\u0119cia wydawania dokumentu: 12 lipca 2021 roku Okres wa\u017cno\u015bci dokumentu:\" \/>\n<meta property=\"og:url\" content=\"https:\/\/pb.edu.pl\/dss\/sprawy-studenckie\/dyplom\/wzory-dyplomow-ukonczenia-studiow-z-2021-roku\/\" \/>\n<meta property=\"og:site_name\" content=\"Dzia\u0142 Spraw Studenckich\" \/>\n<meta property=\"article:modified_time\" content=\"2022-11-03T12:54:23+00:00\" \/>\n<meta name=\"twitter:label1\" content=\"Szacowany czas czytania\" \/>\n\t<meta name=\"twitter:data1\" content=\"1 minuta\" \/>\n<script type=\"application\/ld+json\" class=\"yoast-schema-graph\">{\"@context\":\"https:\/\/schema.org\",\"@graph\":[{\"@type\":\"WebPage\",\"@id\":\"https:\/\/pb.edu.pl\/dss\/sprawy-studenckie\/dyplom\/wzory-dyplomow-ukonczenia-studiow-z-2021-roku\/\",\"url\":\"https:\/\/pb.edu.pl\/dss\/sprawy-studenckie\/dyplom\/wzory-dyplomow-ukonczenia-studiow-z-2021-roku\/\",\"name\":\"Wzory dyplom\u00f3w uko\u0144czenia studi\u00f3w z 2021 roku - Dzia\u0142 Spraw Studenckich\",\"isPartOf\":{\"@id\":\"https:\/\/pb.edu.pl\/dss\/#website\"},\"datePublished\":\"2021-11-26T12:16:22+00:00\",\"dateModified\":\"2022-11-03T12:54:23+00:00\",\"description\":\"Data wprowadzenia wzoru do obrotu prawnego: 22 kwietnia 2021 roku Data rozpocz\u0119cia wydawania dokumentu: 12 lipca 2021 roku Okres wa\u017cno\u015bci dokumentu:\",\"breadcrumb\":{\"@id\":\"https:\/\/pb.edu.pl\/dss\/sprawy-studenckie\/dyplom\/wzory-dyplomow-ukonczenia-studiow-z-2021-roku\/#breadcrumb\"},\"inLanguage\":\"pl-PL\",\"potentialAction\":[{\"@type\":\"ReadAction\",\"target\":[\"https:\/\/pb.edu.pl\/dss\/sprawy-studenckie\/dyplom\/wzory-dyplomow-ukonczenia-studiow-z-2021-roku\/\"]}]},{\"@type\":\"BreadcrumbList\",\"@id\":\"https:\/\/pb.edu.pl\/dss\/sprawy-studenckie\/dyplom\/wzory-dyplomow-ukonczenia-studiow-z-2021-roku\/#breadcrumb\",\"itemListElement\":[{\"@type\":\"ListItem\",\"position\":1,\"name\":\"Strona g\u0142\u00f3wna\",\"item\":\"https:\/\/pb.edu.pl\/dss\/\"},{\"@type\":\"ListItem\",\"position\":2,\"name\":\"Sprawy studenckie\",\"item\":\"https:\/\/pb.edu.pl\/dss\/sprawy-studenckie\/\"},{\"@type\":\"ListItem\",\"position\":3,\"name\":\"Dyplom\",\"item\":\"https:\/\/pb.edu.pl\/dss\/sprawy-studenckie\/dyplom\/\"},{\"@type\":\"ListItem\",\"position\":4,\"name\":\"Wzory dyplom\u00f3w uko\u0144czenia studi\u00f3w z 2021 roku\"}]},{\"@type\":\"WebSite\",\"@id\":\"https:\/\/pb.edu.pl\/dss\/#website\",\"url\":\"https:\/\/pb.edu.pl\/dss\/\",\"name\":\"Dzia\u0142 Spraw Studenckich\",\"description\":\"\",\"potentialAction\":[{\"@type\":\"SearchAction\",\"target\":{\"@type\":\"EntryPoint\",\"urlTemplate\":\"https:\/\/pb.edu.pl\/dss\/?s={search_term_string}\"},\"query-input\":{\"@type\":\"PropertyValueSpecification\",\"valueRequired\":true,\"valueName\":\"search_term_string\"}}],\"inLanguage\":\"pl-PL\"}]}<\/script>\n<!-- \/ Yoast SEO plugin. -->","yoast_head_json":{"title":"Wzory dyplom\u00f3w uko\u0144czenia studi\u00f3w z 2021 roku - Dzia\u0142 Spraw Studenckich","description":"Data wprowadzenia wzoru do obrotu prawnego: 22 kwietnia 2021 roku Data rozpocz\u0119cia wydawania dokumentu: 12 lipca 2021 roku Okres wa\u017cno\u015bci dokumentu:","robots":{"index":"index","follow":"follow","max-snippet":"max-snippet:-1","max-image-preview":"max-image-preview:large","max-video-preview":"max-video-preview:-1"},"canonical":"https:\/\/pb.edu.pl\/dss\/sprawy-studenckie\/dyplom\/wzory-dyplomow-ukonczenia-studiow-z-2021-roku\/","og_locale":"pl_PL","og_type":"article","og_title":"Wzory dyplom\u00f3w uko\u0144czenia studi\u00f3w z 2021 roku - Dzia\u0142 Spraw Studenckich","og_description":"Data wprowadzenia wzoru do obrotu prawnego: 22 kwietnia 2021 roku Data rozpocz\u0119cia wydawania dokumentu: 12 lipca 2021 roku Okres wa\u017cno\u015bci dokumentu:","og_url":"https:\/\/pb.edu.pl\/dss\/sprawy-studenckie\/dyplom\/wzory-dyplomow-ukonczenia-studiow-z-2021-roku\/","og_site_name":"Dzia\u0142 Spraw Studenckich","article_modified_time":"2022-11-03T12:54:23+00:00","twitter_misc":{"Szacowany czas czytania":"1 minuta"},"schema":{"@context":"https:\/\/schema.org","@graph":[{"@type":"WebPage","@id":"https:\/\/pb.edu.pl\/dss\/sprawy-studenckie\/dyplom\/wzory-dyplomow-ukonczenia-studiow-z-2021-roku\/","url":"https:\/\/pb.edu.pl\/dss\/sprawy-studenckie\/dyplom\/wzory-dyplomow-ukonczenia-studiow-z-2021-roku\/","name":"Wzory dyplom\u00f3w uko\u0144czenia studi\u00f3w z 2021 roku - Dzia\u0142 Spraw Studenckich","isPartOf":{"@id":"https:\/\/pb.edu.pl\/dss\/#website"},"datePublished":"2021-11-26T12:16:22+00:00","dateModified":"2022-11-03T12:54:23+00:00","description":"Data wprowadzenia wzoru do obrotu prawnego: 22 kwietnia 2021 roku Data rozpocz\u0119cia wydawania dokumentu: 12 lipca 2021 roku Okres wa\u017cno\u015bci dokumentu:","breadcrumb":{"@id":"https:\/\/pb.edu.pl\/dss\/sprawy-studenckie\/dyplom\/wzory-dyplomow-ukonczenia-studiow-z-2021-roku\/#breadcrumb"},"inLanguage":"pl-PL","potentialAction":[{"@type":"ReadAction","target":["https:\/\/pb.edu.pl\/dss\/sprawy-studenckie\/dyplom\/wzory-dyplomow-ukonczenia-studiow-z-2021-roku\/"]}]},{"@type":"BreadcrumbList","@id":"https:\/\/pb.edu.pl\/dss\/sprawy-studenckie\/dyplom\/wzory-dyplomow-ukonczenia-studiow-z-2021-roku\/#breadcrumb","itemListElement":[{"@type":"ListItem","position":1,"name":"Strona g\u0142\u00f3wna","item":"https:\/\/pb.edu.pl\/dss\/"},{"@type":"ListItem","position":2,"name":"Sprawy studenckie","item":"https:\/\/pb.edu.pl\/dss\/sprawy-studenckie\/"},{"@type":"ListItem","position":3,"name":"Dyplom","item":"https:\/\/pb.edu.pl\/dss\/sprawy-studenckie\/dyplom\/"},{"@type":"ListItem","position":4,"name":"Wzory dyplom\u00f3w uko\u0144czenia studi\u00f3w z 2021 roku"}]},{"@type":"WebSite","@id":"https:\/\/pb.edu.pl\/dss\/#website","url":"https:\/\/pb.edu.pl\/dss\/","name":"Dzia\u0142 Spraw Studenckich","description":"","potentialAction":[{"@type":"SearchAction","target":{"@type":"EntryPoint","urlTemplate":"https:\/\/pb.edu.pl\/dss\/?s={search_term_string}"},"query-input":{"@type":"PropertyValueSpecification","valueRequired":true,"valueName":"search_term_string"}}],"inLanguage":"pl-PL"}]}},"_links":{"self":[{"href":"https:\/\/pb.edu.pl\/dss\/wp-json\/wp\/v2\/pages\/350","targetHints":{"allow":["GET"]}}],"collection":[{"href":"https:\/\/pb.edu.pl\/dss\/wp-json\/wp\/v2\/pages"}],"about":[{"href":"https:\/\/pb.edu.pl\/dss\/wp-json\/wp\/v2\/types\/page"}],"author":[{"embeddable":true,"href":"https:\/\/pb.edu.pl\/dss\/wp-json\/wp\/v2\/users\/2"}],"replies":[{"embeddable":true,"href":"https:\/\/pb.edu.pl\/dss\/wp-json\/wp\/v2\/comments?post=350"}],"version-history":[{"count":0,"href":"https:\/\/pb.edu.pl\/dss\/wp-json\/wp\/v2\/pages\/350\/revisions"}],"up":[{"embeddable":true,"href":"https:\/\/pb.edu.pl\/dss\/wp-json\/wp\/v2\/pages\/335"}],"wp:attachment":[{"href":"https:\/\/pb.edu.pl\/dss\/wp-json\/wp\/v2\/media?parent=350"}],"curies":[{"name":"wp","href":"https:\/\/api.w.org\/{rel}","templated":true}]}}