{"id":348,"date":"2021-11-26T13:15:31","date_gmt":"2021-11-26T12:15:31","guid":{"rendered":"https:\/\/pb.edu.pl\/dssd\/?page_id=348"},"modified":"2021-11-26T19:10:21","modified_gmt":"2021-11-26T18:10:21","slug":"wzory-dyplomow-ukonczenia-studiow-z-2019-roku","status":"publish","type":"page","link":"https:\/\/pb.edu.pl\/dss\/sprawy-studenckie\/dyplom\/wzory-dyplomow-ukonczenia-studiow-z-2019-roku\/","title":{"rendered":"Wzory dyplom\u00f3w uko\u0144czenia studi\u00f3w z 2019 roku"},"content":{"rendered":"<p>Data wprowadzenia wzoru do obrotu prawnego: 23 maja 2019 roku<\/p>\n<p>Data rozpocz\u0119cia wydawania dokumentu: 1 pa\u017adziernika 2019 roku<\/p>\n<p>Okres wa\u017cno\u015bci dokumentu: bezterminowy<\/p>\n<p>Data zako\u0144czenia wydawania dokumentu: 11 lipca 2021 roku<br \/>\n&nbsp;<\/p>\n<p><a title=\"otworzy si\u0119 w nowej karcie\" class=\"pdf\" href=\"https:\/\/pb.edu.pl\/dss\/wp-content\/uploads\/sites\/166\/2021\/11\/uchwala-Senatu-w-sprawie-zatwierdzenia-wzorow-dyplomow-2019.pdf\" target=\"_blank\" data-id=\"357\" rel=\"noopener\">Uchwa\u0142a Nr 442\/XXV\/XV\/2019 Senatu Politechniki Bia\u0142ostockiej z dnia 23 maja 2019 roku w sprawie zatwierdzenia wzor\u00f3w dyplom\u00f3w uko\u0144czenia studi\u00f3w pierwszego i drugiego stopnia na Politechnice Bia\u0142ostockiej <span>(PDF, wersja dost\u0119pna cyfrowo, 443 KB)<\/span><\/a><br \/>\n&nbsp;<\/p>\n<p><strong>Wz\u00f3r dyplomu uko\u0144czenia studi\u00f3w pierwszego stopnia:<\/strong><br \/>\n<a href=\"https:\/\/pb.edu.pl\/dss\/wp-content\/uploads\/sites\/166\/2021\/11\/wzor-dyplomu-ukonczenia-studiow-pierwszego-stopnia-2048x1449-1.jpg\"><img loading=\"lazy\" decoding=\"async\" src=\"https:\/\/pb.edu.pl\/dss\/wp-content\/uploads\/sites\/166\/2021\/11\/wzor-dyplomu-ukonczenia-studiow-pierwszego-stopnia-2048x1449-1.jpg\" alt=\"Wz\u00f3r dyplomu uko\u0144czenia studi\u00f3w pierwszego stopnia\" width=\"2048\" height=\"1449\" class=\"aligncenter size-full wp-image-361\" srcset=\"https:\/\/pb.edu.pl\/dss\/wp-content\/uploads\/sites\/166\/2021\/11\/wzor-dyplomu-ukonczenia-studiow-pierwszego-stopnia-2048x1449-1.jpg 2048w, https:\/\/pb.edu.pl\/dss\/wp-content\/uploads\/sites\/166\/2021\/11\/wzor-dyplomu-ukonczenia-studiow-pierwszego-stopnia-2048x1449-1-300x212.jpg 300w, https:\/\/pb.edu.pl\/dss\/wp-content\/uploads\/sites\/166\/2021\/11\/wzor-dyplomu-ukonczenia-studiow-pierwszego-stopnia-2048x1449-1-1024x725.jpg 1024w, https:\/\/pb.edu.pl\/dss\/wp-content\/uploads\/sites\/166\/2021\/11\/wzor-dyplomu-ukonczenia-studiow-pierwszego-stopnia-2048x1449-1-768x543.jpg 768w, https:\/\/pb.edu.pl\/dss\/wp-content\/uploads\/sites\/166\/2021\/11\/wzor-dyplomu-ukonczenia-studiow-pierwszego-stopnia-2048x1449-1-1536x1087.jpg 1536w\" sizes=\"auto, (max-width: 2048px) 100vw, 2048px\" \/><\/a><br \/>\n&nbsp;<\/p>\n<p><strong>Wz\u00f3r dyplomu uko\u0144czenia studi\u00f3w drugiego stopnia:<\/strong><br \/>\n<a href=\"https:\/\/pb.edu.pl\/dss\/wp-content\/uploads\/sites\/166\/2021\/11\/wzor-dyplomu-ukonczenia-studiow-drugiego-stopnia-2048x1449-1.jpg\"><img loading=\"lazy\" decoding=\"async\" src=\"https:\/\/pb.edu.pl\/dss\/wp-content\/uploads\/sites\/166\/2021\/11\/wzor-dyplomu-ukonczenia-studiow-drugiego-stopnia-2048x1449-1.jpg\" alt=\"Wz\u00f3r dyplomu uko\u0144czenia studi\u00f3w drugiego stopnia\" width=\"2048\" height=\"1449\" class=\"aligncenter size-full wp-image-362\" srcset=\"https:\/\/pb.edu.pl\/dss\/wp-content\/uploads\/sites\/166\/2021\/11\/wzor-dyplomu-ukonczenia-studiow-drugiego-stopnia-2048x1449-1.jpg 2048w, https:\/\/pb.edu.pl\/dss\/wp-content\/uploads\/sites\/166\/2021\/11\/wzor-dyplomu-ukonczenia-studiow-drugiego-stopnia-2048x1449-1-300x212.jpg 300w, https:\/\/pb.edu.pl\/dss\/wp-content\/uploads\/sites\/166\/2021\/11\/wzor-dyplomu-ukonczenia-studiow-drugiego-stopnia-2048x1449-1-1024x725.jpg 1024w, https:\/\/pb.edu.pl\/dss\/wp-content\/uploads\/sites\/166\/2021\/11\/wzor-dyplomu-ukonczenia-studiow-drugiego-stopnia-2048x1449-1-768x543.jpg 768w, https:\/\/pb.edu.pl\/dss\/wp-content\/uploads\/sites\/166\/2021\/11\/wzor-dyplomu-ukonczenia-studiow-drugiego-stopnia-2048x1449-1-1536x1087.jpg 1536w\" sizes=\"auto, (max-width: 2048px) 100vw, 2048px\" \/><\/a><\/p>\n<p>&nbsp;<br \/>\n<a title=\"otworzy si\u0119 w nowej karcie\" class=\"pdf\" href=\"https:\/\/pb.edu.pl\/dss\/wp-content\/uploads\/sites\/166\/2021\/11\/opis-dyplomu-ukonczenia-studiow-pierwszego-i-drugiego-stopnia.pdf\" target=\"_blank\" data-id=\"363\" rel=\"noopener\">Opis dyplomu uko\u0144czenia studi\u00f3w pierwszego i drugiego stopnia wraz z informacj\u0105 o elementach zabezpiecze\u0144 przed fa\u0142szerstwem przeznaczonych do weryfikacji autentyczno\u015bci dyplomu uko\u0144czenia studi\u00f3w <span>(PDF, wersja dost\u0119pna cyfrowo, 307 KB)<\/span><\/a><br \/>\n&nbsp;<\/p>\n","protected":false},"excerpt":{"rendered":"<p>Data wprowadzenia wzoru do obrotu prawnego: 23 maja 2019 roku Data rozpocz\u0119cia wydawania dokumentu: 1<\/p>\n","protected":false},"author":2,"featured_media":0,"parent":335,"menu_order":1,"comment_status":"closed","ping_status":"closed","template":"","meta":{"_acf_changed":false,"ngg_post_thumbnail":0,"footnotes":""},"class_list":["post-348","page","type-page","status-publish","hentry"],"acf":[],"yoast_head":"<!-- This site is optimized with the Yoast SEO plugin v27.0 - https:\/\/yoast.com\/product\/yoast-seo-wordpress\/ -->\n<title>Wzory dyplom\u00f3w uko\u0144czenia studi\u00f3w z 2019 roku - Dzia\u0142 Spraw Studenckich<\/title>\n<meta name=\"description\" content=\"Data wprowadzenia wzoru do obrotu prawnego: 23 maja 2019 roku Data rozpocz\u0119cia wydawania dokumentu: 1 pa\u017adziernika 2019 roku Okres wa\u017cno\u015bci dokumentu:\" \/>\n<meta name=\"robots\" content=\"index, follow, max-snippet:-1, max-image-preview:large, max-video-preview:-1\" \/>\n<link rel=\"canonical\" href=\"https:\/\/pb.edu.pl\/dss\/sprawy-studenckie\/dyplom\/wzory-dyplomow-ukonczenia-studiow-z-2019-roku\/\" \/>\n<meta property=\"og:locale\" content=\"pl_PL\" \/>\n<meta property=\"og:type\" content=\"article\" \/>\n<meta property=\"og:title\" content=\"Wzory dyplom\u00f3w uko\u0144czenia studi\u00f3w z 2019 roku - Dzia\u0142 Spraw Studenckich\" \/>\n<meta property=\"og:description\" content=\"Data wprowadzenia wzoru do obrotu prawnego: 23 maja 2019 roku Data rozpocz\u0119cia wydawania dokumentu: 1 pa\u017adziernika 2019 roku Okres wa\u017cno\u015bci dokumentu:\" \/>\n<meta property=\"og:url\" content=\"https:\/\/pb.edu.pl\/dss\/sprawy-studenckie\/dyplom\/wzory-dyplomow-ukonczenia-studiow-z-2019-roku\/\" \/>\n<meta property=\"og:site_name\" content=\"Dzia\u0142 Spraw Studenckich\" \/>\n<meta property=\"article:modified_time\" content=\"2021-11-26T18:10:21+00:00\" \/>\n<meta property=\"og:image\" content=\"https:\/\/pb.edu.pl\/dss\/wp-content\/uploads\/sites\/166\/2021\/11\/wzor-dyplomu-ukonczenia-studiow-pierwszego-stopnia-2048x1449-1.jpg\" \/>\n<meta name=\"twitter:label1\" content=\"Szacowany czas czytania\" \/>\n\t<meta name=\"twitter:data1\" content=\"1 minuta\" \/>\n<script type=\"application\/ld+json\" class=\"yoast-schema-graph\">{\"@context\":\"https:\/\/schema.org\",\"@graph\":[{\"@type\":\"WebPage\",\"@id\":\"https:\/\/pb.edu.pl\/dss\/sprawy-studenckie\/dyplom\/wzory-dyplomow-ukonczenia-studiow-z-2019-roku\/\",\"url\":\"https:\/\/pb.edu.pl\/dss\/sprawy-studenckie\/dyplom\/wzory-dyplomow-ukonczenia-studiow-z-2019-roku\/\",\"name\":\"Wzory dyplom\u00f3w uko\u0144czenia studi\u00f3w z 2019 roku - Dzia\u0142 Spraw Studenckich\",\"isPartOf\":{\"@id\":\"https:\/\/pb.edu.pl\/dss\/#website\"},\"primaryImageOfPage\":{\"@id\":\"https:\/\/pb.edu.pl\/dss\/sprawy-studenckie\/dyplom\/wzory-dyplomow-ukonczenia-studiow-z-2019-roku\/#primaryimage\"},\"image\":{\"@id\":\"https:\/\/pb.edu.pl\/dss\/sprawy-studenckie\/dyplom\/wzory-dyplomow-ukonczenia-studiow-z-2019-roku\/#primaryimage\"},\"thumbnailUrl\":\"https:\/\/pb.edu.pl\/dss\/wp-content\/uploads\/sites\/166\/2021\/11\/wzor-dyplomu-ukonczenia-studiow-pierwszego-stopnia-2048x1449-1.jpg\",\"datePublished\":\"2021-11-26T12:15:31+00:00\",\"dateModified\":\"2021-11-26T18:10:21+00:00\",\"description\":\"Data wprowadzenia wzoru do obrotu prawnego: 23 maja 2019 roku Data rozpocz\u0119cia wydawania dokumentu: 1 pa\u017adziernika 2019 roku Okres wa\u017cno\u015bci dokumentu:\",\"breadcrumb\":{\"@id\":\"https:\/\/pb.edu.pl\/dss\/sprawy-studenckie\/dyplom\/wzory-dyplomow-ukonczenia-studiow-z-2019-roku\/#breadcrumb\"},\"inLanguage\":\"pl-PL\",\"potentialAction\":[{\"@type\":\"ReadAction\",\"target\":[\"https:\/\/pb.edu.pl\/dss\/sprawy-studenckie\/dyplom\/wzory-dyplomow-ukonczenia-studiow-z-2019-roku\/\"]}]},{\"@type\":\"ImageObject\",\"inLanguage\":\"pl-PL\",\"@id\":\"https:\/\/pb.edu.pl\/dss\/sprawy-studenckie\/dyplom\/wzory-dyplomow-ukonczenia-studiow-z-2019-roku\/#primaryimage\",\"url\":\"https:\/\/pb.edu.pl\/dss\/wp-content\/uploads\/sites\/166\/2021\/11\/wzor-dyplomu-ukonczenia-studiow-pierwszego-stopnia-2048x1449-1.jpg\",\"contentUrl\":\"https:\/\/pb.edu.pl\/dss\/wp-content\/uploads\/sites\/166\/2021\/11\/wzor-dyplomu-ukonczenia-studiow-pierwszego-stopnia-2048x1449-1.jpg\",\"width\":2048,\"height\":1449,\"caption\":\"ss\"},{\"@type\":\"BreadcrumbList\",\"@id\":\"https:\/\/pb.edu.pl\/dss\/sprawy-studenckie\/dyplom\/wzory-dyplomow-ukonczenia-studiow-z-2019-roku\/#breadcrumb\",\"itemListElement\":[{\"@type\":\"ListItem\",\"position\":1,\"name\":\"Strona g\u0142\u00f3wna\",\"item\":\"https:\/\/pb.edu.pl\/dss\/\"},{\"@type\":\"ListItem\",\"position\":2,\"name\":\"Sprawy studenckie\",\"item\":\"https:\/\/pb.edu.pl\/dss\/sprawy-studenckie\/\"},{\"@type\":\"ListItem\",\"position\":3,\"name\":\"Dyplom\",\"item\":\"https:\/\/pb.edu.pl\/dss\/sprawy-studenckie\/dyplom\/\"},{\"@type\":\"ListItem\",\"position\":4,\"name\":\"Wzory dyplom\u00f3w uko\u0144czenia studi\u00f3w z 2019 roku\"}]},{\"@type\":\"WebSite\",\"@id\":\"https:\/\/pb.edu.pl\/dss\/#website\",\"url\":\"https:\/\/pb.edu.pl\/dss\/\",\"name\":\"Dzia\u0142 Spraw Studenckich\",\"description\":\"\",\"potentialAction\":[{\"@type\":\"SearchAction\",\"target\":{\"@type\":\"EntryPoint\",\"urlTemplate\":\"https:\/\/pb.edu.pl\/dss\/?s={search_term_string}\"},\"query-input\":{\"@type\":\"PropertyValueSpecification\",\"valueRequired\":true,\"valueName\":\"search_term_string\"}}],\"inLanguage\":\"pl-PL\"}]}<\/script>\n<!-- \/ Yoast SEO plugin. -->","yoast_head_json":{"title":"Wzory dyplom\u00f3w uko\u0144czenia studi\u00f3w z 2019 roku - Dzia\u0142 Spraw Studenckich","description":"Data wprowadzenia wzoru do obrotu prawnego: 23 maja 2019 roku Data rozpocz\u0119cia wydawania dokumentu: 1 pa\u017adziernika 2019 roku Okres wa\u017cno\u015bci dokumentu:","robots":{"index":"index","follow":"follow","max-snippet":"max-snippet:-1","max-image-preview":"max-image-preview:large","max-video-preview":"max-video-preview:-1"},"canonical":"https:\/\/pb.edu.pl\/dss\/sprawy-studenckie\/dyplom\/wzory-dyplomow-ukonczenia-studiow-z-2019-roku\/","og_locale":"pl_PL","og_type":"article","og_title":"Wzory dyplom\u00f3w uko\u0144czenia studi\u00f3w z 2019 roku - Dzia\u0142 Spraw Studenckich","og_description":"Data wprowadzenia wzoru do obrotu prawnego: 23 maja 2019 roku Data rozpocz\u0119cia wydawania dokumentu: 1 pa\u017adziernika 2019 roku Okres wa\u017cno\u015bci dokumentu:","og_url":"https:\/\/pb.edu.pl\/dss\/sprawy-studenckie\/dyplom\/wzory-dyplomow-ukonczenia-studiow-z-2019-roku\/","og_site_name":"Dzia\u0142 Spraw Studenckich","article_modified_time":"2021-11-26T18:10:21+00:00","og_image":[{"url":"https:\/\/pb.edu.pl\/dss\/wp-content\/uploads\/sites\/166\/2021\/11\/wzor-dyplomu-ukonczenia-studiow-pierwszego-stopnia-2048x1449-1.jpg","type":"","width":"","height":""}],"twitter_misc":{"Szacowany czas czytania":"1 minuta"},"schema":{"@context":"https:\/\/schema.org","@graph":[{"@type":"WebPage","@id":"https:\/\/pb.edu.pl\/dss\/sprawy-studenckie\/dyplom\/wzory-dyplomow-ukonczenia-studiow-z-2019-roku\/","url":"https:\/\/pb.edu.pl\/dss\/sprawy-studenckie\/dyplom\/wzory-dyplomow-ukonczenia-studiow-z-2019-roku\/","name":"Wzory dyplom\u00f3w uko\u0144czenia studi\u00f3w z 2019 roku - Dzia\u0142 Spraw Studenckich","isPartOf":{"@id":"https:\/\/pb.edu.pl\/dss\/#website"},"primaryImageOfPage":{"@id":"https:\/\/pb.edu.pl\/dss\/sprawy-studenckie\/dyplom\/wzory-dyplomow-ukonczenia-studiow-z-2019-roku\/#primaryimage"},"image":{"@id":"https:\/\/pb.edu.pl\/dss\/sprawy-studenckie\/dyplom\/wzory-dyplomow-ukonczenia-studiow-z-2019-roku\/#primaryimage"},"thumbnailUrl":"https:\/\/pb.edu.pl\/dss\/wp-content\/uploads\/sites\/166\/2021\/11\/wzor-dyplomu-ukonczenia-studiow-pierwszego-stopnia-2048x1449-1.jpg","datePublished":"2021-11-26T12:15:31+00:00","dateModified":"2021-11-26T18:10:21+00:00","description":"Data wprowadzenia wzoru do obrotu prawnego: 23 maja 2019 roku Data rozpocz\u0119cia wydawania dokumentu: 1 pa\u017adziernika 2019 roku Okres wa\u017cno\u015bci dokumentu:","breadcrumb":{"@id":"https:\/\/pb.edu.pl\/dss\/sprawy-studenckie\/dyplom\/wzory-dyplomow-ukonczenia-studiow-z-2019-roku\/#breadcrumb"},"inLanguage":"pl-PL","potentialAction":[{"@type":"ReadAction","target":["https:\/\/pb.edu.pl\/dss\/sprawy-studenckie\/dyplom\/wzory-dyplomow-ukonczenia-studiow-z-2019-roku\/"]}]},{"@type":"ImageObject","inLanguage":"pl-PL","@id":"https:\/\/pb.edu.pl\/dss\/sprawy-studenckie\/dyplom\/wzory-dyplomow-ukonczenia-studiow-z-2019-roku\/#primaryimage","url":"https:\/\/pb.edu.pl\/dss\/wp-content\/uploads\/sites\/166\/2021\/11\/wzor-dyplomu-ukonczenia-studiow-pierwszego-stopnia-2048x1449-1.jpg","contentUrl":"https:\/\/pb.edu.pl\/dss\/wp-content\/uploads\/sites\/166\/2021\/11\/wzor-dyplomu-ukonczenia-studiow-pierwszego-stopnia-2048x1449-1.jpg","width":2048,"height":1449,"caption":"ss"},{"@type":"BreadcrumbList","@id":"https:\/\/pb.edu.pl\/dss\/sprawy-studenckie\/dyplom\/wzory-dyplomow-ukonczenia-studiow-z-2019-roku\/#breadcrumb","itemListElement":[{"@type":"ListItem","position":1,"name":"Strona g\u0142\u00f3wna","item":"https:\/\/pb.edu.pl\/dss\/"},{"@type":"ListItem","position":2,"name":"Sprawy studenckie","item":"https:\/\/pb.edu.pl\/dss\/sprawy-studenckie\/"},{"@type":"ListItem","position":3,"name":"Dyplom","item":"https:\/\/pb.edu.pl\/dss\/sprawy-studenckie\/dyplom\/"},{"@type":"ListItem","position":4,"name":"Wzory dyplom\u00f3w uko\u0144czenia studi\u00f3w z 2019 roku"}]},{"@type":"WebSite","@id":"https:\/\/pb.edu.pl\/dss\/#website","url":"https:\/\/pb.edu.pl\/dss\/","name":"Dzia\u0142 Spraw Studenckich","description":"","potentialAction":[{"@type":"SearchAction","target":{"@type":"EntryPoint","urlTemplate":"https:\/\/pb.edu.pl\/dss\/?s={search_term_string}"},"query-input":{"@type":"PropertyValueSpecification","valueRequired":true,"valueName":"search_term_string"}}],"inLanguage":"pl-PL"}]}},"_links":{"self":[{"href":"https:\/\/pb.edu.pl\/dss\/wp-json\/wp\/v2\/pages\/348","targetHints":{"allow":["GET"]}}],"collection":[{"href":"https:\/\/pb.edu.pl\/dss\/wp-json\/wp\/v2\/pages"}],"about":[{"href":"https:\/\/pb.edu.pl\/dss\/wp-json\/wp\/v2\/types\/page"}],"author":[{"embeddable":true,"href":"https:\/\/pb.edu.pl\/dss\/wp-json\/wp\/v2\/users\/2"}],"replies":[{"embeddable":true,"href":"https:\/\/pb.edu.pl\/dss\/wp-json\/wp\/v2\/comments?post=348"}],"version-history":[{"count":0,"href":"https:\/\/pb.edu.pl\/dss\/wp-json\/wp\/v2\/pages\/348\/revisions"}],"up":[{"embeddable":true,"href":"https:\/\/pb.edu.pl\/dss\/wp-json\/wp\/v2\/pages\/335"}],"wp:attachment":[{"href":"https:\/\/pb.edu.pl\/dss\/wp-json\/wp\/v2\/media?parent=348"}],"curies":[{"name":"wp","href":"https:\/\/api.w.org\/{rel}","templated":true}]}}