{"id":337,"date":"2021-11-26T13:03:12","date_gmt":"2021-11-26T12:03:12","guid":{"rendered":"https:\/\/pb.edu.pl\/dssd\/?page_id=337"},"modified":"2021-11-26T13:03:12","modified_gmt":"2021-11-26T12:03:12","slug":"szczegolowe-informacje-o-organizacji-studiow","status":"publish","type":"page","link":"https:\/\/pb.edu.pl\/dss\/sprawy-studenckie\/szczegolowe-informacje-o-organizacji-studiow\/","title":{"rendered":"Szczeg\u00f3\u0142owe informacje o organizacji studi\u00f3w"},"content":{"rendered":"<p><a title=\"otworzy si\u0119 w nowej karcie\" href=\"https:\/\/pb.edu.pl\/dss\/wp-content\/uploads\/sites\/166\/2021\/11\/Kiedy-ubiegac-sie-o-indywidualna-organizacje-studiow-urlop-od-zajec-zmiane-terminu-egzaminu-wydluzenie-okresu-zaliczania-zajec.pdf\" target=\"_blank\" rel=\"noopener\" data-id=\"289\">Kiedy ubiega\u0107 si\u0119 o indywidualn\u0105 organizacj\u0119 studi\u00f3w, urlop od zaj\u0119\u0107, zmian\u0119 terminu egzaminu, wyd\u0142u\u017cenie okresu zaliczania zaj\u0119\u0107 (PDF, wersja dost\u0119pna cyfrowo, 89 KB)<\/a><\/p>\n","protected":false},"excerpt":{"rendered":"<p>Kiedy ubiega\u0107 si\u0119 o indywidualn\u0105 organizacj\u0119 studi\u00f3w, urlop od zaj\u0119\u0107, zmian\u0119 terminu egzaminu, wyd\u0142u\u017cenie okresu<\/p>\n","protected":false},"author":2,"featured_media":0,"parent":40,"menu_order":5,"comment_status":"closed","ping_status":"closed","template":"","meta":{"_acf_changed":false,"ngg_post_thumbnail":0,"footnotes":""},"class_list":["post-337","page","type-page","status-publish","hentry"],"acf":[],"yoast_head":"<!-- This site is optimized with the Yoast SEO plugin v27.0 - https:\/\/yoast.com\/product\/yoast-seo-wordpress\/ -->\n<title>Szczeg\u00f3\u0142owe informacje o organizacji studi\u00f3w - Dzia\u0142 Spraw Studenckich<\/title>\n<meta name=\"description\" content=\"Kiedy ubiega\u0107 si\u0119 o indywidualn\u0105 organizacj\u0119 studi\u00f3w, urlop od zaj\u0119\u0107, zmian\u0119 terminu egzaminu, wyd\u0142u\u017cenie okresu zaliczania zaj\u0119\u0107 (PDF, wersja dost\u0119pna\" \/>\n<meta name=\"robots\" content=\"index, follow, max-snippet:-1, max-image-preview:large, max-video-preview:-1\" \/>\n<link rel=\"canonical\" href=\"https:\/\/pb.edu.pl\/dss\/sprawy-studenckie\/szczegolowe-informacje-o-organizacji-studiow\/\" \/>\n<meta property=\"og:locale\" content=\"pl_PL\" \/>\n<meta property=\"og:type\" content=\"article\" \/>\n<meta property=\"og:title\" content=\"Szczeg\u00f3\u0142owe informacje o organizacji studi\u00f3w - Dzia\u0142 Spraw Studenckich\" \/>\n<meta property=\"og:description\" content=\"Kiedy ubiega\u0107 si\u0119 o indywidualn\u0105 organizacj\u0119 studi\u00f3w, urlop od zaj\u0119\u0107, zmian\u0119 terminu egzaminu, wyd\u0142u\u017cenie okresu zaliczania zaj\u0119\u0107 (PDF, wersja dost\u0119pna\" \/>\n<meta property=\"og:url\" content=\"https:\/\/pb.edu.pl\/dss\/sprawy-studenckie\/szczegolowe-informacje-o-organizacji-studiow\/\" \/>\n<meta property=\"og:site_name\" content=\"Dzia\u0142 Spraw Studenckich\" \/>\n<script type=\"application\/ld+json\" class=\"yoast-schema-graph\">{\"@context\":\"https:\/\/schema.org\",\"@graph\":[{\"@type\":\"WebPage\",\"@id\":\"https:\/\/pb.edu.pl\/dss\/sprawy-studenckie\/szczegolowe-informacje-o-organizacji-studiow\/\",\"url\":\"https:\/\/pb.edu.pl\/dss\/sprawy-studenckie\/szczegolowe-informacje-o-organizacji-studiow\/\",\"name\":\"Szczeg\u00f3\u0142owe informacje o organizacji studi\u00f3w - Dzia\u0142 Spraw Studenckich\",\"isPartOf\":{\"@id\":\"https:\/\/pb.edu.pl\/dss\/#website\"},\"datePublished\":\"2021-11-26T12:03:12+00:00\",\"description\":\"Kiedy ubiega\u0107 si\u0119 o indywidualn\u0105 organizacj\u0119 studi\u00f3w, urlop od zaj\u0119\u0107, zmian\u0119 terminu egzaminu, wyd\u0142u\u017cenie okresu zaliczania zaj\u0119\u0107 (PDF, wersja dost\u0119pna\",\"breadcrumb\":{\"@id\":\"https:\/\/pb.edu.pl\/dss\/sprawy-studenckie\/szczegolowe-informacje-o-organizacji-studiow\/#breadcrumb\"},\"inLanguage\":\"pl-PL\",\"potentialAction\":[{\"@type\":\"ReadAction\",\"target\":[\"https:\/\/pb.edu.pl\/dss\/sprawy-studenckie\/szczegolowe-informacje-o-organizacji-studiow\/\"]}]},{\"@type\":\"BreadcrumbList\",\"@id\":\"https:\/\/pb.edu.pl\/dss\/sprawy-studenckie\/szczegolowe-informacje-o-organizacji-studiow\/#breadcrumb\",\"itemListElement\":[{\"@type\":\"ListItem\",\"position\":1,\"name\":\"Strona g\u0142\u00f3wna\",\"item\":\"https:\/\/pb.edu.pl\/dss\/\"},{\"@type\":\"ListItem\",\"position\":2,\"name\":\"Sprawy studenckie\",\"item\":\"https:\/\/pb.edu.pl\/dss\/sprawy-studenckie\/\"},{\"@type\":\"ListItem\",\"position\":3,\"name\":\"Szczeg\u00f3\u0142owe informacje o organizacji studi\u00f3w\"}]},{\"@type\":\"WebSite\",\"@id\":\"https:\/\/pb.edu.pl\/dss\/#website\",\"url\":\"https:\/\/pb.edu.pl\/dss\/\",\"name\":\"Dzia\u0142 Spraw Studenckich\",\"description\":\"\",\"potentialAction\":[{\"@type\":\"SearchAction\",\"target\":{\"@type\":\"EntryPoint\",\"urlTemplate\":\"https:\/\/pb.edu.pl\/dss\/?s={search_term_string}\"},\"query-input\":{\"@type\":\"PropertyValueSpecification\",\"valueRequired\":true,\"valueName\":\"search_term_string\"}}],\"inLanguage\":\"pl-PL\"}]}<\/script>\n<!-- \/ Yoast SEO plugin. -->","yoast_head_json":{"title":"Szczeg\u00f3\u0142owe informacje o organizacji studi\u00f3w - Dzia\u0142 Spraw Studenckich","description":"Kiedy ubiega\u0107 si\u0119 o indywidualn\u0105 organizacj\u0119 studi\u00f3w, urlop od zaj\u0119\u0107, zmian\u0119 terminu egzaminu, wyd\u0142u\u017cenie okresu zaliczania zaj\u0119\u0107 (PDF, wersja dost\u0119pna","robots":{"index":"index","follow":"follow","max-snippet":"max-snippet:-1","max-image-preview":"max-image-preview:large","max-video-preview":"max-video-preview:-1"},"canonical":"https:\/\/pb.edu.pl\/dss\/sprawy-studenckie\/szczegolowe-informacje-o-organizacji-studiow\/","og_locale":"pl_PL","og_type":"article","og_title":"Szczeg\u00f3\u0142owe informacje o organizacji studi\u00f3w - Dzia\u0142 Spraw Studenckich","og_description":"Kiedy ubiega\u0107 si\u0119 o indywidualn\u0105 organizacj\u0119 studi\u00f3w, urlop od zaj\u0119\u0107, zmian\u0119 terminu egzaminu, wyd\u0142u\u017cenie okresu zaliczania zaj\u0119\u0107 (PDF, wersja dost\u0119pna","og_url":"https:\/\/pb.edu.pl\/dss\/sprawy-studenckie\/szczegolowe-informacje-o-organizacji-studiow\/","og_site_name":"Dzia\u0142 Spraw Studenckich","schema":{"@context":"https:\/\/schema.org","@graph":[{"@type":"WebPage","@id":"https:\/\/pb.edu.pl\/dss\/sprawy-studenckie\/szczegolowe-informacje-o-organizacji-studiow\/","url":"https:\/\/pb.edu.pl\/dss\/sprawy-studenckie\/szczegolowe-informacje-o-organizacji-studiow\/","name":"Szczeg\u00f3\u0142owe informacje o organizacji studi\u00f3w - Dzia\u0142 Spraw Studenckich","isPartOf":{"@id":"https:\/\/pb.edu.pl\/dss\/#website"},"datePublished":"2021-11-26T12:03:12+00:00","description":"Kiedy ubiega\u0107 si\u0119 o indywidualn\u0105 organizacj\u0119 studi\u00f3w, urlop od zaj\u0119\u0107, zmian\u0119 terminu egzaminu, wyd\u0142u\u017cenie okresu zaliczania zaj\u0119\u0107 (PDF, wersja dost\u0119pna","breadcrumb":{"@id":"https:\/\/pb.edu.pl\/dss\/sprawy-studenckie\/szczegolowe-informacje-o-organizacji-studiow\/#breadcrumb"},"inLanguage":"pl-PL","potentialAction":[{"@type":"ReadAction","target":["https:\/\/pb.edu.pl\/dss\/sprawy-studenckie\/szczegolowe-informacje-o-organizacji-studiow\/"]}]},{"@type":"BreadcrumbList","@id":"https:\/\/pb.edu.pl\/dss\/sprawy-studenckie\/szczegolowe-informacje-o-organizacji-studiow\/#breadcrumb","itemListElement":[{"@type":"ListItem","position":1,"name":"Strona g\u0142\u00f3wna","item":"https:\/\/pb.edu.pl\/dss\/"},{"@type":"ListItem","position":2,"name":"Sprawy studenckie","item":"https:\/\/pb.edu.pl\/dss\/sprawy-studenckie\/"},{"@type":"ListItem","position":3,"name":"Szczeg\u00f3\u0142owe informacje o organizacji studi\u00f3w"}]},{"@type":"WebSite","@id":"https:\/\/pb.edu.pl\/dss\/#website","url":"https:\/\/pb.edu.pl\/dss\/","name":"Dzia\u0142 Spraw Studenckich","description":"","potentialAction":[{"@type":"SearchAction","target":{"@type":"EntryPoint","urlTemplate":"https:\/\/pb.edu.pl\/dss\/?s={search_term_string}"},"query-input":{"@type":"PropertyValueSpecification","valueRequired":true,"valueName":"search_term_string"}}],"inLanguage":"pl-PL"}]}},"_links":{"self":[{"href":"https:\/\/pb.edu.pl\/dss\/wp-json\/wp\/v2\/pages\/337","targetHints":{"allow":["GET"]}}],"collection":[{"href":"https:\/\/pb.edu.pl\/dss\/wp-json\/wp\/v2\/pages"}],"about":[{"href":"https:\/\/pb.edu.pl\/dss\/wp-json\/wp\/v2\/types\/page"}],"author":[{"embeddable":true,"href":"https:\/\/pb.edu.pl\/dss\/wp-json\/wp\/v2\/users\/2"}],"replies":[{"embeddable":true,"href":"https:\/\/pb.edu.pl\/dss\/wp-json\/wp\/v2\/comments?post=337"}],"version-history":[{"count":0,"href":"https:\/\/pb.edu.pl\/dss\/wp-json\/wp\/v2\/pages\/337\/revisions"}],"up":[{"embeddable":true,"href":"https:\/\/pb.edu.pl\/dss\/wp-json\/wp\/v2\/pages\/40"}],"wp:attachment":[{"href":"https:\/\/pb.edu.pl\/dss\/wp-json\/wp\/v2\/media?parent=337"}],"curies":[{"name":"wp","href":"https:\/\/api.w.org\/{rel}","templated":true}]}}