{"id":333,"date":"2021-11-26T13:01:43","date_gmt":"2021-11-26T12:01:43","guid":{"rendered":"https:\/\/pb.edu.pl\/dssd\/?page_id=333"},"modified":"2026-03-19T14:02:55","modified_gmt":"2026-03-19T13:02:55","slug":"proces-dyplomowania","status":"publish","type":"page","link":"https:\/\/pb.edu.pl\/dss\/sprawy-studenckie\/proces-dyplomowania\/","title":{"rendered":"Proces dyplomowania"},"content":{"rendered":"<p>Student, kt\u00f3ry uzyska\u0142 wszystkie zaliczenia i z\u0142o\u017cy\u0142 egzaminy, w tym praktyki zawodowe, otrzymuj\u0105c wymagan\u0105 w programie studi\u00f3w liczb\u0119 punkt\u00f3w ECTS, sk\u0142ada prac\u0119 dyplomow\u0105 a nast\u0119pnie przyst\u0119puje do egzaminu dyplomowego w celu uzyskania dyplomu uko\u0144czenia studi\u00f3w.<\/p>\n<p><a title=\"otworzy si\u0119 w nowym oknie\" href=\"https:\/\/bip.pb.edu.pl\/index.php?event=informacja&amp;id=21199\"><strong>Zarz\u0105dzenie nr 25\/2024&nbsp;<\/strong><\/a>Rektora Politechniki Bia\u0142ostockiej z dnia 20 marca 2024 roku w sprawie ustalenia \u201eZasad post\u0119powania przy przygotowaniu i obronie pracy dyplomowej w Politechnice Bia\u0142ostockiej\u201d<\/p>\n<p><a  class=\"pdf\" href=\"https:\/\/pb.edu.pl\/dss\/wp-content\/uploads\/sites\/166\/2026\/03\/Zarzadzenie-Nr-16-2026.pdf\" target=\"_blank\" data-id=\"1073\" >\u200bZarz\u0105dzenie nr 16\/2026 Rektora Politechniki Bia\u0142ostockiej z dnia 30 stycznia 2026 roku w sprawie zmiany zarz\u0105dzenia w sprawie \u201eZasad post\u0119powania przy przygotowaniu i obronie pracy dyplomowej w Politechnice Bia\u0142ostockiej\u201d <span>(PDF, 221 KB, otworzy si\u0119 w nowej karcie)<\/span><\/a> <\/p>\n<p><a title=\"pobierz plik\" class=\"doc\" href=\"https:\/\/pb.edu.pl\/dss\/wp-content\/uploads\/sites\/166\/2026\/03\/karta-dyplomowa.doc\"  data-id=\"1074\" >Karta dyplomowa <span>(DOC, 72 KB)<\/span><\/a><\/p>\n<p><a title=\"pobierz plik\" class=\"doc\" href=\"https:\/\/pb.edu.pl\/dss\/wp-content\/uploads\/sites\/166\/2026\/03\/karta-dyplomowa-w-jez-ang.doc\"  data-id=\"1075\" >Karta dyplomowa (w j\u0119z. angielskim) <span>(DOC, 57 KB)<\/span><\/a><\/p>\n<p><a class=\"docx\" title=\"otworzy si\u0119 w nowym oknie\" href=\"https:\/\/pb.edu.pl\/dss\/wp-content\/uploads\/sites\/166\/2024\/06\/Opinia-opiekuna-pracy-dyplomowej-dotyczaca-oryginalnosci-pracy-dyplomowej.docx\" data-id=\"824\">Opinia opiekuna pracy dyplomowej dotycz\u0105ca oryginalno\u015bci pracy dyplomowej (DOCX, 18 KB)<\/a><\/p>\n<p><a title=\"pobierz plik\" class=\"docx\" href=\"https:\/\/pb.edu.pl\/dss\/wp-content\/uploads\/sites\/166\/2026\/03\/Oswiadczenie-w-sprawie-wykorzystania-narzedzi-GenAl.docx\"  data-id=\"1077\" >O\u015bwiadczenie w sprawie wykorzystania narz\u0119dzi GenAI <span>(DOCX, 32 KB)<\/span><\/a><\/p>\n<p><a title=\"pobierz plik\" class=\"docx\" href=\"https:\/\/pb.edu.pl\/dss\/wp-content\/uploads\/sites\/166\/2026\/03\/Oswiadczenie-w-sprawie-wykorzystania-narzedzi-GenAl-w-jez-ang.docx\"  data-id=\"1078\" >O\u015bwiadczenie w sprawie wykorzystania narz\u0119dzi GenAI (w j\u0119z. angielskim) <span>(DOCX, 32 KB)<\/span><\/a><\/p>\n","protected":false},"excerpt":{"rendered":"<p>Student, kt\u00f3ry uzyska\u0142 wszystkie zaliczenia i z\u0142o\u017cy\u0142 egzaminy, w tym praktyki zawodowe, otrzymuj\u0105c wymagan\u0105 w<\/p>\n","protected":false},"author":2,"featured_media":0,"parent":40,"menu_order":3,"comment_status":"closed","ping_status":"closed","template":"","meta":{"_acf_changed":false,"ngg_post_thumbnail":0,"footnotes":""},"class_list":["post-333","page","type-page","status-publish","hentry"],"acf":[],"yoast_head":"<!-- This site is optimized with the Yoast SEO plugin v27.0 - https:\/\/yoast.com\/product\/yoast-seo-wordpress\/ -->\n<title>Proces dyplomowania - Dzia\u0142 Spraw Studenckich<\/title>\n<meta name=\"description\" content=\"Student, kt\u00f3ry uzyska\u0142 wszystkie zaliczenia i z\u0142o\u017cy\u0142 egzaminy, w tym praktyki zawodowe, otrzymuj\u0105c wymagan\u0105 w programie studi\u00f3w liczb\u0119 punkt\u00f3w ECTS,\" \/>\n<meta name=\"robots\" content=\"index, follow, max-snippet:-1, max-image-preview:large, max-video-preview:-1\" \/>\n<link rel=\"canonical\" href=\"https:\/\/pb.edu.pl\/dss\/sprawy-studenckie\/proces-dyplomowania\/\" \/>\n<meta property=\"og:locale\" content=\"pl_PL\" \/>\n<meta property=\"og:type\" content=\"article\" \/>\n<meta property=\"og:title\" content=\"Proces dyplomowania - Dzia\u0142 Spraw Studenckich\" \/>\n<meta property=\"og:description\" content=\"Student, kt\u00f3ry uzyska\u0142 wszystkie zaliczenia i z\u0142o\u017cy\u0142 egzaminy, w tym praktyki zawodowe, otrzymuj\u0105c wymagan\u0105 w programie studi\u00f3w liczb\u0119 punkt\u00f3w ECTS,\" \/>\n<meta property=\"og:url\" content=\"https:\/\/pb.edu.pl\/dss\/sprawy-studenckie\/proces-dyplomowania\/\" \/>\n<meta property=\"og:site_name\" content=\"Dzia\u0142 Spraw Studenckich\" \/>\n<meta property=\"article:modified_time\" content=\"2026-03-19T13:02:55+00:00\" \/>\n<meta name=\"twitter:label1\" content=\"Szacowany czas czytania\" \/>\n\t<meta name=\"twitter:data1\" content=\"1 minuta\" \/>\n<script type=\"application\/ld+json\" class=\"yoast-schema-graph\">{\"@context\":\"https:\/\/schema.org\",\"@graph\":[{\"@type\":\"WebPage\",\"@id\":\"https:\/\/pb.edu.pl\/dss\/sprawy-studenckie\/proces-dyplomowania\/\",\"url\":\"https:\/\/pb.edu.pl\/dss\/sprawy-studenckie\/proces-dyplomowania\/\",\"name\":\"Proces dyplomowania - Dzia\u0142 Spraw Studenckich\",\"isPartOf\":{\"@id\":\"https:\/\/pb.edu.pl\/dss\/#website\"},\"datePublished\":\"2021-11-26T12:01:43+00:00\",\"dateModified\":\"2026-03-19T13:02:55+00:00\",\"description\":\"Student, kt\u00f3ry uzyska\u0142 wszystkie zaliczenia i z\u0142o\u017cy\u0142 egzaminy, w tym praktyki zawodowe, otrzymuj\u0105c wymagan\u0105 w programie studi\u00f3w liczb\u0119 punkt\u00f3w ECTS,\",\"breadcrumb\":{\"@id\":\"https:\/\/pb.edu.pl\/dss\/sprawy-studenckie\/proces-dyplomowania\/#breadcrumb\"},\"inLanguage\":\"pl-PL\",\"potentialAction\":[{\"@type\":\"ReadAction\",\"target\":[\"https:\/\/pb.edu.pl\/dss\/sprawy-studenckie\/proces-dyplomowania\/\"]}]},{\"@type\":\"BreadcrumbList\",\"@id\":\"https:\/\/pb.edu.pl\/dss\/sprawy-studenckie\/proces-dyplomowania\/#breadcrumb\",\"itemListElement\":[{\"@type\":\"ListItem\",\"position\":1,\"name\":\"Strona g\u0142\u00f3wna\",\"item\":\"https:\/\/pb.edu.pl\/dss\/\"},{\"@type\":\"ListItem\",\"position\":2,\"name\":\"Sprawy studenckie\",\"item\":\"https:\/\/pb.edu.pl\/dss\/sprawy-studenckie\/\"},{\"@type\":\"ListItem\",\"position\":3,\"name\":\"Proces dyplomowania\"}]},{\"@type\":\"WebSite\",\"@id\":\"https:\/\/pb.edu.pl\/dss\/#website\",\"url\":\"https:\/\/pb.edu.pl\/dss\/\",\"name\":\"Dzia\u0142 Spraw Studenckich\",\"description\":\"\",\"potentialAction\":[{\"@type\":\"SearchAction\",\"target\":{\"@type\":\"EntryPoint\",\"urlTemplate\":\"https:\/\/pb.edu.pl\/dss\/?s={search_term_string}\"},\"query-input\":{\"@type\":\"PropertyValueSpecification\",\"valueRequired\":true,\"valueName\":\"search_term_string\"}}],\"inLanguage\":\"pl-PL\"}]}<\/script>\n<!-- \/ Yoast SEO plugin. -->","yoast_head_json":{"title":"Proces dyplomowania - Dzia\u0142 Spraw Studenckich","description":"Student, kt\u00f3ry uzyska\u0142 wszystkie zaliczenia i z\u0142o\u017cy\u0142 egzaminy, w tym praktyki zawodowe, otrzymuj\u0105c wymagan\u0105 w programie studi\u00f3w liczb\u0119 punkt\u00f3w ECTS,","robots":{"index":"index","follow":"follow","max-snippet":"max-snippet:-1","max-image-preview":"max-image-preview:large","max-video-preview":"max-video-preview:-1"},"canonical":"https:\/\/pb.edu.pl\/dss\/sprawy-studenckie\/proces-dyplomowania\/","og_locale":"pl_PL","og_type":"article","og_title":"Proces dyplomowania - Dzia\u0142 Spraw Studenckich","og_description":"Student, kt\u00f3ry uzyska\u0142 wszystkie zaliczenia i z\u0142o\u017cy\u0142 egzaminy, w tym praktyki zawodowe, otrzymuj\u0105c wymagan\u0105 w programie studi\u00f3w liczb\u0119 punkt\u00f3w ECTS,","og_url":"https:\/\/pb.edu.pl\/dss\/sprawy-studenckie\/proces-dyplomowania\/","og_site_name":"Dzia\u0142 Spraw Studenckich","article_modified_time":"2026-03-19T13:02:55+00:00","twitter_misc":{"Szacowany czas czytania":"1 minuta"},"schema":{"@context":"https:\/\/schema.org","@graph":[{"@type":"WebPage","@id":"https:\/\/pb.edu.pl\/dss\/sprawy-studenckie\/proces-dyplomowania\/","url":"https:\/\/pb.edu.pl\/dss\/sprawy-studenckie\/proces-dyplomowania\/","name":"Proces dyplomowania - Dzia\u0142 Spraw Studenckich","isPartOf":{"@id":"https:\/\/pb.edu.pl\/dss\/#website"},"datePublished":"2021-11-26T12:01:43+00:00","dateModified":"2026-03-19T13:02:55+00:00","description":"Student, kt\u00f3ry uzyska\u0142 wszystkie zaliczenia i z\u0142o\u017cy\u0142 egzaminy, w tym praktyki zawodowe, otrzymuj\u0105c wymagan\u0105 w programie studi\u00f3w liczb\u0119 punkt\u00f3w ECTS,","breadcrumb":{"@id":"https:\/\/pb.edu.pl\/dss\/sprawy-studenckie\/proces-dyplomowania\/#breadcrumb"},"inLanguage":"pl-PL","potentialAction":[{"@type":"ReadAction","target":["https:\/\/pb.edu.pl\/dss\/sprawy-studenckie\/proces-dyplomowania\/"]}]},{"@type":"BreadcrumbList","@id":"https:\/\/pb.edu.pl\/dss\/sprawy-studenckie\/proces-dyplomowania\/#breadcrumb","itemListElement":[{"@type":"ListItem","position":1,"name":"Strona g\u0142\u00f3wna","item":"https:\/\/pb.edu.pl\/dss\/"},{"@type":"ListItem","position":2,"name":"Sprawy studenckie","item":"https:\/\/pb.edu.pl\/dss\/sprawy-studenckie\/"},{"@type":"ListItem","position":3,"name":"Proces dyplomowania"}]},{"@type":"WebSite","@id":"https:\/\/pb.edu.pl\/dss\/#website","url":"https:\/\/pb.edu.pl\/dss\/","name":"Dzia\u0142 Spraw Studenckich","description":"","potentialAction":[{"@type":"SearchAction","target":{"@type":"EntryPoint","urlTemplate":"https:\/\/pb.edu.pl\/dss\/?s={search_term_string}"},"query-input":{"@type":"PropertyValueSpecification","valueRequired":true,"valueName":"search_term_string"}}],"inLanguage":"pl-PL"}]}},"_links":{"self":[{"href":"https:\/\/pb.edu.pl\/dss\/wp-json\/wp\/v2\/pages\/333","targetHints":{"allow":["GET"]}}],"collection":[{"href":"https:\/\/pb.edu.pl\/dss\/wp-json\/wp\/v2\/pages"}],"about":[{"href":"https:\/\/pb.edu.pl\/dss\/wp-json\/wp\/v2\/types\/page"}],"author":[{"embeddable":true,"href":"https:\/\/pb.edu.pl\/dss\/wp-json\/wp\/v2\/users\/2"}],"replies":[{"embeddable":true,"href":"https:\/\/pb.edu.pl\/dss\/wp-json\/wp\/v2\/comments?post=333"}],"version-history":[{"count":3,"href":"https:\/\/pb.edu.pl\/dss\/wp-json\/wp\/v2\/pages\/333\/revisions"}],"predecessor-version":[{"id":1079,"href":"https:\/\/pb.edu.pl\/dss\/wp-json\/wp\/v2\/pages\/333\/revisions\/1079"}],"up":[{"embeddable":true,"href":"https:\/\/pb.edu.pl\/dss\/wp-json\/wp\/v2\/pages\/40"}],"wp:attachment":[{"href":"https:\/\/pb.edu.pl\/dss\/wp-json\/wp\/v2\/media?parent=333"}],"curies":[{"name":"wp","href":"https:\/\/api.w.org\/{rel}","templated":true}]}}