{"id":331,"date":"2021-11-26T13:00:42","date_gmt":"2021-11-26T12:00:42","guid":{"rendered":"https:\/\/pb.edu.pl\/dssd\/?page_id=331"},"modified":"2026-03-19T16:15:53","modified_gmt":"2026-03-19T15:15:53","slug":"praktyki","status":"publish","type":"page","link":"https:\/\/pb.edu.pl\/dss\/sprawy-studenckie\/praktyki\/","title":{"rendered":"Praktyki"},"content":{"rendered":"<p>Student zobowi\u0105zany jest do odbywania praktyk zawodowych zgodnych z programem studi\u00f3w. Wz\u00f3r umowy o organizacj\u0119 obowi\u0105zkowej praktyki zawodowej okre\u015bla zarz\u0105dzenie rektora w tej sprawie.<\/p>\n<p><a class=\"pdf\" href=\"https:\/\/pb.edu.pl\/dss\/wp-content\/uploads\/sites\/166\/2026\/03\/Zarzadzenie-Nr-21-2026-tekst-ujednolicony-z-dnia-23-02-2026.pdf\" target=\"_blank\" data-id=\"1080\" >Zarz\u0105dzenie Nr 21\/2026 Retora Politechniki Bia\u0142ostockiej z dnia 9 lutego 2026 roku w sprawie wprowadzenia wzor\u00f3w i ustalenia zasad zawierania um\u00f3w w Politechnice Bia\u0142ostockiej <span>(PDF, 5 MB, otworzy si\u0119 w nowej karcie)<\/span><\/a><br \/>\n&nbsp;<\/p>\n<p><a class=\"docx\" title=\"pobierz plik\" href=\"https:\/\/pb.edu.pl\/dss\/wp-content\/uploads\/sites\/166\/2021\/07\/Wzor-wniosku-o-powolanie-Kierownika-Opiekuna-studenckich-praktyk-zawodowych.docx\" data-id=\"184\">Wz\u00f3r wniosku o powo\u0142anie Kierownika Opiekuna studenckich praktyk zawodowych (DOCX, 14 KB)<\/a><\/p>\n<p><a title=\"pobierz plik\" class=\"docx\" href=\"https:\/\/pb.edu.pl\/dss\/wp-content\/uploads\/sites\/166\/2026\/03\/umowa-na-organizacje-praktyki-trojstronna.docx\"  data-id=\"1083\" >Wz\u00f3r Umowy o organizacj\u0119 praktyki zawodowej studenta Politechniki Bia\u0142ostockiej (tr\u00f3jstronna) <span>(DOCX, 32 KB)<\/span><\/a><\/p>\n<p><a title=\"pobierz plik\" class=\"docx\" href=\"https:\/\/pb.edu.pl\/dss\/wp-content\/uploads\/sites\/166\/2026\/03\/umowa-na-organizacje-praktyki-dwustronna.docx\"  data-id=\"1084\" >Wz\u00f3r Umowy o organizacj\u0119 praktyki zawodowej studenta Politechniki Bia\u0142ostockiej (dwustronna) <span>(DOCX, 26 KB)<\/span><\/a><\/p>\n","protected":false},"excerpt":{"rendered":"<p>Student zobowi\u0105zany jest do odbywania praktyk zawodowych zgodnych z programem studi\u00f3w. Wz\u00f3r umowy o organizacj\u0119<\/p>\n","protected":false},"author":2,"featured_media":0,"parent":40,"menu_order":2,"comment_status":"closed","ping_status":"closed","template":"","meta":{"_acf_changed":false,"ngg_post_thumbnail":0,"footnotes":""},"class_list":["post-331","page","type-page","status-publish","hentry"],"acf":[],"yoast_head":"<!-- This site is optimized with the Yoast SEO plugin v27.0 - https:\/\/yoast.com\/product\/yoast-seo-wordpress\/ -->\n<title>Praktyki - Dzia\u0142 Spraw Studenckich<\/title>\n<meta name=\"description\" content=\"Student zobowi\u0105zany jest do odbywania praktyk zawodowych zgodnych z programem studi\u00f3w. Wz\u00f3r umowy o organizacj\u0119 obowi\u0105zkowej praktyki zawodowej okre\u015bla\" \/>\n<meta name=\"robots\" content=\"index, follow, max-snippet:-1, max-image-preview:large, max-video-preview:-1\" \/>\n<link rel=\"canonical\" href=\"https:\/\/pb.edu.pl\/dss\/sprawy-studenckie\/praktyki\/\" \/>\n<meta property=\"og:locale\" content=\"pl_PL\" \/>\n<meta property=\"og:type\" content=\"article\" \/>\n<meta property=\"og:title\" content=\"Praktyki - Dzia\u0142 Spraw Studenckich\" \/>\n<meta property=\"og:description\" content=\"Student zobowi\u0105zany jest do odbywania praktyk zawodowych zgodnych z programem studi\u00f3w. Wz\u00f3r umowy o organizacj\u0119 obowi\u0105zkowej praktyki zawodowej okre\u015bla\" \/>\n<meta property=\"og:url\" content=\"https:\/\/pb.edu.pl\/dss\/sprawy-studenckie\/praktyki\/\" \/>\n<meta property=\"og:site_name\" content=\"Dzia\u0142 Spraw Studenckich\" \/>\n<meta property=\"article:modified_time\" content=\"2026-03-19T15:15:53+00:00\" \/>\n<meta name=\"twitter:label1\" content=\"Szacowany czas czytania\" \/>\n\t<meta name=\"twitter:data1\" content=\"1 minuta\" \/>\n<script type=\"application\/ld+json\" class=\"yoast-schema-graph\">{\"@context\":\"https:\/\/schema.org\",\"@graph\":[{\"@type\":\"WebPage\",\"@id\":\"https:\/\/pb.edu.pl\/dss\/sprawy-studenckie\/praktyki\/\",\"url\":\"https:\/\/pb.edu.pl\/dss\/sprawy-studenckie\/praktyki\/\",\"name\":\"Praktyki - Dzia\u0142 Spraw Studenckich\",\"isPartOf\":{\"@id\":\"https:\/\/pb.edu.pl\/dss\/#website\"},\"datePublished\":\"2021-11-26T12:00:42+00:00\",\"dateModified\":\"2026-03-19T15:15:53+00:00\",\"description\":\"Student zobowi\u0105zany jest do odbywania praktyk zawodowych zgodnych z programem studi\u00f3w. Wz\u00f3r umowy o organizacj\u0119 obowi\u0105zkowej praktyki zawodowej okre\u015bla\",\"breadcrumb\":{\"@id\":\"https:\/\/pb.edu.pl\/dss\/sprawy-studenckie\/praktyki\/#breadcrumb\"},\"inLanguage\":\"pl-PL\",\"potentialAction\":[{\"@type\":\"ReadAction\",\"target\":[\"https:\/\/pb.edu.pl\/dss\/sprawy-studenckie\/praktyki\/\"]}]},{\"@type\":\"BreadcrumbList\",\"@id\":\"https:\/\/pb.edu.pl\/dss\/sprawy-studenckie\/praktyki\/#breadcrumb\",\"itemListElement\":[{\"@type\":\"ListItem\",\"position\":1,\"name\":\"Strona g\u0142\u00f3wna\",\"item\":\"https:\/\/pb.edu.pl\/dss\/\"},{\"@type\":\"ListItem\",\"position\":2,\"name\":\"Sprawy studenckie\",\"item\":\"https:\/\/pb.edu.pl\/dss\/sprawy-studenckie\/\"},{\"@type\":\"ListItem\",\"position\":3,\"name\":\"Praktyki\"}]},{\"@type\":\"WebSite\",\"@id\":\"https:\/\/pb.edu.pl\/dss\/#website\",\"url\":\"https:\/\/pb.edu.pl\/dss\/\",\"name\":\"Dzia\u0142 Spraw Studenckich\",\"description\":\"\",\"potentialAction\":[{\"@type\":\"SearchAction\",\"target\":{\"@type\":\"EntryPoint\",\"urlTemplate\":\"https:\/\/pb.edu.pl\/dss\/?s={search_term_string}\"},\"query-input\":{\"@type\":\"PropertyValueSpecification\",\"valueRequired\":true,\"valueName\":\"search_term_string\"}}],\"inLanguage\":\"pl-PL\"}]}<\/script>\n<!-- \/ Yoast SEO plugin. -->","yoast_head_json":{"title":"Praktyki - Dzia\u0142 Spraw Studenckich","description":"Student zobowi\u0105zany jest do odbywania praktyk zawodowych zgodnych z programem studi\u00f3w. Wz\u00f3r umowy o organizacj\u0119 obowi\u0105zkowej praktyki zawodowej okre\u015bla","robots":{"index":"index","follow":"follow","max-snippet":"max-snippet:-1","max-image-preview":"max-image-preview:large","max-video-preview":"max-video-preview:-1"},"canonical":"https:\/\/pb.edu.pl\/dss\/sprawy-studenckie\/praktyki\/","og_locale":"pl_PL","og_type":"article","og_title":"Praktyki - Dzia\u0142 Spraw Studenckich","og_description":"Student zobowi\u0105zany jest do odbywania praktyk zawodowych zgodnych z programem studi\u00f3w. Wz\u00f3r umowy o organizacj\u0119 obowi\u0105zkowej praktyki zawodowej okre\u015bla","og_url":"https:\/\/pb.edu.pl\/dss\/sprawy-studenckie\/praktyki\/","og_site_name":"Dzia\u0142 Spraw Studenckich","article_modified_time":"2026-03-19T15:15:53+00:00","twitter_misc":{"Szacowany czas czytania":"1 minuta"},"schema":{"@context":"https:\/\/schema.org","@graph":[{"@type":"WebPage","@id":"https:\/\/pb.edu.pl\/dss\/sprawy-studenckie\/praktyki\/","url":"https:\/\/pb.edu.pl\/dss\/sprawy-studenckie\/praktyki\/","name":"Praktyki - Dzia\u0142 Spraw Studenckich","isPartOf":{"@id":"https:\/\/pb.edu.pl\/dss\/#website"},"datePublished":"2021-11-26T12:00:42+00:00","dateModified":"2026-03-19T15:15:53+00:00","description":"Student zobowi\u0105zany jest do odbywania praktyk zawodowych zgodnych z programem studi\u00f3w. Wz\u00f3r umowy o organizacj\u0119 obowi\u0105zkowej praktyki zawodowej okre\u015bla","breadcrumb":{"@id":"https:\/\/pb.edu.pl\/dss\/sprawy-studenckie\/praktyki\/#breadcrumb"},"inLanguage":"pl-PL","potentialAction":[{"@type":"ReadAction","target":["https:\/\/pb.edu.pl\/dss\/sprawy-studenckie\/praktyki\/"]}]},{"@type":"BreadcrumbList","@id":"https:\/\/pb.edu.pl\/dss\/sprawy-studenckie\/praktyki\/#breadcrumb","itemListElement":[{"@type":"ListItem","position":1,"name":"Strona g\u0142\u00f3wna","item":"https:\/\/pb.edu.pl\/dss\/"},{"@type":"ListItem","position":2,"name":"Sprawy studenckie","item":"https:\/\/pb.edu.pl\/dss\/sprawy-studenckie\/"},{"@type":"ListItem","position":3,"name":"Praktyki"}]},{"@type":"WebSite","@id":"https:\/\/pb.edu.pl\/dss\/#website","url":"https:\/\/pb.edu.pl\/dss\/","name":"Dzia\u0142 Spraw Studenckich","description":"","potentialAction":[{"@type":"SearchAction","target":{"@type":"EntryPoint","urlTemplate":"https:\/\/pb.edu.pl\/dss\/?s={search_term_string}"},"query-input":{"@type":"PropertyValueSpecification","valueRequired":true,"valueName":"search_term_string"}}],"inLanguage":"pl-PL"}]}},"_links":{"self":[{"href":"https:\/\/pb.edu.pl\/dss\/wp-json\/wp\/v2\/pages\/331","targetHints":{"allow":["GET"]}}],"collection":[{"href":"https:\/\/pb.edu.pl\/dss\/wp-json\/wp\/v2\/pages"}],"about":[{"href":"https:\/\/pb.edu.pl\/dss\/wp-json\/wp\/v2\/types\/page"}],"author":[{"embeddable":true,"href":"https:\/\/pb.edu.pl\/dss\/wp-json\/wp\/v2\/users\/2"}],"replies":[{"embeddable":true,"href":"https:\/\/pb.edu.pl\/dss\/wp-json\/wp\/v2\/comments?post=331"}],"version-history":[{"count":3,"href":"https:\/\/pb.edu.pl\/dss\/wp-json\/wp\/v2\/pages\/331\/revisions"}],"predecessor-version":[{"id":1085,"href":"https:\/\/pb.edu.pl\/dss\/wp-json\/wp\/v2\/pages\/331\/revisions\/1085"}],"up":[{"embeddable":true,"href":"https:\/\/pb.edu.pl\/dss\/wp-json\/wp\/v2\/pages\/40"}],"wp:attachment":[{"href":"https:\/\/pb.edu.pl\/dss\/wp-json\/wp\/v2\/media?parent=331"}],"curies":[{"name":"wp","href":"https:\/\/api.w.org\/{rel}","templated":true}]}}