{"id":329,"date":"2021-11-26T12:59:59","date_gmt":"2021-11-26T11:59:59","guid":{"rendered":"https:\/\/pb.edu.pl\/dssd\/?page_id=329"},"modified":"2025-11-14T15:00:21","modified_gmt":"2025-11-14T14:00:21","slug":"mostech","status":"publish","type":"page","link":"https:\/\/pb.edu.pl\/dss\/sprawy-studenckie\/mostech\/","title":{"rendered":"Mostech"},"content":{"rendered":"<div class=\"h3\">UWAGA:<br \/>\nZgodnie z informacj\u0105 Biura Komisji Akredytacyjnej Uczelni Technicznych<br \/>\nz dnia 12 listopada 2025 roku program MOSTECH zosta\u0142 zawieszony.<\/div>\n<p><strong>Mostech<\/strong> to program mobilno\u015bci student\u00f3w polskich uczelni technicznych skierowany do student\u00f3w 5 i 6 semestru studi\u00f3w I stopnia oraz do student\u00f3w 1, 2 i 3 (o ile nie jest to ostatni semestr studi\u00f3w) semestru studi\u00f3w II stopnia. Ide\u0105 porozumienia w zawartego przez polskie uczelnie techniczne jest zapewnienie, mechanizm\u00f3w u\u0142atwiaj\u0105cych wdro\u017cenie za\u0142o\u017ce\u0144 Procesu Bolo\u0144skiego, podnoszenie jako\u015bci kszta\u0142cenia oraz u\u0142atwienie krajowej wymiany student\u00f3w.<\/p>\n<p><a title=\"otworzy si\u0119 w nowej karcie\" href=\"https:\/\/pb.edu.pl\/studenci\/wymiana-studencka\/program-mostech\/\" target=\"_blank\" rel=\"noopener\">Informacja o programie Mostech<\/a><\/p>\n<p><strong>Druki do wype\u0142nienia przez osob\u0119 ubiegaj\u0105c\u0105 si\u0119 o udzia\u0142 w programie:<\/strong><\/p>\n<ol type=\"a\">\n<li><a title=\"otworzy si\u0119 w nowej karcie\" href=\"http:\/\/www.kaut.agh.edu.pl\/mostech\/dokumenty\/strona-dla-uczelni-macierzystej\/\" target=\"_blank\" rel=\"noopener\">strona dla uczelni macierzystej<\/a><\/li>\n<li><a title=\"otworzy si\u0119 w nowej karcie\" href=\"http:\/\/www.kaut.agh.edu.pl\/mostech\/dokumenty\/karta-przedmiotow\/\" target=\"_blank\" rel=\"noopener\">karta przedmiot\u00f3w<\/a><\/li>\n<\/ol>\n","protected":false},"excerpt":{"rendered":"<p>UWAGA: Zgodnie z informacj\u0105 Biura Komisji Akredytacyjnej Uczelni Technicznych z dnia 12 listopada 2025 roku<\/p>\n","protected":false},"author":2,"featured_media":0,"parent":40,"menu_order":1,"comment_status":"closed","ping_status":"closed","template":"","meta":{"_acf_changed":false,"ngg_post_thumbnail":0,"footnotes":""},"class_list":["post-329","page","type-page","status-publish","hentry"],"acf":[],"yoast_head":"<!-- This site is optimized with the Yoast SEO plugin v27.0 - https:\/\/yoast.com\/product\/yoast-seo-wordpress\/ -->\n<title>Mostech - Dzia\u0142 Spraw Studenckich<\/title>\n<meta name=\"description\" content=\"UWAGA: Zgodnie z informacj\u0105 Biura Komisji Akredytacyjnej Uczelni Technicznych z dnia 12 listopada 2025 roku program MOSTECH zosta\u0142 zawieszony. Mostech to\" \/>\n<meta name=\"robots\" content=\"index, follow, max-snippet:-1, max-image-preview:large, max-video-preview:-1\" \/>\n<link rel=\"canonical\" href=\"https:\/\/pb.edu.pl\/dss\/sprawy-studenckie\/mostech\/\" \/>\n<meta property=\"og:locale\" content=\"pl_PL\" \/>\n<meta property=\"og:type\" content=\"article\" \/>\n<meta property=\"og:title\" content=\"Mostech - Dzia\u0142 Spraw Studenckich\" \/>\n<meta property=\"og:description\" content=\"UWAGA: Zgodnie z informacj\u0105 Biura Komisji Akredytacyjnej Uczelni Technicznych z dnia 12 listopada 2025 roku program MOSTECH zosta\u0142 zawieszony. Mostech to\" \/>\n<meta property=\"og:url\" content=\"https:\/\/pb.edu.pl\/dss\/sprawy-studenckie\/mostech\/\" \/>\n<meta property=\"og:site_name\" content=\"Dzia\u0142 Spraw Studenckich\" \/>\n<meta property=\"article:modified_time\" content=\"2025-11-14T14:00:21+00:00\" \/>\n<meta name=\"twitter:label1\" content=\"Szacowany czas czytania\" \/>\n\t<meta name=\"twitter:data1\" content=\"1 minuta\" \/>\n<script type=\"application\/ld+json\" class=\"yoast-schema-graph\">{\"@context\":\"https:\/\/schema.org\",\"@graph\":[{\"@type\":\"WebPage\",\"@id\":\"https:\/\/pb.edu.pl\/dss\/sprawy-studenckie\/mostech\/\",\"url\":\"https:\/\/pb.edu.pl\/dss\/sprawy-studenckie\/mostech\/\",\"name\":\"Mostech - Dzia\u0142 Spraw Studenckich\",\"isPartOf\":{\"@id\":\"https:\/\/pb.edu.pl\/dss\/#website\"},\"datePublished\":\"2021-11-26T11:59:59+00:00\",\"dateModified\":\"2025-11-14T14:00:21+00:00\",\"description\":\"UWAGA: Zgodnie z informacj\u0105 Biura Komisji Akredytacyjnej Uczelni Technicznych z dnia 12 listopada 2025 roku program MOSTECH zosta\u0142 zawieszony. Mostech to\",\"breadcrumb\":{\"@id\":\"https:\/\/pb.edu.pl\/dss\/sprawy-studenckie\/mostech\/#breadcrumb\"},\"inLanguage\":\"pl-PL\",\"potentialAction\":[{\"@type\":\"ReadAction\",\"target\":[\"https:\/\/pb.edu.pl\/dss\/sprawy-studenckie\/mostech\/\"]}]},{\"@type\":\"BreadcrumbList\",\"@id\":\"https:\/\/pb.edu.pl\/dss\/sprawy-studenckie\/mostech\/#breadcrumb\",\"itemListElement\":[{\"@type\":\"ListItem\",\"position\":1,\"name\":\"Strona g\u0142\u00f3wna\",\"item\":\"https:\/\/pb.edu.pl\/dss\/\"},{\"@type\":\"ListItem\",\"position\":2,\"name\":\"Sprawy studenckie\",\"item\":\"https:\/\/pb.edu.pl\/dss\/sprawy-studenckie\/\"},{\"@type\":\"ListItem\",\"position\":3,\"name\":\"Mostech\"}]},{\"@type\":\"WebSite\",\"@id\":\"https:\/\/pb.edu.pl\/dss\/#website\",\"url\":\"https:\/\/pb.edu.pl\/dss\/\",\"name\":\"Dzia\u0142 Spraw Studenckich\",\"description\":\"\",\"potentialAction\":[{\"@type\":\"SearchAction\",\"target\":{\"@type\":\"EntryPoint\",\"urlTemplate\":\"https:\/\/pb.edu.pl\/dss\/?s={search_term_string}\"},\"query-input\":{\"@type\":\"PropertyValueSpecification\",\"valueRequired\":true,\"valueName\":\"search_term_string\"}}],\"inLanguage\":\"pl-PL\"}]}<\/script>\n<!-- \/ Yoast SEO plugin. -->","yoast_head_json":{"title":"Mostech - Dzia\u0142 Spraw Studenckich","description":"UWAGA: Zgodnie z informacj\u0105 Biura Komisji Akredytacyjnej Uczelni Technicznych z dnia 12 listopada 2025 roku program MOSTECH zosta\u0142 zawieszony. Mostech to","robots":{"index":"index","follow":"follow","max-snippet":"max-snippet:-1","max-image-preview":"max-image-preview:large","max-video-preview":"max-video-preview:-1"},"canonical":"https:\/\/pb.edu.pl\/dss\/sprawy-studenckie\/mostech\/","og_locale":"pl_PL","og_type":"article","og_title":"Mostech - Dzia\u0142 Spraw Studenckich","og_description":"UWAGA: Zgodnie z informacj\u0105 Biura Komisji Akredytacyjnej Uczelni Technicznych z dnia 12 listopada 2025 roku program MOSTECH zosta\u0142 zawieszony. Mostech to","og_url":"https:\/\/pb.edu.pl\/dss\/sprawy-studenckie\/mostech\/","og_site_name":"Dzia\u0142 Spraw Studenckich","article_modified_time":"2025-11-14T14:00:21+00:00","twitter_misc":{"Szacowany czas czytania":"1 minuta"},"schema":{"@context":"https:\/\/schema.org","@graph":[{"@type":"WebPage","@id":"https:\/\/pb.edu.pl\/dss\/sprawy-studenckie\/mostech\/","url":"https:\/\/pb.edu.pl\/dss\/sprawy-studenckie\/mostech\/","name":"Mostech - Dzia\u0142 Spraw Studenckich","isPartOf":{"@id":"https:\/\/pb.edu.pl\/dss\/#website"},"datePublished":"2021-11-26T11:59:59+00:00","dateModified":"2025-11-14T14:00:21+00:00","description":"UWAGA: Zgodnie z informacj\u0105 Biura Komisji Akredytacyjnej Uczelni Technicznych z dnia 12 listopada 2025 roku program MOSTECH zosta\u0142 zawieszony. Mostech to","breadcrumb":{"@id":"https:\/\/pb.edu.pl\/dss\/sprawy-studenckie\/mostech\/#breadcrumb"},"inLanguage":"pl-PL","potentialAction":[{"@type":"ReadAction","target":["https:\/\/pb.edu.pl\/dss\/sprawy-studenckie\/mostech\/"]}]},{"@type":"BreadcrumbList","@id":"https:\/\/pb.edu.pl\/dss\/sprawy-studenckie\/mostech\/#breadcrumb","itemListElement":[{"@type":"ListItem","position":1,"name":"Strona g\u0142\u00f3wna","item":"https:\/\/pb.edu.pl\/dss\/"},{"@type":"ListItem","position":2,"name":"Sprawy studenckie","item":"https:\/\/pb.edu.pl\/dss\/sprawy-studenckie\/"},{"@type":"ListItem","position":3,"name":"Mostech"}]},{"@type":"WebSite","@id":"https:\/\/pb.edu.pl\/dss\/#website","url":"https:\/\/pb.edu.pl\/dss\/","name":"Dzia\u0142 Spraw Studenckich","description":"","potentialAction":[{"@type":"SearchAction","target":{"@type":"EntryPoint","urlTemplate":"https:\/\/pb.edu.pl\/dss\/?s={search_term_string}"},"query-input":{"@type":"PropertyValueSpecification","valueRequired":true,"valueName":"search_term_string"}}],"inLanguage":"pl-PL"}]}},"_links":{"self":[{"href":"https:\/\/pb.edu.pl\/dss\/wp-json\/wp\/v2\/pages\/329","targetHints":{"allow":["GET"]}}],"collection":[{"href":"https:\/\/pb.edu.pl\/dss\/wp-json\/wp\/v2\/pages"}],"about":[{"href":"https:\/\/pb.edu.pl\/dss\/wp-json\/wp\/v2\/types\/page"}],"author":[{"embeddable":true,"href":"https:\/\/pb.edu.pl\/dss\/wp-json\/wp\/v2\/users\/2"}],"replies":[{"embeddable":true,"href":"https:\/\/pb.edu.pl\/dss\/wp-json\/wp\/v2\/comments?post=329"}],"version-history":[{"count":0,"href":"https:\/\/pb.edu.pl\/dss\/wp-json\/wp\/v2\/pages\/329\/revisions"}],"up":[{"embeddable":true,"href":"https:\/\/pb.edu.pl\/dss\/wp-json\/wp\/v2\/pages\/40"}],"wp:attachment":[{"href":"https:\/\/pb.edu.pl\/dss\/wp-json\/wp\/v2\/media?parent=329"}],"curies":[{"name":"wp","href":"https:\/\/api.w.org\/{rel}","templated":true}]}}