{"id":317,"date":"2021-11-26T12:35:04","date_gmt":"2021-11-26T11:35:04","guid":{"rendered":"https:\/\/pb.edu.pl\/dssd\/?page_id=317"},"modified":"2025-01-15T08:55:46","modified_gmt":"2025-01-15T07:55:46","slug":"odpowiedzialnosc-dyscyplinarna-studentow","status":"publish","type":"page","link":"https:\/\/pb.edu.pl\/dss\/sprawy-studenckie\/odpowiedzialnosc-dyscyplinarna-studentow\/","title":{"rendered":"Odpowiedzialno\u015b\u0107 dyscyplinarna student\u00f3w"},"content":{"rendered":"<p><strong>Student podlega<\/strong> odpowiedzialno\u015bci dyscyplinarnej za naruszenie przepis\u00f3w obowi\u0105zuj\u0105cych w&nbsp;uczelni oraz za czyn uchybiaj\u0105cy godno\u015bci studenta.<\/p>\n<p><strong>Karami dyscyplinarnymi s\u0105:<\/strong><\/p>\n<ul>\n<li>upomnienie;<\/li>\n<li>nagana;<\/li>\n<li>nagana z ostrze\u017ceniem;<\/li>\n<li>zawieszenie w okre\u015blonych prawach studenta na okres do 1 roku;<\/li>\n<li>wydalenie z uczelni.<\/li>\n<\/ul>\n<p><strong>Zawiadomienie o podejrzeniu pope\u0142nienia przewinienia dyscyplinarnego<\/strong><\/p>\n<p>Tylko rektor uczelni jest uprawniony do zainicjowania post\u0119powania dyscyplinarnego. Wiadomo\u015b\u0107 o pope\u0142nieniu przez studenta czynu o znamionach przewinienia dyscyplinarnego sk\u0142adana jest w formie zawiadomienia. Zawiadomienie mo\u017ce z\u0142o\u017cy\u0107 ka\u017cdy, kto posiada informacje o podejrzeniu takiego czynu.<\/p>\n<p>Po wst\u0119pnej kontroli zawiadomienia o mo\u017cliwo\u015bci pope\u0142nienia przez studenta przewinienia dyscyplinarnego, rektor ma prawo:<\/p>\n<ul>\n<li>samodzielnie rozpozna\u0107 spraw\u0119 (przeprowadzi\u0107 co\u015b na kszta\u0142t post\u0119powania wyja\u015bniaj\u0105cego),<\/li>\n<li>uzna\u0107, \u017ce czyn studenta nie wype\u0142nia znamion przewinienia dyscyplinarnego i nie podj\u0105\u0107 \u017cadnych dalszych dzia\u0142a\u0144,<\/li>\n<li>uzna\u0107, \u017ce czyn studenta wype\u0142nia znamiona przewinienia dyscyplinarnego, ale jest to przewinienie mniejszej wagi i wymierzy\u0107 kar\u0119 upomnienia po wys\u0142uchaniu studenta<\/li>\n<li>wyda\u0107 rzecznikowi dyscyplinarnemu polecenie wszcz\u0119cia i przeprowadzenia post\u0119powania wyja\u015bniaj\u0105cego.<\/li>\n<\/ul>\n<p><strong>Etapy post\u0119powania w sprawach dyscyplinarnych student\u00f3w<\/strong><\/p>\n<ol>\n<li>Czynno\u015bci podejmowane przez rektora w momencie uzyskania powiadomienia o&nbsp;pope\u0142nieniu przez studenta czynu o znamionach przewinienia dyscyplinarnego<\/li>\n<li>Post\u0119powanie wyja\u015bniaj\u0105ce prowadzone przez rzecznika dyscyplinarnego<\/li>\n<li>Post\u0119powanie dyscyplinarne przed komisj\u0105 dyscyplinarn\u0105<\/li>\n<li>Post\u0119powanie przed odwo\u0142awcz\u0105 komisj\u0105 dyscyplinarn\u0105<\/li>\n<li>Post\u0119powanie przed s\u0105dami administracyjnymi<\/li>\n<\/ol>\n<p><strong>Przepisy reguluj\u0105ce odpowiedzialno\u015b\u0107 dyscyplinarn\u0105 student\u00f3w<\/strong><\/p>\n<ul>\n<li>ustawa z dnia 20 lipca 2018 r. \u2212 Prawo o szkolnictwie wy\u017cszym i nauce ( Dzia\u0142 VII, Rozdzia\u0142 2 i 3;<\/li>\n<li>rozporz\u0105dzenie Ministra Nauki i Szkolnictwa Wy\u017cszego z dnia 28 wrze\u015bnia 2018 r. w sprawie szczeg\u00f3\u0142owego trybu post\u0119powania wyja\u015bniaj\u0105cego i dyscyplinarnego w sprawach student\u00f3w, a tak\u017ce sposobu wykonywania kar dyscyplinarnych i ich zatarcia,<\/li>\n<li>ustawa z dnia 6 czerwca 1997 r. \u2212 Kodeks post\u0119powania karnego,<\/li>\n<li>ustawa z dnia 6 czerwca 1997 r. \u2212 Kodeks karny,<\/li>\n<li><a href=\"https:\/\/pb.edu.pl\/uczelnia\/prawo-uczelniane\/statut\/\">Statut Politechniki Bia\u0142ostockiej<\/a> (Uchwa\u0142a nr 453\/XXVI\/XV2019 Senatu PB z dnia 27.06.2019 r.),<\/li>\n<li><a href=\"https:\/\/pb.edu.pl\/studenci\/etyka\/\">Kodeks Etyki Student\u00f3w Politechniki Bia\u0142ostockiej<\/a>.<\/li>\n<\/ul>\n<p><strong>Pliki do pobrania<\/strong><\/p>\n<p>&nbsp;<\/p>\n","protected":false},"excerpt":{"rendered":"<p>Student podlega odpowiedzialno\u015bci dyscyplinarnej za naruszenie przepis\u00f3w obowi\u0105zuj\u0105cych w&nbsp;uczelni oraz za czyn uchybiaj\u0105cy godno\u015bci studenta.<\/p>\n","protected":false},"author":2,"featured_media":0,"parent":40,"menu_order":6,"comment_status":"closed","ping_status":"closed","template":"","meta":{"_acf_changed":false,"ngg_post_thumbnail":0,"footnotes":""},"class_list":["post-317","page","type-page","status-publish","hentry"],"acf":[],"yoast_head":"<!-- This site is optimized with the Yoast SEO plugin v27.0 - https:\/\/yoast.com\/product\/yoast-seo-wordpress\/ -->\n<title>Odpowiedzialno\u015b\u0107 dyscyplinarna student\u00f3w - Dzia\u0142 Spraw Studenckich<\/title>\n<meta name=\"description\" content=\"Student podlega odpowiedzialno\u015bci dyscyplinarnej za naruszenie przepis\u00f3w obowi\u0105zuj\u0105cych w&nbsp;uczelni oraz za czyn uchybiaj\u0105cy godno\u015bci studenta. Karami\" \/>\n<meta name=\"robots\" content=\"index, follow, max-snippet:-1, max-image-preview:large, max-video-preview:-1\" \/>\n<link rel=\"canonical\" href=\"https:\/\/pb.edu.pl\/dss\/sprawy-studenckie\/odpowiedzialnosc-dyscyplinarna-studentow\/\" \/>\n<meta property=\"og:locale\" content=\"pl_PL\" \/>\n<meta property=\"og:type\" content=\"article\" \/>\n<meta property=\"og:title\" content=\"Odpowiedzialno\u015b\u0107 dyscyplinarna student\u00f3w - Dzia\u0142 Spraw Studenckich\" \/>\n<meta property=\"og:description\" content=\"Student podlega odpowiedzialno\u015bci dyscyplinarnej za naruszenie przepis\u00f3w obowi\u0105zuj\u0105cych w&nbsp;uczelni oraz za czyn uchybiaj\u0105cy godno\u015bci studenta. Karami\" \/>\n<meta property=\"og:url\" content=\"https:\/\/pb.edu.pl\/dss\/sprawy-studenckie\/odpowiedzialnosc-dyscyplinarna-studentow\/\" \/>\n<meta property=\"og:site_name\" content=\"Dzia\u0142 Spraw Studenckich\" \/>\n<meta property=\"article:modified_time\" content=\"2025-01-15T07:55:46+00:00\" \/>\n<meta name=\"twitter:label1\" content=\"Szacowany czas czytania\" \/>\n\t<meta name=\"twitter:data1\" content=\"2 minuty\" \/>\n<script type=\"application\/ld+json\" class=\"yoast-schema-graph\">{\"@context\":\"https:\/\/schema.org\",\"@graph\":[{\"@type\":\"WebPage\",\"@id\":\"https:\/\/pb.edu.pl\/dss\/sprawy-studenckie\/odpowiedzialnosc-dyscyplinarna-studentow\/\",\"url\":\"https:\/\/pb.edu.pl\/dss\/sprawy-studenckie\/odpowiedzialnosc-dyscyplinarna-studentow\/\",\"name\":\"Odpowiedzialno\u015b\u0107 dyscyplinarna student\u00f3w - Dzia\u0142 Spraw Studenckich\",\"isPartOf\":{\"@id\":\"https:\/\/pb.edu.pl\/dss\/#website\"},\"datePublished\":\"2021-11-26T11:35:04+00:00\",\"dateModified\":\"2025-01-15T07:55:46+00:00\",\"description\":\"Student podlega odpowiedzialno\u015bci dyscyplinarnej za naruszenie przepis\u00f3w obowi\u0105zuj\u0105cych w&nbsp;uczelni oraz za czyn uchybiaj\u0105cy godno\u015bci studenta. Karami\",\"breadcrumb\":{\"@id\":\"https:\/\/pb.edu.pl\/dss\/sprawy-studenckie\/odpowiedzialnosc-dyscyplinarna-studentow\/#breadcrumb\"},\"inLanguage\":\"pl-PL\",\"potentialAction\":[{\"@type\":\"ReadAction\",\"target\":[\"https:\/\/pb.edu.pl\/dss\/sprawy-studenckie\/odpowiedzialnosc-dyscyplinarna-studentow\/\"]}]},{\"@type\":\"BreadcrumbList\",\"@id\":\"https:\/\/pb.edu.pl\/dss\/sprawy-studenckie\/odpowiedzialnosc-dyscyplinarna-studentow\/#breadcrumb\",\"itemListElement\":[{\"@type\":\"ListItem\",\"position\":1,\"name\":\"Strona g\u0142\u00f3wna\",\"item\":\"https:\/\/pb.edu.pl\/dss\/\"},{\"@type\":\"ListItem\",\"position\":2,\"name\":\"Sprawy studenckie\",\"item\":\"https:\/\/pb.edu.pl\/dss\/sprawy-studenckie\/\"},{\"@type\":\"ListItem\",\"position\":3,\"name\":\"Odpowiedzialno\u015b\u0107 dyscyplinarna student\u00f3w\"}]},{\"@type\":\"WebSite\",\"@id\":\"https:\/\/pb.edu.pl\/dss\/#website\",\"url\":\"https:\/\/pb.edu.pl\/dss\/\",\"name\":\"Dzia\u0142 Spraw Studenckich\",\"description\":\"\",\"potentialAction\":[{\"@type\":\"SearchAction\",\"target\":{\"@type\":\"EntryPoint\",\"urlTemplate\":\"https:\/\/pb.edu.pl\/dss\/?s={search_term_string}\"},\"query-input\":{\"@type\":\"PropertyValueSpecification\",\"valueRequired\":true,\"valueName\":\"search_term_string\"}}],\"inLanguage\":\"pl-PL\"}]}<\/script>\n<!-- \/ Yoast SEO plugin. -->","yoast_head_json":{"title":"Odpowiedzialno\u015b\u0107 dyscyplinarna student\u00f3w - Dzia\u0142 Spraw Studenckich","description":"Student podlega odpowiedzialno\u015bci dyscyplinarnej za naruszenie przepis\u00f3w obowi\u0105zuj\u0105cych w&nbsp;uczelni oraz za czyn uchybiaj\u0105cy godno\u015bci studenta. Karami","robots":{"index":"index","follow":"follow","max-snippet":"max-snippet:-1","max-image-preview":"max-image-preview:large","max-video-preview":"max-video-preview:-1"},"canonical":"https:\/\/pb.edu.pl\/dss\/sprawy-studenckie\/odpowiedzialnosc-dyscyplinarna-studentow\/","og_locale":"pl_PL","og_type":"article","og_title":"Odpowiedzialno\u015b\u0107 dyscyplinarna student\u00f3w - Dzia\u0142 Spraw Studenckich","og_description":"Student podlega odpowiedzialno\u015bci dyscyplinarnej za naruszenie przepis\u00f3w obowi\u0105zuj\u0105cych w&nbsp;uczelni oraz za czyn uchybiaj\u0105cy godno\u015bci studenta. Karami","og_url":"https:\/\/pb.edu.pl\/dss\/sprawy-studenckie\/odpowiedzialnosc-dyscyplinarna-studentow\/","og_site_name":"Dzia\u0142 Spraw Studenckich","article_modified_time":"2025-01-15T07:55:46+00:00","twitter_misc":{"Szacowany czas czytania":"2 minuty"},"schema":{"@context":"https:\/\/schema.org","@graph":[{"@type":"WebPage","@id":"https:\/\/pb.edu.pl\/dss\/sprawy-studenckie\/odpowiedzialnosc-dyscyplinarna-studentow\/","url":"https:\/\/pb.edu.pl\/dss\/sprawy-studenckie\/odpowiedzialnosc-dyscyplinarna-studentow\/","name":"Odpowiedzialno\u015b\u0107 dyscyplinarna student\u00f3w - Dzia\u0142 Spraw Studenckich","isPartOf":{"@id":"https:\/\/pb.edu.pl\/dss\/#website"},"datePublished":"2021-11-26T11:35:04+00:00","dateModified":"2025-01-15T07:55:46+00:00","description":"Student podlega odpowiedzialno\u015bci dyscyplinarnej za naruszenie przepis\u00f3w obowi\u0105zuj\u0105cych w&nbsp;uczelni oraz za czyn uchybiaj\u0105cy godno\u015bci studenta. Karami","breadcrumb":{"@id":"https:\/\/pb.edu.pl\/dss\/sprawy-studenckie\/odpowiedzialnosc-dyscyplinarna-studentow\/#breadcrumb"},"inLanguage":"pl-PL","potentialAction":[{"@type":"ReadAction","target":["https:\/\/pb.edu.pl\/dss\/sprawy-studenckie\/odpowiedzialnosc-dyscyplinarna-studentow\/"]}]},{"@type":"BreadcrumbList","@id":"https:\/\/pb.edu.pl\/dss\/sprawy-studenckie\/odpowiedzialnosc-dyscyplinarna-studentow\/#breadcrumb","itemListElement":[{"@type":"ListItem","position":1,"name":"Strona g\u0142\u00f3wna","item":"https:\/\/pb.edu.pl\/dss\/"},{"@type":"ListItem","position":2,"name":"Sprawy studenckie","item":"https:\/\/pb.edu.pl\/dss\/sprawy-studenckie\/"},{"@type":"ListItem","position":3,"name":"Odpowiedzialno\u015b\u0107 dyscyplinarna student\u00f3w"}]},{"@type":"WebSite","@id":"https:\/\/pb.edu.pl\/dss\/#website","url":"https:\/\/pb.edu.pl\/dss\/","name":"Dzia\u0142 Spraw Studenckich","description":"","potentialAction":[{"@type":"SearchAction","target":{"@type":"EntryPoint","urlTemplate":"https:\/\/pb.edu.pl\/dss\/?s={search_term_string}"},"query-input":{"@type":"PropertyValueSpecification","valueRequired":true,"valueName":"search_term_string"}}],"inLanguage":"pl-PL"}]}},"_links":{"self":[{"href":"https:\/\/pb.edu.pl\/dss\/wp-json\/wp\/v2\/pages\/317","targetHints":{"allow":["GET"]}}],"collection":[{"href":"https:\/\/pb.edu.pl\/dss\/wp-json\/wp\/v2\/pages"}],"about":[{"href":"https:\/\/pb.edu.pl\/dss\/wp-json\/wp\/v2\/types\/page"}],"author":[{"embeddable":true,"href":"https:\/\/pb.edu.pl\/dss\/wp-json\/wp\/v2\/users\/2"}],"replies":[{"embeddable":true,"href":"https:\/\/pb.edu.pl\/dss\/wp-json\/wp\/v2\/comments?post=317"}],"version-history":[{"count":0,"href":"https:\/\/pb.edu.pl\/dss\/wp-json\/wp\/v2\/pages\/317\/revisions"}],"up":[{"embeddable":true,"href":"https:\/\/pb.edu.pl\/dss\/wp-json\/wp\/v2\/pages\/40"}],"wp:attachment":[{"href":"https:\/\/pb.edu.pl\/dss\/wp-json\/wp\/v2\/media?parent=317"}],"curies":[{"name":"wp","href":"https:\/\/api.w.org\/{rel}","templated":true}]}}