{"id":313,"date":"2021-11-26T12:31:23","date_gmt":"2021-11-26T11:31:23","guid":{"rendered":"https:\/\/pb.edu.pl\/dssd\/?page_id=313"},"modified":"2026-04-01T14:30:33","modified_gmt":"2026-04-01T12:30:33","slug":"kola-naukowe-pb","status":"publish","type":"page","link":"https:\/\/pb.edu.pl\/dss\/samorzad-i-uczelniane-organizacje-studenckie\/kola-naukowe-pb\/","title":{"rendered":"Ko\u0142a Naukowe i Organizacje PB"},"content":{"rendered":"<p><strong>Wykaz K\u00f3\u0142 Naukowych i Organizacji Studenckich dzia\u0142aj\u0105cych w Politechnice Bia\u0142ostockiej<\/strong><\/p>\n<p><a  class=\"pdf\" href=\"https:\/\/pb.edu.pl\/dss\/wp-content\/uploads\/sites\/166\/2026\/04\/WYKAZ_KOL-NAUKOWYCH-PB_od-01_04_2026.pdf\" target=\"_blank\" data-id=\"1087\" >Wykaz k\u00f3\u0142 naukowych dzia\u0142aj\u0105cych na Politechnice Bia\u0142ostockiej <span>(PDF, 210 KB, otworzy si\u0119 w nowej karcie)<\/span><\/a><\/p>\n<p><a  class=\"pdf\" href=\"https:\/\/pb.edu.pl\/dss\/wp-content\/uploads\/sites\/166\/2025\/03\/Organizacje-studenckie-Politechniki-Bialostockiej_03_03_2025.pdf\" target=\"_blank\" data-id=\"931\" >Wykaz Organizacji Studenckich dzia\u0142aj\u0105cych w Politechnice Bia\u0142ostockiej <span>(PDF, 66 KB, otworzy si\u0119 w nowej karcie)<\/span><\/a><br \/>\n&nbsp;<\/p>\n<p><a href=\"https:\/\/pb.edu.pl\/kola-naukowe\/\"><strong>Studenckie Ko\u0142a Naukowe dzia\u0142aj\u0105ce w Politechnice Bia\u0142ostockiej<\/strong><\/a><br \/>\n&nbsp;<\/p>\n<p><strong>Obowi\u0105zuj\u0105ce Zarz\u0105dzenie &#8211; tekst jednolity<\/strong><\/p>\n<p><a class=\"pdf\" href=\"https:\/\/pb.edu.pl\/dss\/wp-content\/uploads\/sites\/166\/2022\/03\/Zarzadzenie-nr-1002-tekst-ujedn.pdf\" target=\"_blank\" data-id=\"484\" rel=\"noopener\">Zarz\u0105dzenie 1002 Rektora PB w sprawie zasad powo\u0142ywania, funkcjonowania i rozwi\u0105zywania uczelnianych organizacji studenckich w Politechnice Bia\u0142ostockiej <span>(PDF, 118 KB, otworzy si\u0119 w nowej karcie)<\/span><\/a><br \/>\n&nbsp;<\/p>\n<p><strong>Dokumenty do pobrania<\/strong><\/p>\n<p><a title=\"pobierz plik\" class=\"docx\" href=\"https:\/\/pb.edu.pl\/dss\/wp-content\/uploads\/sites\/166\/2022\/03\/WZOR-sprawozdania-z-dzialalnosci-organizacji-studenckiej.docx\"  data-id=\"466\" >Sprawozdanie z dzia\u0142alno\u015bci uczelnianej organizacji studenckiej na Politechnice Bia\u0142ostockiej <span>(DOCX, 21 KB)<\/span><\/a><\/p>\n<p><a title=\"pobierz plik\" class=\"docx\" href=\"https:\/\/pb.edu.pl\/dss\/wp-content\/uploads\/sites\/166\/2022\/03\/INFORMACJA-O-POWOLANIU_Zalacznik-nr-1-do-Zasad.docx\"  data-id=\"487\" >Informacja o powo\u0142aniu uczelnianej organizacji studenckiej na Politechnice Bia\u0142ostockiej <span>(DOCX, 17 KB)<\/span><\/a><\/p>\n<p><a title=\"pobierz plik\" class=\"docx\" href=\"https:\/\/pb.edu.pl\/dss\/wp-content\/uploads\/sites\/166\/2022\/03\/ZAWIESZENIE-KOLA_Zalacznik-nr-3-do-Zasad.docx\"  data-id=\"488\" >Informacja o zawieszeniu dzia\u0142alno\u015bci uczelnianej organizacji studenckiej <span>(DOCX, 16 KB)<\/span><\/a><\/p>\n<p><a class=\"pdf\" href=\"https:\/\/pb.edu.pl\/dss\/wp-content\/uploads\/sites\/166\/2022\/03\/Informacja_RODO_Zalacznik-nr-2-do-Zasad-1.pdf\" target=\"_blank\" data-id=\"489\" rel=\"noopener\">Informacja RODO <span>(PDF, 131 KB, otworzy si\u0119 w nowej karcie)<\/span><\/a><\/p>\n","protected":false},"excerpt":{"rendered":"<p>Wykaz K\u00f3\u0142 Naukowych i Organizacji Studenckich dzia\u0142aj\u0105cych w Politechnice Bia\u0142ostockiej Wykaz k\u00f3\u0142 naukowych dzia\u0142aj\u0105cych na<\/p>\n","protected":false},"author":2,"featured_media":0,"parent":38,"menu_order":2,"comment_status":"closed","ping_status":"closed","template":"","meta":{"_acf_changed":false,"ngg_post_thumbnail":0,"footnotes":""},"class_list":["post-313","page","type-page","status-publish","hentry"],"acf":[],"yoast_head":"<!-- This site is optimized with the Yoast SEO plugin v27.0 - https:\/\/yoast.com\/product\/yoast-seo-wordpress\/ -->\n<title>Ko\u0142a Naukowe i Organizacje PB - Dzia\u0142 Spraw Studenckich<\/title>\n<meta name=\"description\" content=\"Wykaz K\u00f3\u0142 Naukowych i Organizacji Studenckich dzia\u0142aj\u0105cych w Politechnice Bia\u0142ostockiej Wykaz k\u00f3\u0142 naukowych dzia\u0142aj\u0105cych na Politechnice Bia\u0142ostockiej\" \/>\n<meta name=\"robots\" content=\"index, follow, max-snippet:-1, max-image-preview:large, max-video-preview:-1\" \/>\n<link rel=\"canonical\" href=\"https:\/\/pb.edu.pl\/dss\/samorzad-i-uczelniane-organizacje-studenckie\/kola-naukowe-pb\/\" \/>\n<meta property=\"og:locale\" content=\"pl_PL\" \/>\n<meta property=\"og:type\" content=\"article\" \/>\n<meta property=\"og:title\" content=\"Ko\u0142a Naukowe i Organizacje PB - Dzia\u0142 Spraw Studenckich\" \/>\n<meta property=\"og:description\" content=\"Wykaz K\u00f3\u0142 Naukowych i Organizacji Studenckich dzia\u0142aj\u0105cych w Politechnice Bia\u0142ostockiej Wykaz k\u00f3\u0142 naukowych dzia\u0142aj\u0105cych na Politechnice Bia\u0142ostockiej\" \/>\n<meta property=\"og:url\" content=\"https:\/\/pb.edu.pl\/dss\/samorzad-i-uczelniane-organizacje-studenckie\/kola-naukowe-pb\/\" \/>\n<meta property=\"og:site_name\" content=\"Dzia\u0142 Spraw Studenckich\" \/>\n<meta property=\"article:modified_time\" content=\"2026-04-01T12:30:33+00:00\" \/>\n<meta name=\"twitter:label1\" content=\"Szacowany czas czytania\" \/>\n\t<meta name=\"twitter:data1\" content=\"1 minuta\" \/>\n<script type=\"application\/ld+json\" class=\"yoast-schema-graph\">{\"@context\":\"https:\/\/schema.org\",\"@graph\":[{\"@type\":\"WebPage\",\"@id\":\"https:\/\/pb.edu.pl\/dss\/samorzad-i-uczelniane-organizacje-studenckie\/kola-naukowe-pb\/\",\"url\":\"https:\/\/pb.edu.pl\/dss\/samorzad-i-uczelniane-organizacje-studenckie\/kola-naukowe-pb\/\",\"name\":\"Ko\u0142a Naukowe i Organizacje PB - Dzia\u0142 Spraw Studenckich\",\"isPartOf\":{\"@id\":\"https:\/\/pb.edu.pl\/dss\/#website\"},\"datePublished\":\"2021-11-26T11:31:23+00:00\",\"dateModified\":\"2026-04-01T12:30:33+00:00\",\"description\":\"Wykaz K\u00f3\u0142 Naukowych i Organizacji Studenckich dzia\u0142aj\u0105cych w Politechnice Bia\u0142ostockiej Wykaz k\u00f3\u0142 naukowych dzia\u0142aj\u0105cych na Politechnice Bia\u0142ostockiej\",\"breadcrumb\":{\"@id\":\"https:\/\/pb.edu.pl\/dss\/samorzad-i-uczelniane-organizacje-studenckie\/kola-naukowe-pb\/#breadcrumb\"},\"inLanguage\":\"pl-PL\",\"potentialAction\":[{\"@type\":\"ReadAction\",\"target\":[\"https:\/\/pb.edu.pl\/dss\/samorzad-i-uczelniane-organizacje-studenckie\/kola-naukowe-pb\/\"]}]},{\"@type\":\"BreadcrumbList\",\"@id\":\"https:\/\/pb.edu.pl\/dss\/samorzad-i-uczelniane-organizacje-studenckie\/kola-naukowe-pb\/#breadcrumb\",\"itemListElement\":[{\"@type\":\"ListItem\",\"position\":1,\"name\":\"Strona g\u0142\u00f3wna\",\"item\":\"https:\/\/pb.edu.pl\/dss\/\"},{\"@type\":\"ListItem\",\"position\":2,\"name\":\"Samorz\u0105d i uczelniane organizacje studenckie\",\"item\":\"https:\/\/pb.edu.pl\/dss\/samorzad-i-uczelniane-organizacje-studenckie\/\"},{\"@type\":\"ListItem\",\"position\":3,\"name\":\"Ko\u0142a Naukowe i Organizacje PB\"}]},{\"@type\":\"WebSite\",\"@id\":\"https:\/\/pb.edu.pl\/dss\/#website\",\"url\":\"https:\/\/pb.edu.pl\/dss\/\",\"name\":\"Dzia\u0142 Spraw Studenckich\",\"description\":\"\",\"potentialAction\":[{\"@type\":\"SearchAction\",\"target\":{\"@type\":\"EntryPoint\",\"urlTemplate\":\"https:\/\/pb.edu.pl\/dss\/?s={search_term_string}\"},\"query-input\":{\"@type\":\"PropertyValueSpecification\",\"valueRequired\":true,\"valueName\":\"search_term_string\"}}],\"inLanguage\":\"pl-PL\"}]}<\/script>\n<!-- \/ Yoast SEO plugin. -->","yoast_head_json":{"title":"Ko\u0142a Naukowe i Organizacje PB - Dzia\u0142 Spraw Studenckich","description":"Wykaz K\u00f3\u0142 Naukowych i Organizacji Studenckich dzia\u0142aj\u0105cych w Politechnice Bia\u0142ostockiej Wykaz k\u00f3\u0142 naukowych dzia\u0142aj\u0105cych na Politechnice Bia\u0142ostockiej","robots":{"index":"index","follow":"follow","max-snippet":"max-snippet:-1","max-image-preview":"max-image-preview:large","max-video-preview":"max-video-preview:-1"},"canonical":"https:\/\/pb.edu.pl\/dss\/samorzad-i-uczelniane-organizacje-studenckie\/kola-naukowe-pb\/","og_locale":"pl_PL","og_type":"article","og_title":"Ko\u0142a Naukowe i Organizacje PB - Dzia\u0142 Spraw Studenckich","og_description":"Wykaz K\u00f3\u0142 Naukowych i Organizacji Studenckich dzia\u0142aj\u0105cych w Politechnice Bia\u0142ostockiej Wykaz k\u00f3\u0142 naukowych dzia\u0142aj\u0105cych na Politechnice Bia\u0142ostockiej","og_url":"https:\/\/pb.edu.pl\/dss\/samorzad-i-uczelniane-organizacje-studenckie\/kola-naukowe-pb\/","og_site_name":"Dzia\u0142 Spraw Studenckich","article_modified_time":"2026-04-01T12:30:33+00:00","twitter_misc":{"Szacowany czas czytania":"1 minuta"},"schema":{"@context":"https:\/\/schema.org","@graph":[{"@type":"WebPage","@id":"https:\/\/pb.edu.pl\/dss\/samorzad-i-uczelniane-organizacje-studenckie\/kola-naukowe-pb\/","url":"https:\/\/pb.edu.pl\/dss\/samorzad-i-uczelniane-organizacje-studenckie\/kola-naukowe-pb\/","name":"Ko\u0142a Naukowe i Organizacje PB - Dzia\u0142 Spraw Studenckich","isPartOf":{"@id":"https:\/\/pb.edu.pl\/dss\/#website"},"datePublished":"2021-11-26T11:31:23+00:00","dateModified":"2026-04-01T12:30:33+00:00","description":"Wykaz K\u00f3\u0142 Naukowych i Organizacji Studenckich dzia\u0142aj\u0105cych w Politechnice Bia\u0142ostockiej Wykaz k\u00f3\u0142 naukowych dzia\u0142aj\u0105cych na Politechnice Bia\u0142ostockiej","breadcrumb":{"@id":"https:\/\/pb.edu.pl\/dss\/samorzad-i-uczelniane-organizacje-studenckie\/kola-naukowe-pb\/#breadcrumb"},"inLanguage":"pl-PL","potentialAction":[{"@type":"ReadAction","target":["https:\/\/pb.edu.pl\/dss\/samorzad-i-uczelniane-organizacje-studenckie\/kola-naukowe-pb\/"]}]},{"@type":"BreadcrumbList","@id":"https:\/\/pb.edu.pl\/dss\/samorzad-i-uczelniane-organizacje-studenckie\/kola-naukowe-pb\/#breadcrumb","itemListElement":[{"@type":"ListItem","position":1,"name":"Strona g\u0142\u00f3wna","item":"https:\/\/pb.edu.pl\/dss\/"},{"@type":"ListItem","position":2,"name":"Samorz\u0105d i uczelniane organizacje studenckie","item":"https:\/\/pb.edu.pl\/dss\/samorzad-i-uczelniane-organizacje-studenckie\/"},{"@type":"ListItem","position":3,"name":"Ko\u0142a Naukowe i Organizacje PB"}]},{"@type":"WebSite","@id":"https:\/\/pb.edu.pl\/dss\/#website","url":"https:\/\/pb.edu.pl\/dss\/","name":"Dzia\u0142 Spraw Studenckich","description":"","potentialAction":[{"@type":"SearchAction","target":{"@type":"EntryPoint","urlTemplate":"https:\/\/pb.edu.pl\/dss\/?s={search_term_string}"},"query-input":{"@type":"PropertyValueSpecification","valueRequired":true,"valueName":"search_term_string"}}],"inLanguage":"pl-PL"}]}},"_links":{"self":[{"href":"https:\/\/pb.edu.pl\/dss\/wp-json\/wp\/v2\/pages\/313","targetHints":{"allow":["GET"]}}],"collection":[{"href":"https:\/\/pb.edu.pl\/dss\/wp-json\/wp\/v2\/pages"}],"about":[{"href":"https:\/\/pb.edu.pl\/dss\/wp-json\/wp\/v2\/types\/page"}],"author":[{"embeddable":true,"href":"https:\/\/pb.edu.pl\/dss\/wp-json\/wp\/v2\/users\/2"}],"replies":[{"embeddable":true,"href":"https:\/\/pb.edu.pl\/dss\/wp-json\/wp\/v2\/comments?post=313"}],"version-history":[{"count":2,"href":"https:\/\/pb.edu.pl\/dss\/wp-json\/wp\/v2\/pages\/313\/revisions"}],"predecessor-version":[{"id":1088,"href":"https:\/\/pb.edu.pl\/dss\/wp-json\/wp\/v2\/pages\/313\/revisions\/1088"}],"up":[{"embeddable":true,"href":"https:\/\/pb.edu.pl\/dss\/wp-json\/wp\/v2\/pages\/38"}],"wp:attachment":[{"href":"https:\/\/pb.edu.pl\/dss\/wp-json\/wp\/v2\/media?parent=313"}],"curies":[{"name":"wp","href":"https:\/\/api.w.org\/{rel}","templated":true}]}}