{"id":31,"date":"2021-02-10T20:08:30","date_gmt":"2021-02-10T19:08:30","guid":{"rendered":"https:\/\/pb.edu.pl\/dssd\/?page_id=31"},"modified":"2025-01-15T09:04:42","modified_gmt":"2025-01-15T08:04:42","slug":"regulamin-studiow","status":"publish","type":"page","link":"https:\/\/pb.edu.pl\/dss\/regulamin-studiow\/","title":{"rendered":"Regulamin studi\u00f3w"},"content":{"rendered":"<p>Organizacj\u0119 studi\u00f3w oraz zwi\u0105zane z nimi prawa i obowi\u0105zki student\u00f3w okre\u015bla regulamin studi\u00f3w.<\/p>\n<p><strong>Regulamin Studi\u00f3w Politechniki Bia\u0142ostockiej obowi\u0105zuj\u0105cy od 1 pa\u017adziernika 2023 roku:<\/strong><\/p>\n<p><a title=\"\" href=\"https:\/\/bip.pb.edu.pl\/index.php?event=informacja&amp;id=20497\" target=\"_blank\" rel=\"noopener\">Regulamin Studi\u00f3w Politechniki Bia\u0142ostockiej. Uchwa\u0142a Senatu Politechniki Bia\u0142ostockiej nr&nbsp;335\/XXIX\/XVI\/2023 z dnia 6 kwietnia 2023 roku<\/a><br \/>\n<a href=\"https:\/\/pb.edu.pl\/dss\/wp-content\/uploads\/sites\/166\/2023\/10\/Regulamin-studiow-2023-wersja-w-j.-angielskim.docx\">Regulamin studi\u00f3w 2023 &#8211; wersja w j. angielskim<\/a><\/p>\n<p><a href=\"https:\/\/pb.edu.pl\/dss\/wp-content\/uploads\/sites\/166\/2023\/10\/Regulamin-studiow-2023-wersja-w-j.-rosyjskim.docx\">Regulamin studi\u00f3w 2023 &#8211; wersja w j. rosyjskim<\/a>&nbsp;<br \/>\n&nbsp;<\/p>\n","protected":false},"excerpt":{"rendered":"<p>Organizacj\u0119 studi\u00f3w oraz zwi\u0105zane z nimi prawa i obowi\u0105zki student\u00f3w okre\u015bla regulamin studi\u00f3w. Regulamin Studi\u00f3w<\/p>\n","protected":false},"author":2,"featured_media":0,"parent":0,"menu_order":2,"comment_status":"closed","ping_status":"closed","template":"","meta":{"_acf_changed":false,"ngg_post_thumbnail":0,"footnotes":""},"class_list":["post-31","page","type-page","status-publish","hentry"],"acf":[],"yoast_head":"<!-- This site is optimized with the Yoast SEO plugin v27.0 - https:\/\/yoast.com\/product\/yoast-seo-wordpress\/ -->\n<title>Regulamin studi\u00f3w - Dzia\u0142 Spraw Studenckich<\/title>\n<meta name=\"description\" content=\"Organizacj\u0119 studi\u00f3w oraz zwi\u0105zane z nimi prawa i obowi\u0105zki student\u00f3w okre\u015bla regulamin studi\u00f3w. Regulamin Studi\u00f3w Politechniki Bia\u0142ostockiej obowi\u0105zuj\u0105cy\" \/>\n<meta name=\"robots\" content=\"index, follow, max-snippet:-1, max-image-preview:large, max-video-preview:-1\" \/>\n<link rel=\"canonical\" href=\"https:\/\/pb.edu.pl\/dss\/regulamin-studiow\/\" \/>\n<meta property=\"og:locale\" content=\"pl_PL\" \/>\n<meta property=\"og:type\" content=\"article\" \/>\n<meta property=\"og:title\" content=\"Regulamin studi\u00f3w - Dzia\u0142 Spraw Studenckich\" \/>\n<meta property=\"og:description\" content=\"Organizacj\u0119 studi\u00f3w oraz zwi\u0105zane z nimi prawa i obowi\u0105zki student\u00f3w okre\u015bla regulamin studi\u00f3w. Regulamin Studi\u00f3w Politechniki Bia\u0142ostockiej obowi\u0105zuj\u0105cy\" \/>\n<meta property=\"og:url\" content=\"https:\/\/pb.edu.pl\/dss\/regulamin-studiow\/\" \/>\n<meta property=\"og:site_name\" content=\"Dzia\u0142 Spraw Studenckich\" \/>\n<meta property=\"article:modified_time\" content=\"2025-01-15T08:04:42+00:00\" \/>\n<meta name=\"twitter:label1\" content=\"Szacowany czas czytania\" \/>\n\t<meta name=\"twitter:data1\" content=\"1 minuta\" \/>\n<script type=\"application\/ld+json\" class=\"yoast-schema-graph\">{\"@context\":\"https:\/\/schema.org\",\"@graph\":[{\"@type\":\"WebPage\",\"@id\":\"https:\/\/pb.edu.pl\/dss\/regulamin-studiow\/\",\"url\":\"https:\/\/pb.edu.pl\/dss\/regulamin-studiow\/\",\"name\":\"Regulamin studi\u00f3w - Dzia\u0142 Spraw Studenckich\",\"isPartOf\":{\"@id\":\"https:\/\/pb.edu.pl\/dss\/#website\"},\"datePublished\":\"2021-02-10T19:08:30+00:00\",\"dateModified\":\"2025-01-15T08:04:42+00:00\",\"description\":\"Organizacj\u0119 studi\u00f3w oraz zwi\u0105zane z nimi prawa i obowi\u0105zki student\u00f3w okre\u015bla regulamin studi\u00f3w. Regulamin Studi\u00f3w Politechniki Bia\u0142ostockiej obowi\u0105zuj\u0105cy\",\"breadcrumb\":{\"@id\":\"https:\/\/pb.edu.pl\/dss\/regulamin-studiow\/#breadcrumb\"},\"inLanguage\":\"pl-PL\",\"potentialAction\":[{\"@type\":\"ReadAction\",\"target\":[\"https:\/\/pb.edu.pl\/dss\/regulamin-studiow\/\"]}]},{\"@type\":\"BreadcrumbList\",\"@id\":\"https:\/\/pb.edu.pl\/dss\/regulamin-studiow\/#breadcrumb\",\"itemListElement\":[{\"@type\":\"ListItem\",\"position\":1,\"name\":\"Strona g\u0142\u00f3wna\",\"item\":\"https:\/\/pb.edu.pl\/dss\/\"},{\"@type\":\"ListItem\",\"position\":2,\"name\":\"Regulamin studi\u00f3w\"}]},{\"@type\":\"WebSite\",\"@id\":\"https:\/\/pb.edu.pl\/dss\/#website\",\"url\":\"https:\/\/pb.edu.pl\/dss\/\",\"name\":\"Dzia\u0142 Spraw Studenckich\",\"description\":\"\",\"potentialAction\":[{\"@type\":\"SearchAction\",\"target\":{\"@type\":\"EntryPoint\",\"urlTemplate\":\"https:\/\/pb.edu.pl\/dss\/?s={search_term_string}\"},\"query-input\":{\"@type\":\"PropertyValueSpecification\",\"valueRequired\":true,\"valueName\":\"search_term_string\"}}],\"inLanguage\":\"pl-PL\"}]}<\/script>\n<!-- \/ Yoast SEO plugin. -->","yoast_head_json":{"title":"Regulamin studi\u00f3w - Dzia\u0142 Spraw Studenckich","description":"Organizacj\u0119 studi\u00f3w oraz zwi\u0105zane z nimi prawa i obowi\u0105zki student\u00f3w okre\u015bla regulamin studi\u00f3w. Regulamin Studi\u00f3w Politechniki Bia\u0142ostockiej obowi\u0105zuj\u0105cy","robots":{"index":"index","follow":"follow","max-snippet":"max-snippet:-1","max-image-preview":"max-image-preview:large","max-video-preview":"max-video-preview:-1"},"canonical":"https:\/\/pb.edu.pl\/dss\/regulamin-studiow\/","og_locale":"pl_PL","og_type":"article","og_title":"Regulamin studi\u00f3w - Dzia\u0142 Spraw Studenckich","og_description":"Organizacj\u0119 studi\u00f3w oraz zwi\u0105zane z nimi prawa i obowi\u0105zki student\u00f3w okre\u015bla regulamin studi\u00f3w. Regulamin Studi\u00f3w Politechniki Bia\u0142ostockiej obowi\u0105zuj\u0105cy","og_url":"https:\/\/pb.edu.pl\/dss\/regulamin-studiow\/","og_site_name":"Dzia\u0142 Spraw Studenckich","article_modified_time":"2025-01-15T08:04:42+00:00","twitter_misc":{"Szacowany czas czytania":"1 minuta"},"schema":{"@context":"https:\/\/schema.org","@graph":[{"@type":"WebPage","@id":"https:\/\/pb.edu.pl\/dss\/regulamin-studiow\/","url":"https:\/\/pb.edu.pl\/dss\/regulamin-studiow\/","name":"Regulamin studi\u00f3w - Dzia\u0142 Spraw Studenckich","isPartOf":{"@id":"https:\/\/pb.edu.pl\/dss\/#website"},"datePublished":"2021-02-10T19:08:30+00:00","dateModified":"2025-01-15T08:04:42+00:00","description":"Organizacj\u0119 studi\u00f3w oraz zwi\u0105zane z nimi prawa i obowi\u0105zki student\u00f3w okre\u015bla regulamin studi\u00f3w. Regulamin Studi\u00f3w Politechniki Bia\u0142ostockiej obowi\u0105zuj\u0105cy","breadcrumb":{"@id":"https:\/\/pb.edu.pl\/dss\/regulamin-studiow\/#breadcrumb"},"inLanguage":"pl-PL","potentialAction":[{"@type":"ReadAction","target":["https:\/\/pb.edu.pl\/dss\/regulamin-studiow\/"]}]},{"@type":"BreadcrumbList","@id":"https:\/\/pb.edu.pl\/dss\/regulamin-studiow\/#breadcrumb","itemListElement":[{"@type":"ListItem","position":1,"name":"Strona g\u0142\u00f3wna","item":"https:\/\/pb.edu.pl\/dss\/"},{"@type":"ListItem","position":2,"name":"Regulamin studi\u00f3w"}]},{"@type":"WebSite","@id":"https:\/\/pb.edu.pl\/dss\/#website","url":"https:\/\/pb.edu.pl\/dss\/","name":"Dzia\u0142 Spraw Studenckich","description":"","potentialAction":[{"@type":"SearchAction","target":{"@type":"EntryPoint","urlTemplate":"https:\/\/pb.edu.pl\/dss\/?s={search_term_string}"},"query-input":{"@type":"PropertyValueSpecification","valueRequired":true,"valueName":"search_term_string"}}],"inLanguage":"pl-PL"}]}},"_links":{"self":[{"href":"https:\/\/pb.edu.pl\/dss\/wp-json\/wp\/v2\/pages\/31","targetHints":{"allow":["GET"]}}],"collection":[{"href":"https:\/\/pb.edu.pl\/dss\/wp-json\/wp\/v2\/pages"}],"about":[{"href":"https:\/\/pb.edu.pl\/dss\/wp-json\/wp\/v2\/types\/page"}],"author":[{"embeddable":true,"href":"https:\/\/pb.edu.pl\/dss\/wp-json\/wp\/v2\/users\/2"}],"replies":[{"embeddable":true,"href":"https:\/\/pb.edu.pl\/dss\/wp-json\/wp\/v2\/comments?post=31"}],"version-history":[{"count":0,"href":"https:\/\/pb.edu.pl\/dss\/wp-json\/wp\/v2\/pages\/31\/revisions"}],"wp:attachment":[{"href":"https:\/\/pb.edu.pl\/dss\/wp-json\/wp\/v2\/media?parent=31"}],"curies":[{"name":"wp","href":"https:\/\/api.w.org\/{rel}","templated":true}]}}