{"id":131,"date":"2021-06-29T22:08:04","date_gmt":"2021-06-29T20:08:04","guid":{"rendered":"https:\/\/pb.edu.pl\/dssd\/?page_id=131"},"modified":"2026-03-04T15:07:31","modified_gmt":"2026-03-04T14:07:31","slug":"harmonogram-roku-akademickiego","status":"publish","type":"page","link":"https:\/\/pb.edu.pl\/dss\/harmonogram-roku-akademickiego\/","title":{"rendered":"Harmonogram roku akademickiego"},"content":{"rendered":"<p>Harmonogram roku akademickiego jest ustalany przez Rektora Politechniki Bia\u0142ostockiej w porozumieniu z Samorz\u0105dem Student\u00f3w i og\u0142aszany do 31 maja.<\/p>\n<p><a  class=\"pdf\" href=\"https:\/\/pb.edu.pl\/wp-content\/uploads\/2026\/03\/Zalacznik-do-Zarzadzenia-Harmonogram-roku-akademickiego-2025-2026-new.pdf\" target=\"_blank\" data-id=\"167974\">Harmonogram roku akademickiego 2025\/2026 &#8211; za\u0142\u0105cznik nr 1 <span>(PDF, 116 KB, otworzy si\u0119 w nowej karcie)<\/span><\/a><\/p>\n<p>Harmonogram roku akademickiego 2025\/2026 okre\u015bla <a class=\"pdf\" href=\"https:\/\/pb.edu.pl\/dss\/wp-content\/uploads\/sites\/166\/2026\/03\/Zarzadzenie-Nr-33-2026-wersja-dostepna.pdf\" target=\"_blank\" data-id=\"1055\" >Zarz\u0105dzenie nr 33\/2026 <span>(PDF, 244 KB, otworzy si\u0119 w nowej karcie)<\/span><\/a><\/p>\n<p>Harmonogram roku akademickiego 2024\/2025 okre\u015bla <a href=\"https:\/\/bip.pb.edu.pl\/index.php?event=informacja&amp;id=21365\">Zarz\u0105dzenie nr 49\/2024 Rektora Politechniki Bia\u0142ostockiej z dnia 29 maja 2024 roku<\/a> w sprawie ustalenia harmonogramu roku akademickiego 2024\/2025.<\/p>\n<p>Harmonogram roku akademickiego 2023\/2024 okre\u015bla <a href=\"https:\/\/bip.pb.edu.pl\/?event=informacja&amp;id=20723\">Zarz\u0105dzenie nr 57\/2023 Rektora Politechniki Bia\u0142ostockiej z dnia 30 maja 2023 roku<\/a> (tekst ujednolicony) w sprawie ustalenia harmonogramu roku akademickiego 2023\/2024.<\/p>\n<p>Przejd\u017a do <a href=\"https:\/\/pb.edu.pl\/kalendarz-akademicki\/\">Kalendarz akademicki<\/a><\/p>\n","protected":false},"excerpt":{"rendered":"<p>Harmonogram roku akademickiego jest ustalany przez Rektora Politechniki Bia\u0142ostockiej w porozumieniu z Samorz\u0105dem Student\u00f3w i<\/p>\n","protected":false},"author":2,"featured_media":0,"parent":0,"menu_order":1,"comment_status":"closed","ping_status":"closed","template":"","meta":{"_acf_changed":false,"ngg_post_thumbnail":0,"footnotes":""},"class_list":["post-131","page","type-page","status-publish","hentry"],"acf":[],"yoast_head":"<!-- This site is optimized with the Yoast SEO plugin v27.0 - https:\/\/yoast.com\/product\/yoast-seo-wordpress\/ -->\n<title>Harmonogram roku akademickiego - Dzia\u0142 Spraw Studenckich<\/title>\n<meta name=\"description\" content=\"Harmonogram roku akademickiego jest ustalany przez Rektora Politechniki Bia\u0142ostockiej w porozumieniu z Samorz\u0105dem Student\u00f3w i og\u0142aszany do 31 maja.\" \/>\n<meta name=\"robots\" content=\"index, follow, max-snippet:-1, max-image-preview:large, max-video-preview:-1\" \/>\n<link rel=\"canonical\" href=\"https:\/\/pb.edu.pl\/dss\/harmonogram-roku-akademickiego\/\" \/>\n<meta property=\"og:locale\" content=\"pl_PL\" \/>\n<meta property=\"og:type\" content=\"article\" \/>\n<meta property=\"og:title\" content=\"Harmonogram roku akademickiego - Dzia\u0142 Spraw Studenckich\" \/>\n<meta property=\"og:description\" content=\"Harmonogram roku akademickiego jest ustalany przez Rektora Politechniki Bia\u0142ostockiej w porozumieniu z Samorz\u0105dem Student\u00f3w i og\u0142aszany do 31 maja.\" \/>\n<meta property=\"og:url\" content=\"https:\/\/pb.edu.pl\/dss\/harmonogram-roku-akademickiego\/\" \/>\n<meta property=\"og:site_name\" content=\"Dzia\u0142 Spraw Studenckich\" \/>\n<meta property=\"article:modified_time\" content=\"2026-03-04T14:07:31+00:00\" \/>\n<meta name=\"twitter:label1\" content=\"Szacowany czas czytania\" \/>\n\t<meta name=\"twitter:data1\" content=\"1 minuta\" \/>\n<script type=\"application\/ld+json\" class=\"yoast-schema-graph\">{\"@context\":\"https:\/\/schema.org\",\"@graph\":[{\"@type\":\"WebPage\",\"@id\":\"https:\/\/pb.edu.pl\/dss\/harmonogram-roku-akademickiego\/\",\"url\":\"https:\/\/pb.edu.pl\/dss\/harmonogram-roku-akademickiego\/\",\"name\":\"Harmonogram roku akademickiego - Dzia\u0142 Spraw Studenckich\",\"isPartOf\":{\"@id\":\"https:\/\/pb.edu.pl\/dss\/#website\"},\"datePublished\":\"2021-06-29T20:08:04+00:00\",\"dateModified\":\"2026-03-04T14:07:31+00:00\",\"description\":\"Harmonogram roku akademickiego jest ustalany przez Rektora Politechniki Bia\u0142ostockiej w porozumieniu z Samorz\u0105dem Student\u00f3w i og\u0142aszany do 31 maja.\",\"breadcrumb\":{\"@id\":\"https:\/\/pb.edu.pl\/dss\/harmonogram-roku-akademickiego\/#breadcrumb\"},\"inLanguage\":\"pl-PL\",\"potentialAction\":[{\"@type\":\"ReadAction\",\"target\":[\"https:\/\/pb.edu.pl\/dss\/harmonogram-roku-akademickiego\/\"]}]},{\"@type\":\"BreadcrumbList\",\"@id\":\"https:\/\/pb.edu.pl\/dss\/harmonogram-roku-akademickiego\/#breadcrumb\",\"itemListElement\":[{\"@type\":\"ListItem\",\"position\":1,\"name\":\"Strona g\u0142\u00f3wna\",\"item\":\"https:\/\/pb.edu.pl\/dss\/\"},{\"@type\":\"ListItem\",\"position\":2,\"name\":\"Harmonogram roku akademickiego\"}]},{\"@type\":\"WebSite\",\"@id\":\"https:\/\/pb.edu.pl\/dss\/#website\",\"url\":\"https:\/\/pb.edu.pl\/dss\/\",\"name\":\"Dzia\u0142 Spraw Studenckich\",\"description\":\"\",\"potentialAction\":[{\"@type\":\"SearchAction\",\"target\":{\"@type\":\"EntryPoint\",\"urlTemplate\":\"https:\/\/pb.edu.pl\/dss\/?s={search_term_string}\"},\"query-input\":{\"@type\":\"PropertyValueSpecification\",\"valueRequired\":true,\"valueName\":\"search_term_string\"}}],\"inLanguage\":\"pl-PL\"}]}<\/script>\n<!-- \/ Yoast SEO plugin. -->","yoast_head_json":{"title":"Harmonogram roku akademickiego - Dzia\u0142 Spraw Studenckich","description":"Harmonogram roku akademickiego jest ustalany przez Rektora Politechniki Bia\u0142ostockiej w porozumieniu z Samorz\u0105dem Student\u00f3w i og\u0142aszany do 31 maja.","robots":{"index":"index","follow":"follow","max-snippet":"max-snippet:-1","max-image-preview":"max-image-preview:large","max-video-preview":"max-video-preview:-1"},"canonical":"https:\/\/pb.edu.pl\/dss\/harmonogram-roku-akademickiego\/","og_locale":"pl_PL","og_type":"article","og_title":"Harmonogram roku akademickiego - Dzia\u0142 Spraw Studenckich","og_description":"Harmonogram roku akademickiego jest ustalany przez Rektora Politechniki Bia\u0142ostockiej w porozumieniu z Samorz\u0105dem Student\u00f3w i og\u0142aszany do 31 maja.","og_url":"https:\/\/pb.edu.pl\/dss\/harmonogram-roku-akademickiego\/","og_site_name":"Dzia\u0142 Spraw Studenckich","article_modified_time":"2026-03-04T14:07:31+00:00","twitter_misc":{"Szacowany czas czytania":"1 minuta"},"schema":{"@context":"https:\/\/schema.org","@graph":[{"@type":"WebPage","@id":"https:\/\/pb.edu.pl\/dss\/harmonogram-roku-akademickiego\/","url":"https:\/\/pb.edu.pl\/dss\/harmonogram-roku-akademickiego\/","name":"Harmonogram roku akademickiego - Dzia\u0142 Spraw Studenckich","isPartOf":{"@id":"https:\/\/pb.edu.pl\/dss\/#website"},"datePublished":"2021-06-29T20:08:04+00:00","dateModified":"2026-03-04T14:07:31+00:00","description":"Harmonogram roku akademickiego jest ustalany przez Rektora Politechniki Bia\u0142ostockiej w porozumieniu z Samorz\u0105dem Student\u00f3w i og\u0142aszany do 31 maja.","breadcrumb":{"@id":"https:\/\/pb.edu.pl\/dss\/harmonogram-roku-akademickiego\/#breadcrumb"},"inLanguage":"pl-PL","potentialAction":[{"@type":"ReadAction","target":["https:\/\/pb.edu.pl\/dss\/harmonogram-roku-akademickiego\/"]}]},{"@type":"BreadcrumbList","@id":"https:\/\/pb.edu.pl\/dss\/harmonogram-roku-akademickiego\/#breadcrumb","itemListElement":[{"@type":"ListItem","position":1,"name":"Strona g\u0142\u00f3wna","item":"https:\/\/pb.edu.pl\/dss\/"},{"@type":"ListItem","position":2,"name":"Harmonogram roku akademickiego"}]},{"@type":"WebSite","@id":"https:\/\/pb.edu.pl\/dss\/#website","url":"https:\/\/pb.edu.pl\/dss\/","name":"Dzia\u0142 Spraw Studenckich","description":"","potentialAction":[{"@type":"SearchAction","target":{"@type":"EntryPoint","urlTemplate":"https:\/\/pb.edu.pl\/dss\/?s={search_term_string}"},"query-input":{"@type":"PropertyValueSpecification","valueRequired":true,"valueName":"search_term_string"}}],"inLanguage":"pl-PL"}]}},"_links":{"self":[{"href":"https:\/\/pb.edu.pl\/dss\/wp-json\/wp\/v2\/pages\/131","targetHints":{"allow":["GET"]}}],"collection":[{"href":"https:\/\/pb.edu.pl\/dss\/wp-json\/wp\/v2\/pages"}],"about":[{"href":"https:\/\/pb.edu.pl\/dss\/wp-json\/wp\/v2\/types\/page"}],"author":[{"embeddable":true,"href":"https:\/\/pb.edu.pl\/dss\/wp-json\/wp\/v2\/users\/2"}],"replies":[{"embeddable":true,"href":"https:\/\/pb.edu.pl\/dss\/wp-json\/wp\/v2\/comments?post=131"}],"version-history":[{"count":3,"href":"https:\/\/pb.edu.pl\/dss\/wp-json\/wp\/v2\/pages\/131\/revisions"}],"predecessor-version":[{"id":1057,"href":"https:\/\/pb.edu.pl\/dss\/wp-json\/wp\/v2\/pages\/131\/revisions\/1057"}],"wp:attachment":[{"href":"https:\/\/pb.edu.pl\/dss\/wp-json\/wp\/v2\/media?parent=131"}],"curies":[{"name":"wp","href":"https:\/\/api.w.org\/{rel}","templated":true}]}}