{"id":11,"date":"2021-02-08T12:09:58","date_gmt":"2021-02-08T11:09:58","guid":{"rendered":"https:\/\/pb.edu.pl\/dssd\/?page_id=11"},"modified":"2026-03-11T14:56:07","modified_gmt":"2026-03-11T13:56:07","slug":"home","status":"publish","type":"page","link":"https:\/\/pb.edu.pl\/dss\/","title":{"rendered":""},"content":{"rendered":"<div id=\"box-menu\" class=\"href\">&nbsp;<\/div>\n<p>&nbsp;<\/p>\n<div class=\"row\">\n<div class=\"col-md-4\">\n\t<div class=\"boxlink animated zoomIn \">\n\t\t<a href=\"\/dss\/harmonogram-roku-akademickiego\/\" class=\"no-icon\">\n\t\t\t<div class=\"boxlink-title\"><span>Harmonogram roku akademickiego<\/span><\/div>\n\t\t\t<div class=\"boxlink-content\">\n\t\t\t\t<img loading=\"lazy\" decoding=\"async\" src=\"https:\/\/pb.edu.pl\/dss\/wp-content\/uploads\/sites\/166\/2026\/02\/harmonogram.jpg\" alt=\"ikona kalendarz\" width=\"800\" height=\"450\" class=\"aligncenter size-full wp-image-1028\" srcset=\"https:\/\/pb.edu.pl\/dss\/wp-content\/uploads\/sites\/166\/2026\/02\/harmonogram.jpg 800w, https:\/\/pb.edu.pl\/dss\/wp-content\/uploads\/sites\/166\/2026\/02\/harmonogram-300x169.jpg 300w, https:\/\/pb.edu.pl\/dss\/wp-content\/uploads\/sites\/166\/2026\/02\/harmonogram-768x432.jpg 768w\" sizes=\"auto, (max-width: 800px) 100vw, 800px\" \/>\t\t\t<\/div>\n\t\t<\/a>\n\t<\/div>\n\n<\/div>\n<div class=\"col-md-4\">\n\t<div class=\"boxlink animated zoomIn \">\n\t\t<a href=\"\/dss\/regulamin-studiow\" class=\"no-icon\">\n\t\t\t<div class=\"boxlink-title\"><span>Regulamin studi\u00f3w<\/span><\/div>\n\t\t\t<div class=\"boxlink-content\">\n\t\t\t\t<img loading=\"lazy\" decoding=\"async\" src=\"https:\/\/pb.edu.pl\/dss\/wp-content\/uploads\/sites\/166\/2026\/02\/regulamin.jpg\" alt=\"ikona regulamin\" width=\"800\" height=\"450\" class=\"aligncenter size-full wp-image-1030\" srcset=\"https:\/\/pb.edu.pl\/dss\/wp-content\/uploads\/sites\/166\/2026\/02\/regulamin.jpg 800w, https:\/\/pb.edu.pl\/dss\/wp-content\/uploads\/sites\/166\/2026\/02\/regulamin-300x169.jpg 300w, https:\/\/pb.edu.pl\/dss\/wp-content\/uploads\/sites\/166\/2026\/02\/regulamin-768x432.jpg 768w\" sizes=\"auto, (max-width: 800px) 100vw, 800px\" \/>\t\t\t<\/div>\n\t\t<\/a>\n\t<\/div>\n\n<\/div>\n<div class=\"col-md-4\">\n\t<div class=\"boxlink animated zoomIn \">\n\t\t<a href=\"\/dss\/oplata-za-studia\/\" class=\"no-icon\">\n\t\t\t<div class=\"boxlink-title\"><span>Op\u0142ata za studia<\/span><\/div>\n\t\t\t<div class=\"boxlink-content\">\n\t\t\t\t<img loading=\"lazy\" decoding=\"async\" src=\"https:\/\/pb.edu.pl\/dss\/wp-content\/uploads\/sites\/166\/2026\/02\/oplaty.jpg\" alt=\"ikona karty p\u0142atnicze\" width=\"800\" height=\"450\" class=\"aligncenter size-full wp-image-1031\" srcset=\"https:\/\/pb.edu.pl\/dss\/wp-content\/uploads\/sites\/166\/2026\/02\/oplaty.jpg 800w, https:\/\/pb.edu.pl\/dss\/wp-content\/uploads\/sites\/166\/2026\/02\/oplaty-300x169.jpg 300w, https:\/\/pb.edu.pl\/dss\/wp-content\/uploads\/sites\/166\/2026\/02\/oplaty-768x432.jpg 768w\" sizes=\"auto, (max-width: 800px) 100vw, 800px\" \/>\t\t\t<\/div>\n\t\t<\/a>\n\t<\/div>\n\n<\/div>\n<div class=\"col-md-4\">\n\t<div class=\"boxlink animated zoomIn \">\n\t\t<a href=\"\/dss\/samorzad-i-uczelniane-organizacje-studenckie\" class=\"no-icon\">\n\t\t\t<div class=\"boxlink-title\"><span>Samorz\u0105d i uczelniane organizacje studenckie<\/span><\/div>\n\t\t\t<div class=\"boxlink-content\">\n\t\t\t\t<img loading=\"lazy\" decoding=\"async\" src=\"https:\/\/pb.edu.pl\/dss\/wp-content\/uploads\/sites\/166\/2026\/02\/samorzad.jpg\" alt=\"ikona student\" width=\"800\" height=\"450\" class=\"aligncenter size-full wp-image-1033\" srcset=\"https:\/\/pb.edu.pl\/dss\/wp-content\/uploads\/sites\/166\/2026\/02\/samorzad.jpg 800w, https:\/\/pb.edu.pl\/dss\/wp-content\/uploads\/sites\/166\/2026\/02\/samorzad-300x169.jpg 300w, https:\/\/pb.edu.pl\/dss\/wp-content\/uploads\/sites\/166\/2026\/02\/samorzad-768x432.jpg 768w\" sizes=\"auto, (max-width: 800px) 100vw, 800px\" \/>\t\t\t<\/div>\n\t\t<\/a>\n\t<\/div>\n\n<\/div>\n<div class=\"col-md-4\">\n\t<div class=\"boxlink animated zoomIn \">\n\t\t<a href=\"\/dss\/sprawy-studenckie\" class=\"no-icon\">\n\t\t\t<div class=\"boxlink-title\"><span>Sprawy studenckie<\/span><\/div>\n\t\t\t<div class=\"boxlink-content\">\n\t\t\t\t<img loading=\"lazy\" decoding=\"async\" src=\"https:\/\/pb.edu.pl\/dss\/wp-content\/uploads\/sites\/166\/2026\/02\/sprawy-studenckie.jpg\" alt=\"ikona ksi\u0105\u017cka w d\u0142oniach\" width=\"800\" height=\"450\" class=\"aligncenter size-full wp-image-1035\" srcset=\"https:\/\/pb.edu.pl\/dss\/wp-content\/uploads\/sites\/166\/2026\/02\/sprawy-studenckie.jpg 800w, https:\/\/pb.edu.pl\/dss\/wp-content\/uploads\/sites\/166\/2026\/02\/sprawy-studenckie-300x169.jpg 300w, https:\/\/pb.edu.pl\/dss\/wp-content\/uploads\/sites\/166\/2026\/02\/sprawy-studenckie-768x432.jpg 768w\" sizes=\"auto, (max-width: 800px) 100vw, 800px\" \/>\t\t\t<\/div>\n\t\t<\/a>\n\t<\/div>\n\n<\/div>\n<div class=\"col-md-4\">\n\t<div class=\"boxlink animated zoomIn \">\n\t\t<a href=\"\/dss\/ocena-parametryczna\/\" class=\"no-icon\">\n\t\t\t<div class=\"boxlink-title\"><span>Ocena parametryczna w zakresie DSS<\/span><\/div>\n\t\t\t<div class=\"boxlink-content\">\n\t\t\t\t<img loading=\"lazy\" decoding=\"async\" src=\"https:\/\/pb.edu.pl\/dss\/wp-content\/uploads\/sites\/166\/2026\/02\/dydaktyka.jpg\" alt=\"ikona ksi\u0105\u017cka\" width=\"800\" height=\"450\" class=\"aligncenter size-full wp-image-1036\" srcset=\"https:\/\/pb.edu.pl\/dss\/wp-content\/uploads\/sites\/166\/2026\/02\/dydaktyka.jpg 800w, https:\/\/pb.edu.pl\/dss\/wp-content\/uploads\/sites\/166\/2026\/02\/dydaktyka-300x169.jpg 300w, https:\/\/pb.edu.pl\/dss\/wp-content\/uploads\/sites\/166\/2026\/02\/dydaktyka-768x432.jpg 768w\" sizes=\"auto, (max-width: 800px) 100vw, 800px\" \/>\t\t\t<\/div>\n\t\t<\/a>\n\t<\/div>\n\n<\/div>\n<div class=\"col-md-2\"><\/div>\n<div class=\"col-md-4\">\n\t<div class=\"boxlink animated zoomIn \">\n\t\t<a href=\"\/dss\/kredyt-studencki\/\" class=\"no-icon\">\n\t\t\t<div class=\"boxlink-title\"><span>Kredyt studencki<\/span><\/div>\n\t\t\t<div class=\"boxlink-content\">\n\t\t\t\t<img loading=\"lazy\" decoding=\"async\" src=\"https:\/\/pb.edu.pl\/dss\/wp-content\/uploads\/sites\/166\/2026\/02\/kredyt.jpg\" alt=\"ikona z\u0142ot\u00f3wka w d\u0142oni\" width=\"800\" height=\"450\" class=\"aligncenter size-full wp-image-1039\" srcset=\"https:\/\/pb.edu.pl\/dss\/wp-content\/uploads\/sites\/166\/2026\/02\/kredyt.jpg 800w, https:\/\/pb.edu.pl\/dss\/wp-content\/uploads\/sites\/166\/2026\/02\/kredyt-300x169.jpg 300w, https:\/\/pb.edu.pl\/dss\/wp-content\/uploads\/sites\/166\/2026\/02\/kredyt-768x432.jpg 768w\" sizes=\"auto, (max-width: 800px) 100vw, 800px\" \/>\t\t\t<\/div>\n\t\t<\/a>\n\t<\/div>\n\n<\/div>\n<div class=\"col-md-4\">\n\t<div class=\"boxlink animated zoomIn \">\n\t\t<a href=\"\/dss\/kontakt\" class=\"no-icon\">\n\t\t\t<div class=\"boxlink-title\"><span>Kontakt<\/span><\/div>\n\t\t\t<div class=\"boxlink-content\">\n\t\t\t\t<img loading=\"lazy\" decoding=\"async\" src=\"https:\/\/pb.edu.pl\/dss\/wp-content\/uploads\/sites\/166\/2026\/02\/kontakt.jpg\" alt=\"ikona s\u0142uchawka telefoniczna\" width=\"800\" height=\"450\" class=\"aligncenter size-full wp-image-1037\" srcset=\"https:\/\/pb.edu.pl\/dss\/wp-content\/uploads\/sites\/166\/2026\/02\/kontakt.jpg 800w, https:\/\/pb.edu.pl\/dss\/wp-content\/uploads\/sites\/166\/2026\/02\/kontakt-300x169.jpg 300w, https:\/\/pb.edu.pl\/dss\/wp-content\/uploads\/sites\/166\/2026\/02\/kontakt-768x432.jpg 768w\" sizes=\"auto, (max-width: 800px) 100vw, 800px\" \/>\t\t\t<\/div>\n\t\t<\/a>\n\t<\/div>\n\n<\/div>\n<div class=\"col-md-2\"><\/div>\n<\/div>\n","protected":false},"excerpt":{"rendered":"<p>&nbsp; &nbsp;<\/p>\n","protected":false},"author":2,"featured_media":0,"parent":0,"menu_order":0,"comment_status":"closed","ping_status":"closed","template":"","meta":{"_acf_changed":false,"ngg_post_thumbnail":0,"footnotes":""},"class_list":["post-11","page","type-page","status-publish","hentry"],"acf":[],"yoast_head":"<!-- This site is optimized with the Yoast SEO plugin v27.0 - https:\/\/yoast.com\/product\/yoast-seo-wordpress\/ -->\n<title>Centrum Spraw Studenckich, Dydaktyki i Rekrutacji Politechniki Bia\u0142ostockiej<\/title>\n<meta name=\"description\" content=\"Sprawy studenckie, dydaktyczne ...\" \/>\n<meta name=\"robots\" content=\"index, follow, max-snippet:-1, max-image-preview:large, max-video-preview:-1\" \/>\n<link rel=\"canonical\" href=\"https:\/\/pb.edu.pl\/dss\/\" \/>\n<meta property=\"og:locale\" content=\"pl_PL\" \/>\n<meta property=\"og:type\" content=\"article\" \/>\n<meta property=\"og:title\" content=\"Centrum Spraw Studenckich, Dydaktyki i Rekrutacji Politechniki Bia\u0142ostockiej\" \/>\n<meta property=\"og:description\" content=\"Sprawy studenckie, dydaktyczne ...\" \/>\n<meta property=\"og:url\" content=\"https:\/\/pb.edu.pl\/dss\/\" \/>\n<meta property=\"og:site_name\" content=\"Dzia\u0142 Spraw Studenckich\" \/>\n<meta property=\"article:modified_time\" content=\"2026-03-11T13:56:07+00:00\" \/>\n<meta property=\"og:image\" content=\"https:\/\/pb.edu.pl\/dss\/wp-content\/uploads\/sites\/166\/2026\/02\/harmonogram.jpg\" \/>\n\t<meta property=\"og:image:width\" content=\"800\" \/>\n\t<meta property=\"og:image:height\" content=\"450\" \/>\n\t<meta property=\"og:image:type\" content=\"image\/jpeg\" \/>\n<meta name=\"twitter:label1\" content=\"Szacowany czas czytania\" \/>\n\t<meta name=\"twitter:data1\" content=\"3 minuty\" \/>\n<script type=\"application\/ld+json\" class=\"yoast-schema-graph\">{\"@context\":\"https:\/\/schema.org\",\"@graph\":[{\"@type\":\"WebPage\",\"@id\":\"https:\/\/pb.edu.pl\/dss\/\",\"url\":\"https:\/\/pb.edu.pl\/dss\/\",\"name\":\"Centrum Spraw Studenckich, Dydaktyki i Rekrutacji Politechniki Bia\u0142ostockiej\",\"isPartOf\":{\"@id\":\"https:\/\/pb.edu.pl\/dss\/#website\"},\"primaryImageOfPage\":{\"@id\":\"https:\/\/pb.edu.pl\/dss\/#primaryimage\"},\"image\":{\"@id\":\"https:\/\/pb.edu.pl\/dss\/#primaryimage\"},\"thumbnailUrl\":\"https:\/\/pb.edu.pl\/dss\/wp-content\/uploads\/sites\/166\/2026\/02\/harmonogram.jpg\",\"datePublished\":\"2021-02-08T11:09:58+00:00\",\"dateModified\":\"2026-03-11T13:56:07+00:00\",\"description\":\"Sprawy studenckie, dydaktyczne ...\",\"inLanguage\":\"pl-PL\",\"potentialAction\":[{\"@type\":\"ReadAction\",\"target\":[\"https:\/\/pb.edu.pl\/dss\/\"]}]},{\"@type\":\"ImageObject\",\"inLanguage\":\"pl-PL\",\"@id\":\"https:\/\/pb.edu.pl\/dss\/#primaryimage\",\"url\":\"https:\/\/pb.edu.pl\/dss\/wp-content\/uploads\/sites\/166\/2026\/02\/harmonogram.jpg\",\"contentUrl\":\"https:\/\/pb.edu.pl\/dss\/wp-content\/uploads\/sites\/166\/2026\/02\/harmonogram.jpg\",\"width\":800,\"height\":450,\"caption\":\"ikona kalendarz\"},{\"@type\":\"WebSite\",\"@id\":\"https:\/\/pb.edu.pl\/dss\/#website\",\"url\":\"https:\/\/pb.edu.pl\/dss\/\",\"name\":\"Dzia\u0142 Spraw Studenckich\",\"description\":\"\",\"potentialAction\":[{\"@type\":\"SearchAction\",\"target\":{\"@type\":\"EntryPoint\",\"urlTemplate\":\"https:\/\/pb.edu.pl\/dss\/?s={search_term_string}\"},\"query-input\":{\"@type\":\"PropertyValueSpecification\",\"valueRequired\":true,\"valueName\":\"search_term_string\"}}],\"inLanguage\":\"pl-PL\"}]}<\/script>\n<!-- \/ Yoast SEO plugin. -->","yoast_head_json":{"title":"Centrum Spraw Studenckich, Dydaktyki i Rekrutacji Politechniki Bia\u0142ostockiej","description":"Sprawy studenckie, dydaktyczne ...","robots":{"index":"index","follow":"follow","max-snippet":"max-snippet:-1","max-image-preview":"max-image-preview:large","max-video-preview":"max-video-preview:-1"},"canonical":"https:\/\/pb.edu.pl\/dss\/","og_locale":"pl_PL","og_type":"article","og_title":"Centrum Spraw Studenckich, Dydaktyki i Rekrutacji Politechniki Bia\u0142ostockiej","og_description":"Sprawy studenckie, dydaktyczne ...","og_url":"https:\/\/pb.edu.pl\/dss\/","og_site_name":"Dzia\u0142 Spraw Studenckich","article_modified_time":"2026-03-11T13:56:07+00:00","og_image":[{"width":800,"height":450,"url":"https:\/\/pb.edu.pl\/dss\/wp-content\/uploads\/sites\/166\/2026\/02\/harmonogram.jpg","type":"image\/jpeg"}],"twitter_misc":{"Szacowany czas czytania":"3 minuty"},"schema":{"@context":"https:\/\/schema.org","@graph":[{"@type":"WebPage","@id":"https:\/\/pb.edu.pl\/dss\/","url":"https:\/\/pb.edu.pl\/dss\/","name":"Centrum Spraw Studenckich, Dydaktyki i Rekrutacji Politechniki Bia\u0142ostockiej","isPartOf":{"@id":"https:\/\/pb.edu.pl\/dss\/#website"},"primaryImageOfPage":{"@id":"https:\/\/pb.edu.pl\/dss\/#primaryimage"},"image":{"@id":"https:\/\/pb.edu.pl\/dss\/#primaryimage"},"thumbnailUrl":"https:\/\/pb.edu.pl\/dss\/wp-content\/uploads\/sites\/166\/2026\/02\/harmonogram.jpg","datePublished":"2021-02-08T11:09:58+00:00","dateModified":"2026-03-11T13:56:07+00:00","description":"Sprawy studenckie, dydaktyczne ...","inLanguage":"pl-PL","potentialAction":[{"@type":"ReadAction","target":["https:\/\/pb.edu.pl\/dss\/"]}]},{"@type":"ImageObject","inLanguage":"pl-PL","@id":"https:\/\/pb.edu.pl\/dss\/#primaryimage","url":"https:\/\/pb.edu.pl\/dss\/wp-content\/uploads\/sites\/166\/2026\/02\/harmonogram.jpg","contentUrl":"https:\/\/pb.edu.pl\/dss\/wp-content\/uploads\/sites\/166\/2026\/02\/harmonogram.jpg","width":800,"height":450,"caption":"ikona kalendarz"},{"@type":"WebSite","@id":"https:\/\/pb.edu.pl\/dss\/#website","url":"https:\/\/pb.edu.pl\/dss\/","name":"Dzia\u0142 Spraw Studenckich","description":"","potentialAction":[{"@type":"SearchAction","target":{"@type":"EntryPoint","urlTemplate":"https:\/\/pb.edu.pl\/dss\/?s={search_term_string}"},"query-input":{"@type":"PropertyValueSpecification","valueRequired":true,"valueName":"search_term_string"}}],"inLanguage":"pl-PL"}]}},"_links":{"self":[{"href":"https:\/\/pb.edu.pl\/dss\/wp-json\/wp\/v2\/pages\/11","targetHints":{"allow":["GET"]}}],"collection":[{"href":"https:\/\/pb.edu.pl\/dss\/wp-json\/wp\/v2\/pages"}],"about":[{"href":"https:\/\/pb.edu.pl\/dss\/wp-json\/wp\/v2\/types\/page"}],"author":[{"embeddable":true,"href":"https:\/\/pb.edu.pl\/dss\/wp-json\/wp\/v2\/users\/2"}],"replies":[{"embeddable":true,"href":"https:\/\/pb.edu.pl\/dss\/wp-json\/wp\/v2\/comments?post=11"}],"version-history":[{"count":10,"href":"https:\/\/pb.edu.pl\/dss\/wp-json\/wp\/v2\/pages\/11\/revisions"}],"predecessor-version":[{"id":1060,"href":"https:\/\/pb.edu.pl\/dss\/wp-json\/wp\/v2\/pages\/11\/revisions\/1060"}],"wp:attachment":[{"href":"https:\/\/pb.edu.pl\/dss\/wp-json\/wp\/v2\/media?parent=11"}],"curies":[{"name":"wp","href":"https:\/\/api.w.org\/{rel}","templated":true}]}}