{"id":1886,"date":"2025-05-27T22:00:24","date_gmt":"2025-05-27T20:00:24","guid":{"rendered":"https:\/\/pb.edu.pl\/drogowcy\/?page_id=1886"},"modified":"2025-07-09T21:18:31","modified_gmt":"2025-07-09T19:18:31","slug":"kontakt","status":"publish","type":"page","link":"https:\/\/pb.edu.pl\/drogowcy\/kontakt\/","title":{"rendered":"Kontakt"},"content":{"rendered":"<p><strong>Komitet Organizacyjny VII SDAPB<\/strong><br \/>\nul. Wiejska 45A<br \/>\n15-351 Bia\u0142ystok<\/p>\n<p><i class=\"fal fa-envelope\"><\/i> <a href=\"#\" rel=\"nofollow\"  onclick=\"this.href='mailto:' + 'drogowcy' + '@' + 'pb.edu.pl '\">drogowcy [at] pb.edu.pl <\/a>\n<p>Korespondencj\u0119 listown\u0105 prosz\u0119 adresowa\u0107 na ww. adres z dopiskiem: <em>dr in\u017c. Mariola Wasil<\/em>.<\/p>\n","protected":false},"excerpt":{"rendered":"<p>Komitet Organizacyjny VII SDAPB ul. Wiejska 45A 15-351 Bia\u0142ystok Korespondencj\u0119 listown\u0105 prosz\u0119 adresowa\u0107 na ww.<\/p>\n","protected":false},"author":2,"featured_media":0,"parent":0,"menu_order":5,"comment_status":"closed","ping_status":"closed","template":"","meta":{"_acf_changed":false,"ngg_post_thumbnail":0,"footnotes":""},"class_list":["post-1886","page","type-page","status-publish","hentry"],"acf":[],"_links":{"self":[{"href":"https:\/\/pb.edu.pl\/drogowcy\/wp-json\/wp\/v2\/pages\/1886","targetHints":{"allow":["GET"]}}],"collection":[{"href":"https:\/\/pb.edu.pl\/drogowcy\/wp-json\/wp\/v2\/pages"}],"about":[{"href":"https:\/\/pb.edu.pl\/drogowcy\/wp-json\/wp\/v2\/types\/page"}],"author":[{"embeddable":true,"href":"https:\/\/pb.edu.pl\/drogowcy\/wp-json\/wp\/v2\/users\/2"}],"replies":[{"embeddable":true,"href":"https:\/\/pb.edu.pl\/drogowcy\/wp-json\/wp\/v2\/comments?post=1886"}],"version-history":[{"count":0,"href":"https:\/\/pb.edu.pl\/drogowcy\/wp-json\/wp\/v2\/pages\/1886\/revisions"}],"wp:attachment":[{"href":"https:\/\/pb.edu.pl\/drogowcy\/wp-json\/wp\/v2\/media?parent=1886"}],"curies":[{"name":"wp","href":"https:\/\/api.w.org\/{rel}","templated":true}]}}