{"id":1883,"date":"2025-05-27T21:57:07","date_gmt":"2025-05-27T19:57:07","guid":{"rendered":"https:\/\/pb.edu.pl\/drogowcy\/?page_id=1883"},"modified":"2025-12-01T09:25:12","modified_gmt":"2025-12-01T08:25:12","slug":"galeria-zdjec","status":"publish","type":"page","link":"https:\/\/pb.edu.pl\/drogowcy\/galeria-zdjec\/","title":{"rendered":"Galeria zdj\u0119\u0107"},"content":{"rendered":"<p><a class=\"h3\" href=\"https:\/\/pbial-my.sharepoint.com\/personal\/m_motylewicz_st_pb_edu_pl\/_layouts\/15\/onedrive.aspx?id=%2Fpersonal%2Fm%5Fmotylewicz%5Fst%5Fpb%5Fedu%5Fpl%2FDocuments%2F7%5Fspotkanie%5Fdrogowcow%5Ffoto&#038;ga=1\">Zdj\u0119cia z wydarzenia do pobrania<\/a><br \/>\n&nbsp;<\/p>\n<p>Te same zdj\u0119cia z cz\u0119\u015bci oficjalnej oraz dodatkowo z uroczystego balu zamieszczone s\u0105 r\u00f3wnie\u017c na stronie internetowej SITK Bia\u0142ystok:<\/p>\n<p><a class=\"h3\" href=\"https:\/\/sitk.bialystok.pl\/fotorelacja-z-vii-spotkania-drogowcow-absolwentow-politechniki-bialostockiej-21-11-2025\/\">Fotorelacja z VII Spotkania Drogowc\u00f3w-Absolwent\u00f3w PB<\/a><\/p>\n<p><a class=\"h3\" href=\"https:\/\/sitk.bialystok.pl\/fotorelacja-z-uroczystego-balu-z-okazji-vii-spotkania-drogowcow-absolwentow-politechniki-bialostockiej-21-11-2025\/\">Fotorelacja z uroczystego balu z okazji VII Spotkania Drogowc\u00f3w-Absolwent\u00f3w PB<\/a><\/p>\n","protected":false},"excerpt":{"rendered":"<p>Zdj\u0119cia z wydarzenia do pobrania &nbsp; Te same zdj\u0119cia z cz\u0119\u015bci oficjalnej oraz dodatkowo z<\/p>\n","protected":false},"author":2,"featured_media":0,"parent":0,"menu_order":4,"comment_status":"closed","ping_status":"closed","template":"","meta":{"_acf_changed":false,"ngg_post_thumbnail":0,"footnotes":""},"class_list":["post-1883","page","type-page","status-publish","hentry"],"acf":[],"_links":{"self":[{"href":"https:\/\/pb.edu.pl\/drogowcy\/wp-json\/wp\/v2\/pages\/1883","targetHints":{"allow":["GET"]}}],"collection":[{"href":"https:\/\/pb.edu.pl\/drogowcy\/wp-json\/wp\/v2\/pages"}],"about":[{"href":"https:\/\/pb.edu.pl\/drogowcy\/wp-json\/wp\/v2\/types\/page"}],"author":[{"embeddable":true,"href":"https:\/\/pb.edu.pl\/drogowcy\/wp-json\/wp\/v2\/users\/2"}],"replies":[{"embeddable":true,"href":"https:\/\/pb.edu.pl\/drogowcy\/wp-json\/wp\/v2\/comments?post=1883"}],"version-history":[{"count":0,"href":"https:\/\/pb.edu.pl\/drogowcy\/wp-json\/wp\/v2\/pages\/1883\/revisions"}],"wp:attachment":[{"href":"https:\/\/pb.edu.pl\/drogowcy\/wp-json\/wp\/v2\/media?parent=1883"}],"curies":[{"name":"wp","href":"https:\/\/api.w.org\/{rel}","templated":true}]}}