{"id":1840,"date":"2025-05-22T23:35:30","date_gmt":"2025-05-22T21:35:30","guid":{"rendered":"https:\/\/pb.edu.pl\/drogowcy\/?page_id=1840"},"modified":"2025-07-10T11:05:48","modified_gmt":"2025-07-10T09:05:48","slug":"o-wydarzeniu","status":"publish","type":"page","link":"https:\/\/pb.edu.pl\/drogowcy\/o-wydarzeniu\/","title":{"rendered":"O wydarzeniu"},"content":{"rendered":"<p><img loading=\"lazy\" decoding=\"async\" class=\"alignleft wp-image-2018\" src=\"https:\/\/pb.edu.pl\/drogowcy\/wp-content\/uploads\/sites\/154\/2025\/07\/drogowcy_absolwenci_pb-800px.jpg\" alt=\"biret i dyplom\" width=\"450\" height=\"392\" srcset=\"https:\/\/pb.edu.pl\/drogowcy\/wp-content\/uploads\/sites\/154\/2025\/07\/drogowcy_absolwenci_pb-800px.jpg 800w, https:\/\/pb.edu.pl\/drogowcy\/wp-content\/uploads\/sites\/154\/2025\/07\/drogowcy_absolwenci_pb-800px-300x261.jpg 300w, https:\/\/pb.edu.pl\/drogowcy\/wp-content\/uploads\/sites\/154\/2025\/07\/drogowcy_absolwenci_pb-800px-768x669.jpg 768w\" sizes=\"auto, (max-width: 450px) 100vw, 450px\" \/>Pierwsi absolwenci budownictwa drogowego na Politechnice Bia\u0142ostockiej organizuj\u0105c w po\u0142owie lat 90 ubieg\u0142ego wieku spotkanie absolwent\u00f3w zapocz\u0105tkowali pi\u0119kn\u0105 tradycj\u0119 cyklicznych Spotka\u0144 Drogowc\u00f3w-Absolwent\u00f3w PB. <\/p>\n<p><strong>21 listopada 2025 r.<\/strong> spotkaj\u0105 si\u0119 oni po raz si\u00f3dmy w murach swojej Alma Mater na spotkaniu ju\u017c 40 rocznik\u00f3w absolwent\u00f3w budownictwa drogowego Politechniki Bia\u0142ostockiej z lat 1980-2020. <\/p>\n<p>Spotkanie odbywa\u0107 si\u0119 b\u0119dzie w ramach obchod\u00f3w 75-lecia dzia\u0142alno\u015bci Wydzia\u0142u Budownictwa i Nauk o \u015arodowisku Politechniki Bia\u0142ostockiej.<\/p>\n<div style=\"clear:both\"><\/div>\n<p>Historia dotychczasowych Spotka\u0144 Drogowc\u00f3w-Absolwent\u00f3w PB:<\/p>\n<ul>\n<li>I Spotkanie: 28.II.1992<\/li>\n<li>II Spotkanie: 20.VI.1997<\/li>\n<li>III Spotkanie: 18.II.2000<\/li>\n<li>IV Spotkanie: 18.V.2005<\/li>\n<li>V Spotkanie: 14.V.2010<\/li>\n<li>VI Spotkanie: 22.V.2015<\/li>\n<\/ul>\n<p>Tutaj warto i nale\u017cy wspomnie\u0107 organizator\u00f3w pierwszych Spotka\u0144, kt\u00f3rymi byli: prof. W\u0142adys\u0142aw Gardziejczyk, mgr in\u017c. Miros\u0142aw Wr\u00f3blewski, mgr in\u017c. Adam Pia\u015bcik, prof. Katarzyna Zabielska-Adamska, mgr in\u017c. Maciej Gorysz.<\/p>\n<p>Pocz\u0105wszy od 2000 roku, organizacja Spotka\u0144 odbywa si\u0119 w cyklu co 5 lat. Jedynie w roku 2020 sytuacja epidemiologiczna nie pozwoli\u0142a nam zorganizowa\u0107 regularnego spotkania (chocia\u017c by\u0142o ju\u017c zaplanowane na 23.10.2020 r.). St\u0105d te\u017c wynik\u0142a 10 letnia przerwa w cyklu naszych Spotka\u0144. Bior\u0105c pod uwag\u0119 fakt, \u017ce pierwsi absolwenci budownictwa drogowego Politechniki Bia\u0142ostockiej opu\u015bcili mury uczelni w 1980 roku, z ka\u017cdym kolejnym Spotkaniem liczba uczestnik\u00f3w znacz\u0105co ro\u015bnie. VII Spotkanie Drogowc\u00f3w-Absolwent\u00f3w PB jest wi\u0119c du\u017cym wyzwaniem organizacyjnym i logistycznym bior\u0105c pod uwag\u0119 fakt, \u017ce do 2020 roku liczba wszystkich absolwent\u00f3w studi\u00f3w dziennych i zaocznych na kierunku budownictwo drogowe PB wynosi oko\u0142o 1500-2000 os\u00f3b. Organizacja tak du\u017cego przedsi\u0119wzi\u0119cia nie by\u0142aby jednak mo\u017cliwa gdyby nie wsparcie sponsorskie firm, kt\u00f3rych za\u0142o\u017cycielami, dyrektorami lub pracownikami s\u0105 nasi absolwenci \u2013 dzi\u0119kujemy \u017ce jeste\u015bcie z nami i liczymy na Wasze wsparcie.<\/p>\n<p>W tym miejscu nale\u017cy przytoczy\u0107 histori\u0119 i dzieje specjalno\u015bci drogowej na Politechnice Bia\u0142ostockiej, kt\u00f3ra na przestrzeni lat mia\u0142a r\u00f3\u017cne nazwy: DUL (drogi, ulice, lotniska); BK (budownictwo komunikacyjne), ID (in\u017cynieria drogowa). Historia ta zaczyna si\u0119 w latach 70 XX wieku, kiedy to doc. dr in\u017c. Stanis\u0142aw P. Glinicki, doc. dr in\u017c. Czes\u0142aw Podkowicz i mgr in\u017c. Tadeusz Topczewski, jak nikt inny w tym czasie, widzieli potrzeb\u0119 utworzenia na kierunku budownictwo specjalno\u015bci drogi, ulice, lotniska.<\/p>\n<p>M\u00f3wi\u0105c o kszta\u0142ceniu drogowc\u00f3w w Politechnice Bia\u0142ostockiej nale\u017cy r\u00f3wnie\u017c podkre\u015bli\u0107 dzia\u0142alno\u015b\u0107 studenckiego ko\u0142a naukowego SKN Drogowiec. Konferencje i seminaria, liczne wyprawy techniczne, krajowe i zagraniczne, wizyty na budowach, wsp\u00f3lne wigilie i ogniska \u2013 to zas\u0142uga zar\u00f3wno pierwszego opiekuna Ko\u0142a, dr in\u017c. Bo\u017cenny A. Kierus-Gogacz, obecnego opiekuna dr in\u017c. Marty Wasilewskiej jak i bardzo du\u017cego zaanga\u017cowania student\u00f3w.<\/p>\n<p>Zapraszamy wszystkich drogowc\u00f3w-absolwent\u00f3w PB z rocznik\u00f3w 1980-2020 do udzia\u0142y w najbli\u017cszym VII Spotkaniu. Formularz rejestracyjny znajduje si\u0119 pod adresem <a href=\"https:\/\/pb.edu.pl\/drogowcy\/rejestracja\/\">pb.edu.pl\/drogowcy\/rejestracja\/<\/a>. Uruchomili\u015bmy r\u00f3wnie\u017c profil na <a href=\"https:\/\/www.facebook.com\/drogowcy.PB\">Facebooku<\/a> oraz <a href=\"https:\/\/www.instagram.com\/drogowcy.pb\/\">Instagramie<\/a>, na kt\u00f3rym publikujemy aktualne informacje (adresy w stopce strony internetowej).<br \/>\n&nbsp;<\/p>\n<p style=\"text-align: right;\"><em>Komitet Organizacyjny VII SDAPB<\/em><\/p>\n<p style=\"text-align: right;\"><em>prof. dr hab. in\u017c. Katarzyna Zabielska-Adamska<\/em><br \/>\n<em>prof. dr hab. in\u017c. W\u0142adys\u0142aw Gardziejczyk<\/em><br \/>\n<em>dr hab. in\u017c. Robert Zi\u00f3\u0142kowski<\/em><br \/>\n<em>dr in\u017c. Andrzej Plewa<\/em><br \/>\n<em>dr in\u017c. Marek Motylewicz<\/em><br \/>\n<em>dr in\u017c. Mariola Wasil<\/em><br \/>\n<em>dr in\u017c. Pawe\u0142 Gierasimiuk<\/em><br \/>\n<em>dr in\u017c. Patryk Dobrzycki<\/em><\/p>\n<p>&nbsp;<\/p>\n","protected":false},"excerpt":{"rendered":"<p>Pierwsi absolwenci budownictwa drogowego na Politechnice Bia\u0142ostockiej organizuj\u0105c w po\u0142owie lat 90 ubieg\u0142ego wieku spotkanie<\/p>\n","protected":false},"author":2,"featured_media":0,"parent":0,"menu_order":1,"comment_status":"closed","ping_status":"closed","template":"","meta":{"_acf_changed":false,"ngg_post_thumbnail":0,"footnotes":""},"class_list":["post-1840","page","type-page","status-publish","hentry"],"acf":[],"_links":{"self":[{"href":"https:\/\/pb.edu.pl\/drogowcy\/wp-json\/wp\/v2\/pages\/1840","targetHints":{"allow":["GET"]}}],"collection":[{"href":"https:\/\/pb.edu.pl\/drogowcy\/wp-json\/wp\/v2\/pages"}],"about":[{"href":"https:\/\/pb.edu.pl\/drogowcy\/wp-json\/wp\/v2\/types\/page"}],"author":[{"embeddable":true,"href":"https:\/\/pb.edu.pl\/drogowcy\/wp-json\/wp\/v2\/users\/2"}],"replies":[{"embeddable":true,"href":"https:\/\/pb.edu.pl\/drogowcy\/wp-json\/wp\/v2\/comments?post=1840"}],"version-history":[{"count":0,"href":"https:\/\/pb.edu.pl\/drogowcy\/wp-json\/wp\/v2\/pages\/1840\/revisions"}],"wp:attachment":[{"href":"https:\/\/pb.edu.pl\/drogowcy\/wp-json\/wp\/v2\/media?parent=1840"}],"curies":[{"name":"wp","href":"https:\/\/api.w.org\/{rel}","templated":true}]}}