{"id":1838,"date":"2025-05-22T23:35:06","date_gmt":"2025-05-22T21:35:06","guid":{"rendered":"https:\/\/pb.edu.pl\/drogowcy\/?page_id=1838"},"modified":"2025-12-01T09:32:42","modified_gmt":"2025-12-01T08:32:42","slug":"informacje-organizacyjne-i-oplaty","status":"publish","type":"page","link":"https:\/\/pb.edu.pl\/drogowcy\/informacje-organizacyjne-i-oplaty\/","title":{"rendered":"Informacje organizacyjne i op\u0142aty"},"content":{"rendered":"<p><em>30.11.2025 r.<\/em><\/p>\n<p><strong>Kole\u017canki i Koledzy Drogowcy-Absolwenci Politechniki Bia\u0142ostockiej<br \/>\noraz Szanowni Go\u015bcie VII Spotkania Drogowc\u00f3w-Absolwent\u00f3w Politechniki Bia\u0142ostockiej!<\/strong><\/p>\n<p>Od VII Spotkania Drogowc\u00f3w-Absolwent\u00f3w PB min\u0105\u0142 nieco ponad tydzie\u0144. 21-szy listopada 2025 r. przeszed\u0142 do historii, pozostawiaj\u0105c kolejne mi\u0142e wspomnienia licznych spotka\u0144 i rozm\u00f3w po latach. Dzi\u0119kujemy, \u017ce uczestniczycie w naszej wsp\u00f3lnej tradycji buduj\u0105c histori\u0119 kolejnych naszych Spotka\u0144 \u2013 zapocz\u0105tkowane w 1992 r. s\u0105 jedynym takim spotkaniem drogowc\u00f3w w Polsce, a tak\u017ce jedynym cyklicznym spotkaniem absolwent\u00f3w w Politechnice Bia\u0142ostockiej. \u017baden inny kierunek i specjalno\u015b\u0107 nie maj\u0105 takiej tradycji.<\/p>\n<p>Cieszymy si\u0119, \u017ce tak licznie przybyli\u015bcie na nasze cykliczne Spotkanie. Na cz\u0119\u015b\u0107 oficjaln\u0105 w murach uczelni zapisa\u0142o si\u0119 \u0142\u0105cznie 315 absolwent\u00f3w drogownictwa w&nbsp;Politechnice Bia\u0142ostockiej reprezentuj\u0105cych 36 rocznik\u00f3w studi\u00f3w dziennych oraz 12 rocznik\u00f3w studi\u00f3w zaocznych. Najliczniej stawili si\u0119 absolwenci drogownictwa ko\u0144cz\u0105cy studia dzienne w 2009 r. (25 os\u00f3b) oraz studia zaoczne w 2009 r. i 2016 r. (po 3 osoby). W\u015br\u00f3d zapisanych 315 absolwent\u00f3w by\u0142o 95 Pa\u0144 (najwi\u0119cej Agnieszek, Magdalen i Monik \u2013 po 7) oraz 220 Pan\u00f3w (najwi\u0119cej Piotr\u00f3w \u2013 19). Pozosta\u0142e statystyki rocznik\u00f3w i inne s\u0105 do obejrzenia <a href=\"https:\/\/pbial-my.sharepoint.com\/:b:\/g\/personal\/m_motylewicz_st_pb_edu_pl\/IQD8LnGKi7p2Q4KxS5WpkmOxAfNT2tIOPc3nl-z6Fhx77bc?e=MVdDBM\">klikaj\u0105c tutaj<\/a>. Na uroczysty bal z okazji VII Spotkania Drogowc\u00f3w-Absolwent\u00f3w PB odbywaj\u0105cy si\u0119 w Dworku Tryumf w Ksi\u0119\u017cynie i zorganizowany przez SITK RP Bia\u0142ystok wybra\u0142o si\u0119 a\u017c 221 absolwent\u00f3w i go\u015bci bawi\u0105c si\u0119 razem do samego rana.<\/p>\n<p>Mamy nadziej\u0119, \u017ce Wam r\u00f3wnie\u017c podoba\u0142o si\u0119 tak jak nam. Dzi\u0119kujemy za dotychczasowe buduj\u0105ce i mi\u0142e wiadomo\u015bci oraz telefony z wra\u017ceniami po Spotkaniu. Nasz adres e-mail <i class=\"fal fa-envelope\"><\/i> <a href=\"#\" rel=\"nofollow\"  onclick=\"this.href='mailto:' + 'drogowcy' + '@' + 'pb.edu.pl'\">drogowcy [at] pb.edu.pl<\/a> b\u0119dzie ca\u0142y czas aktywny.<\/p>\n<p><a title=\"Galeria zdj\u0119\u0107\" href=\"https:\/\/pb.edu.pl\/drogowcy\/galeria-zdjec\/\">W galerii zdj\u0119\u0107 zamieszczamy do pobrania zdj\u0119cia<\/a> przygotowane przez naszych wspania\u0142ych fotograf\u00f3w Jakuba Gwiazdowskiego (firma Kolekcjoner Czasu) oraz Juli\u0119 Kole\u015bnik (absolwentk\u0119 drogownictwa PB, 2025 r.) \u2013 bardzo im dzi\u0119kujemy za uwiecznienie mi\u0142ych chwil naszego Spotkania.<br \/>\nZdj\u0119cia te zamieszczone s\u0105 r\u00f3wnie\u017c na <a href=\"https:\/\/sitk.bialystok.pl\/fotorelacja-z-uroczystego-balu-z-okazji-vii-spotkania-drogowcow-absolwentow-politechniki-bialostockiej-21-11-2025\/\">stronie internetowej SITK Bia\u0142ystok<\/a> gdzie mo\u017cna r\u00f3wnie\u017c obejrze\u0107 <a href=\"https:\/\/sitk.bialystok.pl\/fotorelacja-z-uroczystego-balu-z-okazji-vii-spotkania-drogowcow-absolwentow-politechniki-bialostockiej-21-11-2025\/\">zdj\u0119cia z uroczystego balu<\/a> autorstwa \u0141ukasza Klebusa (absolwent drogownictwa PB, 2009 r.).<\/p>\n<p>Serdecznie dzi\u0119kujemy naszym Szanownym Go\u015bciom \u2013 prof. Monice Mitew-Czajewskiej z Politechniki Warszawskiej oraz prof. Januszowi Bohatkiewiczowi z Instytutu Badawczego Dr\u00f3g i Most\u00f3w za bardzo ciekawe i aktualne wyk\u0142ady popularno-naukowe.<\/p>\n<p>Dzi\u0119kujemy r\u00f3wnie\u017c naszym wspania\u0142ym Partnerom, bez kt\u00f3rych organizacja cz\u0119\u015bci oficjalnej Spotkania w murach uczelni nie by\u0142aby mo\u017cliwa:<\/p>\n<ul>\n<li>firmie Budimex S.A. w osobach Pana Artura Popko \u2013 Prezesa Zarz\u0105du i Dyrektora Generalnego Budimex oraz Pana Cezarego \u0141ysenko \u2013 Cz\u0142onka Zarz\u0105du Budimex i Dyrektora Operacyjnego Budownictwa Infrastrukturalnego i Og\u00f3lnego,<\/li>\n<li>firmie PORR S.A. w osobie Pana Marcina Ardzi\u0144skiego \u2013 Dyrektora Regionu Polska Centralna, Pion Infrastruktury PORR,<\/li>\n<li>firmie GIERA Znaki Drogowe sp. j. w osobach Pana Marka Giera \u2013 Dyrektora Generalnego GIERA Znaki Drogowe oraz Pani Renaty Waszy\u0144skiej \u2013 Dyrektor Handlowej GIERA Znaki Drogowe,<\/li>\n<li>firmie Tensar Polska sp. z o.o. w osobie Pani Agnieszki Kuleszewicz \u2013 In\u017cynier Regionalnej regionu wsch\u00f3d Tensar Polska.<\/li>\n<\/ul>\n<p>Dzi\u0119kujemy r\u00f3wnie\u017c Panu dr in\u017c. Tomaszowi Hu\u015bcio z <a href=\"https:\/\/pb.edu.pl\/ssi\/webmaster-webdeveloper\/\">Sekcji Serwis\u00f3w Internetowych Politechniki Bia\u0142ostockiej<\/a> oraz Pani Agnieszce Szmidt z Fundacji na rzecz rozwoju Politechniki Bia\u0142ostockiej za pomoc techniczn\u0105 i organizacyjn\u0105 oraz wszystkim innym osobom, kt\u00f3re przyczyni\u0142y si\u0119 do sukcesu organizacji obu cz\u0119\u015bci VII Spotkania Drogowc\u00f3w-Absolwent\u00f3w Politechniki Bia\u0142ostockiej. <\/p>\n<p>Do zobaczenia za kolejne 5 lat na VIII Spotkaniu Drogowc\u00f3w-Absolwent\u00f3w Politechniki Bia\u0142ostockiej!<\/p>\n<p style=\"text-align: right;\">Komitet organizacyjny cz\u0119\u015bci I \u2013 pracownicy Katedry Geotechniki, Dr\u00f3g i Geodezji w osobach:<br \/>\n<em>prof. dr hab. in\u017c. Katarzyna Zabielska-Adamska<\/em><br \/>\n<em>prof. dr hab. in\u017c. W\u0142adys\u0142aw Gardziejczyk<\/em><br \/>\n<em>dr in\u017c. Marek Motylewicz<\/em><br \/>\n<em>dr in\u017c. <\/em><em>Mariola Wasil<\/em><br \/>\n<em>dr hab. in\u017c. Robert Zi\u00f3\u0142kowski<\/em><br \/>\n<em>dr in\u017c. Pawe\u0142 Gierasimiuk<\/em><br \/>\n<em>dr in\u017c. Andrzej Plewa<\/em><br \/>\n<em>dr in\u017c. Patryk Dobrzycki<\/em><\/p>\n<p style=\"text-align: right;\">Komitet organizacyjny cz\u0119\u015bci II (Bal Drogowca-Absolwenta PB) \u2013 cz\u0142onkowie SITK RP Bia\u0142ystok:<br \/>\n<em>dr in\u017c. Marek Motylewicz \u2013 Prezes SITK RP O\/Bia\u0142ystok<\/em><br \/>\n<em>mgr in\u017c. Krzysztof Gleba-Zawadzki<\/em><br \/>\n<em>mgr in\u017c. Paulina Imbiorkiewicz<\/em><br \/>\n<em>mgr in\u017c. Natalia Piekarska<\/em><\/p>\n<hr>\n<p><em>01.10.2025 r.<\/em><\/p>\n<div class=\"h4\">Kole\u017canki i Koledzy Drogowcy-Absolwenci Politechniki Bia\u0142ostockiej!<\/div>\n<p>Z wielk\u0105 przyjemno\u015bci\u0105 informujemy, \u017ce na VII Spotkanie Drogowc\u00f3w-Absolwent\u00f3w Politechniki Bia\u0142ostockiej zg\u0142osi\u0142o si\u0119 <strong>ju\u017c ponad 250 os\u00f3b!<\/strong> Z analizy listy absolwent\u00f3w wynika jednak, \u017ce s\u0105 osoby, kt\u00f3re dotychczas nie zg\u0142osi\u0142y udzia\u0142u w naszym Spotkaniu. Zwracamy si\u0119 wi\u0119c do Was z pro\u015bb\u0105 o skontaktowanie si\u0119 z Kole\u017cankami i Kolegami z grupy, z roku, i zapytanie czy dana osoba jest ju\u017c na li\u015bcie uczestnik\u00f3w Spotkania.<\/p>\n<p>Informujemy jednocze\u015bnie, \u017ce <strong>spotkanie towarzyskie (cz. II) odb\u0119dzie si\u0119 w Dworku Tryumf<\/strong> ul. Klepacka 1, 16-001 Ksi\u0119\u017cyno k. Bia\u0142egostoku, czyli w miejscu gdzie spotykali\u015bmy si\u0119 ostatnio 10 lat temu. Koszt udzia\u0142u w spotkaniu towarzyskim (cz. II) wynosi <strong>380,00 z\u0142 <\/strong>(uroczysta kolacja, DJ, niespodzianka oraz koszty Fundacji \u2013 wsp\u00f3\u0142organizatora Spotkania). Udzia\u0142 w cz\u0119\u015bci I jest bezp\u0142atny. Osoby, kt\u00f3re zadeklarowa\u0142y uczestnictwo w cz\u0119\u015bci II prosimy o dokonanie wp\u0142aty ww. kwoty <strong>do 31 pa\u017adziernika 2025 <\/strong>na numer konta bankowego:<\/p>\n<div class=\"text-center\"><strong>95 1240 1154 1111 0000 2149 7977 (Bank Pekao SA)<\/strong><br \/>\n<strong>z dopiskiem <em>\u201eNazwisko i imi\u0119, Spotkanie Drogowc\u00f3w 2025\u201d<\/em><\/strong><br \/>\nFundacja na rzecz rozwoju Politechniki Bia\u0142ostockiej<br \/>\nZwierzyniecka 6\/3 ; 15-333 Bia\u0142ystok<\/div>\n<p>&nbsp;<br \/>\nProsimy o terminowe dokonanie wp\u0142aty co u\u0142atwi nam sprawy organizacyjne.<\/p>\n<p>Organizatorzy nie zapewniaj\u0105 nocleg\u00f3w uczestnikom spotkania towarzyskiego (cz. II) ale istnieje mo\u017cliwo\u015b\u0107 indywidualnej rezerwacji miejsc noclegowych w Dworku Tryumf (liczba miejsc ograniczona). Prosimy w tym celu kontaktowa\u0107 si\u0119 indywidualnie z Dworkiem Tryumf pod nr tel. +48 85 663 29 18 lub +48 664 377 770.<\/p>\n<p>Osoby, kt\u00f3re zainteresowane s\u0105 daniami wegetaria\u0144skimi lub wega\u0144skimi podczas spotkania towarzyskiego (cz. II) prosimy o zg\u0142oszenie tego faktu najp\u00f3\u017aniej do 7 listopada na adres mail: <i class=\"fal fa-envelope\"><\/i> <a href=\"#\" rel=\"nofollow\"  onclick=\"this.href='mailto:' + 'drogowcy' + '@' + 'pb.edu.pl'\">drogowcy [at] pb.edu.pl<\/a>.<\/p>\n<hr>\n<p>25.07.2025 r.<\/p>\n<div class=\"h4\">Kole\u017canki i Koledzy Drogowcy-Absolwenci Politechniki Bia\u0142ostockiej!<\/div>\n<p>Z wielk\u0105 przyjemno\u015bci\u0105 informujemy, \u017ce organizujemy <strong>VII Spotkania Drogowc\u00f3w-Absolwent\u00f3w Politechniki Bia\u0142ostockiej w dniu 21 listopada 2025 r.<\/strong> Nasze Spotkanie odbywa\u0107 si\u0119 b\u0119dzie w ramach obchod\u00f3w 75-lecia dzia\u0142alno\u015bci Wydzia\u0142u Budownictwa i Nauk o \u015arodowisku Politechniki Bia\u0142ostockiej a organizujemy je tradycyjnie wsp\u00f3lnie z Fundacj\u0105 na Rzecz Rozwoju Politechniki Bia\u0142ostockiej oraz Stowarzyszeniem In\u017cynier\u00f3w i Technik\u00f3w Komunikacji RP Oddzia\u0142 w Bia\u0142ymstoku.<\/p>\n<p><strong>Serdecznie zapraszamy wszystkich absolwent\u00f3w studi\u00f3w dziennych i zaocznych ze specjalno\u015bci drogowych Politechniki Bia\u0142ostockiej: DUL, BK, BD oraz ID z lat 1980-2020 (studia in\u017cynierskie i magisterskie uko\u0144czone do 2020 r. w\u0142\u0105cznie)<\/strong>. Zgodnie z dotychczasow\u0105 tradycj\u0105 w Spotkaniu mog\u0105 uczestniczy\u0107 jedynie absolwenci PB specjalno\u015bci drogowych (z pomini\u0119ciem ostatnich pi\u0119ciu rocznik\u00f3w), sponsorzy i zaproszeni go\u015bcie.<\/p>\n<p>Nasze spotkanie przewidujemy jak zwykle w dw\u00f3ch niezale\u017cnych cz\u0119\u015bciach:<\/p>\n<ul>\n<li>pierwszej (bezp\u0142atnej) \u2013 spotkanie w murach uczelni (za kt\u00f3r\u0105 odpowiada zesp\u00f3\u0142 organizacyjny z Politechniki Bia\u0142ostockiej);<\/li>\n<li>drugiej (odp\u0142atnej) \u2013 uroczysty bal w sali bankietowej pod Bia\u0142ymstokiem (za kt\u00f3r\u0105 odpowiada zesp\u00f3\u0142 organizacyjny z SITK Bia\u0142ystok).<br \/>\nWysoko\u015b\u0107 op\u0142aty zostanie podana w terminie p\u00f3\u017aniejszym po ustaleniu liczby ch\u0119tnych do udzia\u0142u w balu absolwenta.<\/li>\n<\/ul>\n<p><strong>Warunkiem udzia\u0142u w VII Spotkaniu jest wype\u0142nienie do 12 listopada 2025 r. formularza rejestracyjnego na stronie internetowej <\/strong><a href=\"https:\/\/pb.edu.pl\/drogowcy\/rejestracja\/\"><strong>Rejestracja<\/strong><\/a> <strong>deklaruj\u0105c udzia\u0142 w pierwszej, drugiej lub obu cz\u0119\u015bciach Spotkania.<\/strong><\/p>\n<p>VII Spotkanie Drogowc\u00f3w powinno mie\u0107 godn\u0105 opraw\u0119. Liczymy, wi\u0119c na wyst\u0105pienia Drogowc\u00f3w-Absolwent\u00f3w PB w roli sponsora lub pomoc w poszukiwaniu sponsor\u00f3w. Prosimy o kontakt w tej sprawie z osobami z Komitetu Organizacyjnego lub na adres <i class=\"fal fa-envelope\"><\/i> <a href=\"#\" rel=\"nofollow\"  onclick=\"this.href='mailto:' + 'drogowcy' + '@' + 'pb.edu.pl'\">drogowcy [at] pb.edu.pl<\/a> .<\/p>\n<p><strong>Prosimy r\u00f3wnie\u017c o pomoc w rozpowszechnieniu wiadomo\u015bci o naszym Spotkaniu w\u015br\u00f3d Kole\u017canek i Koleg\u00f3w Drogowc\u00f3w-Absolwent\u00f3w PB tradycyjn\u0105 \u201epoczt\u0105 pantoflow\u0105\u201d jak r\u00f3wnie\u017c w korespondencji wewn\u0119trznej zarz\u0105d\u00f3w dr\u00f3g, urz\u0119d\u00f3w, firm wykonawczych i projektowych.<\/strong><br \/>\n&nbsp;<\/p>\n<p style=\"text-align: right;\"><em>Komitet Organizacyjny VII SDAPB<\/em><\/p>\n<p style=\"text-align: right;\"><em>prof. dr hab. in\u017c. Katarzyna Zabielska-Adamska<\/em><br \/>\n<em>prof. dr hab. in\u017c. W\u0142adys\u0142aw Gardziejczyk<\/em><br \/>\n<em>dr hab. in\u017c. Robert Zi\u00f3\u0142kowski<\/em><br \/>\n<em>dr in\u017c. Andrzej Plewa<\/em><br \/>\n<em>dr in\u017c. Marek Motylewicz<\/em><br \/>\n<em>dr in\u017c. Mariola Wasil<\/em><br \/>\n<em>dr in\u017c. Pawe\u0142 Gierasimiuk<\/em><br \/>\n<em>dr in\u017c. Patryk Dobrzycki<\/em><\/p>\n<p>&nbsp;<\/p>\n","protected":false},"excerpt":{"rendered":"<p>30.11.2025 r. Kole\u017canki i Koledzy Drogowcy-Absolwenci Politechniki Bia\u0142ostockiej oraz Szanowni Go\u015bcie VII Spotkania Drogowc\u00f3w-Absolwent\u00f3w Politechniki<\/p>\n","protected":false},"author":2,"featured_media":0,"parent":0,"menu_order":2,"comment_status":"closed","ping_status":"closed","template":"","meta":{"_acf_changed":false,"ngg_post_thumbnail":0,"footnotes":""},"class_list":["post-1838","page","type-page","status-publish","hentry"],"acf":[],"_links":{"self":[{"href":"https:\/\/pb.edu.pl\/drogowcy\/wp-json\/wp\/v2\/pages\/1838","targetHints":{"allow":["GET"]}}],"collection":[{"href":"https:\/\/pb.edu.pl\/drogowcy\/wp-json\/wp\/v2\/pages"}],"about":[{"href":"https:\/\/pb.edu.pl\/drogowcy\/wp-json\/wp\/v2\/types\/page"}],"author":[{"embeddable":true,"href":"https:\/\/pb.edu.pl\/drogowcy\/wp-json\/wp\/v2\/users\/2"}],"replies":[{"embeddable":true,"href":"https:\/\/pb.edu.pl\/drogowcy\/wp-json\/wp\/v2\/comments?post=1838"}],"version-history":[{"count":0,"href":"https:\/\/pb.edu.pl\/drogowcy\/wp-json\/wp\/v2\/pages\/1838\/revisions"}],"wp:attachment":[{"href":"https:\/\/pb.edu.pl\/drogowcy\/wp-json\/wp\/v2\/media?parent=1838"}],"curies":[{"name":"wp","href":"https:\/\/api.w.org\/{rel}","templated":true}]}}