{"id":15,"date":"2021-09-02T20:42:40","date_gmt":"2021-09-02T18:42:40","guid":{"rendered":"https:\/\/pb.edu.pl\/drogowcy\/?page_id=15"},"modified":"2025-11-20T12:22:50","modified_gmt":"2025-11-20T11:22:50","slug":"home","status":"publish","type":"page","link":"https:\/\/pb.edu.pl\/drogowcy\/","title":{"rendered":""},"content":{"rendered":"<p>&nbsp;<br \/>\n<img loading=\"lazy\" decoding=\"async\" class=\"aligncenter wp-image-1963\" src=\"https:\/\/pb.edu.pl\/drogowcy\/wp-content\/uploads\/sites\/154\/2025\/07\/logo-z-napisem-transparent-zielone-PNG.png\" alt=\"VII Spotkanie Drogowc\u00f3w-Absolwent\u00f3w Politechniki Bia\u0142ostockiej, 21 listopad 2025 r.\" width=\"780\" height=\"234\" srcset=\"https:\/\/pb.edu.pl\/drogowcy\/wp-content\/uploads\/sites\/154\/2025\/07\/logo-z-napisem-transparent-zielone-PNG.png 1181w, https:\/\/pb.edu.pl\/drogowcy\/wp-content\/uploads\/sites\/154\/2025\/07\/logo-z-napisem-transparent-zielone-PNG-300x90.png 300w, https:\/\/pb.edu.pl\/drogowcy\/wp-content\/uploads\/sites\/154\/2025\/07\/logo-z-napisem-transparent-zielone-PNG-1024x307.png 1024w, https:\/\/pb.edu.pl\/drogowcy\/wp-content\/uploads\/sites\/154\/2025\/07\/logo-z-napisem-transparent-zielone-PNG-768x230.png 768w\" sizes=\"auto, (max-width: 780px) 100vw, 780px\" \/><\/p>\n<p>&nbsp;<\/p>\n<div class=\"h2 text-center\">Pod honorowym patronatem JM Rektor Politechniki Bia\u0142ostockiej<br \/>\nprof. Marty Kosior-Kazberuk<\/div>\n<p>&nbsp;<\/p>\n<div class=\"row\">\n<div class=\"col-sm-3 text-center\"><\/div>\n<div class=\"col-sm-6 text-center\"><a class=\"button text-center animated zoomIn lead\" style=\"width: 100%;font-weight: 400;letter-spacing: 2px\" href=\"\/drogowcy\/rejestracja\/\">REJESTRACJA<\/a><\/div>\n<div class=\"col-sm-3 text-center\"><\/div>\n<\/div>\n      <div class=\"boxes\">\n              <a href=\"https:\/\/pb.edu.pl\/drogowcy\/o-wydarzeniu\/\" target=\"\" title=\"O wydarzeniu\" class=\"boxes-item\" style=\"--color:#005d38\"><span class=\"icon\"><i class=\"fa-light fa-road-bridge\"><\/i><\/span> O wydarzeniu<\/a>\n              <a href=\"https:\/\/pb.edu.pl\/drogowcy\/informacje-organizacyjne-i-oplaty\/\" target=\"\" title=\"Informacje organizacyjne i op\u0142aty\" class=\"boxes-item\" style=\"--color:#005d38\"><span class=\"icon\"><i class=\"fa-light fa-memo-circle-info\"><\/i><\/span> Informacje organizacyjne i op\u0142aty<\/a>\n              <a href=\"https:\/\/pb.edu.pl\/drogowcy\/program-spotkania\/\" target=\"\" title=\"Program spotkania\" class=\"boxes-item\" style=\"--color:#005d38\"><span class=\"icon\"><i class=\"fa-light fa-calendar-range\"><\/i><\/span> Program spotkania<\/a>\n              <a href=\"https:\/\/pb.edu.pl\/drogowcy\/galeria-zdjec\/\" target=\"\" title=\"Galeria zdj\u0119\u0107\" class=\"boxes-item\" style=\"--color:#005d38\"><span class=\"icon\"><i class=\"fa-light fa-image\"><\/i><\/span> Galeria zdj\u0119\u0107<\/a>\n              <a href=\"https:\/\/pb.edu.pl\/drogowcy\/kontakt\/\" target=\"\" title=\"Kontakt\" class=\"boxes-item\" style=\"--color:#005d38\"><span class=\"icon\"><i class=\"fa-light fa-envelope\"><\/i><\/span> Kontakt<\/a>\n          <\/div>\n  \n\n<p>&nbsp;<\/p>\n<div class=\"h1 text-center\">Organizatorzy<\/div>\n<div class=\"organizer-logos\"><a class=\"organizer-logos-item\" title=\"otworzy si\u0119 w nowej karcie\" href=\"https:\/\/wb.pb.edu.pl\/\" target=\"_blank\" rel=\"noopener\"><img loading=\"lazy\" decoding=\"async\" src=\"https:\/\/pb.edu.pl\/drogowcy\/wp-content\/uploads\/sites\/154\/2025\/11\/logo_WBiNS_75lat.jpg\" alt=\"logo WBiN\u015a 75lat\" width=\"1723\" height=\"500\" class=\"alignnone size-full wp-image-2046\" srcset=\"https:\/\/pb.edu.pl\/drogowcy\/wp-content\/uploads\/sites\/154\/2025\/11\/logo_WBiNS_75lat.jpg 1723w, https:\/\/pb.edu.pl\/drogowcy\/wp-content\/uploads\/sites\/154\/2025\/11\/logo_WBiNS_75lat-300x87.jpg 300w, https:\/\/pb.edu.pl\/drogowcy\/wp-content\/uploads\/sites\/154\/2025\/11\/logo_WBiNS_75lat-1024x297.jpg 1024w, https:\/\/pb.edu.pl\/drogowcy\/wp-content\/uploads\/sites\/154\/2025\/11\/logo_WBiNS_75lat-768x223.jpg 768w, https:\/\/pb.edu.pl\/drogowcy\/wp-content\/uploads\/sites\/154\/2025\/11\/logo_WBiNS_75lat-1536x446.jpg 1536w\" sizes=\"auto, (max-width: 1723px) 100vw, 1723px\" \/><\/a><br \/>\n<a class=\"organizer-logos-item\" title=\"otworzy si\u0119 w nowej karcie\" href=\"https:\/\/pb.edu.pl\/fundacja\/\" target=\"_blank\" rel=\"noopener\"><img loading=\"lazy\" decoding=\"async\" src=\"https:\/\/pb.edu.pl\/drogowcy\/wp-content\/uploads\/sites\/154\/2025\/07\/fundacja.png\" alt=\"Fundacja na rzecz rozwoju Politechniki Bia\u0142ostockiej\" width=\"368\" height=\"341\" class=\"aligncenter size-full wp-image-1992\" srcset=\"https:\/\/pb.edu.pl\/drogowcy\/wp-content\/uploads\/sites\/154\/2025\/07\/fundacja.png 368w, https:\/\/pb.edu.pl\/drogowcy\/wp-content\/uploads\/sites\/154\/2025\/07\/fundacja-300x278.png 300w\" sizes=\"auto, (max-width: 368px) 100vw, 368px\" \/><\/a><br \/>\n<a class=\"organizer-logos-item\" title=\"otworzy si\u0119 w nowej karcie\" href=\"https:\/\/sitk.bialystok.pl\/\" target=\"_blank\" rel=\"noopener\"><img loading=\"lazy\" decoding=\"async\" src=\"https:\/\/pb.edu.pl\/drogowcy\/wp-content\/uploads\/sites\/154\/2025\/07\/logo_SITK_PNG.png\" alt=\"logo Stowarzyszenie In\u017cynier\u00f3w i Technik\u00f3w Komunikacji RP Oddzia\u0142 Bia\u0142ystok\" width=\"300\" height=\"300\" class=\"aligncenter size-full wp-image-1994\" srcset=\"https:\/\/pb.edu.pl\/drogowcy\/wp-content\/uploads\/sites\/154\/2025\/07\/logo_SITK_PNG.png 300w, https:\/\/pb.edu.pl\/drogowcy\/wp-content\/uploads\/sites\/154\/2025\/07\/logo_SITK_PNG-150x150.png 150w\" sizes=\"auto, (max-width: 300px) 100vw, 300px\" \/><\/a>\n<\/div>\n<div class=\"h1 text-center\">Sponsorzy i Partnerzy<\/div>\n<p><img decoding=\"async\" src=\"https:\/\/pb.edu.pl\/drogowcy\/wp-content\/uploads\/sites\/154\/2025\/11\/logo_sponsorzy_www.jpg\" alt=\"logo sponsor\u00f3w i partner\u00f3w wydarzenia\" width=\"700\" class=\"aligncenter size-full wp-image-2048\" srcset=\"https:\/\/pb.edu.pl\/drogowcy\/wp-content\/uploads\/sites\/154\/2025\/11\/logo_sponsorzy_www.jpg 2000w, https:\/\/pb.edu.pl\/drogowcy\/wp-content\/uploads\/sites\/154\/2025\/11\/logo_sponsorzy_www-278x300.jpg 278w, https:\/\/pb.edu.pl\/drogowcy\/wp-content\/uploads\/sites\/154\/2025\/11\/logo_sponsorzy_www-948x1024.jpg 948w, https:\/\/pb.edu.pl\/drogowcy\/wp-content\/uploads\/sites\/154\/2025\/11\/logo_sponsorzy_www-768x829.jpg 768w, https:\/\/pb.edu.pl\/drogowcy\/wp-content\/uploads\/sites\/154\/2025\/11\/logo_sponsorzy_www-1422x1536.jpg 1422w, https:\/\/pb.edu.pl\/drogowcy\/wp-content\/uploads\/sites\/154\/2025\/11\/logo_sponsorzy_www-1896x2048.jpg 1896w\" sizes=\"(max-width: 2000px) 100vw, 2000px\" \/><\/p>\n","protected":false},"excerpt":{"rendered":"<p>&nbsp; &nbsp; Pod honorowym patronatem JM Rektor Politechniki Bia\u0142ostockiej prof. Marty Kosior-Kazberuk &nbsp; REJESTRACJA &nbsp;<\/p>\n","protected":false},"author":2,"featured_media":0,"parent":0,"menu_order":0,"comment_status":"closed","ping_status":"closed","template":"","meta":{"_acf_changed":false,"ngg_post_thumbnail":0,"footnotes":""},"class_list":["post-15","page","type-page","status-publish","hentry"],"acf":[],"_links":{"self":[{"href":"https:\/\/pb.edu.pl\/drogowcy\/wp-json\/wp\/v2\/pages\/15","targetHints":{"allow":["GET"]}}],"collection":[{"href":"https:\/\/pb.edu.pl\/drogowcy\/wp-json\/wp\/v2\/pages"}],"about":[{"href":"https:\/\/pb.edu.pl\/drogowcy\/wp-json\/wp\/v2\/types\/page"}],"author":[{"embeddable":true,"href":"https:\/\/pb.edu.pl\/drogowcy\/wp-json\/wp\/v2\/users\/2"}],"replies":[{"embeddable":true,"href":"https:\/\/pb.edu.pl\/drogowcy\/wp-json\/wp\/v2\/comments?post=15"}],"version-history":[{"count":0,"href":"https:\/\/pb.edu.pl\/drogowcy\/wp-json\/wp\/v2\/pages\/15\/revisions"}],"wp:attachment":[{"href":"https:\/\/pb.edu.pl\/drogowcy\/wp-json\/wp\/v2\/media?parent=15"}],"curies":[{"name":"wp","href":"https:\/\/api.w.org\/{rel}","templated":true}]}}