{"id":2,"date":"2021-10-13T10:58:56","date_gmt":"2021-10-13T08:58:56","guid":{"rendered":"https:\/\/pb.edu.pl\/doswiadczajzpb\/?page_id=2"},"modified":"2026-03-23T22:30:42","modified_gmt":"2026-03-23T21:30:42","slug":"maturanek","status":"publish","type":"page","link":"https:\/\/pb.edu.pl\/doswiadczajzpb\/","title":{"rendered":""},"content":{"rendered":"<div id=\"aktualnosci\" class=\"href\">&nbsp;<\/div>\n<p><a name=\"tu-skacz\"><\/a><\/p>\n<div class=\"row\"><div class=\"col-md-2 col-md-offset-1\">\n<img loading=\"lazy\" decoding=\"async\" src=\"https:\/\/pb.edu.pl\/doswiadczajzpb\/wp-content\/uploads\/sites\/77\/2022\/01\/zarowka-w-kolkach.png\" alt=\"\" width=\"260\" height=\"260\" class=\"img-responsive\" \/><br \/>\n<\/div>\n<div class=\"col-md-8\">\n<div class=\"h4\" style=\"margin-top:2em\">Naukowcy z Politechniki Bia\u0142ostockiej to tak\u017ce \u015bwietni pedagodzy, kt\u00f3rzy z pasj\u0105 dziel\u0105 si\u0119 swoj\u0105 wiedz\u0105 w filmach z cyklu #Do\u015bwiadczajzPB. W prosty spos\u00f3b t\u0142umacz\u0105 zjawiska fizyczne, chemiczne, pokazuj\u0105 jak dzia\u0142a mikroskop elektronowy albo czym jest termowizja.<\/div>\n<\/div><\/div>\n&nbsp;<br \/>\n<div class=\"row\"><div class=\"col-md-5 col-md-offset-1\">\n<div class=\"embed-responsive embed-responsive-16by9\"><iframe class=\"embed-responsive-item\" src=\"https:\/\/www.youtube.com\/embed\/t60ENvBMGQw\" title=\"\"><\/iframe><\/div>\n<div class=\"text-box-bg\" style=\"--bg:url(https:\/\/pb.edu.pl\/doswiadczajzpb\/wp-content\/uploads\/sites\/77\/2022\/01\/tlo-tekst-3.jpg)\"><span class=\"large\">Potrzebujecie<\/span> cz\u0119\u015bci zamiennej? A mo\u017ce po prostu chcieliby\u015bcie sami zrobi\u0107 jaki\u015b niezwyk\u0142y prezent? Studenci Wydzia\u0142u In\u017cynierii Zarz\u0105dzania w Laboratorium Proces\u00f3w i Technik Produkcyjnych mog\u0105 sami zaprogramowa\u0107 frezark\u0119, a potem wykona\u0107 pod okiem dr. in\u017c. \u0141ukasza Draguna wymy\u015blony przez siebie obiekt. I to dopiero jest prezent \u2013 od serca i od przysz\u0142ego in\u017cyniera!<br \/>&nbsp;<\/div>\n<\/div><div class=\"col-md-5\">\n<div class=\"embed-responsive embed-responsive-16by9\"><iframe class=\"embed-responsive-item\" src=\"https:\/\/www.youtube.com\/embed\/Bx-Z5lqPoyM\" title=\"\"><\/iframe><\/div>\n<div class=\"text-box-bg\" style=\"--bg:url(https:\/\/pb.edu.pl\/doswiadczajzpb\/wp-content\/uploads\/sites\/77\/2022\/01\/tlo-tekst-4.jpg)\"><span class=\"large\">Magazyn<\/span> wysokiego sk\u0142adowania, a w\u0142a\u015bciwie jego symulator dzia\u0142a na Wydziale In\u017cynierii Zarz\u0105dzania. Uczymy si\u0119 programowa\u0107 roboty, kt\u00f3rych zadaniem jest transport okre\u015blonych towar\u00f3w w dok\u0142adnie wskazane miejsca w magazynie. A je\u015bli zechcemy \u2013 roboty zbuduj\u0105 nam piramid\u0119 albo kilka wie\u017c, dziel\u0105c towary na przyk\u0142ad wed\u0142ug kolor\u00f3w. Zobaczcie jak poruszaj\u0105 si\u0119 po ta\u015bmoci\u0105gu, wreszcie l\u0105duj\u0105 wysoko na p\u00f3\u0142kach. To nie zabawa, tylko studia XXI wieku.<\/div>\n<\/div><\/div>\n<div class=\"row\"><div class=\"col-md-5 col-md-offset-1\">\n<div class=\"embed-responsive embed-responsive-16by9\"><iframe class=\"embed-responsive-item\" src=\"https:\/\/www.youtube.com\/embed\/y_BqR8oxTTY\" title=\"\"><\/iframe><\/div>\n<div class=\"text-box-bg\" style=\"--bg:url(https:\/\/pb.edu.pl\/doswiadczajzpb\/wp-content\/uploads\/sites\/77\/2022\/01\/tlo-tekst-1.jpg)\"><span class=\"large\">Bez<\/span> \u017cadnych czar\u00f3w &#8211; cztery minuty filmu wystarcz\u0105, by wyja\u015bni\u0107 czego potrzeba, by bez u\u017cycia nadmiaru chemikali\u00f3w z kranu pop\u0142yn\u0119\u0142a czysta woda. Dr in\u017c. Piotr Ofman z Katedry Technologii w In\u017cynierii \u015arodowiska na Wydziale Budownictwa i Nauk o \u015arodowisku przy okazji przed kamer\u0105 por\u00f3wna dwa materia\u0142y filtracyjne \u2013 piasek i \u017cwir oraz aktywny w\u0119giel.<br \/>&nbsp;<\/div>\n<\/div><div class=\"col-md-5\">\n<div class=\"embed-responsive embed-responsive-16by9\"><iframe class=\"embed-responsive-item\" src=\"https:\/\/www.youtube.com\/embed\/13bwk0bRSmk\" title=\"\"><\/iframe><\/div>\n<div class=\"text-box-bg\" style=\"--bg:url(https:\/\/pb.edu.pl\/doswiadczajzpb\/wp-content\/uploads\/sites\/77\/2022\/01\/tlo-tekst-2.jpg)\"><span class=\"large\">Kto<\/span> nie kocha naszych polskich jab\u0142ek? Kiedy zatapiamy z\u0119by w pachn\u0105cej sk\u00f3rce, chcieliby\u015bmy by by\u0142a g\u0142adka, a mo\u017ce lekko chrupi\u0105ca? Mgr in\u017c. Gabriel Siegie\u0144 z Katedry In\u017cynierii Rolno-Spo\u017cywczej i Kszta\u0142towania \u015arodowiska na Wydziale Budownictwa i Nauk o \u015arodowisku wyja\u015bnia jak magazynowanie jab\u0142ek wp\u0142ywa na ich sk\u00f3rk\u0119 i por\u00f3wnuje najlepsze sposoby przechowywania owoc\u00f3w.<\/div>\n<\/div><\/div>\n<div class=\"row\"><div class=\"col-md-5 col-md-offset-1\">\n<div class=\"embed-responsive embed-responsive-16by9\"><iframe class=\"embed-responsive-item\" src=\"https:\/\/www.youtube.com\/embed\/urjdPe238c0\" title=\"\"><\/iframe><\/div>\n<div class=\"text-box-bg\" style=\"--bg:url(https:\/\/pb.edu.pl\/doswiadczajzpb\/wp-content\/uploads\/sites\/77\/2022\/01\/tlo-tekst-3.jpg)\"><span class=\"large\">Co<\/span> studiowa\u0107, \u017ceby nie musie\u0107 pracowa\u0107? Tak od razu mo\u017ce si\u0119 nie da, ale studiuj\u0105c automatyk\u0119 i robotyk\u0119, na pewno nauczymy si\u0119 zmusza\u0107 roboty, by pracowa\u0142y za ludzi. Dr in\u017c. Adam Wolniakowski z Katedry Automatyki i Robotyki na Wydziale Elektrycznym poka\u017ce, jak roboty ucz\u0105 si\u0119 zast\u0119powa\u0107 ludzi w rutynowych czynno\u015bciach.<\/div>\n<\/div><div class=\"col-md-5\">\n<div class=\"embed-responsive embed-responsive-16by9\"><iframe class=\"embed-responsive-item\" src=\"https:\/\/www.youtube.com\/embed\/7GDBpCGzMbo\" title=\"\"><\/iframe><\/div>\n<div class=\"text-box-bg\" style=\"--bg:url(https:\/\/pb.edu.pl\/doswiadczajzpb\/wp-content\/uploads\/sites\/77\/2022\/01\/tlo-tekst-4.jpg)\"><span class=\"large\">Dlaczego<\/span> przewody elektryczne pomi\u0119dzy s\u0142upami nie s\u0105 nieruchome, co wprawia je w ruch? Przysiadaj\u0105ce ptaki? Wiatr? Dr in\u017c. Grzegorz Ho\u0142dy\u0144ski z Katedry Elektrotechniki, Energoelektroniki i Elektroenergetyki na Wydziale Elektrycznym wyja\u015bnia co si\u0119 dzieje pomi\u0119dzy przewodami, w kt\u00f3rych p\u0142ynie pr\u0105d.<\/div>\n<\/div><\/div>\n<div class=\"row\"><div class=\"col-md-5 col-md-offset-1\">\n<div class=\"embed-responsive embed-responsive-16by9\"><iframe class=\"embed-responsive-item\" src=\"https:\/\/www.youtube.com\/embed\/ugTr2oL6MT8\" title=\"\"><\/iframe><\/div>\n<div class=\"text-box-bg\" style=\"--bg:url(https:\/\/pb.edu.pl\/doswiadczajzpb\/wp-content\/uploads\/sites\/77\/2022\/01\/tlo-tekst-5.jpg)\"><span class=\"large\">Wiecie<\/span>, \u017ce dzi\u0119ki \u015bwiat\u0142owodom wasze ulubione seriale na platformach VOD odtwarzaj\u0105 si\u0119 p\u0142ynnie o dowolnej porze dnia i nocy. Ale czy wiecie, \u017ce to dzi\u0119ki specjalnej obr\u00f3bce\u2026 szk\u0142a? Dr hab. in\u017c. Marcin Kochanowicz, prof. PB, kierownik Katedry Fotoniki, Elektroniki i Techniki \u015awietlnej pokazuje jak powstaje \u015bwiat\u0142ow\u00f3d w fantastycznym laboratorium technologii \u015bwiat\u0142owod\u00f3w na Wydziale Elektrycznym.<br \/>&nbsp;<\/div>\n<\/div><div class=\"col-md-5\">\n<div class=\"embed-responsive embed-responsive-16by9\"><iframe class=\"embed-responsive-item\" src=\"https:\/\/www.youtube.com\/embed\/KVhPc78MXDM\" title=\"\"><\/iframe><\/div>\n<div class=\"text-box-bg\" style=\"--bg:url(https:\/\/pb.edu.pl\/doswiadczajzpb\/wp-content\/uploads\/sites\/77\/2022\/01\/tlo-tekst-6.jpg)\"><span class=\"large\">Lubicie<\/span> wizualizacje? Wyja\u015bnianie zjawisk i problem\u00f3w przy pomocy kolor\u00f3w? A termografia, termowizja \u2013 czy to s\u0105 trudne s\u0142owa? Bardzo prosto wyja\u015bnia te poj\u0119cia dr in\u017c. Adam \u015awi\u0119cicki z Katedry Budownictwa Energooszcz\u0119dnego i Geodezji na Wydziale Budownictwa i Nauk o \u015arodowisku. Jak dzia\u0142a kamera termowizyjna t\u0142umaczy dr in\u017c. Robert Stachniewicz. I kiedy zdecyduje si\u0119 jej u\u017cy\u0107 \u2013 trudne prawdy o jako\u015bci naszych budynk\u00f3w mog\u0105 wyj\u015b\u0107 na jaw!<\/div>\n<\/div><\/div>\n<div class=\"row\"><div class=\"col-md-5 col-md-offset-1\">\n<div class=\"embed-responsive embed-responsive-16by9\"><iframe class=\"embed-responsive-item\" src=\"https:\/\/www.youtube.com\/embed\/vNJWPUsRywI\" title=\"\"><\/iframe><\/div>\n<div class=\"text-box-bg\" style=\"--bg:url(https:\/\/pb.edu.pl\/doswiadczajzpb\/wp-content\/uploads\/sites\/77\/2022\/01\/tlo-tekst-1.jpg)\"><span class=\"large\">Jak<\/span> poczu\u0107 i zobaczy\u0107 pr\u0105d ma zwyk\u0142y cz\u0142owiek? I prze\u017cy\u0107 \u2013 bo z przecie\u017c z pr\u0105dem nie ma \u017cart\u00f3w. Dr in\u017c. Adam Steckiewicz z Katedry Elektrotechniki, Energoelektroniki i Elektroenergetyki na Wydziale Elektrycznym pokazuje mi\u0119dzy innymi efekty dzia\u0142ania pola magnetycznego.<\/div>\n<\/div><div class=\"col-md-5\">\n<div class=\"embed-responsive embed-responsive-16by9\"><iframe class=\"embed-responsive-item\" src=\"https:\/\/www.youtube.com\/embed\/Vp_TxzNu1VY\" title=\"\"><\/iframe><\/div>\n<div class=\"text-box-bg\" style=\"--bg:url(https:\/\/pb.edu.pl\/doswiadczajzpb\/wp-content\/uploads\/sites\/77\/2022\/01\/tlo-tekst-2.jpg)\"><span class=\"large\">Chcieliby\u015bcie<\/span> zobaczy\u0107, jak szybko zamieni\u0107 m\u0119tn\u0105 wod\u0119 w przejrzyst\u0105 to\u0144? Zobaczcie do\u015bwiadczenie, kt\u00f3re poka\u017ce jak przy pomocy wiedzy o odczynnikach \u0142atwo mo\u017cna spowodowa\u0107, \u017ce zanieczyszczenia w wodzie sklej\u0105 si\u0119 w wi\u0119ksze cz\u0105stki i osi\u0105d\u0105 na dnie naczynia. <\/div>\n<\/div><\/div>\n<div class=\"row\"><div class=\"col-md-5 col-md-offset-1\">\n<div class=\"embed-responsive embed-responsive-16by9\"><iframe class=\"embed-responsive-item\" src=\"https:\/\/www.youtube.com\/embed\/C5EKM4bdJsc\" title=\"\"><\/iframe><\/div>\n<div class=\"text-box-bg\" style=\"--bg:url(https:\/\/pb.edu.pl\/doswiadczajzpb\/wp-content\/uploads\/sites\/77\/2022\/01\/tlo-tekst-3.jpg)\"><span class=\"large\">M\u00f3wi\u0105<\/span>, \u017ce jeste\u015bmy tym, co jemy. Coraz cz\u0119\u015bciej chcemy mie\u0107 pewno\u015b\u0107, \u017ce kupujemy zdrowe produkty. Promieniowanie elektromagnetyczne pomaga bada\u0107 \u017cywno\u015b\u0107. Zobaczcie, jak wygl\u0105daj\u0105 migda\u0142y, olej czy smalec w podczerwieni i kt\u00f3re t\u0142uszcze zawieraj\u0105 kwasy nienasycone, a kt\u00f3re t\u0142uszcze trans? W tajniki spektroskopii wprowadza nas dr in\u017c. Grzegorz \u015awiderski z Katedry Chemii, Biologii i Biotechnologii na WBiN\u015a.<\/div>\n<\/div><div class=\"col-md-5\">\n<div class=\"embed-responsive embed-responsive-16by9\"><iframe class=\"embed-responsive-item\" src=\"https:\/\/www.youtube.com\/embed\/XoGpVeOZ4js\" title=\"\"><\/iframe><\/div>\n<div class=\"text-box-bg\" style=\"--bg:url(https:\/\/pb.edu.pl\/doswiadczajzpb\/wp-content\/uploads\/sites\/77\/2022\/01\/tlo-tekst-4.jpg)\"><span class=\"large\">Pami\u0119tacie<\/span> film \u201eRobocop\u201d? A mo\u017ce jeste\u015bcie fanami \u201eWojen gwiezdnych\u201d? W tych filmach cyborgi i roboty widz\u0105 \u015bwiat zupe\u0142nie inaczej ni\u017c ludzie. Dr in\u017c. Adam Wolniakowski z Katedry Automatyki i Robotyki na Wydziale Elektrycznym zwizualizuje, co widz\u0105 roboty mobilne i wyt\u0142umaczy, jak orientuj\u0105 si\u0119 w przestrzeni, czyli jak ucz\u0105 si\u0119 chodzi\u0107 i je\u017adzi\u0107! Bez lasera ani rusz!<br \/>&nbsp;<\/div>\n<\/div><\/div>\n<div class=\"row\"><div class=\"col-md-5 col-md-offset-1\">\n<div class=\"embed-responsive embed-responsive-16by9\"><iframe class=\"embed-responsive-item\" src=\"https:\/\/www.youtube.com\/embed\/TIJiNtWgu18\" title=\"\"><\/iframe><\/div>\n<div class=\"text-box-bg\" style=\"--bg:url(https:\/\/pb.edu.pl\/doswiadczajzpb\/wp-content\/uploads\/sites\/77\/2022\/01\/tlo-tekst-5.jpg)\"><span class=\"large\">Czy<\/span> wiecie, \u017ce ekstrakty z niekt\u00f3rych grzyb\u00f3w z Puszczy Bia\u0142owieskiej mog\u0105 sta\u0107 si\u0119 or\u0119\u017cem do walki z rakiem? Ale jak wydoby\u0107 z takiego grzyba, to co najbardziej warto\u015bciowe? Mgr Marcin Stocki z Katedry Hodowli i U\u017cytkowania Lasu na Wydziale Budownictwa i Nauk o \u015arodowisku pozyskuje je z poszanowaniem \u015brodowiska, bo do ekstrakcji wykorzystuje dwutlenek w\u0119gla. <\/div>\n<\/div><div class=\"col-md-5\">\n<div class=\"embed-responsive embed-responsive-16by9\"><iframe class=\"embed-responsive-item\" src=\"https:\/\/www.youtube.com\/embed\/FE0J_sC0sh8\" title=\"\"><\/iframe><\/div>\n<div class=\"text-box-bg\" style=\"--bg:url(https:\/\/pb.edu.pl\/doswiadczajzpb\/wp-content\/uploads\/sites\/77\/2022\/01\/tlo-tekst-6.jpg)\"><span class=\"large\">Kiedy<\/span> pracujemy, mo\u017ce nam si\u0119 zrobi\u0107 gor\u0105co. Podobnie dzieje si\u0119, kiedy pracuj\u0105 przewody elektryczne. Bo przecie\u017c przewodzenie pr\u0105du to te\u017c praca. Dr in\u017c. Grzegorz Ho\u0142dy\u0144ski z Katedry Elektrotechniki, Energoelektroniki i Elektroenergetyki na Wydziale Elektrycznym obja\u015bnia dzia\u0142anie cieplne pr\u0105du p\u0142yn\u0105cego w przewodach, czyli prawo Joule&#8217;a. <br \/>&nbsp;<\/div>\n<\/div><\/div>\n<div class=\"row\"><div class=\"col-md-5 col-md-offset-1\">\n<div class=\"embed-responsive embed-responsive-16by9\"><iframe class=\"embed-responsive-item\" src=\"https:\/\/www.youtube.com\/embed\/JNA9JEW9yN0\" title=\"\"><\/iframe><\/div>\n<div class=\"text-box-bg\" style=\"--bg:url(https:\/\/pb.edu.pl\/doswiadczajzpb\/wp-content\/uploads\/sites\/77\/2022\/01\/tlo-tekst-1.jpg)\"><span class=\"large\">Jak<\/span> b\u0142yskawicznie sprawdzi\u0107, czy zaprojektowana przez nas konstrukcja nie zawali si\u0119? Dach nie za\u0142amie si\u0119 pod warstw\u0105 \u015bniegu, wiatr nie przewr\u00f3ci wie\u017cowca? Na pewno przyda si\u0119 pewien program komputerowy. Do czego s\u0142u\u017cy eksperymentalna analiza modalna wyja\u015bnia dr in\u017c. Krzysztof Czech z Katedry Geotechniki i Mechaniki Konstrukcji na WBiN\u015a.<br \/>&nbsp;<br \/>&nbsp;<\/div>\n<\/div><div class=\"col-md-5\">\n<div class=\"embed-responsive embed-responsive-16by9\"><iframe class=\"embed-responsive-item\" src=\"https:\/\/www.youtube.com\/embed\/lakuTLj457U\" title=\"\"><\/iframe><\/div>\n<div class=\"text-box-bg\" style=\"--bg:url(https:\/\/pb.edu.pl\/doswiadczajzpb\/wp-content\/uploads\/sites\/77\/2022\/01\/tlo-tekst-2.jpg)\"><span class=\"large\">Chyba<\/span> ka\u017cdy s\u0142ysza\u0142 o mikroskopie elektronowym. Ale jak on dzia\u0142a, czym r\u00f3\u017cni si\u0119 od zestawu soczewek, warto wiedzie\u0107. Tym bardziej, \u017ce zosta\u0142 wynaleziony w 1931 roku! \u017beby zbada\u0107 pr\u00f3bk\u0119 mikroskopem elektronowym musimy poprawi\u0107 jej przewodno\u015b\u0107. Co ciekawe, w mikroskopie mo\u017ce znajdowa\u0107 si\u0119 jednocze\u015bnie kilka pr\u00f3bek. Wtedy dr in\u017c. Natalia Stankiewicz z Katedry Budownictwa i In\u017cynierii Drogowej na WBiN\u015a strzela wi\u0105zk\u0105 elektron\u00f3w i\u2026 Zobaczcie sami.<\/div>\n<\/div><\/div>\n<div class=\"row\"><div class=\"col-md-10 col-md-offset-1\">\n<p> Dzia\u0142 Promocji i Komunikacji Politechniki Bia\u0142ostockiej zaprasza naukowc\u00f3w ze wszystkich wydzia\u0142\u00f3w do zg\u0142aszania temat\u00f3w na kolejne filmy pod adresem: <i class=\"fal fa-envelope\"><\/i> <a href=\"#\" rel=\"nofollow\"  onclick=\"this.href='mailto:' + 'biuroprasowe' + '@' + 'pb.edu.pl'\">biuroprasowe [at] pb.edu.pl<\/a>.<br \/>\n<\/div><\/div>\n","protected":false},"excerpt":{"rendered":"<p>&nbsp; &nbsp;<\/p>\n","protected":false},"author":2,"featured_media":399,"parent":0,"menu_order":1,"comment_status":"closed","ping_status":"closed","template":"templates\/reprezentacyjna-4_8.php","meta":{"_acf_changed":false,"ngg_post_thumbnail":0,"footnotes":""},"class_list":["post-2","page","type-page","status-publish","has-post-thumbnail","hentry"],"acf":[],"yoast_head":"<!-- This site is optimized with the Yoast SEO plugin v27.0 - https:\/\/yoast.com\/product\/yoast-seo-wordpress\/ -->\n<title>#Do\u015bwiadczajzPB - Politechnika Bia\u0142ostocka<\/title>\n<meta name=\"description\" content=\"#Do\u015bwiadczajzPB\" \/>\n<meta name=\"robots\" content=\"index, follow, max-snippet:-1, max-image-preview:large, max-video-preview:-1\" \/>\n<link rel=\"canonical\" href=\"https:\/\/pb.edu.pl\/doswiadczajzpb\/\" \/>\n<meta property=\"og:locale\" content=\"pl_PL\" \/>\n<meta property=\"og:type\" content=\"article\" \/>\n<meta property=\"og:title\" content=\"#Do\u015bwiadczajzPB - Politechnika Bia\u0142ostocka\" \/>\n<meta property=\"og:description\" content=\"#Do\u015bwiadczajzPB\" \/>\n<meta property=\"og:url\" content=\"https:\/\/pb.edu.pl\/doswiadczajzpb\/\" \/>\n<meta property=\"og:site_name\" content=\"#Do\u015bwiadczajzPB\" \/>\n<meta property=\"article:modified_time\" content=\"2026-03-23T21:30:42+00:00\" \/>\n<meta property=\"og:image\" content=\"https:\/\/pb.edu.pl\/doswiadczajzpb\/wp-content\/uploads\/sites\/77\/2022\/01\/doswiadczaj-z-pb-header-prawo.jpg\" \/>\n\t<meta property=\"og:image:width\" content=\"1118\" \/>\n\t<meta property=\"og:image:height\" content=\"650\" \/>\n\t<meta property=\"og:image:type\" content=\"image\/jpeg\" \/>\n<meta name=\"twitter:card\" content=\"summary_large_image\" \/>\n<meta name=\"twitter:label1\" content=\"Szacowany czas czytania\" \/>\n\t<meta name=\"twitter:data1\" content=\"7 minut\" \/>\n<script type=\"application\/ld+json\" class=\"yoast-schema-graph\">{\"@context\":\"https:\/\/schema.org\",\"@graph\":[{\"@type\":\"WebPage\",\"@id\":\"https:\/\/pb.edu.pl\/doswiadczajzpb\/\",\"url\":\"https:\/\/pb.edu.pl\/doswiadczajzpb\/\",\"name\":\"#Do\u015bwiadczajzPB - Politechnika Bia\u0142ostocka\",\"isPartOf\":{\"@id\":\"https:\/\/pb.edu.pl\/doswiadczajzpb\/#website\"},\"primaryImageOfPage\":{\"@id\":\"https:\/\/pb.edu.pl\/doswiadczajzpb\/#primaryimage\"},\"image\":{\"@id\":\"https:\/\/pb.edu.pl\/doswiadczajzpb\/#primaryimage\"},\"thumbnailUrl\":\"https:\/\/pb.edu.pl\/doswiadczajzpb\/wp-content\/uploads\/sites\/77\/2022\/01\/doswiadczaj-z-pb-header-prawo.jpg\",\"datePublished\":\"2021-10-13T08:58:56+00:00\",\"dateModified\":\"2026-03-23T21:30:42+00:00\",\"description\":\"#Do\u015bwiadczajzPB\",\"inLanguage\":\"pl-PL\",\"potentialAction\":[{\"@type\":\"ReadAction\",\"target\":[\"https:\/\/pb.edu.pl\/doswiadczajzpb\/\"]}]},{\"@type\":\"ImageObject\",\"inLanguage\":\"pl-PL\",\"@id\":\"https:\/\/pb.edu.pl\/doswiadczajzpb\/#primaryimage\",\"url\":\"https:\/\/pb.edu.pl\/doswiadczajzpb\/wp-content\/uploads\/sites\/77\/2022\/01\/doswiadczaj-z-pb-header-prawo.jpg\",\"contentUrl\":\"https:\/\/pb.edu.pl\/doswiadczajzpb\/wp-content\/uploads\/sites\/77\/2022\/01\/doswiadczaj-z-pb-header-prawo.jpg\",\"width\":1118,\"height\":650},{\"@type\":\"WebSite\",\"@id\":\"https:\/\/pb.edu.pl\/doswiadczajzpb\/#website\",\"url\":\"https:\/\/pb.edu.pl\/doswiadczajzpb\/\",\"name\":\"#Do\u015bwiadczajzPB\",\"description\":\"\",\"potentialAction\":[{\"@type\":\"SearchAction\",\"target\":{\"@type\":\"EntryPoint\",\"urlTemplate\":\"https:\/\/pb.edu.pl\/doswiadczajzpb\/?s={search_term_string}\"},\"query-input\":{\"@type\":\"PropertyValueSpecification\",\"valueRequired\":true,\"valueName\":\"search_term_string\"}}],\"inLanguage\":\"pl-PL\"}]}<\/script>\n<!-- \/ Yoast SEO plugin. -->","yoast_head_json":{"title":"#Do\u015bwiadczajzPB - Politechnika Bia\u0142ostocka","description":"#Do\u015bwiadczajzPB","robots":{"index":"index","follow":"follow","max-snippet":"max-snippet:-1","max-image-preview":"max-image-preview:large","max-video-preview":"max-video-preview:-1"},"canonical":"https:\/\/pb.edu.pl\/doswiadczajzpb\/","og_locale":"pl_PL","og_type":"article","og_title":"#Do\u015bwiadczajzPB - Politechnika Bia\u0142ostocka","og_description":"#Do\u015bwiadczajzPB","og_url":"https:\/\/pb.edu.pl\/doswiadczajzpb\/","og_site_name":"#Do\u015bwiadczajzPB","article_modified_time":"2026-03-23T21:30:42+00:00","og_image":[{"width":1118,"height":650,"url":"https:\/\/pb.edu.pl\/doswiadczajzpb\/wp-content\/uploads\/sites\/77\/2022\/01\/doswiadczaj-z-pb-header-prawo.jpg","type":"image\/jpeg"}],"twitter_card":"summary_large_image","twitter_misc":{"Szacowany czas czytania":"7 minut"},"schema":{"@context":"https:\/\/schema.org","@graph":[{"@type":"WebPage","@id":"https:\/\/pb.edu.pl\/doswiadczajzpb\/","url":"https:\/\/pb.edu.pl\/doswiadczajzpb\/","name":"#Do\u015bwiadczajzPB - Politechnika Bia\u0142ostocka","isPartOf":{"@id":"https:\/\/pb.edu.pl\/doswiadczajzpb\/#website"},"primaryImageOfPage":{"@id":"https:\/\/pb.edu.pl\/doswiadczajzpb\/#primaryimage"},"image":{"@id":"https:\/\/pb.edu.pl\/doswiadczajzpb\/#primaryimage"},"thumbnailUrl":"https:\/\/pb.edu.pl\/doswiadczajzpb\/wp-content\/uploads\/sites\/77\/2022\/01\/doswiadczaj-z-pb-header-prawo.jpg","datePublished":"2021-10-13T08:58:56+00:00","dateModified":"2026-03-23T21:30:42+00:00","description":"#Do\u015bwiadczajzPB","inLanguage":"pl-PL","potentialAction":[{"@type":"ReadAction","target":["https:\/\/pb.edu.pl\/doswiadczajzpb\/"]}]},{"@type":"ImageObject","inLanguage":"pl-PL","@id":"https:\/\/pb.edu.pl\/doswiadczajzpb\/#primaryimage","url":"https:\/\/pb.edu.pl\/doswiadczajzpb\/wp-content\/uploads\/sites\/77\/2022\/01\/doswiadczaj-z-pb-header-prawo.jpg","contentUrl":"https:\/\/pb.edu.pl\/doswiadczajzpb\/wp-content\/uploads\/sites\/77\/2022\/01\/doswiadczaj-z-pb-header-prawo.jpg","width":1118,"height":650},{"@type":"WebSite","@id":"https:\/\/pb.edu.pl\/doswiadczajzpb\/#website","url":"https:\/\/pb.edu.pl\/doswiadczajzpb\/","name":"#Do\u015bwiadczajzPB","description":"","potentialAction":[{"@type":"SearchAction","target":{"@type":"EntryPoint","urlTemplate":"https:\/\/pb.edu.pl\/doswiadczajzpb\/?s={search_term_string}"},"query-input":{"@type":"PropertyValueSpecification","valueRequired":true,"valueName":"search_term_string"}}],"inLanguage":"pl-PL"}]}},"_links":{"self":[{"href":"https:\/\/pb.edu.pl\/doswiadczajzpb\/wp-json\/wp\/v2\/pages\/2","targetHints":{"allow":["GET"]}}],"collection":[{"href":"https:\/\/pb.edu.pl\/doswiadczajzpb\/wp-json\/wp\/v2\/pages"}],"about":[{"href":"https:\/\/pb.edu.pl\/doswiadczajzpb\/wp-json\/wp\/v2\/types\/page"}],"author":[{"embeddable":true,"href":"https:\/\/pb.edu.pl\/doswiadczajzpb\/wp-json\/wp\/v2\/users\/2"}],"replies":[{"embeddable":true,"href":"https:\/\/pb.edu.pl\/doswiadczajzpb\/wp-json\/wp\/v2\/comments?post=2"}],"version-history":[{"count":1,"href":"https:\/\/pb.edu.pl\/doswiadczajzpb\/wp-json\/wp\/v2\/pages\/2\/revisions"}],"predecessor-version":[{"id":499,"href":"https:\/\/pb.edu.pl\/doswiadczajzpb\/wp-json\/wp\/v2\/pages\/2\/revisions\/499"}],"wp:featuredmedia":[{"embeddable":true,"href":"https:\/\/pb.edu.pl\/doswiadczajzpb\/wp-json\/wp\/v2\/media\/399"}],"wp:attachment":[{"href":"https:\/\/pb.edu.pl\/doswiadczajzpb\/wp-json\/wp\/v2\/media?parent=2"}],"curies":[{"name":"wp","href":"https:\/\/api.w.org\/{rel}","templated":true}]}}