{"id":987,"date":"2025-05-06T12:10:44","date_gmt":"2025-05-06T10:10:44","guid":{"rendered":"https:\/\/pb.edu.pl\/dostepna2\/?page_id=987"},"modified":"2026-03-30T23:37:09","modified_gmt":"2026-03-30T21:37:09","slug":"harmonogram-czasu-pracy-psychologicznego-konsultanta-ds-ozszp","status":"publish","type":"page","link":"https:\/\/pb.edu.pl\/dostepna2\/harmonogramy\/harmonogram-czasu-pracy-psychologicznego-konsultanta-ds-ozszp\/","title":{"rendered":"Harmonogram czasu pracy Psychologicznego konsultanta ds. Os\u00f3b ze Szczeg\u00f3lnymi Potrzebami (OzSzP)"},"content":{"rendered":"<div class=\"h3\">Magdalena Narewska-\u015awirydziuk<\/div>\n<p>Wsparcie udzielane jest w formie indywidualnych spotka\u0144, kontaktu telefonicznego b\u0105d\u017a wiadomo\u015bci mailowej z zachowaniem pe\u0142nej dyskrecji.<\/p>\n<p>Wsparcie udzielane jest <strong>nieodp\u0142atnie<\/strong>.<\/p>\n<p>Dy\u017cury Konsultanta odbywaj\u0105 si\u0119 w Centrum Wsparcia PB.<\/p>\n<p>Poniedzia\u0142ek &#8211; czwartek w godzinach 08.30 &#8211; 12.30 lub w ustalonym indywidualnie terminie.<\/p>\n<p>W dniach <strong>31.03-03.04<\/strong> punkt konsultacji psychologicznych jest <strong>NIECZYNNY<\/strong>.<\/p>\n<p><a href=\"https:\/\/pb.edu.pl\/pomoc-psychologiczna\/\">Informacja o pomocy psychologicznej<\/a>.<\/p>\n<p><strong>Kontakt<\/strong><br \/>\nPsycholog, psychologiczny konsultant procesu studiowania<br \/>\nMagdalena Narewska-\u015awirydziuk<br \/>\n <i class=\"fal fa-mobile\"><\/i> 797 520 670<br \/>\n <i class=\"fal fa-envelope\"><\/i> <a href=\"#\" rel=\"nofollow\"  onclick=\"this.href='mailto:' + 'm.narewska' + '@' + 'pb.edu.pl'\">m.narewska [at] pb.edu.pl<\/a> <\/p>\n<p>Domu Studenta 2 &#8222;Beta&#8221;<br \/>\nul. Zwierzyniecka 12<br \/>\n<strong>pok\u00f3j 6<\/strong><\/p>\n","protected":false},"excerpt":{"rendered":"<p>Magdalena Narewska-\u015awirydziuk Wsparcie udzielane jest w formie indywidualnych spotka\u0144, kontaktu telefonicznego b\u0105d\u017a wiadomo\u015bci mailowej z<\/p>\n","protected":false},"author":2,"featured_media":0,"parent":15,"menu_order":3,"comment_status":"closed","ping_status":"closed","template":"","meta":{"_acf_changed":false,"ngg_post_thumbnail":0,"footnotes":""},"class_list":["post-987","page","type-page","status-publish","hentry"],"acf":[],"_links":{"self":[{"href":"https:\/\/pb.edu.pl\/dostepna2\/wp-json\/wp\/v2\/pages\/987","targetHints":{"allow":["GET"]}}],"collection":[{"href":"https:\/\/pb.edu.pl\/dostepna2\/wp-json\/wp\/v2\/pages"}],"about":[{"href":"https:\/\/pb.edu.pl\/dostepna2\/wp-json\/wp\/v2\/types\/page"}],"author":[{"embeddable":true,"href":"https:\/\/pb.edu.pl\/dostepna2\/wp-json\/wp\/v2\/users\/2"}],"replies":[{"embeddable":true,"href":"https:\/\/pb.edu.pl\/dostepna2\/wp-json\/wp\/v2\/comments?post=987"}],"version-history":[{"count":5,"href":"https:\/\/pb.edu.pl\/dostepna2\/wp-json\/wp\/v2\/pages\/987\/revisions"}],"predecessor-version":[{"id":1082,"href":"https:\/\/pb.edu.pl\/dostepna2\/wp-json\/wp\/v2\/pages\/987\/revisions\/1082"}],"up":[{"embeddable":true,"href":"https:\/\/pb.edu.pl\/dostepna2\/wp-json\/wp\/v2\/pages\/15"}],"wp:attachment":[{"href":"https:\/\/pb.edu.pl\/dostepna2\/wp-json\/wp\/v2\/media?parent=987"}],"curies":[{"name":"wp","href":"https:\/\/api.w.org\/{rel}","templated":true}]}}