{"id":952,"date":"2024-12-24T11:54:34","date_gmt":"2024-12-24T10:54:34","guid":{"rendered":"https:\/\/pb.edu.pl\/dostepna2\/?page_id=952"},"modified":"2026-04-09T15:12:16","modified_gmt":"2026-04-09T13:12:16","slug":"harmonogram-nieodplatnych-porad-prawnych","status":"publish","type":"page","link":"https:\/\/pb.edu.pl\/dostepna2\/harmonogramy\/harmonogram-nieodplatnych-porad-prawnych\/","title":{"rendered":"Harmonogram nieodp\u0142atnych porad prawnych"},"content":{"rendered":"<p><strong>Bezp\u0142atnych porad z zakresu:<\/strong><\/p>\n<ul>\n<li>prawa cywilnego,<\/li>\n<li>prawa rodzinnego,<\/li>\n<li>zak\u0142adania i prowadzenia dzia\u0142alno\u015bci gospodarczej,<\/li>\n<li>prawa autorskiego,<\/li>\n<\/ul>\n<p>udzielaj\u0105:<\/p>\n<ul>\n<li>r. pr. Joanna Rogalewska-Bieli\u0144ska<\/li>\n<li>r.pr. Karolina Soko\u0142owska-Bre\u015b<\/li>\n<\/ul>\n<p><strong>Harmonogram dy\u017cur\u00f3w w kwietniu 2026:<\/strong><\/p>\n<ul>\n<li>08.04. godz. 8:00-14:00<\/li>\n<li>15.04. godz. 8:00-13:30<\/li>\n<li>16.04. godz. 8:00-13:30<\/li>\n<li>17.04. godz. 8:00-13:30<\/li>\n<li>20.04. godz. 8:00-12:00<\/li>\n<li>21.04. godz. 8:00-12:00<\/li>\n<li>22.04. godz. 8:00-12:00<\/li>\n<li>23.04. godz. 8:00-11:00<\/li>\n<\/ul>\n<p>Budynek Rektoratu PB, pok\u00f3j A05 (niski parter)<\/p>\n<p>Porady udzielane s\u0105 w ramach projektu PB Dost\u0119pna 2 i realizowane s\u0105 zgodnie z <a title=\"Strona otworzy si\u0119 w nowej karcie\" href=\"https:\/\/pb.edu.pl\/dostepna2\/dokumenty\/regulamin-projektu\/\" target=\"_blank\" rel=\"noopener\">Regulaminem projektu<\/a>.<\/p>\n<p>&nbsp;<\/p>\n","protected":false},"excerpt":{"rendered":"<p>Bezp\u0142atnych porad z zakresu: prawa cywilnego, prawa rodzinnego, zak\u0142adania i prowadzenia dzia\u0142alno\u015bci gospodarczej, prawa autorskiego,<\/p>\n","protected":false},"author":2,"featured_media":0,"parent":15,"menu_order":2,"comment_status":"closed","ping_status":"closed","template":"","meta":{"_acf_changed":false,"ngg_post_thumbnail":0,"footnotes":""},"class_list":["post-952","page","type-page","status-publish","hentry"],"acf":[],"_links":{"self":[{"href":"https:\/\/pb.edu.pl\/dostepna2\/wp-json\/wp\/v2\/pages\/952","targetHints":{"allow":["GET"]}}],"collection":[{"href":"https:\/\/pb.edu.pl\/dostepna2\/wp-json\/wp\/v2\/pages"}],"about":[{"href":"https:\/\/pb.edu.pl\/dostepna2\/wp-json\/wp\/v2\/types\/page"}],"author":[{"embeddable":true,"href":"https:\/\/pb.edu.pl\/dostepna2\/wp-json\/wp\/v2\/users\/2"}],"replies":[{"embeddable":true,"href":"https:\/\/pb.edu.pl\/dostepna2\/wp-json\/wp\/v2\/comments?post=952"}],"version-history":[{"count":7,"href":"https:\/\/pb.edu.pl\/dostepna2\/wp-json\/wp\/v2\/pages\/952\/revisions"}],"predecessor-version":[{"id":1084,"href":"https:\/\/pb.edu.pl\/dostepna2\/wp-json\/wp\/v2\/pages\/952\/revisions\/1084"}],"up":[{"embeddable":true,"href":"https:\/\/pb.edu.pl\/dostepna2\/wp-json\/wp\/v2\/pages\/15"}],"wp:attachment":[{"href":"https:\/\/pb.edu.pl\/dostepna2\/wp-json\/wp\/v2\/media?parent=952"}],"curies":[{"name":"wp","href":"https:\/\/api.w.org\/{rel}","templated":true}]}}