{"id":58,"date":"2019-09-25T14:04:18","date_gmt":"2019-09-25T12:04:18","guid":{"rendered":"https:\/\/pb.edu.pl\/dostepna20\/?page_id=58"},"modified":"2025-06-13T13:59:08","modified_gmt":"2025-06-13T11:59:08","slug":"regulamin-projektu","status":"publish","type":"page","link":"https:\/\/pb.edu.pl\/dostepna2\/dokumenty\/regulamin-projektu\/","title":{"rendered":"Regulamin projektu"},"content":{"rendered":"<p><img loading=\"lazy\" decoding=\"async\" src=\"https:\/\/pb.edu.pl\/dostepna2\/wp-content\/uploads\/sites\/143\/2024\/07\/image007.png\" alt=\"loga zwi\u0105zane z projektem\" width=\"1440\" height=\"186\" class=\"aligncenter size-full wp-image-898\" srcset=\"https:\/\/pb.edu.pl\/dostepna2\/wp-content\/uploads\/sites\/143\/2024\/07\/image007.png 1440w, https:\/\/pb.edu.pl\/dostepna2\/wp-content\/uploads\/sites\/143\/2024\/07\/image007-300x39.png 300w, https:\/\/pb.edu.pl\/dostepna2\/wp-content\/uploads\/sites\/143\/2024\/07\/image007-1024x132.png 1024w, https:\/\/pb.edu.pl\/dostepna2\/wp-content\/uploads\/sites\/143\/2024\/07\/image007-768x99.png 768w\" sizes=\"auto, (max-width: 1440px) 100vw, 1440px\" \/><\/p>\n<p><a  class=\"pdf\" href=\"https:\/\/pb.edu.pl\/dostepna2\/wp-content\/uploads\/sites\/143\/2025\/06\/Regulamin-uczestnictwa-w-projekcie-PB-Dostepna-2.pdf\" target=\"_blank\" data-id=\"1008\" >Regulamin uczestnictwa w projekcie PB Dost\u0119pna 2.0 <span>(PDF, 289 KB, otworzy si\u0119 w nowej karcie)<\/span><\/a><\/p>\n<p><a  class=\"pdf\" href=\"https:\/\/pb.edu.pl\/dostepna2\/wp-content\/uploads\/sites\/143\/2025\/06\/Zalacznik-nr-1-Formularz-rekrutacyjny-PB-Dostepna-2.pdf\" target=\"_blank\" data-id=\"1004\" >Za\u0142\u0105cznik nr 1 &#8211; Formularz rekrutacyjny PB Dost\u0119pna 2.0 <span>(PDF, 335 KB, otworzy si\u0119 w nowej karcie)<\/span><\/a><\/p>\n<p><a  class=\"pdf\" href=\"https:\/\/pb.edu.pl\/dostepna2\/wp-content\/uploads\/sites\/143\/2025\/06\/Zalacznik-nr-2-Regulamin-nieodpl-porad-prawnych-PB-Dostepna-2.pdf\" target=\"_blank\" data-id=\"1005\" >Za\u0142\u0105cznik nr 2 &#8211; Regulamin nieodp\u0142atnych porad prawnych &#8211; PB Dost\u0119pna 2.0 <span>(PDF, 196 KB, otworzy si\u0119 w nowej karcie)<\/span><\/a><\/p>\n<p><a  class=\"pdf\" href=\"https:\/\/pb.edu.pl\/dostepna2\/wp-content\/uploads\/sites\/143\/2025\/06\/Zalacznik-nr-3-Regulamin-wsparcia-psychologicznego-PB-Dostepna-2.pdf\" target=\"_blank\" data-id=\"1006\" >Za\u0142\u0105cznik nr 3 &#8211; Regulamin wsparcia psychologicznego &#8211; PB Dost\u0119pna 2.0 <span>(PDF, 187 KB, otworzy si\u0119 w nowej karcie)<\/span><\/a><\/p>\n","protected":false},"excerpt":{"rendered":"<p>Regulamin uczestnictwa w projekcie PB Dost\u0119pna 2.0 (PDF, 289 KB, otworzy si\u0119 w nowej karcie)<\/p>\n","protected":false},"author":2,"featured_media":0,"parent":21,"menu_order":0,"comment_status":"closed","ping_status":"closed","template":"","meta":{"_acf_changed":false,"ngg_post_thumbnail":0,"footnotes":""},"class_list":["post-58","page","type-page","status-publish","hentry"],"acf":[],"_links":{"self":[{"href":"https:\/\/pb.edu.pl\/dostepna2\/wp-json\/wp\/v2\/pages\/58","targetHints":{"allow":["GET"]}}],"collection":[{"href":"https:\/\/pb.edu.pl\/dostepna2\/wp-json\/wp\/v2\/pages"}],"about":[{"href":"https:\/\/pb.edu.pl\/dostepna2\/wp-json\/wp\/v2\/types\/page"}],"author":[{"embeddable":true,"href":"https:\/\/pb.edu.pl\/dostepna2\/wp-json\/wp\/v2\/users\/2"}],"replies":[{"embeddable":true,"href":"https:\/\/pb.edu.pl\/dostepna2\/wp-json\/wp\/v2\/comments?post=58"}],"version-history":[{"count":0,"href":"https:\/\/pb.edu.pl\/dostepna2\/wp-json\/wp\/v2\/pages\/58\/revisions"}],"up":[{"embeddable":true,"href":"https:\/\/pb.edu.pl\/dostepna2\/wp-json\/wp\/v2\/pages\/21"}],"wp:attachment":[{"href":"https:\/\/pb.edu.pl\/dostepna2\/wp-json\/wp\/v2\/media?parent=58"}],"curies":[{"name":"wp","href":"https:\/\/api.w.org\/{rel}","templated":true}]}}