{"id":174,"date":"2020-03-05T11:07:13","date_gmt":"2020-03-05T10:07:13","guid":{"rendered":"https:\/\/pb.edu.pl\/dostepna2\/?page_id=174"},"modified":"2026-03-02T12:50:32","modified_gmt":"2026-03-02T11:50:32","slug":"szkolenia","status":"publish","type":"page","link":"https:\/\/pb.edu.pl\/dostepna2\/szkolenia\/","title":{"rendered":"Szkolenia"},"content":{"rendered":"<p><img loading=\"lazy\" decoding=\"async\" class=\"aligncenter size-full wp-image-898\" src=\"https:\/\/pb.edu.pl\/dostepna2\/wp-content\/uploads\/sites\/143\/2024\/07\/image007.png\" alt=\"loga zwi\u0105zane z projektem\" width=\"1440\" height=\"186\" srcset=\"https:\/\/pb.edu.pl\/dostepna2\/wp-content\/uploads\/sites\/143\/2024\/07\/image007.png 1440w, https:\/\/pb.edu.pl\/dostepna2\/wp-content\/uploads\/sites\/143\/2024\/07\/image007-300x39.png 300w, https:\/\/pb.edu.pl\/dostepna2\/wp-content\/uploads\/sites\/143\/2024\/07\/image007-1024x132.png 1024w, https:\/\/pb.edu.pl\/dostepna2\/wp-content\/uploads\/sites\/143\/2024\/07\/image007-768x99.png 768w\" sizes=\"auto, (max-width: 1440px) 100vw, 1440px\" \/><\/p>\n<h2 style=\"text-align: center\"><strong>Szkolenia z zakresu dost\u0119pno\u015bci, \u015bwiadomo\u015bci niepe\u0142nosprawno\u015bci oraz podniesienie poziomu kszta\u0142cenia OzSP, w tym OzN.<\/strong><\/h2>\n<table class=\"aligncenter\" style=\"height: 729px;width: 63.9142%;border-color: #000000\" border=\"1\" width=\"73.2728%\">\n<tbody>\n<tr style=\"height: 22px\">\n<td style=\"width: 2.95276%;height: 22px\" width=\"37\"><strong>Lp.<\/strong><\/td>\n<td style=\"width: 78.8911%;text-align: center;height: 22px\" width=\"312\"><strong>Nazwa szkolenia<\/strong><\/td>\n<td style=\"width: 126.998%;text-align: center;height: 22px\" width=\"123\"><strong>Termin szkolenia<\/strong><\/td>\n<\/tr>\n<tr style=\"height: 22px\">\n<td style=\"width: 2.95276%;height: 22px\" width=\"37\">1.<\/td>\n<td style=\"width: 78.8911%;height: 22px\" width=\"312\">Dost\u0119pne materia\u0142y informacyjne i dydaktyczne<\/td>\n<td style=\"width: 126.998%;text-align: center;height: 22px\" width=\"123\">24.06.2025<\/td>\n<\/tr>\n<tr style=\"height: 63px\">\n<td style=\"width: 2.95276%;height: 63px\" width=\"37\">2.<\/td>\n<td style=\"width: 78.8911%;height: 63px\" width=\"312\">Wsparcie os\u00f3b z niepe\u0142nosprawno\u015bciami w \u015brodowisku akademickim<\/td>\n<td style=\"width: 126.998%;text-align: center;height: 63px\" width=\"123\">9.07.2025<\/p>\n<p>10.07.2025<\/td>\n<\/tr>\n<tr style=\"height: 63px\">\n<td style=\"width: 2.95276%;height: 63px\" width=\"37\">3.<\/td>\n<td style=\"width: 78.8911%;height: 63px\" width=\"312\">J\u0119zyk prosty w komunikacji uczelni<\/td>\n<td style=\"width: 126.998%;text-align: center;height: 63px\" width=\"123\">17.09.2025<\/p>\n<p>18.09.2025<\/td>\n<\/tr>\n<tr style=\"height: 22px\">\n<td style=\"width: 2.95276%;height: 22px\" width=\"37\">4.<\/td>\n<td style=\"width: 78.8911%;height: 22px\" width=\"312\">J\u0119zyk prosty w komunikacji uczelni<\/td>\n<td style=\"width: 126.998%;text-align: center;height: 22px\" width=\"123\">13.10.2025<\/td>\n<\/tr>\n<tr style=\"height: 22px\">\n<td style=\"width: 2.95276%;height: 22px\" width=\"37\">5.<\/td>\n<td style=\"width: 78.8911%;height: 22px\" width=\"312\">Dost\u0119pno\u015b\u0107 cyfrowa<\/td>\n<td style=\"width: 126.998%;text-align: center;height: 22px\" width=\"123\">13.11.2025<\/td>\n<\/tr>\n<tr style=\"height: 22px\">\n<td style=\"width: 2.95276%;height: 22px\" width=\"37\">6.<\/td>\n<td style=\"width: 78.8911%;height: 22px\" width=\"312\">Dost\u0119pno\u015b\u0107 materia\u0142\u00f3w<\/td>\n<td style=\"width: 126.998%;text-align: center;height: 22px\" width=\"123\">19.11.2025<\/td>\n<\/tr>\n<tr style=\"height: 22px\">\n<td style=\"width: 2.95276%;height: 22px\" width=\"37\">7.<\/td>\n<td style=\"width: 78.8911%;height: 22px\" width=\"312\">Dost\u0119pno\u015b\u0107 architektoniczna na uczelni<\/td>\n<td style=\"width: 126.998%;text-align: center;height: 22px\" width=\"123\">28-29.01.2026<\/td>\n<\/tr>\n<tr style=\"height: 22px\">\n<td style=\"width: 2.95276%;height: 22px\" width=\"37\">8.<\/td>\n<td style=\"width: 78.8911%;height: 22px\" width=\"312\">Wsparcie os\u00f3b w kryzysie psychicznym<\/td>\n<td style=\"width: 126.998%;text-align: center;height: 22px\" width=\"123\">17.02.2026<\/p>\n<p>10.03.2026<\/p>\n<p>24.03.2026<\/td>\n<\/tr>\n<tr style=\"height: 22px\">\n<td style=\"width: 2.95276%;height: 22px\" width=\"37\">9.<\/td>\n<td style=\"width: 78.8911%;height: 22px\" width=\"312\">Dysleksja i inne trudno\u015bci w uczeniu si\u0119<\/td>\n<td style=\"width: 126.998%;text-align: center;height: 22px\" width=\"123\">18.02.2026<\/td>\n<\/tr>\n<tr style=\"height: 22px\">\n<td style=\"width: 2.95276%;height: 22px\" width=\"37\">10.<\/td>\n<td style=\"width: 78.8911%;height: 22px\" width=\"312\">Audiodeskrypcja<\/td>\n<td style=\"width: 126.998%;text-align: center;height: 22px\" width=\"123\">&nbsp;<\/td>\n<\/tr>\n<tr style=\"height: 22px\">\n<td style=\"width: 2.95276%;height: 22px\" width=\"37\">11.<\/td>\n<td style=\"width: 78.8911%;height: 22px\" width=\"312\">Aktywizacja zawodowa i zatrudnienie os\u00f3b z niepe\u0142nosprawno\u015bciami a praktyki studenckie<\/td>\n<td style=\"width: 126.998%;text-align: center;height: 22px\" width=\"123\">&nbsp;<\/td>\n<\/tr>\n<tr style=\"height: 22px\">\n<td style=\"width: 2.95276%;height: 22px\" width=\"37\">12.<\/td>\n<td style=\"width: 78.8911%;height: 22px\" width=\"312\">Projektowanie uniwersalne<\/td>\n<td style=\"width: 126.998%;text-align: center;height: 22px\" width=\"123\">&nbsp;<\/td>\n<\/tr>\n<tr style=\"height: 22px\">\n<td style=\"width: 2.95276%;height: 22px\" width=\"37\">13.<\/td>\n<td style=\"width: 78.8911%;height: 22px\" width=\"312\">Dost\u0119pno\u015b\u0107 edukacji zdalnej<\/td>\n<td style=\"width: 126.998%;text-align: center;height: 22px\" width=\"123\">&nbsp;<\/td>\n<\/tr>\n<tr style=\"height: 22px\">\n<td style=\"width: 2.95276%;height: 22px\" width=\"37\">14.<\/td>\n<td style=\"width: 78.8911%;height: 22px\" width=\"312\">Komunikacja z osobami ze szczeg\u00f3lnymi potrzebami w sytuacjach kryzysowych<\/td>\n<td style=\"width: 126.998%;text-align: center;height: 22px\" width=\"123\">&nbsp;<\/td>\n<\/tr>\n<tr style=\"height: 22px\">\n<td style=\"width: 2.95276%;height: 22px\" width=\"37\">15.<\/td>\n<td style=\"width: 78.8911%;height: 22px\" width=\"312\">Wsparcie os\u00f3b w kryzysie psychicznym<\/td>\n<td style=\"width: 126.998%;text-align: center;height: 22px\" width=\"123\">&nbsp;<\/td>\n<\/tr>\n<tr style=\"height: 22px\">\n<td style=\"width: 2.95276%;height: 22px\" width=\"37\">16.<\/td>\n<td style=\"width: 78.8911%;height: 22px\" width=\"312\">Ewakuacja os\u00f3b ze szczeg\u00f3lnymi potrzebami w sytuacjach zagro\u017cenia<\/td>\n<td style=\"width: 126.998%;text-align: center;height: 22px\" width=\"123\">08.04.2026<\/td>\n<\/tr>\n<tr style=\"height: 22px\">\n<td style=\"width: 2.95276%;height: 22px\" width=\"37\">17.<\/td>\n<td style=\"width: 78.8911%;height: 22px\" width=\"312\">Wsparcie os\u00f3b z zaburzeniami psychicznymi<\/td>\n<td style=\"width: 126.998%;text-align: center;height: 22px\" width=\"123\">09.04.2026<\/td>\n<\/tr>\n<tr style=\"height: 22px\">\n<td style=\"width: 2.95276%;height: 22px\">18.<\/td>\n<td style=\"width: 78.8911%;height: 22px\">Dost\u0119pne wydarzenia<\/td>\n<td style=\"width: 126.998%;text-align: center;height: 22px\">&nbsp;<\/td>\n<\/tr>\n<tr style=\"height: 22px\">\n<td style=\"width: 2.95276%;height: 22px\">19.<\/td>\n<td style=\"width: 78.8911%;height: 22px\">Dost\u0119pne zaj\u0119cia sportowe<\/td>\n<td style=\"width: 126.998%;text-align: center;height: 22px\">&nbsp;<\/td>\n<\/tr>\n<tr style=\"height: 22px\">\n<td style=\"width: 2.95276%;height: 22px\">20.<\/td>\n<td style=\"width: 78.8911%;height: 22px\">Warsztaty z tematyki wsp\u00f3\u0142pracy \/ obs\u0142ugi petent\u00f3w neuror\u00f3\u017cnorodnych<\/td>\n<td style=\"width: 126.998%;text-align: center;height: 22px\">20.03.2026<\/td>\n<\/tr>\n<\/tbody>\n<\/table>\n","protected":false},"excerpt":{"rendered":"<p>Szkolenia z zakresu dost\u0119pno\u015bci, \u015bwiadomo\u015bci niepe\u0142nosprawno\u015bci oraz podniesienie poziomu kszta\u0142cenia OzSP, w tym OzN. Lp.<\/p>\n","protected":false},"author":65,"featured_media":0,"parent":0,"menu_order":7,"comment_status":"closed","ping_status":"closed","template":"","meta":{"_acf_changed":false,"ngg_post_thumbnail":0,"footnotes":""},"class_list":["post-174","page","type-page","status-publish","hentry"],"acf":[],"_links":{"self":[{"href":"https:\/\/pb.edu.pl\/dostepna2\/wp-json\/wp\/v2\/pages\/174","targetHints":{"allow":["GET"]}}],"collection":[{"href":"https:\/\/pb.edu.pl\/dostepna2\/wp-json\/wp\/v2\/pages"}],"about":[{"href":"https:\/\/pb.edu.pl\/dostepna2\/wp-json\/wp\/v2\/types\/page"}],"author":[{"embeddable":true,"href":"https:\/\/pb.edu.pl\/dostepna2\/wp-json\/wp\/v2\/users\/65"}],"replies":[{"embeddable":true,"href":"https:\/\/pb.edu.pl\/dostepna2\/wp-json\/wp\/v2\/comments?post=174"}],"version-history":[{"count":8,"href":"https:\/\/pb.edu.pl\/dostepna2\/wp-json\/wp\/v2\/pages\/174\/revisions"}],"predecessor-version":[{"id":1076,"href":"https:\/\/pb.edu.pl\/dostepna2\/wp-json\/wp\/v2\/pages\/174\/revisions\/1076"}],"wp:attachment":[{"href":"https:\/\/pb.edu.pl\/dostepna2\/wp-json\/wp\/v2\/media?parent=174"}],"curies":[{"name":"wp","href":"https:\/\/api.w.org\/{rel}","templated":true}]}}