{"id":17,"date":"2019-09-25T00:03:49","date_gmt":"2019-09-24T22:03:49","guid":{"rendered":"https:\/\/pb.edu.pl\/dostepna20\/?page_id=17"},"modified":"2025-09-02T12:31:07","modified_gmt":"2025-09-02T10:31:07","slug":"o-projekcie","status":"publish","type":"page","link":"https:\/\/pb.edu.pl\/dostepna2\/o-projekcie\/","title":{"rendered":"O projekcie"},"content":{"rendered":"<p><img loading=\"lazy\" decoding=\"async\" src=\"https:\/\/pb.edu.pl\/pb5\/wp-content\/uploads\/sites\/131\/2024\/07\/image007.png\" alt=\"loga zwi\u0105zane z projektem\" width=\"1440\" height=\"186\" class=\"aligncenter size-full wp-image-898\" srcset=\"https:\/\/pb.edu.pl\/dostepna2\/wp-content\/uploads\/sites\/143\/2024\/07\/image007.png 1440w, https:\/\/pb.edu.pl\/dostepna2\/wp-content\/uploads\/sites\/143\/2024\/07\/image007-300x39.png 300w, https:\/\/pb.edu.pl\/dostepna2\/wp-content\/uploads\/sites\/143\/2024\/07\/image007-1024x132.png 1024w, https:\/\/pb.edu.pl\/dostepna2\/wp-content\/uploads\/sites\/143\/2024\/07\/image007-768x99.png 768w\" sizes=\"auto, (max-width: 1440px) 100vw, 1440px\" \/><\/p>\n<p><strong>Projekt \u201ePB Dost\u0119pna 2.0 &#8211; nowoczesna uczelnia dla wszystkich\u201d<\/strong> (nr umowy FERS.03.01-IP.08-0116\/24-00) jest realizowany w ramach programu Fundusze Europejskie dla Rozwoju Spo\u0142ecznego 2021-2027 wsp\u00f3\u0142finansowanego ze \u015brodk\u00f3w Europejskiego Funduszu Spo\u0142ecznego Plus.<\/p>\n<p><strong>Celem g\u0142\u00f3wnym projektu<\/strong> jest rozszerzenie dzia\u0142a\u0144 w zakresie zwi\u0119kszania dost\u0119pno\u015bci.<\/p>\n<p>Politechniki Bia\u0142ostockiej dla os\u00f3b ze szczeg\u00f3lnymi potrzebami, w tym os\u00f3b z niepe\u0142nosprawno\u015bciami, tak by Uczelnia by\u0142a jeszcze bardziej dost\u0119pna dla wszystkich.<\/p>\n<p>Cel projektu b\u0119dzie realizowany w ramach 9 zada\u0144 merytorycznych, w VIII obszarach tematycznych okre\u015blonych w dokumencie Opis \u015bcie\u017cki Rozw\u00f3j+:<\/p>\n<ol>\n<li>Rozw\u00f3j struktury BON PB i ekosystemu oferowanego wsparcia<\/li>\n<li>Likwidacja barier architektonicznych na PB<\/li>\n<li>Likwidacja barier informacyjno-komunikacyjnych w uczelni<\/li>\n<li>Likwidacja barier cyfrowych uczelni<\/li>\n<li>Technologie na rzecz dost\u0119pno\u015bci<\/li>\n<li>Dost\u0119pne Procedury<\/li>\n<li>Zwi\u0119kszenie mo\u017cliwo\u015bci wsparcia os\u00f3b ze szczeg\u00f3lnymi potrzebami<\/li>\n<li>Dost\u0119pne zaj\u0119cia sportowe<\/li>\n<li>\u015awiadoma Uczelnia<\/li>\n<\/ol>\n<p><strong>Grup\u0119 docelow\u0105<\/strong> stanowi \u015brodowisko akademickie (kadra zarz\u0105dzaj\u0105ca, dydaktyczna, administracyjna, pracownicy BON i specjali\u015bci pracuj\u0105cy na rzecz os\u00f3b ze szczeg\u00f3lnymi potrzebami). Po\u015brednio z rezultat\u00f3w projektu b\u0119d\u0105 mogli skorzysta\u0107 tak\u017ce studenci, doktoranci oraz osoby spoza spo\u0142eczno\u015bci akademickiej.<\/p>\n<p><strong>G\u0142\u00f3wne rezultaty<\/strong> b\u0119d\u0105 osi\u0105gni\u0119te poprzez nast\u0119puj\u0105ce dzia\u0142ania:<\/p>\n<ol>\n<li>Rozw\u00f3j struktury i zakresu wsparcia BON poprzez utworzenie Uczelnianego Zespo\u0142u Dost\u0119pno\u015bci,<\/li>\n<li>Rozw\u00f3j kompetencji 16 cz\u0142onk\u00f3w UZD i pracownik\u00f3w BON,<\/li>\n<li>Utworzenie Centrum Wsparcia PB,<\/li>\n<li>Przygotowanie Kompleksowych Plan\u00f3w Likwidacji Barier na PB: Cyfrowych, Informacyjno-Komunikacyjnych, oraz Szczeg\u00f3\u0142owego Planu Rozwoju Technologicznego PB i Planu szkole\u0144 pracownik\u00f3w uczelni w zakresie \u015bwiadomo\u015bci szczeg\u00f3lnych potrzeb,<\/li>\n<li>Likwidacj\u0119 barier architektonicznych na kampusie PB,<\/li>\n<li>Wdro\u017cenie 4 system\u00f3w informacyjno-komunikacyjnych zwi\u0119kszaj\u0105cych dost\u0119pno\u015b\u0107 PB,<\/li>\n<li>Wdro\u017cenie platformy szkoleniowej,<\/li>\n<li>Opracowanie Bazy Przedsi\u0119biorstw na potrzeby realizacji dost\u0119pnych praktyk zawodowych,<\/li>\n<li>Sukcesywna likwidacja barier cyfrowych na PB,<\/li>\n<li>Wdro\u017cenie nowych technologii wspieraj\u0105cych PB,<\/li>\n<li>Organizacj\u0119 i realizacj\u0119 800h dost\u0119pnych zaj\u0119\u0107 sportowych,<\/li>\n<li>Zakup dedykowanego wyposa\u017cenia sportowego,<\/li>\n<li>Realizacj\u0119 akcji informacyjnej zwi\u0119kszaj\u0105cej \u015bwiadomo\u015b\u0107 spo\u0142eczno\u015bci akademickiej w zakresie dzia\u0142alno\u015bci BON,<\/li>\n<li>Przeszkolenie min. 90% kadry zarz\u0105dzaj\u0105cej z zakresu podstawowych szkole\u0144 \u015bwiadomo\u015bciowych i specjalistycznych,<\/li>\n<li>Przeszkolenie 50% kadry dydaktycznej i 50% kadry administracyjnej z zakresu podstawowych szkole\u0144 \u015bwiadomo\u015bciowych i specjalistycznych,<\/li>\n<li>Przeszkolenie min.150 pracownik\u00f3w Uczelni w zakresie udzielania pierwszej pomocy.<\/li>\n<\/ol>\n<p><strong>Okres realizacji projektu:<\/strong> 01.04.2025 r. \u2013 31.03.2028 r.<\/p>\n<p><strong>Warto\u015b\u0107 projektu:<\/strong> 7 993 221,35 z\u0142<\/p>\n<p><strong>Dofinansowanie:<\/strong> 7 744 186,93 z\u0142, w tym:<\/p>\n<p><strong>Dofinansowanie ze \u015brodk\u00f3w europejskich:<\/strong> 6 596 006,26 z\u0142, co stanowi 82,52 % wydatk\u00f3w kwalifikowalnych projektu.<\/p>\n","protected":false},"excerpt":{"rendered":"<p>Projekt \u201ePB Dost\u0119pna 2.0 &#8211; nowoczesna uczelnia dla wszystkich\u201d (nr umowy FERS.03.01-IP.08-0116\/24-00) jest realizowany w<\/p>\n","protected":false},"author":2,"featured_media":0,"parent":0,"menu_order":3,"comment_status":"closed","ping_status":"closed","template":"","meta":{"_acf_changed":false,"ngg_post_thumbnail":0,"footnotes":""},"class_list":["post-17","page","type-page","status-publish","hentry"],"acf":[],"_links":{"self":[{"href":"https:\/\/pb.edu.pl\/dostepna2\/wp-json\/wp\/v2\/pages\/17","targetHints":{"allow":["GET"]}}],"collection":[{"href":"https:\/\/pb.edu.pl\/dostepna2\/wp-json\/wp\/v2\/pages"}],"about":[{"href":"https:\/\/pb.edu.pl\/dostepna2\/wp-json\/wp\/v2\/types\/page"}],"author":[{"embeddable":true,"href":"https:\/\/pb.edu.pl\/dostepna2\/wp-json\/wp\/v2\/users\/2"}],"replies":[{"embeddable":true,"href":"https:\/\/pb.edu.pl\/dostepna2\/wp-json\/wp\/v2\/comments?post=17"}],"version-history":[{"count":0,"href":"https:\/\/pb.edu.pl\/dostepna2\/wp-json\/wp\/v2\/pages\/17\/revisions"}],"wp:attachment":[{"href":"https:\/\/pb.edu.pl\/dostepna2\/wp-json\/wp\/v2\/media?parent=17"}],"curies":[{"name":"wp","href":"https:\/\/api.w.org\/{rel}","templated":true}]}}