{"id":13,"date":"2019-09-25T00:01:51","date_gmt":"2019-09-24T22:01:51","guid":{"rendered":"https:\/\/pb.edu.pl\/dostepna20\/?page_id=13"},"modified":"2024-07-10T08:11:06","modified_gmt":"2024-07-10T06:11:06","slug":"aktualnosci","status":"publish","type":"page","link":"https:\/\/pb.edu.pl\/dostepna2\/aktualnosci\/","title":{"rendered":"Aktualno\u015bci"},"content":{"rendered":"<p><img loading=\"lazy\" decoding=\"async\" src=\"https:\/\/pb.edu.pl\/dostepna2\/wp-content\/uploads\/sites\/143\/2024\/07\/image007.png\" alt=\"loga zwi\u0105zane z projektem\" width=\"1440\" height=\"186\" class=\"aligncenter size-full wp-image-898\" srcset=\"https:\/\/pb.edu.pl\/dostepna2\/wp-content\/uploads\/sites\/143\/2024\/07\/image007.png 1440w, https:\/\/pb.edu.pl\/dostepna2\/wp-content\/uploads\/sites\/143\/2024\/07\/image007-300x39.png 300w, https:\/\/pb.edu.pl\/dostepna2\/wp-content\/uploads\/sites\/143\/2024\/07\/image007-1024x132.png 1024w, https:\/\/pb.edu.pl\/dostepna2\/wp-content\/uploads\/sites\/143\/2024\/07\/image007-768x99.png 768w\" sizes=\"auto, (max-width: 1440px) 100vw, 1440px\" \/><\/p>\n\t\t<div class=\"box news-box \">\n\t\t<div class=\"row\">\n\t\t\t\n\t\t\t\n\t\t\t\t\n\t\t\t\t\t\t\t\t\t\t<div class=\"col-sm-3\">\n\t\t\t\t\t\t\t\n<article class=\"format-standard\">\n    <span class=\"date text-right\"><i class=\"fal fa-calendar-alt\"><\/i> 09-04-2026<\/span>\n    <a href=\"https:\/\/pb.edu.pl\/dostepna2\/2026\/04\/09\/harmonogram-porad-prawnych-na-kwiecien-2026\/\">\n      <div class=\"article-image\">\n        <img loading=\"lazy\" decoding=\"async\" width=\"480\" height=\"290\" src=\"https:\/\/pb.edu.pl\/dostepna2\/wp-content\/uploads\/sites\/143\/2019\/09\/aktualnosci.png\" class=\"attachment-medium-image-16x10 size-medium-image-16x10 wp-post-image\" alt=\"\" srcset=\"https:\/\/pb.edu.pl\/dostepna2\/wp-content\/uploads\/sites\/143\/2019\/09\/aktualnosci.png 600w, https:\/\/pb.edu.pl\/dostepna2\/wp-content\/uploads\/sites\/143\/2019\/09\/aktualnosci-300x182.png 300w\" sizes=\"auto, (max-width: 480px) 100vw, 480px\" \/>      <\/div>\n      <h3>Harmonogram porad prawnych na kwiecie\u0144 2026<\/h3>\n      Jeste\u015b studentem, doktorantem lub pracownikiem Politechniki Bia\u0142ostockiej i masz szczeg\u00f3lne potrzeby?    <\/a>\n<\/article>\t\t\t\t\t\t<\/div>\n\t\t\t\t\t\t\t\t\t\t\t<div class=\"col-sm-3\">\n\t\t\t\t\t\t\t\n<article class=\"format-standard\">\n    <span class=\"date text-right\"><i class=\"fal fa-calendar-alt\"><\/i> 02-03-2026<\/span>\n    <a href=\"https:\/\/pb.edu.pl\/dostepna2\/2026\/03\/02\/bezplatne-porady-prawne-2\/\">\n      <div class=\"article-image\">\n        <img loading=\"lazy\" decoding=\"async\" width=\"480\" height=\"290\" src=\"https:\/\/pb.edu.pl\/dostepna2\/wp-content\/uploads\/sites\/143\/2019\/09\/aktualnosci.png\" class=\"attachment-medium-image-16x10 size-medium-image-16x10 wp-post-image\" alt=\"\" srcset=\"https:\/\/pb.edu.pl\/dostepna2\/wp-content\/uploads\/sites\/143\/2019\/09\/aktualnosci.png 600w, https:\/\/pb.edu.pl\/dostepna2\/wp-content\/uploads\/sites\/143\/2019\/09\/aktualnosci-300x182.png 300w\" sizes=\"auto, (max-width: 480px) 100vw, 480px\" \/>      <\/div>\n      <h3>Bezp\u0142atne porady prawne !!!<\/h3>\n      Jeste\u015b studentem, doktorantem lub pracownikiem Politechniki Bia\u0142ostockiej i masz szczeg\u00f3lne potrzeby?    <\/a>\n<\/article>\t\t\t\t\t\t<\/div>\n\t\t\t\t\t\t\t\t\t\t\t<div class=\"col-sm-3\">\n\t\t\t\t\t\t\t\n<article class=\"format-standard\">\n    <span class=\"date text-right\"><i class=\"fal fa-calendar-alt\"><\/i> 06-10-2025<\/span>\n    <a href=\"https:\/\/pb.edu.pl\/dostepna2\/2025\/10\/06\/bezplatne-konsultacje-psychiatryczne-w-ramach-projektu-pb-dostepna-2-0\/\">\n      <div class=\"article-image\">\n        <img loading=\"lazy\" decoding=\"async\" width=\"480\" height=\"290\" src=\"https:\/\/pb.edu.pl\/dostepna2\/wp-content\/uploads\/sites\/143\/2019\/09\/aktualnosci.png\" class=\"attachment-medium-image-16x10 size-medium-image-16x10 wp-post-image\" alt=\"\" srcset=\"https:\/\/pb.edu.pl\/dostepna2\/wp-content\/uploads\/sites\/143\/2019\/09\/aktualnosci.png 600w, https:\/\/pb.edu.pl\/dostepna2\/wp-content\/uploads\/sites\/143\/2019\/09\/aktualnosci-300x182.png 300w\" sizes=\"auto, (max-width: 480px) 100vw, 480px\" \/>      <\/div>\n      <h3>BEZP\u0141ATNE KONSULTACJE PSYCHIATRYCZNE W RAMACH PROJEKTU \u201ePB DOST\u0118PNA 2.0\u201d<\/h3>\n      Politechnika Bia\u0142ostocka informuje o dost\u0119pno\u015bci  us\u0142ug konsultacji psychiatrycznych    <\/a>\n<\/article>\t\t\t\t\t\t<\/div>\n\t\t\t\t\t\t\t\t\t\t\t<div class=\"col-sm-3\">\n\t\t\t\t\t\t\t\n<article class=\"format-standard\">\n    <span class=\"date text-right\"><i class=\"fal fa-calendar-alt\"><\/i> 01-10-2025<\/span>\n    <a href=\"https:\/\/pb.edu.pl\/dostepna2\/2025\/10\/01\/bezplatne-zajecia-sportowe\/\">\n      <div class=\"article-image\">\n        <img loading=\"lazy\" decoding=\"async\" width=\"480\" height=\"290\" src=\"https:\/\/pb.edu.pl\/dostepna2\/wp-content\/uploads\/sites\/143\/2019\/09\/aktualnosci.png\" class=\"attachment-medium-image-16x10 size-medium-image-16x10 wp-post-image\" alt=\"\" srcset=\"https:\/\/pb.edu.pl\/dostepna2\/wp-content\/uploads\/sites\/143\/2019\/09\/aktualnosci.png 600w, https:\/\/pb.edu.pl\/dostepna2\/wp-content\/uploads\/sites\/143\/2019\/09\/aktualnosci-300x182.png 300w\" sizes=\"auto, (max-width: 480px) 100vw, 480px\" \/>      <\/div>\n      <h3>Bezp\u0142atne zaj\u0119cia sportowe<\/h3>\n      Zapraszamy pracownik\u00f3w i student\u00f3w na bezp\u0142atne zaj\u0119cia z pi\u0142ki siatkowej, pi\u0142ki...    <\/a>\n<\/article>\t\t\t\t\t\t<\/div>\n\t\t\t\t\t\t\t\t\t\t\t<div class=\"col-sm-3\">\n\t\t\t\t\t\t\t\n<article class=\"format-standard\">\n    <span class=\"date text-right\"><i class=\"fal fa-calendar-alt\"><\/i> 30-06-2025<\/span>\n    <a href=\"https:\/\/pb.edu.pl\/dostepna2\/2025\/06\/30\/rekrutacja-na-szkolenie-ogolnoswiadomosciowe-z-pb-dostepnej-2-0\/\">\n      <div class=\"article-image\">\n        <img loading=\"lazy\" decoding=\"async\" width=\"480\" height=\"290\" src=\"https:\/\/pb.edu.pl\/dostepna2\/wp-content\/uploads\/sites\/143\/2019\/09\/aktualnosci.png\" class=\"attachment-medium-image-16x10 size-medium-image-16x10 wp-post-image\" alt=\"\" srcset=\"https:\/\/pb.edu.pl\/dostepna2\/wp-content\/uploads\/sites\/143\/2019\/09\/aktualnosci.png 600w, https:\/\/pb.edu.pl\/dostepna2\/wp-content\/uploads\/sites\/143\/2019\/09\/aktualnosci-300x182.png 300w\" sizes=\"auto, (max-width: 480px) 100vw, 480px\" \/>      <\/div>\n      <h3>Rekrutacja na szkolenie og\u00f3lno\u015bwiadomo\u015bciowe z PB Dost\u0119pnej 2.0<\/h3>\n      Termin zg\u0142osze\u0144 do 4 lipca 2025 r.    <\/a>\n<\/article>\t\t\t\t\t\t<\/div>\n\t\t\t\t\t\t\t\t\t\t\t<div class=\"col-sm-3\">\n\t\t\t\t\t\t\t\n<article class=\"format-standard\">\n    <span class=\"date text-right\"><i class=\"fal fa-calendar-alt\"><\/i> 10-06-2025<\/span>\n    <a href=\"https:\/\/pb.edu.pl\/dostepna2\/2025\/06\/10\/pb-dostepna-2-0-rusza-rekrutacja-na-szkolenie-dostepne-materialy-informacyjne-i-dydaktyczne\/\">\n      <div class=\"article-image\">\n        <img loading=\"lazy\" decoding=\"async\" width=\"480\" height=\"290\" src=\"https:\/\/pb.edu.pl\/dostepna2\/wp-content\/uploads\/sites\/143\/2019\/09\/aktualnosci.png\" class=\"attachment-medium-image-16x10 size-medium-image-16x10 wp-post-image\" alt=\"\" srcset=\"https:\/\/pb.edu.pl\/dostepna2\/wp-content\/uploads\/sites\/143\/2019\/09\/aktualnosci.png 600w, https:\/\/pb.edu.pl\/dostepna2\/wp-content\/uploads\/sites\/143\/2019\/09\/aktualnosci-300x182.png 300w\" sizes=\"auto, (max-width: 480px) 100vw, 480px\" \/>      <\/div>\n      <h3>PB Dost\u0119pna 2.0 \u2013 rusza rekrutacja na szkolenie \u201eDost\u0119pne materia\u0142y informacyjne i dydaktyczne\u201d!<\/h3>\n      Start rekrutacji: 10 czerwca 2025 r.    <\/a>\n<\/article>\t\t\t\t\t\t<\/div>\n\t\t\t\t\t\t\t\t\t\t\t<div class=\"col-sm-3\">\n\t\t\t\t\t\t\t\n<article class=\"format-standard\">\n    <span class=\"date text-right\"><i class=\"fal fa-calendar-alt\"><\/i> 29-04-2025<\/span>\n    <a href=\"https:\/\/pb.edu.pl\/dostepna2\/2025\/04\/29\/bezplatne-porady-prawne\/\">\n      <div class=\"article-image\">\n        <img loading=\"lazy\" decoding=\"async\" width=\"480\" height=\"290\" src=\"https:\/\/pb.edu.pl\/dostepna2\/wp-content\/uploads\/sites\/143\/2019\/09\/aktualnosci.png\" class=\"attachment-medium-image-16x10 size-medium-image-16x10 wp-post-image\" alt=\"\" srcset=\"https:\/\/pb.edu.pl\/dostepna2\/wp-content\/uploads\/sites\/143\/2019\/09\/aktualnosci.png 600w, https:\/\/pb.edu.pl\/dostepna2\/wp-content\/uploads\/sites\/143\/2019\/09\/aktualnosci-300x182.png 300w\" sizes=\"auto, (max-width: 480px) 100vw, 480px\" \/>      <\/div>\n      <h3>Skorzystaj z bezp\u0142atnych porad prawnych w ramach projektu \u201ePB Dost\u0119pna 2.0&#8230;\u201d!<\/h3>\n      Jeste\u015b studentem, doktorantem lub pracownikiem Politechniki Bia\u0142ostockiej i masz szczeg\u00f3lne potrzeby?    <\/a>\n<\/article>\t\t\t\t\t\t<\/div>\n\t\t\t\t\t\n\t\t\t\t\n\t\t\t\t\t<\/div>\n\t\t\t\t\t<\/div>\n\n","protected":false},"excerpt":{"rendered":"","protected":false},"author":2,"featured_media":0,"parent":0,"menu_order":1,"comment_status":"closed","ping_status":"closed","template":"","meta":{"_acf_changed":false,"ngg_post_thumbnail":0,"footnotes":""},"class_list":["post-13","page","type-page","status-publish","hentry"],"acf":[],"_links":{"self":[{"href":"https:\/\/pb.edu.pl\/dostepna2\/wp-json\/wp\/v2\/pages\/13","targetHints":{"allow":["GET"]}}],"collection":[{"href":"https:\/\/pb.edu.pl\/dostepna2\/wp-json\/wp\/v2\/pages"}],"about":[{"href":"https:\/\/pb.edu.pl\/dostepna2\/wp-json\/wp\/v2\/types\/page"}],"author":[{"embeddable":true,"href":"https:\/\/pb.edu.pl\/dostepna2\/wp-json\/wp\/v2\/users\/2"}],"replies":[{"embeddable":true,"href":"https:\/\/pb.edu.pl\/dostepna2\/wp-json\/wp\/v2\/comments?post=13"}],"version-history":[{"count":0,"href":"https:\/\/pb.edu.pl\/dostepna2\/wp-json\/wp\/v2\/pages\/13\/revisions"}],"wp:attachment":[{"href":"https:\/\/pb.edu.pl\/dostepna2\/wp-json\/wp\/v2\/media?parent=13"}],"curies":[{"name":"wp","href":"https:\/\/api.w.org\/{rel}","templated":true}]}}