{"id":1050,"date":"2026-02-11T09:47:35","date_gmt":"2026-02-11T08:47:35","guid":{"rendered":"https:\/\/pb.edu.pl\/dostepna2\/?page_id=1050"},"modified":"2026-03-02T12:49:23","modified_gmt":"2026-03-02T11:49:23","slug":"harmonogram-szkolen","status":"publish","type":"page","link":"https:\/\/pb.edu.pl\/dostepna2\/harmonogramy\/harmonogram-szkolen\/","title":{"rendered":"Harmonogram szkole\u0144"},"content":{"rendered":"<p><img loading=\"lazy\" decoding=\"async\" class=\"aligncenter size-full wp-image-714\" src=\"https:\/\/pb.edu.pl\/dostepna2\/wp-content\/uploads\/sites\/143\/2022\/09\/belka-POWER_pl.jpg\" alt=\"\" width=\"1871\" height=\"183\" srcset=\"https:\/\/pb.edu.pl\/dostepna2\/wp-content\/uploads\/sites\/143\/2022\/09\/belka-POWER_pl.jpg 1871w, https:\/\/pb.edu.pl\/dostepna2\/wp-content\/uploads\/sites\/143\/2022\/09\/belka-POWER_pl-300x29.jpg 300w, https:\/\/pb.edu.pl\/dostepna2\/wp-content\/uploads\/sites\/143\/2022\/09\/belka-POWER_pl-1024x100.jpg 1024w, https:\/\/pb.edu.pl\/dostepna2\/wp-content\/uploads\/sites\/143\/2022\/09\/belka-POWER_pl-768x75.jpg 768w, https:\/\/pb.edu.pl\/dostepna2\/wp-content\/uploads\/sites\/143\/2022\/09\/belka-POWER_pl-1536x150.jpg 1536w\" sizes=\"auto, (max-width: 1871px) 100vw, 1871px\" \/><\/p>\n<h2 style=\"text-align: center\"><strong>Harmonogram szkole\u0144 z zakresu dost\u0119pno\u015bci, \u015bwiadomo\u015bci niepe\u0142nosprawno\u015bci oraz podniesienie poziomu kszta\u0142cenia OzSP, w tym OzN.<\/strong><\/h2>\n<table style=\"width: 69.2871%;border-color: #000000;height: 544px\" border=\"1\" width=\"76.5261%\">\n<tbody>\n<tr style=\"height: 22px\">\n<td style=\"width: 2.95276%;height: 22px\" width=\"37\"><strong>Lp.<\/strong><\/td>\n<td style=\"width: 76.9658%;text-align: center;height: 22px\" width=\"312\"><strong>Nazwa szkolenia<\/strong><\/td>\n<td style=\"width: 128.923%;text-align: center;height: 22px\" width=\"123\"><strong>Termin szkolenia<\/strong><\/td>\n<\/tr>\n<tr style=\"height: 22px\">\n<td style=\"width: 2.95276%;height: 22px\" width=\"37\">1.<\/td>\n<td style=\"width: 76.9658%;height: 22px\" width=\"312\">Dost\u0119pne materia\u0142y informacyjne i dydaktyczne<\/td>\n<td style=\"width: 128.923%;text-align: center;height: 22px\" width=\"123\">24.06.2025<\/td>\n<\/tr>\n<tr style=\"height: 63px\">\n<td style=\"width: 2.95276%;height: 63px\" width=\"37\">2.<\/td>\n<td style=\"width: 76.9658%;height: 63px\" width=\"312\">Wsparcie os\u00f3b z niepe\u0142nosprawno\u015bciami w \u015brodowisku akademickim<\/td>\n<td style=\"width: 128.923%;text-align: center;height: 63px\" width=\"123\">9.07.2025<\/p>\n<p>10.07.2025<\/td>\n<\/tr>\n<tr style=\"height: 63px\">\n<td style=\"width: 2.95276%;height: 63px\" width=\"37\">3.<\/td>\n<td style=\"width: 76.9658%;height: 63px\" width=\"312\">J\u0119zyk prosty w komunikacji uczelni<\/td>\n<td style=\"width: 128.923%;text-align: center;height: 63px\" width=\"123\">17.09.2025<\/p>\n<p>18.09.2025<\/td>\n<\/tr>\n<tr style=\"height: 22px\">\n<td style=\"width: 2.95276%;height: 22px\" width=\"37\">4.<\/td>\n<td style=\"width: 76.9658%;height: 22px\" width=\"312\">J\u0119zyk prosty w komunikacji uczelni<\/td>\n<td style=\"width: 128.923%;text-align: center;height: 22px\" width=\"123\">13.10.2025<\/td>\n<\/tr>\n<tr style=\"height: 22px\">\n<td style=\"width: 2.95276%;height: 22px\" width=\"37\">5.<\/td>\n<td style=\"width: 76.9658%;height: 22px\" width=\"312\">Dost\u0119pno\u015b\u0107 cyfrowa<\/td>\n<td style=\"width: 128.923%;text-align: center;height: 22px\" width=\"123\">13.11.2025<\/td>\n<\/tr>\n<tr style=\"height: 22px\">\n<td style=\"width: 2.95276%;height: 22px\" width=\"37\">6.<\/td>\n<td style=\"width: 76.9658%;height: 22px\" width=\"312\">Dost\u0119pno\u015b\u0107 materia\u0142\u00f3w<\/td>\n<td style=\"width: 128.923%;text-align: center;height: 22px\" width=\"123\">19.11.2025<\/td>\n<\/tr>\n<tr style=\"height: 22px\">\n<td style=\"width: 2.95276%;height: 22px\" width=\"37\">7.<\/td>\n<td style=\"width: 76.9658%;height: 22px\" width=\"312\">Dost\u0119pno\u015b\u0107 architektoniczna na uczelni<\/td>\n<td style=\"width: 128.923%;text-align: center;height: 22px\" width=\"123\">28-29.01.2026<\/td>\n<\/tr>\n<tr style=\"height: 22px\">\n<td style=\"width: 2.95276%;height: 22px\" width=\"37\">8.<\/td>\n<td style=\"width: 76.9658%;height: 22px\" width=\"312\">Wsparcie os\u00f3b w kryzysie psychicznym<\/td>\n<td style=\"width: 128.923%;text-align: center;height: 22px\" width=\"123\">17.02.2026<\/p>\n<p>10.03.2026<\/p>\n<p>24.03.2026<\/td>\n<\/tr>\n<tr style=\"height: 22px\">\n<td style=\"width: 2.95276%;height: 22px\" width=\"37\">9.<\/td>\n<td style=\"width: 76.9658%;height: 22px\" width=\"312\">Dysleksja i inne trudno\u015bci w uczeniu si\u0119<\/td>\n<td style=\"width: 128.923%;text-align: center;height: 22px\" width=\"123\">18.02.2026<\/td>\n<\/tr>\n<tr style=\"height: 22px\">\n<td style=\"width: 2.95276%;height: 22px\" width=\"37\">10.<\/td>\n<td style=\"width: 76.9658%;height: 22px\" width=\"312\">Audiodeskrypcja<\/td>\n<td style=\"width: 128.923%;text-align: center;height: 22px\" width=\"123\">&nbsp;<\/td>\n<\/tr>\n<tr style=\"height: 22px\">\n<td style=\"width: 2.95276%;height: 22px\" width=\"37\">11.<\/td>\n<td style=\"width: 76.9658%;height: 22px\" width=\"312\">Aktywizacja zawodowa i zatrudnienie os\u00f3b z niepe\u0142nosprawno\u015bciami a praktyki studenckie<\/td>\n<td style=\"width: 128.923%;text-align: center;height: 22px\" width=\"123\">&nbsp;<\/td>\n<\/tr>\n<tr style=\"height: 22px\">\n<td style=\"width: 2.95276%;height: 22px\" width=\"37\">12.<\/td>\n<td style=\"width: 76.9658%;height: 22px\" width=\"312\">Projektowanie uniwersalne<\/td>\n<td style=\"width: 128.923%;text-align: center;height: 22px\" width=\"123\">&nbsp;<\/td>\n<\/tr>\n<tr style=\"height: 22px\">\n<td style=\"width: 2.95276%;height: 22px\" width=\"37\">13.<\/td>\n<td style=\"width: 76.9658%;height: 22px\" width=\"312\">Dost\u0119pno\u015b\u0107 edukacji zdalnej<\/td>\n<td style=\"width: 128.923%;text-align: center;height: 22px\" width=\"123\">&nbsp;<\/td>\n<\/tr>\n<tr style=\"height: 22px\">\n<td style=\"width: 2.95276%;height: 22px\" width=\"37\">14.<\/td>\n<td style=\"width: 76.9658%;height: 22px\" width=\"312\">Komunikacja z osobami ze szczeg\u00f3lnymi potrzebami w sytuacjach kryzysowych<\/td>\n<td style=\"width: 128.923%;text-align: center;height: 22px\" width=\"123\">&nbsp;<\/td>\n<\/tr>\n<tr style=\"height: 22px\">\n<td style=\"width: 2.95276%;height: 22px\" width=\"37\">15.<\/td>\n<td style=\"width: 76.9658%;height: 22px\" width=\"312\">Wsparcie os\u00f3b w kryzysie psychicznym<\/td>\n<td style=\"width: 128.923%;text-align: center;height: 22px\" width=\"123\">&nbsp;<\/td>\n<\/tr>\n<tr style=\"height: 22px\">\n<td style=\"width: 2.95276%;height: 22px\" width=\"37\">16.<\/td>\n<td style=\"width: 76.9658%;height: 22px\" width=\"312\">Ewakuacja os\u00f3b ze szczeg\u00f3lnymi potrzebami w sytuacjach zagro\u017cenia<\/td>\n<td style=\"width: 128.923%;text-align: center;height: 22px\" width=\"123\">08.04.2026<\/td>\n<\/tr>\n<tr style=\"height: 22px\">\n<td style=\"width: 2.95276%;height: 22px\" width=\"37\">17.<\/td>\n<td style=\"width: 76.9658%;height: 22px\" width=\"312\">Wsparcie os\u00f3b z zaburzeniami psychicznymi<\/td>\n<td style=\"width: 128.923%;text-align: center;height: 22px\" width=\"123\">09.04.2026<\/td>\n<\/tr>\n<tr style=\"height: 22px\">\n<td style=\"width: 2.95276%;height: 22px\">18.<\/td>\n<td style=\"width: 76.9658%;height: 22px\">Dost\u0119pne wydarzenia<\/td>\n<td style=\"width: 128.923%;text-align: center;height: 22px\">&nbsp;<\/td>\n<\/tr>\n<tr style=\"height: 22px\">\n<td style=\"width: 2.95276%;height: 22px\">19.<\/td>\n<td style=\"width: 76.9658%;height: 22px\">Dost\u0119pne zaj\u0119cia sportowe<\/td>\n<td style=\"width: 128.923%;text-align: center;height: 22px\">&nbsp;<\/td>\n<\/tr>\n<tr style=\"height: 22px\">\n<td style=\"width: 2.95276%;height: 22px\">20.<\/td>\n<td style=\"width: 76.9658%;height: 22px\">Warsztaty z tematyki wsp\u00f3\u0142pracy \/ obs\u0142ugi petent\u00f3w neuror\u00f3\u017cnorodnych<\/td>\n<td style=\"width: 128.923%;text-align: center;height: 22px\">20.03.2026<\/td>\n<\/tr>\n<\/tbody>\n<\/table>\n","protected":false},"excerpt":{"rendered":"<p>Harmonogram szkole\u0144 z zakresu dost\u0119pno\u015bci, \u015bwiadomo\u015bci niepe\u0142nosprawno\u015bci oraz podniesienie poziomu kszta\u0142cenia OzSP, w tym OzN.<\/p>\n","protected":false},"author":192,"featured_media":0,"parent":15,"menu_order":0,"comment_status":"closed","ping_status":"closed","template":"","meta":{"_acf_changed":false,"ngg_post_thumbnail":0,"footnotes":""},"class_list":["post-1050","page","type-page","status-publish","hentry"],"acf":[],"_links":{"self":[{"href":"https:\/\/pb.edu.pl\/dostepna2\/wp-json\/wp\/v2\/pages\/1050","targetHints":{"allow":["GET"]}}],"collection":[{"href":"https:\/\/pb.edu.pl\/dostepna2\/wp-json\/wp\/v2\/pages"}],"about":[{"href":"https:\/\/pb.edu.pl\/dostepna2\/wp-json\/wp\/v2\/types\/page"}],"author":[{"embeddable":true,"href":"https:\/\/pb.edu.pl\/dostepna2\/wp-json\/wp\/v2\/users\/192"}],"replies":[{"embeddable":true,"href":"https:\/\/pb.edu.pl\/dostepna2\/wp-json\/wp\/v2\/comments?post=1050"}],"version-history":[{"count":9,"href":"https:\/\/pb.edu.pl\/dostepna2\/wp-json\/wp\/v2\/pages\/1050\/revisions"}],"predecessor-version":[{"id":1075,"href":"https:\/\/pb.edu.pl\/dostepna2\/wp-json\/wp\/v2\/pages\/1050\/revisions\/1075"}],"up":[{"embeddable":true,"href":"https:\/\/pb.edu.pl\/dostepna2\/wp-json\/wp\/v2\/pages\/15"}],"wp:attachment":[{"href":"https:\/\/pb.edu.pl\/dostepna2\/wp-json\/wp\/v2\/media?parent=1050"}],"curies":[{"name":"wp","href":"https:\/\/api.w.org\/{rel}","templated":true}]}}