{"id":29,"date":"2021-12-23T12:40:29","date_gmt":"2021-12-23T11:40:29","guid":{"rendered":"https:\/\/pb.edu.pl\/doskonalosc-dydaktyczna\/?page_id=29"},"modified":"2022-11-18T15:59:17","modified_gmt":"2022-11-18T14:59:17","slug":"kontakt","status":"publish","type":"page","link":"https:\/\/pb.edu.pl\/doskonalosc-dydaktyczna\/kontakt\/","title":{"rendered":"Kontakt"},"content":{"rendered":"<div class=\"h3\">\nProjekt pn. Doskona\u0142o\u015b\u0107 dydaktyczna uczelni<\/p>\n<p>Nr umowy: MEiN\/2022\/DIR\/2790\n<\/p><\/div>\n<div class=\"h3\">Biuro Obs\u0142ugi Projektu:<\/div>\n<p>Biuro ds. Rozwoju i Program\u00f3w Mi\u0119dzynarodowych<br \/>\nPolitechnika Bia\u0142ostocka<br \/>\n15-351 Bia\u0142ystok<br \/>\nul. Wiejska 45 A pok\u00f3j 14 B<br \/>\n&nbsp;<br \/>\n<i class=\"fal fa-phone\"><\/i> 85 746 97 64<\/p>\n<p><i class=\"fal fa-envelope\"><\/i> <a href=\"#\" rel=\"nofollow\"  onclick=\"this.href='mailto:' + 'doskonalosc.dydaktyczna' + '@' + 'pb.edu.pl'\">doskonalosc.dydaktyczna [at] pb.edu.pl<\/a>\n<p><img loading=\"lazy\" decoding=\"async\" class=\"alignnone size-full wp-image-112\" src=\"https:\/\/pb.edu.pl\/pb2020\/wp-content\/uploads\/sites\/21\/2018\/10\/FE_POWER_poziom_pl-1_rgb.jpg\" alt=\"Z lewej strony logotyp Programu Operacyjnego Wiedza Edukacja Rozw\u00f3j zawieraj\u0105cy jedn\u0105 gwiazdk\u0119 bia\u0142\u0105, jedn\u0105 \u017c\u00f3\u0142t\u0105 oraz jedn\u0105 czerwon\u0105 na niebieskim tle, z prawej strony logo Unii Europejskiej, \u017c\u00f3\u0142te gwiazdki u\u0142o\u017cone w k\u00f3\u0142ko na niebieskim tle oraz napis Unia Europejska Europejski Funduszu Spo\u0142eczny. Na \u015brodku bia\u0142o-czerwona flaga Polski z napisem Rzeczypospolita Polska\" width=\"5883\" height=\"756\"><\/p>\n","protected":false},"excerpt":{"rendered":"<p>Projekt pn. Doskona\u0142o\u015b\u0107 dydaktyczna uczelni Nr umowy: MEiN\/2022\/DIR\/2790 Biuro Obs\u0142ugi Projektu: Biuro ds. Rozwoju i<\/p>\n","protected":false},"author":2,"featured_media":0,"parent":0,"menu_order":6,"comment_status":"closed","ping_status":"closed","template":"","meta":{"_acf_changed":false,"ngg_post_thumbnail":0,"footnotes":""},"class_list":["post-29","page","type-page","status-publish","hentry"],"acf":[],"_links":{"self":[{"href":"https:\/\/pb.edu.pl\/doskonalosc-dydaktyczna\/wp-json\/wp\/v2\/pages\/29","targetHints":{"allow":["GET"]}}],"collection":[{"href":"https:\/\/pb.edu.pl\/doskonalosc-dydaktyczna\/wp-json\/wp\/v2\/pages"}],"about":[{"href":"https:\/\/pb.edu.pl\/doskonalosc-dydaktyczna\/wp-json\/wp\/v2\/types\/page"}],"author":[{"embeddable":true,"href":"https:\/\/pb.edu.pl\/doskonalosc-dydaktyczna\/wp-json\/wp\/v2\/users\/2"}],"replies":[{"embeddable":true,"href":"https:\/\/pb.edu.pl\/doskonalosc-dydaktyczna\/wp-json\/wp\/v2\/comments?post=29"}],"version-history":[{"count":0,"href":"https:\/\/pb.edu.pl\/doskonalosc-dydaktyczna\/wp-json\/wp\/v2\/pages\/29\/revisions"}],"wp:attachment":[{"href":"https:\/\/pb.edu.pl\/doskonalosc-dydaktyczna\/wp-json\/wp\/v2\/media?parent=29"}],"curies":[{"name":"wp","href":"https:\/\/api.w.org\/{rel}","templated":true}]}}