{"id":25,"date":"2021-12-23T12:39:36","date_gmt":"2021-12-23T11:39:36","guid":{"rendered":"https:\/\/pb.edu.pl\/doskonalosc-dydaktyczna\/?page_id=25"},"modified":"2022-12-05T14:47:36","modified_gmt":"2022-12-05T13:47:36","slug":"rekrutacja-do-projektu","status":"publish","type":"page","link":"https:\/\/pb.edu.pl\/doskonalosc-dydaktyczna\/rekrutacja-do-projektu\/","title":{"rendered":"Rekrutacja do projektu"},"content":{"rendered":"<p>&nbsp;<\/p>\n<p><img loading=\"lazy\" decoding=\"async\" class=\"alignnone size-full wp-image-112\" src=\"https:\/\/pb.edu.pl\/pb2020\/wp-content\/uploads\/sites\/21\/2018\/10\/FE_POWER_poziom_pl-1_rgb.jpg\" alt=\"Z lewej strony logotyp Programu Operacyjnego Wiedza Edukacja Rozw\u00f3j zawieraj\u0105cy jedn\u0105 gwiazdk\u0119 bia\u0142\u0105, jedn\u0105 \u017c\u00f3\u0142t\u0105 oraz jedn\u0105 czerwon\u0105 na niebieskim tle, z prawej strony logo Unii Europejskiej, \u017c\u00f3\u0142te gwiazdki u\u0142o\u017cone w k\u00f3\u0142ko na niebieskim tle oraz napis Unia Europejska Europejski Funduszu Spo\u0142eczny. Na \u015brodku bia\u0142o-czerwona flaga Polski z napisem Rzeczypospolita Polska\" width=\"5883\" height=\"756\"><\/p>\n<div class=\"panel-group\" id=\"custom-collapse-0\">\n<div class=\"panel panel-default\">\n\t\t\t\t<div class=\"panel-heading\">\n\t\t\t\t\t<div class=\"panel-title\">\n\t\t\t\t\t\t<a class=\"collapsed h4\" data-toggle=\"collapse\" data-parent=\"#custom-collapse-0\" href=\"#custom-collapse-0-0\">Rekrutacja student\u00f3w do Programu Tutorskiego<\/a>\n\t\t\t\t\t<\/div>\n\t\t\t\t<\/div>\n\t\t\t\t<div id=\"custom-collapse-0-0\" class=\"panel-collapse collapse\">\n\t\t\t\t\t<div class=\"panel-body\">\n<p>Wyniki rekrutacji w ramach projektu &#8222;Doskona\u0142o\u015b\u0107 dydaktyczna uczelni&#8221; realizowanego z Programu Operacyjnego Wiedza Edukacja Rozw\u00f3j.<\/p>\n<p><a href=\"https:\/\/pb.edu.pl\/doskonalosc-dydaktyczna\/rekrutacja-do-projektu\/rekrutacja-studentow\/\">Przejd\u017a do rekrutacji student\u00f3w do Programu Tutorskiego<\/a><\/p>\n<\/div>\n\t\t\t\t<\/div>\n\t\t\t<\/div>\n<div class=\"panel panel-default\">\n\t\t\t\t<div class=\"panel-heading\">\n\t\t\t\t\t<div class=\"panel-title\">\n\t\t\t\t\t\t<a class=\"collapsed h4\" data-toggle=\"collapse\" data-parent=\"#custom-collapse-0\" href=\"#custom-collapse-0-1\">Rekrutacja pracownik\u00f3w<\/a>\n\t\t\t\t\t<\/div>\n\t\t\t\t<\/div>\n\t\t\t\t<div id=\"custom-collapse-0-1\" class=\"panel-collapse collapse\">\n\t\t\t\t\t<div class=\"panel-body\">\n<p>Rekrutacja pracownik\u00f3w do projektu &#8222;Doskona\u0142o\u015b\u0107 dydaktyczna uczelni&#8221; realizowanego z Programu Operacyjnego Wiedza Edukacja Rozw\u00f3j.<\/p>\n<p><a href=\"https:\/\/pb.edu.pl\/doskonalosc-dydaktyczna\/rekrutacja-do-projektu\/rekrutacja-pracownikow\/\">Przejd\u017a do rekrutacji pracownik\u00f3w<\/a><\/p>\n<\/div>\n\t\t\t\t<\/div>\n\t\t\t<\/div>\n<\/div>\n<p>&nbsp;<\/p>\n","protected":false},"excerpt":{"rendered":"<p>&nbsp; &nbsp;<\/p>\n","protected":false},"author":2,"featured_media":0,"parent":0,"menu_order":0,"comment_status":"closed","ping_status":"closed","template":"","meta":{"_acf_changed":false,"ngg_post_thumbnail":0,"footnotes":""},"class_list":["post-25","page","type-page","status-publish","hentry"],"acf":[],"_links":{"self":[{"href":"https:\/\/pb.edu.pl\/doskonalosc-dydaktyczna\/wp-json\/wp\/v2\/pages\/25","targetHints":{"allow":["GET"]}}],"collection":[{"href":"https:\/\/pb.edu.pl\/doskonalosc-dydaktyczna\/wp-json\/wp\/v2\/pages"}],"about":[{"href":"https:\/\/pb.edu.pl\/doskonalosc-dydaktyczna\/wp-json\/wp\/v2\/types\/page"}],"author":[{"embeddable":true,"href":"https:\/\/pb.edu.pl\/doskonalosc-dydaktyczna\/wp-json\/wp\/v2\/users\/2"}],"replies":[{"embeddable":true,"href":"https:\/\/pb.edu.pl\/doskonalosc-dydaktyczna\/wp-json\/wp\/v2\/comments?post=25"}],"version-history":[{"count":0,"href":"https:\/\/pb.edu.pl\/doskonalosc-dydaktyczna\/wp-json\/wp\/v2\/pages\/25\/revisions"}],"wp:attachment":[{"href":"https:\/\/pb.edu.pl\/doskonalosc-dydaktyczna\/wp-json\/wp\/v2\/media?parent=25"}],"curies":[{"name":"wp","href":"https:\/\/api.w.org\/{rel}","templated":true}]}}