{"id":19,"date":"2021-12-23T12:37:07","date_gmt":"2021-12-23T11:37:07","guid":{"rendered":"https:\/\/pb.edu.pl\/doskonalosc-dydaktyczna\/?page_id=19"},"modified":"2022-11-18T15:59:32","modified_gmt":"2022-11-18T14:59:32","slug":"aktualnosci","status":"publish","type":"page","link":"https:\/\/pb.edu.pl\/doskonalosc-dydaktyczna\/aktualnosci\/","title":{"rendered":"Aktualno\u015bci"},"content":{"rendered":"\t\t<div class=\"box news-box \">\n\t\t<div class=\"row\">\n\t\t\t\n\t\t\t\n\t\t\t\t\n\t\t\t\t\t\t\t\t\t\t<div class=\"col-sm-3\">\n\t\t\t\t\t\t\t\n<article class=\"format-standard\">\n    <span class=\"date text-right\"><i class=\"fal fa-calendar-alt\"><\/i> 24-02-2023<\/span>\n    <a href=\"https:\/\/pb.edu.pl\/doskonalosc-dydaktyczna\/2023\/02\/24\/rekrutacja-do-konkursu-granty-dydaktyczne\/\">\n      <div class=\"article-image\">\n        <img loading=\"lazy\" decoding=\"async\" width=\"300\" height=\"182\" src=\"https:\/\/pb.edu.pl\/doskonalosc-dydaktyczna\/wp-content\/uploads\/sites\/89\/2022\/11\/aktualnosci.png\" class=\"attachment-medium-image-16x10 size-medium-image-16x10 wp-post-image\" alt=\"\" \/>      <\/div>\n      <h3>Rekrutacja do konkursu Granty dydaktyczne<\/h3>\n      Dnia 1 marca 2023 r. rusza rekrutacja do konkursu \u201eGranty dydaktyczne\u201d    <\/a>\n<\/article>\t\t\t\t\t\t<\/div>\n\t\t\t\t\t\t\t\t\t\t\t<div class=\"col-sm-3\">\n\t\t\t\t\t\t\t\n<article class=\"format-standard\">\n    <span class=\"date text-right\"><i class=\"fal fa-calendar-alt\"><\/i> 08-12-2022<\/span>\n    <a href=\"https:\/\/pb.edu.pl\/doskonalosc-dydaktyczna\/2022\/12\/08\/rekrutacja-studentow-do-programu-tutorskiego-pb\/\">\n      <div class=\"article-image\">\n        <img loading=\"lazy\" decoding=\"async\" width=\"300\" height=\"182\" src=\"https:\/\/pb.edu.pl\/doskonalosc-dydaktyczna\/wp-content\/uploads\/sites\/89\/2022\/11\/aktualnosci.png\" class=\"attachment-medium-image-16x10 size-medium-image-16x10 wp-post-image\" alt=\"\" \/>      <\/div>\n      <h3>Rekrutacja student\u00f3w do Programu Tutorskiego PB<\/h3>\n      W dniu 12.12.2022 r. rozpoczyna si\u0119 rekrutacja do Programu Tutorskiego PB    <\/a>\n<\/article>\t\t\t\t\t\t<\/div>\n\t\t\t\t\t\t\t\t\t\t\t<div class=\"col-sm-3\">\n\t\t\t\t\t\t\t\n<article class=\"format-standard\">\n    <span class=\"date text-right\"><i class=\"fal fa-calendar-alt\"><\/i> 05-12-2022<\/span>\n    <a href=\"https:\/\/pb.edu.pl\/doskonalosc-dydaktyczna\/2022\/12\/05\/szacowanie-dot-wyceny-za-1-h-prowadzenia-tutoringu-w-ramach-programu-tutorskiego\/\">\n      <div class=\"article-image\">\n        <img loading=\"lazy\" decoding=\"async\" width=\"300\" height=\"182\" src=\"https:\/\/pb.edu.pl\/doskonalosc-dydaktyczna\/wp-content\/uploads\/sites\/89\/2022\/11\/lista.png\" class=\"attachment-medium-image-16x10 size-medium-image-16x10 wp-post-image\" alt=\"\" \/>      <\/div>\n      <h3>Szacowanie dot. wyceny za 1 h prowadzenia tutoringu w ramach Programu Tutorskiego<\/h3>\n      Zwracamy si\u0119 z pro\u015bb\u0105 o przes\u0142anie wyceny oczekiwanego wynagrodzenia brutto za    <\/a>\n<\/article>\t\t\t\t\t\t<\/div>\n\t\t\t\t\t\t\t\t\t\t\t<div class=\"col-sm-3\">\n\t\t\t\t\t\t\t\n<article class=\"format-standard\">\n    <span class=\"date text-right\"><i class=\"fal fa-calendar-alt\"><\/i> 28-11-2022<\/span>\n    <a href=\"https:\/\/pb.edu.pl\/doskonalosc-dydaktyczna\/2022\/11\/28\/dni-dydaktyki-w-ramach-projektu-doskonalosc-dydaktyczna-uczelni\/\">\n      <div class=\"article-image\">\n        <img loading=\"lazy\" decoding=\"async\" width=\"450\" height=\"300\" src=\"https:\/\/pb.edu.pl\/doskonalosc-dydaktyczna\/wp-content\/uploads\/sites\/89\/2022\/11\/Akademickie-Dni-Dydaktyki-www-1200-800px.jpg\" class=\"attachment-medium-image-16x10 size-medium-image-16x10 wp-post-image\" alt=\"\" srcset=\"https:\/\/pb.edu.pl\/doskonalosc-dydaktyczna\/wp-content\/uploads\/sites\/89\/2022\/11\/Akademickie-Dni-Dydaktyki-www-1200-800px.jpg 1200w, https:\/\/pb.edu.pl\/doskonalosc-dydaktyczna\/wp-content\/uploads\/sites\/89\/2022\/11\/Akademickie-Dni-Dydaktyki-www-1200-800px-300x200.jpg 300w, https:\/\/pb.edu.pl\/doskonalosc-dydaktyczna\/wp-content\/uploads\/sites\/89\/2022\/11\/Akademickie-Dni-Dydaktyki-www-1200-800px-1024x683.jpg 1024w, https:\/\/pb.edu.pl\/doskonalosc-dydaktyczna\/wp-content\/uploads\/sites\/89\/2022\/11\/Akademickie-Dni-Dydaktyki-www-1200-800px-768x512.jpg 768w, https:\/\/pb.edu.pl\/doskonalosc-dydaktyczna\/wp-content\/uploads\/sites\/89\/2022\/11\/Akademickie-Dni-Dydaktyki-www-1200-800px-480x320.jpg 480w\" sizes=\"auto, (max-width: 450px) 100vw, 450px\" \/>      <\/div>\n      <h3>Dni Dydaktyki w ramach projektu ,,Doskona\u0142o\u015b\u0107 dydaktyczna uczelni&#8221;<\/h3>\n      Akademickie Dni Dydaktyki s\u0105 cz\u0119\u015bci\u0105 projektu \u201eDoskona\u0142o\u015b\u0107 Dydaktyczna Uczelni\u201d, kt\u00f3ry przewiduje    <\/a>\n<\/article>\t\t\t\t\t\t<\/div>\n\t\t\t\t\t\t\t\t\t\t\t<div class=\"col-sm-3\">\n\t\t\t\t\t\t\t\n<article class=\"format-standard\">\n    <span class=\"date text-right\"><i class=\"fal fa-calendar-alt\"><\/i> 15-11-2022<\/span>\n    <a href=\"https:\/\/pb.edu.pl\/doskonalosc-dydaktyczna\/2022\/11\/15\/szacowanie-wartosci-zamowienia-wyklady-i-warsztaty-w-ramach-dni-dydaktyki-2022-dla-nauczycieli-akademickich-politechniki-bialostockiej\/\">\n      <div class=\"article-image\">\n        <img loading=\"lazy\" decoding=\"async\" width=\"300\" height=\"182\" src=\"https:\/\/pb.edu.pl\/doskonalosc-dydaktyczna\/wp-content\/uploads\/sites\/89\/2022\/11\/lista.png\" class=\"attachment-medium-image-16x10 size-medium-image-16x10 wp-post-image\" alt=\"\" \/>      <\/div>\n      <h3>Szacowanie warto\u015bci zam\u00f3wienia \u2013 wyk\u0142ady i warsztaty w ramach Dni Dydaktyki 2022 dla nauczycieli akademickich Politechniki Bia\u0142ostockiej<\/h3>\n      &nbsp; Szanowni Pa\u0144stwo, zwracamy si\u0119 z pro\u015bb\u0105 o przes\u0142anie Pa\u0144stwa oferty    <\/a>\n<\/article>\t\t\t\t\t\t<\/div>\n\t\t\t\t\t\t\t\t\t\t\t<div class=\"col-sm-3\">\n\t\t\t\t\t\t\t\n<article class=\"format-standard\">\n    <span class=\"date text-right\"><i class=\"fal fa-calendar-alt\"><\/i> 15-11-2022<\/span>\n    <a href=\"https:\/\/pb.edu.pl\/doskonalosc-dydaktyczna\/2022\/11\/15\/rekrutacja-do-projektu-doskonalosc-dydaktyczna-uczelni\/\">\n      <div class=\"article-image\">\n        <img loading=\"lazy\" decoding=\"async\" width=\"300\" height=\"182\" src=\"https:\/\/pb.edu.pl\/doskonalosc-dydaktyczna\/wp-content\/uploads\/sites\/89\/2022\/11\/aktualnosci.png\" class=\"attachment-medium-image-16x10 size-medium-image-16x10 wp-post-image\" alt=\"\" \/>      <\/div>\n      <h3>Rekrutacja do projektu ,,Doskona\u0142o\u015b\u0107 dydaktyczna uczelni&#8221;<\/h3>\n      W dniu 16 listopada, od godziny 8:00, rozpocznie si\u0119 rekrutacja nauczycieli    <\/a>\n<\/article>\t\t\t\t\t\t<\/div>\n\t\t\t\t\t\n\t\t\t\t\n\t\t\t\t\t<\/div>\n\t\t\t\t\t<\/div>\n\n<p><img loading=\"lazy\" decoding=\"async\" class=\"alignnone size-full wp-image-112\" src=\"https:\/\/pb.edu.pl\/pb2020\/wp-content\/uploads\/sites\/21\/2018\/10\/FE_POWER_poziom_pl-1_rgb.jpg\" alt=\"Z lewej strony logotyp Programu Operacyjnego Wiedza Edukacja Rozw\u00f3j zawieraj\u0105cy jedn\u0105 gwiazdk\u0119 bia\u0142\u0105, jedn\u0105 \u017c\u00f3\u0142t\u0105 oraz jedn\u0105 czerwon\u0105 na niebieskim tle, z prawej strony logo Unii Europejskiej, \u017c\u00f3\u0142te gwiazdki u\u0142o\u017cone w k\u00f3\u0142ko na niebieskim tle oraz napis Unia Europejska Europejski Funduszu Spo\u0142eczny. Na \u015brodku bia\u0142o-czerwona flaga Polski z napisem Rzeczypospolita Polska\" width=\"5883\" height=\"756\"><\/p>\n","protected":false},"excerpt":{"rendered":"","protected":false},"author":2,"featured_media":0,"parent":0,"menu_order":0,"comment_status":"closed","ping_status":"closed","template":"","meta":{"_acf_changed":false,"ngg_post_thumbnail":0,"footnotes":""},"class_list":["post-19","page","type-page","status-publish","hentry"],"acf":[],"_links":{"self":[{"href":"https:\/\/pb.edu.pl\/doskonalosc-dydaktyczna\/wp-json\/wp\/v2\/pages\/19","targetHints":{"allow":["GET"]}}],"collection":[{"href":"https:\/\/pb.edu.pl\/doskonalosc-dydaktyczna\/wp-json\/wp\/v2\/pages"}],"about":[{"href":"https:\/\/pb.edu.pl\/doskonalosc-dydaktyczna\/wp-json\/wp\/v2\/types\/page"}],"author":[{"embeddable":true,"href":"https:\/\/pb.edu.pl\/doskonalosc-dydaktyczna\/wp-json\/wp\/v2\/users\/2"}],"replies":[{"embeddable":true,"href":"https:\/\/pb.edu.pl\/doskonalosc-dydaktyczna\/wp-json\/wp\/v2\/comments?post=19"}],"version-history":[{"count":0,"href":"https:\/\/pb.edu.pl\/doskonalosc-dydaktyczna\/wp-json\/wp\/v2\/pages\/19\/revisions"}],"wp:attachment":[{"href":"https:\/\/pb.edu.pl\/doskonalosc-dydaktyczna\/wp-json\/wp\/v2\/media?parent=19"}],"curies":[{"name":"wp","href":"https:\/\/api.w.org\/{rel}","templated":true}]}}