{"id":15,"date":"2021-12-23T12:22:51","date_gmt":"2021-12-23T11:22:51","guid":{"rendered":"https:\/\/pb.edu.pl\/doskonalosc-dydaktyczna\/?page_id=15"},"modified":"2022-11-18T15:56:59","modified_gmt":"2022-11-18T14:56:59","slug":"zaprojektowani-pb","status":"publish","type":"page","link":"https:\/\/pb.edu.pl\/doskonalosc-dydaktyczna\/","title":{"rendered":""},"content":{"rendered":"<p>&nbsp;<br \/>\n<img loading=\"lazy\" decoding=\"async\" class=\"alignnone size-full wp-image-112\" src=\"https:\/\/pb.edu.pl\/pb2020\/wp-content\/uploads\/sites\/21\/2018\/10\/FE_POWER_poziom_pl-1_rgb.jpg\" alt=\"Z lewej strony logotyp Programu Operacyjnego Wiedza Edukacja Rozw\u00f3j zawieraj\u0105cy jedn\u0105 gwiazdk\u0119 bia\u0142\u0105, jedn\u0105 \u017c\u00f3\u0142t\u0105 oraz jedn\u0105 czerwon\u0105 na niebieskim tle, z prawej strony logo Unii Europejskiej, \u017c\u00f3\u0142te gwiazdki u\u0142o\u017cone w k\u00f3\u0142ko na niebieskim tle oraz napis Unia Europejska Europejski Funduszu Spo\u0142eczny. Na \u015brodku bia\u0142o-czerwona flaga Polski z napisem Rzeczypospolita Polska\" width=\"5883\" height=\"756\"><\/p>\n<div class=\"row\">\n<div class=\"col-sm-12 text-center\"><a class=\"button text-center animated zoomIn lead\" style=\"width: 100%;\" href=\"\/doskonalosc-dydaktyczna\/rekrutacja-do-projektu\/\"><strong style=\"letter-spacing: 2px;\">REKRUTACJA DO PROJEKTU<\/strong><\/a><\/div>\n<\/div>\n<div id=\"box-menu\" class=\"href\">&nbsp;<\/div>\n<div class=\"row\">\n<div class=\"col-md-4\">\n\t<div class=\"boxlink animated zoomIn \">\n\t\t<a href=\"\/doskonalosc-dydaktyczna\/aktualnosci\/\" class=\"no-icon\">\n\t\t\t<div class=\"boxlink-title\">Aktualno\u015bci<span><\/span><\/div>\n\t\t\t<div class=\"boxlink-content\">\n\t\t\t\t<img decoding=\"async\" class=\"aligncenter wp-image-534 size-full\" src=\"https:\/\/pb.edu.pl\/pb2020\/wp-content\/uploads\/sites\/21\/2019\/02\/PB2020_aktualnosci.png\" alt=\"\">\t\t\t<\/div>\n\t\t<\/a>\n\t<\/div>\n\n<\/div>\n<div class=\"col-md-4\">\n\t<div class=\"boxlink animated zoomIn \">\n\t\t<a href=\"\/doskonalosc-dydaktyczna\/o-projekcie\/\" class=\"no-icon\">\n\t\t\t<div class=\"boxlink-title\">O projekcie<span><\/span><\/div>\n\t\t\t<div class=\"boxlink-content\">\n\t\t\t\t<img decoding=\"async\" class=\"aligncenter wp-image-534 size-full\" src=\"https:\/\/pb.edu.pl\/pb2020\/wp-content\/uploads\/sites\/21\/2018\/08\/o-projekcie.png\" alt=\"\">\t\t\t<\/div>\n\t\t<\/a>\n\t<\/div>\n\n<\/div>\n<div class=\"col-md-4\">\n\t<div class=\"boxlink animated zoomIn \">\n\t\t<a href=\"\/doskonalosc-dydaktyczna\/zadania\/\" class=\"no-icon\">\n\t\t\t<div class=\"boxlink-title\">Zadania<span><\/span><\/div>\n\t\t\t<div class=\"boxlink-content\">\n\t\t\t\t<img decoding=\"async\" class=\"aligncenter wp-image-534 size-full\" src=\"https:\/\/pb.edu.pl\/pb2020\/wp-content\/uploads\/sites\/21\/2018\/08\/harmonogram.png\" alt=\"\">\t\t\t<\/div>\n\t\t<\/a>\n\t<\/div>\n\n<\/div>\n<\/div>\n<div class=\"row\">\n<div class=\"col-md-2\"><\/div>\n<div class=\"col-md-4\">\n\t<div class=\"boxlink animated zoomIn \">\n\t\t<a href=\"\/doskonalosc-dydaktyczna\/dokumenty\/\" class=\"no-icon\">\n\t\t\t<div class=\"boxlink-title\">Dokumenty<span><\/span><\/div>\n\t\t\t<div class=\"boxlink-content\">\n\t\t\t\t<img decoding=\"async\" class=\"aligncenter wp-image-534 size-full\" src=\"https:\/\/pb.edu.pl\/pb2020\/wp-content\/uploads\/sites\/21\/2018\/08\/dokumenty.png\" alt=\"\">\t\t\t<\/div>\n\t\t<\/a>\n\t<\/div>\n\n<\/div>\n<div class=\"col-md-4\">\n\t<div class=\"boxlink animated zoomIn \">\n\t\t<a href=\"\/doskonalosc-dydaktyczna\/kontakt\/\" class=\"no-icon\">\n\t\t\t<div class=\"boxlink-title\">Kontakt<span><\/span><\/div>\n\t\t\t<div class=\"boxlink-content\">\n\t\t\t\t<img decoding=\"async\" class=\"aligncenter wp-image-534 size-full\" src=\"https:\/\/pb.edu.pl\/pb2020\/wp-content\/uploads\/sites\/21\/2018\/08\/kontakt.png\" alt=\"\">\t\t\t<\/div>\n\t\t<\/a>\n\t<\/div>\n\n<\/div>\n<div class=\"col-md-2\"><\/div>\n<\/div>\n","protected":false},"excerpt":{"rendered":"<p>&nbsp; REKRUTACJA DO PROJEKTU &nbsp;<\/p>\n","protected":false},"author":2,"featured_media":0,"parent":0,"menu_order":1,"comment_status":"closed","ping_status":"closed","template":"","meta":{"_acf_changed":false,"ngg_post_thumbnail":0,"footnotes":""},"class_list":["post-15","page","type-page","status-publish","hentry"],"acf":[],"_links":{"self":[{"href":"https:\/\/pb.edu.pl\/doskonalosc-dydaktyczna\/wp-json\/wp\/v2\/pages\/15","targetHints":{"allow":["GET"]}}],"collection":[{"href":"https:\/\/pb.edu.pl\/doskonalosc-dydaktyczna\/wp-json\/wp\/v2\/pages"}],"about":[{"href":"https:\/\/pb.edu.pl\/doskonalosc-dydaktyczna\/wp-json\/wp\/v2\/types\/page"}],"author":[{"embeddable":true,"href":"https:\/\/pb.edu.pl\/doskonalosc-dydaktyczna\/wp-json\/wp\/v2\/users\/2"}],"replies":[{"embeddable":true,"href":"https:\/\/pb.edu.pl\/doskonalosc-dydaktyczna\/wp-json\/wp\/v2\/comments?post=15"}],"version-history":[{"count":0,"href":"https:\/\/pb.edu.pl\/doskonalosc-dydaktyczna\/wp-json\/wp\/v2\/pages\/15\/revisions"}],"wp:attachment":[{"href":"https:\/\/pb.edu.pl\/doskonalosc-dydaktyczna\/wp-json\/wp\/v2\/media?parent=15"}],"curies":[{"name":"wp","href":"https:\/\/api.w.org\/{rel}","templated":true}]}}