{"id":33,"date":"2021-09-02T20:51:07","date_gmt":"2021-09-02T18:51:07","guid":{"rendered":"https:\/\/pb.edu.pl\/djk\/?page_id=33"},"modified":"2025-10-22T12:24:53","modified_gmt":"2025-10-22T10:24:53","slug":"kontakt","status":"publish","type":"page","link":"https:\/\/pb.edu.pl\/djk\/kontakt\/","title":{"rendered":"Kontakt"},"content":{"rendered":"<div class=\"h2\">Dzia\u0142 Jako\u015bci Kszta\u0142cenia<\/div>\n<p>Wydzia\u0142 Mechaniczny, ul. Wiejska 45C (pokoje: 223, 225)<br \/>\n15-351 Bia\u0142ystok<br \/>\n <i class=\"fal fa-envelope\"><\/i> <a href=\"#\" rel=\"nofollow\"  onclick=\"this.href='mailto:' + 'djk' + '@' + 'pb.edu.pl'\">djk [at] pb.edu.pl<\/a>\n<div class=\"h4\">Kierownik dr in\u017c. Joanna Kr\u0119towska, prof. PB \u2013 pok. 225<\/div>\n<p><i class=\"fal fa-phone\"><\/i> 85 746-90-16<br \/>\n <i class=\"fal fa-envelope\"><\/i> <a href=\"#\" rel=\"nofollow\"  onclick=\"this.href='mailto:' + 'j.kretowska' + '@' + 'pb.edu.pl'\">j.kretowska [at] pb.edu.pl<\/a>\n<hr>\n<div class=\"h4\">mgr Monika Bogacewicz &#8211; pok. 223<\/div>\n<p><i class=\"fal fa-phone\"><\/i> 85 746-92-91<br \/>\n <i class=\"fal fa-envelope\"><\/i> <a href=\"#\" rel=\"nofollow\"  onclick=\"this.href='mailto:' + 'm.bogacewicz' + '@' + 'pb.edu.pl'\">m.bogacewicz [at] pb.edu.pl<\/a>\n<hr>\n<div class=\"h4\">mgr Karolina Skoczylas &#8211; pok. 225<\/div>\n<p><i class=\"fal fa-phone\"><\/i> 85 746-90-16<br \/>\n <i class=\"fal fa-envelope\"><\/i> <a href=\"#\" rel=\"nofollow\"  onclick=\"this.href='mailto:' + 'k.skoczylas' + '@' + 'pb.edu.pl'\">k.skoczylas [at] pb.edu.pl<\/a>\n<hr>\n<div class=\"h4\">Aneta Wasilewska-Kacynel &#8211; pok. 223<\/div>\n<p><i class=\"fal fa-phone\"><\/i> 85 746-92-91<br \/>\n <i class=\"fal fa-envelope\"><\/i> <a href=\"#\" rel=\"nofollow\"  onclick=\"this.href='mailto:' + 'a.kacynel' + '@' + 'pb.edu.pl'\">a.kacynel [at] pb.edu.pl<\/a>\n&nbsp;<\/p>\n","protected":false},"excerpt":{"rendered":"<p>Dzia\u0142 Jako\u015bci Kszta\u0142cenia Wydzia\u0142 Mechaniczny, ul. Wiejska 45C (pokoje: 223, 225) 15-351 Bia\u0142ystok Kierownik dr<\/p>\n","protected":false},"author":2,"featured_media":0,"parent":0,"menu_order":9,"comment_status":"closed","ping_status":"closed","template":"","meta":{"_acf_changed":false,"ngg_post_thumbnail":0,"footnotes":""},"class_list":["post-33","page","type-page","status-publish","hentry"],"acf":[],"_links":{"self":[{"href":"https:\/\/pb.edu.pl\/djk\/wp-json\/wp\/v2\/pages\/33","targetHints":{"allow":["GET"]}}],"collection":[{"href":"https:\/\/pb.edu.pl\/djk\/wp-json\/wp\/v2\/pages"}],"about":[{"href":"https:\/\/pb.edu.pl\/djk\/wp-json\/wp\/v2\/types\/page"}],"author":[{"embeddable":true,"href":"https:\/\/pb.edu.pl\/djk\/wp-json\/wp\/v2\/users\/2"}],"replies":[{"embeddable":true,"href":"https:\/\/pb.edu.pl\/djk\/wp-json\/wp\/v2\/comments?post=33"}],"version-history":[{"count":0,"href":"https:\/\/pb.edu.pl\/djk\/wp-json\/wp\/v2\/pages\/33\/revisions"}],"wp:attachment":[{"href":"https:\/\/pb.edu.pl\/djk\/wp-json\/wp\/v2\/media?parent=33"}],"curies":[{"name":"wp","href":"https:\/\/api.w.org\/{rel}","templated":true}]}}