{"id":1731,"date":"2024-10-01T22:22:16","date_gmt":"2024-10-01T20:22:16","guid":{"rendered":"https:\/\/pb.edu.pl\/djk\/?page_id=1731"},"modified":"2025-12-10T14:14:04","modified_gmt":"2025-12-10T13:14:04","slug":"analiza-zbieznosci-programow-studiow-podwojne-dyplomowanie","status":"publish","type":"page","link":"https:\/\/pb.edu.pl\/djk\/tworzenie-i-modernizowanie-kierunkow-studiow\/analiza-zbieznosci-programow-studiow-podwojne-dyplomowanie\/","title":{"rendered":"Analiza zbie\u017cno\u015bci program\u00f3w studi\u00f3w &#8211; podw\u00f3jne dyplomowanie"},"content":{"rendered":"<p><a href=\"https:\/\/bd.uci.pb.edu.pl\/423-lista\/d\/694\/5\/\">Zarz\u0105dzenie nr 86\/2023 Rektora Politechniki Bia\u0142ostockiej z dnia 30 sierpnia 2023 roku w sprawie ustalenia zasad tworzenia i realizacji program\u00f3w podw\u00f3jnego dyplomowania realizowanych przez Politechnik\u0119 Bia\u0142ostock\u0105<\/a><\/p>\n<p><a class=\"docx\" title=\"pobierz plik\" href=\"https:\/\/pb.edu.pl\/djk\/wp-content\/uploads\/sites\/95\/2024\/11\/Tabela-zbieznosci-zajec-ujetych-w-programie-studiow-podwojnego-dyplomowanianowa-wersja.docx\" data-id=\"1763\">Tabela zbie\u017cno\u015bci zaj\u0119\u0107 uj\u0119tych w programie studi\u00f3w podw\u00f3jnego dyplomowania (DOCX, 17 KB)<\/a><\/p>\n<p>Powy\u017csz\u0105 tabel\u0119 nale\u017cy do\u0142\u0105czy\u0107 do dokumentacji sk\u0142adanej do prorektora w\u0142a\u015bciwego ds. kszta\u0142cenia, celem weryfikacji zbie\u017cno\u015bci program\u00f3w studi\u00f3w obu uczelni.<\/p>\n","protected":false},"excerpt":{"rendered":"<p>Zarz\u0105dzenie nr 86\/2023 Rektora Politechniki Bia\u0142ostockiej z dnia 30 sierpnia 2023 roku w sprawie ustalenia<\/p>\n","protected":false},"author":2,"featured_media":0,"parent":1037,"menu_order":3,"comment_status":"closed","ping_status":"closed","template":"","meta":{"_acf_changed":false,"ngg_post_thumbnail":0,"footnotes":""},"class_list":["post-1731","page","type-page","status-publish","hentry"],"acf":[],"_links":{"self":[{"href":"https:\/\/pb.edu.pl\/djk\/wp-json\/wp\/v2\/pages\/1731","targetHints":{"allow":["GET"]}}],"collection":[{"href":"https:\/\/pb.edu.pl\/djk\/wp-json\/wp\/v2\/pages"}],"about":[{"href":"https:\/\/pb.edu.pl\/djk\/wp-json\/wp\/v2\/types\/page"}],"author":[{"embeddable":true,"href":"https:\/\/pb.edu.pl\/djk\/wp-json\/wp\/v2\/users\/2"}],"replies":[{"embeddable":true,"href":"https:\/\/pb.edu.pl\/djk\/wp-json\/wp\/v2\/comments?post=1731"}],"version-history":[{"count":0,"href":"https:\/\/pb.edu.pl\/djk\/wp-json\/wp\/v2\/pages\/1731\/revisions"}],"up":[{"embeddable":true,"href":"https:\/\/pb.edu.pl\/djk\/wp-json\/wp\/v2\/pages\/1037"}],"wp:attachment":[{"href":"https:\/\/pb.edu.pl\/djk\/wp-json\/wp\/v2\/media?parent=1731"}],"curies":[{"name":"wp","href":"https:\/\/api.w.org\/{rel}","templated":true}]}}