{"id":15,"date":"2021-09-02T20:42:40","date_gmt":"2021-09-02T18:42:40","guid":{"rendered":"https:\/\/pb.edu.pl\/djk\/?page_id=15"},"modified":"2025-05-21T12:59:45","modified_gmt":"2025-05-21T10:59:45","slug":"home","status":"publish","type":"page","link":"https:\/\/pb.edu.pl\/djk\/","title":{"rendered":"Dzia\u0142 Jako\u015bci Kszta\u0142cenia"},"content":{"rendered":"      <div class=\"boxes\">\n              <a href=\"\/djk\/system-zapewnienia-jakosci-ksztalcenia-w-pb\/\" target=\"\" title=\"System Zapewnienia Jako\u015bci Kszta\u0142cenia w PB\" class=\"boxes-item\" style=\"--color:#222b56\"><span class=\"icon\"><i class=\"fa-solid fa-file-certificate\"><\/i><\/span> System Zapewnienia Jako\u015bci Kszta\u0142cenia w PB<\/a>\n              <a href=\"\/djk\/komisje-ds-jakosci-ksztalcenia\/\" target=\"\" title=\"Komisje ds. Jako\u015bci Kszta\u0142cenia\" class=\"boxes-item\" style=\"--color:#222b56\"><span class=\"icon\"><i class=\"fa-duotone fa-screen-users\"><\/i><\/span> Komisje ds. Jako\u015bci Kszta\u0142cenia<\/a>\n              <a href=\"\/djk\/akredytacje\/\" target=\"\" title=\"Akredytacje\" class=\"boxes-item\" style=\"--color:#222b56\"><span class=\"icon\"><i class=\"fa-solid fa-book-font\"><\/i><\/span> Akredytacje<\/a>\n              <a href=\"\/djk\/tworzenie-i-modernizowanie-kierunkow-studiow\/\" target=\"\" title=\"Tworzenie i modernizowanie kierunk\u00f3w studi\u00f3w\" class=\"boxes-item\" style=\"--color:#222b56\"><span class=\"icon\"><i class=\"fa-regular fa-file-signature\"><\/i><\/span> Tworzenie i modernizowanie kierunk\u00f3w studi\u00f3w<\/a>\n              <a href=\"\/djk\/ankietyzacja-studentow\/\" target=\"\" title=\"Ankietyzacja student\u00f3w\" class=\"boxes-item\" style=\"--color:#222b56\"><span class=\"icon\"><i class=\"fa-solid fa-chart-line\"><\/i><\/span> Ankietyzacja student\u00f3w<\/a>\n              <a href=\"\/djk\/studia-podyplomowe\/\" target=\"\" title=\"Studia podyplomowe\" class=\"boxes-item\" style=\"--color:#222b56\"><span class=\"icon\"><i class=\"fa-duotone fa-user-graduate\"><\/i><\/span> Studia podyplomowe<\/a>\n              <a href=\"\/djk\/inne-formy-ksztalcenia\/\" target=\"\" title=\"Inne formy kszta\u0142cenia\" class=\"boxes-item\" style=\"--color:#222b56\"><span class=\"icon\"><i class=\"far fa-phone-laptop\"><\/i><\/span> Inne formy kszta\u0142cenia<\/a>\n              <a href=\"https:\/\/pb.edu.pl\/uczelnia\/o-uczelni\/jakosc-ksztalcenia\/slownik-pojec\/\" target=\"\" title=\"S\u0142ownik poj\u0119\u0107 zwi\u0105zanych z jako\u015bci\u0105 kszta\u0142cenia\" class=\"boxes-item\" style=\"--color:#222b56\"><span class=\"icon\"><i class=\"fa-regular fa-spell-check\"><\/i><\/span> S\u0142ownik poj\u0119\u0107 zwi\u0105zanych z jako\u015bci\u0105 kszta\u0142cenia<\/a>\n              <a href=\"\/djk\/akty-prawne\/\" target=\"\" title=\"Akty prawne\" class=\"boxes-item\" style=\"--color:#222b56\"><span class=\"icon\"><i class=\"fa-solid fa-book-section\"><\/i><\/span> Akty prawne<\/a>\n              <a href=\"\/djk\/tworzenie-i-modernizowanie-kierunkow-studiow\/analiza-zbieznosci-programow-studiow-podwojne-dyplomowanie\/\" target=\"\" title=\"Analiza zbie\u017cno\u015bci program\u00f3w studi\u00f3w \u2013 podw\u00f3jne dyplomowanie\" class=\"boxes-item\" style=\"--color:#222b56\"><span class=\"icon\"><i class=\"fa-solid fa-book-copy\"><\/i><\/span> Analiza zbie\u017cno\u015bci program\u00f3w studi\u00f3w \u2013 podw\u00f3jne dyplomowanie<\/a>\n              <a href=\"https:\/\/pb.edu.pl\/djk\/kontakt\/\" target=\"\" title=\"Kontakt\" class=\"boxes-item\" style=\"--color:#222b56\"><span class=\"icon\"><i class=\"fa-regular fa-envelope\"><\/i><\/span> Kontakt<\/a>\n          <\/div>\n  \n\n<div class=\"row\" style=\"margin-top: 0px;\">\n<div class=\"col-sm-12 text-center\"><a class=\"button text-center button-pobierz animated zoomIn lead font-500\" style=\"width: 100%;\" href=\"\/djk\/dokumenty-do-pobrania\/\"><i class=\"far fa-download\"><\/i>Dokumenty do pobrania: wzory wniosk\u00f3w, wzory kart, wykazy dokument\u00f3w&#8230;<\/a><\/div>\n<\/div>\n","protected":false},"excerpt":{"rendered":"<p>Dokumenty do pobrania: wzory wniosk\u00f3w, wzory kart, wykazy dokument\u00f3w&#8230;<\/p>\n","protected":false},"author":2,"featured_media":0,"parent":0,"menu_order":0,"comment_status":"closed","ping_status":"closed","template":"","meta":{"_acf_changed":false,"ngg_post_thumbnail":0,"footnotes":""},"class_list":["post-15","page","type-page","status-publish","hentry"],"acf":[],"_links":{"self":[{"href":"https:\/\/pb.edu.pl\/djk\/wp-json\/wp\/v2\/pages\/15","targetHints":{"allow":["GET"]}}],"collection":[{"href":"https:\/\/pb.edu.pl\/djk\/wp-json\/wp\/v2\/pages"}],"about":[{"href":"https:\/\/pb.edu.pl\/djk\/wp-json\/wp\/v2\/types\/page"}],"author":[{"embeddable":true,"href":"https:\/\/pb.edu.pl\/djk\/wp-json\/wp\/v2\/users\/2"}],"replies":[{"embeddable":true,"href":"https:\/\/pb.edu.pl\/djk\/wp-json\/wp\/v2\/comments?post=15"}],"version-history":[{"count":0,"href":"https:\/\/pb.edu.pl\/djk\/wp-json\/wp\/v2\/pages\/15\/revisions"}],"wp:attachment":[{"href":"https:\/\/pb.edu.pl\/djk\/wp-json\/wp\/v2\/media?parent=15"}],"curies":[{"name":"wp","href":"https:\/\/api.w.org\/{rel}","templated":true}]}}